{"id":642,"date":"2024-12-27T10:26:31","date_gmt":"2024-12-27T02:26:31","guid":{"rendered":"https:\/\/qin.gg12.globaldeepsea.site\/?post_type=product&#038;p=642"},"modified":"2024-12-27T15:03:46","modified_gmt":"2024-12-27T07:03:46","slug":"sound-proof-booth-for-4-person-cm-q3l","status":"publish","type":"product","link":"https:\/\/www.happy-cheerme.com\/vi\/product\/sound-proof-booth-for-4-person-cm-q3l\/","title":{"rendered":"Gian h\u00e0ng ch\u1ed1ng \u00e2m cho 4 ng\u01b0\u1eddi-CM-Q3L"},"content":{"rendered":"<h2>\u0110\u1eb7c \u0111i\u1ec3m k\u1ef9 thu\u1eadt k\u00edch th\u01b0\u1edbc<\/h2>\n<p><img fetchpriority=\"high\" decoding=\"async\" class=\"alignnone wp-image-717\" src=\"http:\/\/qin.gg12.globaldeepsea.site\/wp-content\/uploads\/2024\/12\/2.jpg\" alt=\"\" width=\"680\" height=\"316\" srcset=\"https:\/\/www.happy-cheerme.com\/wp-content\/uploads\/2024\/12\/2.jpg 800w, https:\/\/www.happy-cheerme.com\/wp-content\/uploads\/2024\/12\/2-300x140.jpg 300w, https:\/\/www.happy-cheerme.com\/wp-content\/uploads\/2024\/12\/2-768x357.jpg 768w, https:\/\/www.happy-cheerme.com\/wp-content\/uploads\/2024\/12\/2-600x279.jpg 600w\" sizes=\"(max-width: 680px) 100vw, 680px\" \/>\u00a0 \u00a0 \u00a0 \u00a0 \u00a0<img decoding=\"async\" class=\"alignnone\" src=\"http:\/\/qin.gg12.globaldeepsea.site\/wp-content\/uploads\/2024\/12\/size-14.webp\" alt=\"\" width=\"386\" height=\"306\" \/><\/p>\n<h2>S\u1ef1 mi\u00eau t\u1ea3<\/h2>\n<p>1. H\u1ee3p kim nh\u00f4m c\u00f3 \u0111\u1ed9 d\u00e0y 1,5-2,5mm + Th\u1ee7y tinh c\u01b0\u1eddng \u0111\u1ed9 cao 10 mm + v\u1eadt li\u1ec7u h\u1ea5p th\u1ee5 \u00e2m thanh &amp; \u00e2m thanh v\u1edbi t\u1ea5m v\u00e1n b\u1ea3o v\u1ec7 m\u00f4i tr\u01b0\u1eddng 9 + 12 mm.<\/p>\n<p>2. Qu\u1ea1t x\u1ea3 si\u00eau m\u1ecfng &amp; si\u00eau m\u1ecfng*4 + PD L\u00fd thuy\u1ebft \u0111\u01b0\u1eddng \u1ed1ng \u00e2m thanh \u00e2m thanh d\u00e0i.<\/p>\n<p>3. Ti\u1ebfng \u1ed3n: &lt;35 dB; T\u1ed1c \u0111\u1ed9: 750 v\u00f2ng \/ ph\u00fat; Kh\u1ed1i l\u01b0\u1ee3ng qu\u1ea1t th\u00f4ng gi\u00f3: 89cfm; Th\u00f4ng gi\u00f3 trung b\u00ecnh 1 10m3\/h.<\/p>\n<p>4<\/p>\n<p>5. T\u00edch h\u1ee3p 2500 ~ 6000K \u00c1nh s\u00e1ng t\u1ef1 nhi\u00ean (\u00e1nh s\u00e1ng nhi\u1ec7t \u0111\u1ed9 ba m\u00e0u*1) 100-240V\/50-60Hz Ngu\u1ed3n cung c\u1ea5p.<\/p>\n<p>6. \u1ed4 c\u1eafm*1, C\u00f4ng t\u1eafc hai v\u1ecb tr\u00ed*1, Giao di\u1ec7n m\u1ea1ng*1 B\u1ea3ng \u0111i\u1ec1u khi\u1ec3n \u1ed5 c\u1eafm c\u1ed5ng USB c\u00f3 s\u1eb5n.<\/p>\n<p>7. \u0110i\u1ec1u khi\u1ec3n c\u00f4ng t\u1eafc \u00e1nh s\u00e1ng v\u00e0 \u1ed1ng x\u1ea3 ri\u00eang bi\u1ec7t.<\/p>\n<p>8. Th\u00e9p C\u1ed1 \u0111\u1ecbnh Cup Foot + Universal Wheel.<\/p>\n<h2>T\u00ednh n\u0103ng v\u00e0 \u0111i\u1ec3m m\u1ea1nh<\/h2>\n<p>I.M V\u1eadt li\u1ec7u: H\u1ed3 s\u01a1 nh\u00f4m c\u01b0\u1eddng \u0111\u1ed9 cao, th\u1ee7y tinh c\u00e1ch \u0111i\u1ec7n \u00e2m thanh, b\u1ea3ng h\u1ea5p th\u1ee5 \u00e2m thanh b\u1eb1ng s\u1ee3i polyester v\u00e0 v\u00e1n \u00e9p b\u1ea3o v\u1ec7 m\u00f4i tr\u01b0\u1eddng.<\/p>\n<p>II.SoundProof &amp; Sound V\u00f2ng \u0111i\u1ec7n: B\u1ee9c t\u01b0\u1eddng c\u1ee7a c\u00e1c v\u1ecf v\u0103n ph\u00f2ng bao g\u1ed3m c\u00e1c lo\u1ea1i v\u00e1n \u00e9p cotton h\u1ea5p th\u1ee5 \u00e2m thanh+ th\u00e2n thi\u1ec7n v\u1edbi m\u00f4i tr\u01b0\u1eddng (c\u1ea5u tr\u00fac r\u1ed7ng) v\u00e0 th\u1ee7y tinh c\u00e1ch \u00e2m d\u00e0y 10 mm. C\u00e1ch \u0111i\u1ec7n \u00e2m thanh v\u00e0 ch\u1ec9 s\u1ed1 gi\u1ea3m ti\u1ebfng \u1ed3n \u0111\u00e1p \u1ee9ng k\u1ef3 v\u1ecdng thi\u1ebft k\u1ebf.<\/p>\n<p>iii. \u0110\u01b0\u1ee3c \u0111i\u1ec1u ch\u1ec9nh: M\u1ed7i nh\u00f3m v\u0103n ph\u00f2ng \u0111\u01b0\u1ee3c thi\u1ebft k\u1ebf v\u1edbi h\u1ec7 th\u1ed1ng kh\u00f4ng kh\u00ed trong kh\u00f4ng c\u00f3 nhi\u1ec5u th\u1ea5p bao g\u1ed3m c\u00e1c lo\u1ea1i kh\u00ed th\u1ea3i kh\u00f4ng kh\u00ed trong l\u00e0nh si\u00eau m\u1ecfng + si\u00eau m\u1ecfng + Nguy\u00ean t\u1eafc PD Nguy\u00ean t\u1eafc d\u00e0i kh\u00f4ng kh\u00ed c\u00f3 th\u1ec3 \u0111\u01b0\u1ee3c b\u1eadt l\u00ean trong 3-5 ph\u00fat \u0111\u1ec3 c\u1eadp nh\u1eadt \u00e2m thanh kh\u00f4ng kh\u00ed.<\/p>\n<p>IV.Lighting: Cabin \u0111\u01b0\u1ee3c trang b\u1ecb \u0111\u00e8n \u0111\u00e8n LED c\u00f3 th\u1ec3 \u0111i\u1ec1u ch\u1ec9nh nhi\u1ec7t \u0111\u1ed9 ba m\u00e0u 3000K-6000K, v\u1ec1 c\u01a1 b\u1ea3n c\u00f3 th\u1ec3 \u0111\u00e1p \u1ee9ng nhu c\u1ea7u chi\u1ebfu s\u00e1ng cabin.<\/p>\n<p>V.100-240V Ngu\u1ed3n: M\u1ecdi nh\u00f3m v\u0103n ph\u00f2ng \u0111\u01b0\u1ee3c trang b\u1ecb h\u1ec7 th\u1ed1ng cung c\u1ea5p \u0111i\u1ec7n 100-240V\/50-60Hz v\u00e0 12V-USB, c\u00f3 th\u1ec3 d\u1ec5 d\u00e0ng \u0111\u00e1p \u1ee9ng vi\u1ec7c s\u1eed d\u1ee5ng c\u00e1c thi\u1ebft b\u1ecb \u0111i\u1ec7n ch\u00ednh trong cu\u1ed9c s\u1ed1ng.<\/p>\n<p>VI.easy \u0111\u1ec3 di chuy\u1ec3n: B\u1ea3n ch\u1ea5t nh\u1eb9 c\u1ee7a OfficePods cho ph\u00e9p b\u1ea1n d\u1ec5 d\u00e0ng di chuy\u1ec3n ch\u00fang b\u1ea5t c\u1ee9 n\u01a1i n\u00e0o v\u0103n ph\u00f2ng c\u1ee7a b\u1ea1n c\u1ea7n ch\u00fang.<\/p>\n<p>VII.easy \u0111\u1ec3 l\u1eafp r\u00e1p: Ch\u00fang t\u00f4i \u0111\u00e3 thi\u1ebft k\u1ebf c\u00e1c nh\u00f3m v\u0103n ph\u00f2ng c\u1ee7a ch\u00fang t\u00f4i \u0111\u1ec3 d\u1ec5 d\u00e0ng l\u1eafp r\u00e1p v\u1edbi m\u1ed9t \u0111\u1ed9i g\u1ed3m 1-3People ch\u1ec9 v\u1edbi m\u1ed9t m\u00e1y khoan \u0111i\u1ec7n v\u00e0 m\u1ed9t c\u00e1i thang.<\/p>","protected":false},"excerpt":{"rendered":"<p>C\u00e1c gi\u1ea3m thi\u1ec3u b\u00ean ngo\u00e0i: 3000W x 2100D x 2348,5h (mm)<\/p>\n<p>Ph\u00e1 qu\u00e1i n\u1ed9i b\u1ed9: 2872W x 2013D x 2128H (mm)<\/p>\n<p>Tr\u1ecdng l\u01b0\u1ee3ng -GW\/NW: 880kg\/700kg<\/p>\n<p>C\u00e1c gi\u1ea3m thi\u1ec3u pallet h\u00f3a: 2350W x 1300D x 1700h mm<\/p>\n<p>Kh\u1ed1i l\u01b0\u1ee3ng: 15,65 m\u00b3<\/p>","protected":false},"featured_media":643,"comment_status":"open","ping_status":"closed","template":"","meta":[],"product_cat":[28,25],"product_tag":[56,42,44,107,59,108,106,49],"class_list":{"0":"post-642","1":"product","2":"type-product","3":"status-publish","4":"has-post-thumbnail","6":"product_cat-four-seat-sound-proof-booth","7":"product_cat-office-booth","8":"product_tag-4-person-booth","9":"product_tag-acoustic-isolation-booth","10":"product_tag-noise-reduction-booth","11":"product_tag-office-meeting-pod","12":"product_tag-privacy-booth","13":"product_tag-small-conference-booth","14":"product_tag-sound-absorbing-booth","15":"product_tag-soundproof-booth","17":"first","18":"instock","19":"shipping-taxable","20":"product-type-simple"},"_links":{"self":[{"href":"https:\/\/www.happy-cheerme.com\/vi\/wp-json\/wp\/v2\/product\/642","targetHints":{"allow":["GET"]}}],"collection":[{"href":"https:\/\/www.happy-cheerme.com\/vi\/wp-json\/wp\/v2\/product"}],"about":[{"href":"https:\/\/www.happy-cheerme.com\/vi\/wp-json\/wp\/v2\/types\/product"}],"replies":[{"embeddable":true,"href":"https:\/\/www.happy-cheerme.com\/vi\/wp-json\/wp\/v2\/comments?post=642"}],"version-history":[{"count":1,"href":"https:\/\/www.happy-cheerme.com\/vi\/wp-json\/wp\/v2\/product\/642\/revisions"}],"predecessor-version":[{"id":716,"href":"https:\/\/www.happy-cheerme.com\/vi\/wp-json\/wp\/v2\/product\/642\/revisions\/716"}],"wp:featuredmedia":[{"embeddable":true,"href":"https:\/\/www.happy-cheerme.com\/vi\/wp-json\/wp\/v2\/media\/643"}],"wp:attachment":[{"href":"https:\/\/www.happy-cheerme.com\/vi\/wp-json\/wp\/v2\/media?parent=642"}],"wp:term":[{"taxonomy":"product_cat","embeddable":true,"href":"https:\/\/www.happy-cheerme.com\/vi\/wp-json\/wp\/v2\/product_cat?post=642"},{"taxonomy":"product_tag","embeddable":true,"href":"https:\/\/www.happy-cheerme.com\/vi\/wp-json\/wp\/v2\/product_tag?post=642"}],"curies":[{"name":"wp","href":"https:\/\/api.w.org\/{rel}","templated":true}]}}