{"id":578,"date":"2024-12-26T21:40:36","date_gmt":"2024-12-26T13:40:36","guid":{"rendered":"https:\/\/qin.gg12.globaldeepsea.site\/?post_type=product&#038;p=578"},"modified":"2024-12-27T10:43:20","modified_gmt":"2024-12-27T02:43:20","slug":"the-blue-whale-prefab-house","status":"publish","type":"product","link":"https:\/\/www.happy-cheerme.com\/vi\/product\/the-blue-whale-prefab-house\/","title":{"rendered":"Ng\u00f4i nh\u00e0 prefab c\u00e1 voi xanh"},"content":{"rendered":"<div>\n<p>Tri\u1ebft l\u00fd thi\u1ebft k\u1ebf c\u1ee7a ch\u00fang t\u00f4i bao g\u1ed3m c\u1ea3 s\u1ef1 \u0111\u1ed5i m\u1edbi c\u00f4ng ngh\u1ec7 v\u00e0 s\u1ef1 nh\u1ea1y c\u1ea3m sinh th\u00e1i, \u0111\u1ea3m b\u1ea3o r\u1eb1ng m\u1ed7i ng\u00f4i nh\u00e0 prefab c\u00e1 voi xanh kh\u00f4ng ch\u1ec9 mang l\u1ea1i tr\u1ea3i nghi\u1ec7m s\u1ed1ng cao c\u1ea5p m\u00e0 c\u00f2n \u0111\u00f3ng g\u00f3p t\u00edch c\u1ef1c cho m\u00f4i tr\u01b0\u1eddng. Vi\u1ec7c s\u1eed d\u1ee5ng c\u00e1c v\u1eadt li\u1ec7u b\u1ec1n v\u1eefng v\u00e0 c\u00e1c thi\u1ebft k\u1ebf ti\u1ebft ki\u1ec7m n\u0103ng l\u01b0\u1ee3ng nh\u1ea5n m\u1ea1nh cam k\u1ebft c\u1ee7a ch\u00fang t\u00f4i \u0111\u1ed1i v\u1edbi c\u00e1c ho\u1ea1t \u0111\u1ed9ng x\u00e2y d\u1ef1ng xanh v\u00e0 gi\u00fap gi\u1ea3m t\u00e1c \u0111\u1ed9ng sinh th\u00e1i.<\/p>\n<p>H\u01a1n n\u1eefa, ng\u00f4i nh\u00e0 prefab c\u00e1 voi xanh r\u1ea5t linh ho\u1ea1t trong c\u00e1c \u1ee9ng d\u1ee5ng c\u1ee7a n\u00f3 trong c\u00e1c ng\u00e0nh c\u00f4ng nghi\u1ec7p kh\u00e1c nhau. \u0110\u00e2y l\u00e0 m\u1ed9t l\u1ef1a ch\u1ecdn l\u00fd t\u01b0\u1edfng \u0111\u1ec3 t\u0103ng c\u01b0\u1eddng c\u00e1c \u0111i\u1ec3m tham quan du l\u1ecbch, l\u00e0m gi\u00e0u ph\u00f2ng kh\u00e1ch s\u1ea1n, n\u00e2ng c\u1ea5p c\u00e1c \u0111\u1ecba \u0111i\u1ec3m c\u1eafm tr\u1ea1i v\u00e0 c\u1ea3i thi\u1ec7n c\u01a1 s\u1edf h\u1ea1 t\u1ea7ng d\u1ecbch v\u1ee5 c\u00f4ng c\u1ed9ng. B\u1eb1ng c\u00e1ch gi\u1edbi thi\u1ec7u c\u00e1c t\u00f2a nh\u00e0 di \u0111\u1ed9ng th\u00f4ng minh n\u00e0y v\u00e0o c\u00e1c \u0111i\u1ec3m danh lam th\u1eafng c\u1ea3nh, ch\u00fang t\u00f4i h\u1ed7 tr\u1ee3 n\u00e2ng cao c\u00e1c d\u1ef1 \u00e1n du l\u1ecbch n\u00f4ng th\u00f4n m\u1edbi v\u00e0 h\u1ed7 tr\u1ee3 m\u1edf r\u1ed9ng c\u00e1c m\u00f4 h\u00ecnh kinh doanh s\u00e1ng t\u1ea1o trong c\u00e1c l\u0129nh v\u1ef1c Homestay v\u00e0 kh\u00e1ch s\u1ea1n.<\/p>\n<p>Cam k\u1ebft c\u1ee7a ch\u00fang t\u00f4i v\u01b0\u1ee3t ra ngo\u00e0i nh\u1eefng th\u00e0nh t\u1ef1u ki\u1ebfn tr\u00fac \u0111\u01a1n thu\u1ea7n; Ch\u00fang t\u00f4i d\u00e0nh cho vi\u1ec7c th\u00fac \u0111\u1ea9y s\u1ef1 ph\u00e1t tri\u1ec3n c\u1ee7a c\u00e1c \u0111\u1ecbnh d\u1ea1ng kinh doanh m\u1edbi, b\u1ec1n v\u1eefng, c\u00f3 l\u1ee3i nhu\u1eadn v\u00e0 c\u00f3 tr\u00e1ch nhi\u1ec7m v\u1edbi m\u00f4i tr\u01b0\u1eddng. Ng\u00f4i nh\u00e0 prefab c\u1ee7a C\u00e1 voi xanh kh\u00f4ng ch\u1ec9 l\u00e0 m\u1ed9t kh\u00f4ng gian s\u1ed1ng, \u0111\u00f3 l\u00e0 m\u1ed9t phong tr\u00e0o h\u01b0\u1edbng t\u1edbi c\u00e1c gi\u1ea3i ph\u00e1p x\u00e2y d\u1ef1ng th\u00f4ng minh h\u01a1n, xanh h\u01a1n v\u00e0 th\u00edch \u1ee9ng h\u01a1n cho t\u01b0\u01a1ng lai. Th\u00f4ng qua \u0111i\u1ec1u n\u00e0y, ch\u00fang t\u00f4i nh\u1eb1m m\u1ee5c \u0111\u00edch c\u00e1ch m\u1ea1ng h\u00f3a c\u00e1ch th\u1ee9c kh\u00f4ng gian s\u1ed1ng \u0111\u01b0\u1ee3c c\u1ea3m nh\u1eadn v\u00e0 s\u1eed d\u1ee5ng, th\u00fac \u0111\u1ea9y m\u1ed1i quan h\u1ec7 l\u00e0nh m\u1ea1nh h\u01a1n gi\u1eefa n\u01a1i \u1edf c\u1ee7a con ng\u01b0\u1eddi v\u00e0 th\u1ebf gi\u1edbi t\u1ef1 nhi\u00ean xung quanh ch\u00fang ta.<\/p>\n<\/div>\n<div><img fetchpriority=\"high\" decoding=\"async\" class=\"alignnone wp-image-584 size-full\" src=\"http:\/\/qin.gg12.globaldeepsea.site\/wp-content\/uploads\/2024\/12\/1-2.webp\" alt=\"\" width=\"557\" height=\"314\" srcset=\"https:\/\/www.happy-cheerme.com\/wp-content\/uploads\/2024\/12\/1-2.webp 557w, https:\/\/www.happy-cheerme.com\/wp-content\/uploads\/2024\/12\/1-2-300x169.webp 300w\" sizes=\"(max-width: 557px) 100vw, 557px\" \/> <img decoding=\"async\" class=\"alignnone wp-image-585 size-full\" src=\"http:\/\/qin.gg12.globaldeepsea.site\/wp-content\/uploads\/2024\/12\/2-2.webp\" alt=\"\" width=\"556\" height=\"313\" srcset=\"https:\/\/www.happy-cheerme.com\/wp-content\/uploads\/2024\/12\/2-2.webp 556w, https:\/\/www.happy-cheerme.com\/wp-content\/uploads\/2024\/12\/2-2-300x169.webp 300w\" sizes=\"(max-width: 556px) 100vw, 556px\" \/><\/div>\n<div>\n<h2>Prefab House Space Capsule Pod cho 2 ng\u01b0\u1eddi kh\u00f4ng c\u00f3 ban c\u00f4ng- S5<\/h2>\n<h2><img decoding=\"async\" class=\"alignnone wp-image-586\" src=\"http:\/\/qin.gg12.globaldeepsea.site\/wp-content\/uploads\/2024\/12\/2-1-1-300x179.webp\" alt=\"\" width=\"370\" height=\"220\" srcset=\"https:\/\/www.happy-cheerme.com\/wp-content\/uploads\/2024\/12\/2-1-1-300x179.webp 300w, https:\/\/www.happy-cheerme.com\/wp-content\/uploads\/2024\/12\/2-1-1-600x358.webp 600w, https:\/\/www.happy-cheerme.com\/wp-content\/uploads\/2024\/12\/2-1-1.webp 673w\" sizes=\"(max-width: 370px) 100vw, 370px\" \/> <img loading=\"lazy\" decoding=\"async\" class=\"alignnone wp-image-587\" src=\"http:\/\/qin.gg12.globaldeepsea.site\/wp-content\/uploads\/2024\/12\/2-2-1-300x179.webp\" alt=\"\" width=\"370\" height=\"220\" srcset=\"https:\/\/www.happy-cheerme.com\/wp-content\/uploads\/2024\/12\/2-2-1-300x179.webp 300w, https:\/\/www.happy-cheerme.com\/wp-content\/uploads\/2024\/12\/2-2-1.webp 588w\" sizes=\"(max-width: 370px) 100vw, 370px\" \/> <img loading=\"lazy\" decoding=\"async\" class=\"alignnone wp-image-588\" src=\"http:\/\/qin.gg12.globaldeepsea.site\/wp-content\/uploads\/2024\/12\/2-3-300x178.webp\" alt=\"\" width=\"370\" height=\"220\" srcset=\"https:\/\/www.happy-cheerme.com\/wp-content\/uploads\/2024\/12\/2-3-300x178.webp 300w, https:\/\/www.happy-cheerme.com\/wp-content\/uploads\/2024\/12\/2-3.webp 571w\" sizes=\"(max-width: 370px) 100vw, 370px\" \/><\/h2>\n<h2><img loading=\"lazy\" decoding=\"async\" class=\"alignnone wp-image-589\" src=\"http:\/\/qin.gg12.globaldeepsea.site\/wp-content\/uploads\/2024\/12\/2-4-1024x609.webp\" alt=\"\" width=\"560\" height=\"333\" srcset=\"https:\/\/www.happy-cheerme.com\/wp-content\/uploads\/2024\/12\/2-4-1024x609.webp 1024w, https:\/\/www.happy-cheerme.com\/wp-content\/uploads\/2024\/12\/2-4-300x178.webp 300w, https:\/\/www.happy-cheerme.com\/wp-content\/uploads\/2024\/12\/2-4-768x457.webp 768w, https:\/\/www.happy-cheerme.com\/wp-content\/uploads\/2024\/12\/2-4-600x357.webp 600w, https:\/\/www.happy-cheerme.com\/wp-content\/uploads\/2024\/12\/2-4.webp 1375w\" sizes=\"(max-width: 560px) 100vw, 560px\" \/> <img loading=\"lazy\" decoding=\"async\" class=\"alignnone wp-image-590\" src=\"http:\/\/qin.gg12.globaldeepsea.site\/wp-content\/uploads\/2024\/12\/2-5.webp\" alt=\"\" width=\"560\" height=\"333\" srcset=\"https:\/\/www.happy-cheerme.com\/wp-content\/uploads\/2024\/12\/2-5.webp 722w, https:\/\/www.happy-cheerme.com\/wp-content\/uploads\/2024\/12\/2-5-300x178.webp 300w, https:\/\/www.happy-cheerme.com\/wp-content\/uploads\/2024\/12\/2-5-600x357.webp 600w\" sizes=\"(max-width: 560px) 100vw, 560px\" \/><\/h2>\n<div>K\u00edch th\u01b0\u1edbc (m): 8,6 (l)*3.2 (w)*3.4 (h),<\/div>\n<div>Khu v\u1ef1c x\u00e2y d\u1ef1ng: 27,5\u33a1,<\/div>\n<div>Tr\u1ecdng l\u01b0\u1ee3ng s\u1ea3n ph\u1ea9m: 5,5-6 t\u1ea5n<\/div>\n<div>S\u1ed1 l\u01b0\u1ee3ng s\u1eed d\u1ee5ng: 2 ng\u01b0\u1eddi<\/div>\n<div>\n<h2>Prefab House Space Capsule Pod cho 2 ng\u01b0\u1eddi kh\u00f4ng c\u00f3 ban c\u00f4ng- S7<\/h2>\n<p><img loading=\"lazy\" decoding=\"async\" class=\"alignnone wp-image-591\" src=\"http:\/\/qin.gg12.globaldeepsea.site\/wp-content\/uploads\/2024\/12\/3-1-1-300x179.webp\" alt=\"\" width=\"370\" height=\"221\" srcset=\"https:\/\/www.happy-cheerme.com\/wp-content\/uploads\/2024\/12\/3-1-1-300x179.webp 300w, https:\/\/www.happy-cheerme.com\/wp-content\/uploads\/2024\/12\/3-1-1-600x358.webp 600w, https:\/\/www.happy-cheerme.com\/wp-content\/uploads\/2024\/12\/3-1-1.webp 681w\" sizes=\"(max-width: 370px) 100vw, 370px\" \/> <img loading=\"lazy\" decoding=\"async\" class=\"alignnone wp-image-592\" src=\"http:\/\/qin.gg12.globaldeepsea.site\/wp-content\/uploads\/2024\/12\/3-2-300x178.webp\" alt=\"\" width=\"370\" height=\"220\" srcset=\"https:\/\/www.happy-cheerme.com\/wp-content\/uploads\/2024\/12\/3-2-300x178.webp 300w, https:\/\/www.happy-cheerme.com\/wp-content\/uploads\/2024\/12\/3-2.webp 543w\" sizes=\"(max-width: 370px) 100vw, 370px\" \/> <img loading=\"lazy\" decoding=\"async\" class=\"alignnone wp-image-593\" src=\"http:\/\/qin.gg12.globaldeepsea.site\/wp-content\/uploads\/2024\/12\/3-3-300x179.webp\" alt=\"\" width=\"370\" height=\"220\" srcset=\"https:\/\/www.happy-cheerme.com\/wp-content\/uploads\/2024\/12\/3-3-300x179.webp 300w, https:\/\/www.happy-cheerme.com\/wp-content\/uploads\/2024\/12\/3-3.webp 502w\" sizes=\"(max-width: 370px) 100vw, 370px\" \/><\/p>\n<p><img loading=\"lazy\" decoding=\"async\" class=\"alignnone wp-image-594\" src=\"http:\/\/qin.gg12.globaldeepsea.site\/wp-content\/uploads\/2024\/12\/3-4-300x179.webp\" alt=\"\" width=\"560\" height=\"334\" srcset=\"https:\/\/www.happy-cheerme.com\/wp-content\/uploads\/2024\/12\/3-4-300x179.webp 300w, https:\/\/www.happy-cheerme.com\/wp-content\/uploads\/2024\/12\/3-4-600x358.webp 600w, https:\/\/www.happy-cheerme.com\/wp-content\/uploads\/2024\/12\/3-4.webp 746w\" sizes=\"(max-width: 560px) 100vw, 560px\" \/> <img loading=\"lazy\" decoding=\"async\" class=\"alignnone wp-image-595\" src=\"http:\/\/qin.gg12.globaldeepsea.site\/wp-content\/uploads\/2024\/12\/3-5-300x178.webp\" alt=\"\" width=\"560\" height=\"333\" srcset=\"https:\/\/www.happy-cheerme.com\/wp-content\/uploads\/2024\/12\/3-5-300x178.webp 300w, https:\/\/www.happy-cheerme.com\/wp-content\/uploads\/2024\/12\/3-5-600x357.webp 600w, https:\/\/www.happy-cheerme.com\/wp-content\/uploads\/2024\/12\/3-5.webp 708w\" sizes=\"(max-width: 560px) 100vw, 560px\" \/><\/p>\n<div>K\u00edch th\u01b0\u1edbc (m): 8,6 (l)*3.2 (w)*3.4 (h),<\/div>\n<div>Khu v\u1ef1c x\u00e2y d\u1ef1ng: 27,5\u33a1,<\/div>\n<div>Tr\u1ecdng l\u01b0\u1ee3ng s\u1ea3n ph\u1ea9m: 5,5-6 t\u1ea5n<\/div>\n<div>\n<p>S\u1ed1 l\u01b0\u1ee3ng s\u1eed d\u1ee5ng: 2 ng\u01b0\u1eddi<\/p>\n<div>\n<h2>Prefab House Space Capsule Pod cho 4 ng\u01b0\u1eddi kh\u00f4ng c\u00f3 ban c\u00f4ng- S9<\/h2>\n<p><img loading=\"lazy\" decoding=\"async\" class=\"alignnone wp-image-596\" src=\"http:\/\/qin.gg12.globaldeepsea.site\/wp-content\/uploads\/2024\/12\/4-1-300x178.webp\" alt=\"\" width=\"370\" height=\"220\" srcset=\"https:\/\/www.happy-cheerme.com\/wp-content\/uploads\/2024\/12\/4-1-300x178.webp 300w, https:\/\/www.happy-cheerme.com\/wp-content\/uploads\/2024\/12\/4-1-600x357.webp 600w, https:\/\/www.happy-cheerme.com\/wp-content\/uploads\/2024\/12\/4-1.webp 710w\" sizes=\"(max-width: 370px) 100vw, 370px\" \/> <img loading=\"lazy\" decoding=\"async\" class=\"alignnone wp-image-597\" src=\"http:\/\/qin.gg12.globaldeepsea.site\/wp-content\/uploads\/2024\/12\/4-2-300x179.webp\" alt=\"\" width=\"370\" height=\"220\" srcset=\"https:\/\/www.happy-cheerme.com\/wp-content\/uploads\/2024\/12\/4-2-300x179.webp 300w, https:\/\/www.happy-cheerme.com\/wp-content\/uploads\/2024\/12\/4-2.webp 549w\" sizes=\"(max-width: 370px) 100vw, 370px\" \/> <img loading=\"lazy\" decoding=\"async\" class=\"alignnone wp-image-598\" src=\"http:\/\/qin.gg12.globaldeepsea.site\/wp-content\/uploads\/2024\/12\/4-3-300x179.webp\" alt=\"\" width=\"370\" height=\"221\" srcset=\"https:\/\/www.happy-cheerme.com\/wp-content\/uploads\/2024\/12\/4-3-300x179.webp 300w, https:\/\/www.happy-cheerme.com\/wp-content\/uploads\/2024\/12\/4-3.webp 511w\" sizes=\"(max-width: 370px) 100vw, 370px\" \/><\/p>\n<p><img loading=\"lazy\" decoding=\"async\" class=\"alignnone wp-image-599\" src=\"http:\/\/qin.gg12.globaldeepsea.site\/wp-content\/uploads\/2024\/12\/4-4-300x178.webp\" alt=\"\" width=\"560\" height=\"333\" srcset=\"https:\/\/www.happy-cheerme.com\/wp-content\/uploads\/2024\/12\/4-4-300x178.webp 300w, https:\/\/www.happy-cheerme.com\/wp-content\/uploads\/2024\/12\/4-4-768x457.webp 768w, https:\/\/www.happy-cheerme.com\/wp-content\/uploads\/2024\/12\/4-4-600x357.webp 600w, https:\/\/www.happy-cheerme.com\/wp-content\/uploads\/2024\/12\/4-4.webp 990w\" sizes=\"(max-width: 560px) 100vw, 560px\" \/> <img loading=\"lazy\" decoding=\"async\" class=\"alignnone wp-image-600\" src=\"http:\/\/qin.gg12.globaldeepsea.site\/wp-content\/uploads\/2024\/12\/4-5-300x179.webp\" alt=\"\" width=\"560\" height=\"333\" srcset=\"https:\/\/www.happy-cheerme.com\/wp-content\/uploads\/2024\/12\/4-5-300x179.webp 300w, https:\/\/www.happy-cheerme.com\/wp-content\/uploads\/2024\/12\/4-5-1024x610.webp 1024w, https:\/\/www.happy-cheerme.com\/wp-content\/uploads\/2024\/12\/4-5-768x457.webp 768w, https:\/\/www.happy-cheerme.com\/wp-content\/uploads\/2024\/12\/4-5-600x357.webp 600w, https:\/\/www.happy-cheerme.com\/wp-content\/uploads\/2024\/12\/4-5.webp 1265w\" sizes=\"(max-width: 560px) 100vw, 560px\" \/><\/p>\n<div>K\u00edch th\u01b0\u1edbc (m): 11,5 (l)*3.2 (w)*3.4 (h),<\/div>\n<div>Khu v\u1ef1c x\u00e2y d\u1ef1ng: 36,8\u33a1,<\/div>\n<div>Tr\u1ecdng l\u01b0\u1ee3ng s\u1ea3n ph\u1ea9m: 10,5-11 t\u1ea5n<\/div>\n<div>S\u1ed1 l\u01b0\u1ee3ng s\u1eed d\u1ee5ng: 4 ng\u01b0\u1eddi<\/div>\n<div>\n<h2>Prefab House Space Capsule Pod cho 4 ng\u01b0\u1eddi kh\u00f4ng c\u00f3 ban c\u00f4ng - S12<\/h2>\n<p><img loading=\"lazy\" decoding=\"async\" class=\"alignnone wp-image-606\" src=\"http:\/\/qin.gg12.globaldeepsea.site\/wp-content\/uploads\/2024\/12\/5-1-1-300x179.webp\" alt=\"\" width=\"370\" height=\"220\" srcset=\"https:\/\/www.happy-cheerme.com\/wp-content\/uploads\/2024\/12\/5-1-1-300x179.webp 300w, https:\/\/www.happy-cheerme.com\/wp-content\/uploads\/2024\/12\/5-1-1-600x357.webp 600w, https:\/\/www.happy-cheerme.com\/wp-content\/uploads\/2024\/12\/5-1-1.webp 744w\" sizes=\"(max-width: 370px) 100vw, 370px\" \/> <img loading=\"lazy\" decoding=\"async\" class=\"alignnone wp-image-607\" src=\"http:\/\/qin.gg12.globaldeepsea.site\/wp-content\/uploads\/2024\/12\/5-2-1-300x179.webp\" alt=\"\" width=\"370\" height=\"221\" srcset=\"https:\/\/www.happy-cheerme.com\/wp-content\/uploads\/2024\/12\/5-2-1-300x179.webp 300w, https:\/\/www.happy-cheerme.com\/wp-content\/uploads\/2024\/12\/5-2-1-600x358.webp 600w, https:\/\/www.happy-cheerme.com\/wp-content\/uploads\/2024\/12\/5-2-1.webp 632w\" sizes=\"(max-width: 370px) 100vw, 370px\" \/> <img loading=\"lazy\" decoding=\"async\" class=\"alignnone wp-image-608\" src=\"http:\/\/qin.gg12.globaldeepsea.site\/wp-content\/uploads\/2024\/12\/5-3-1-300x179.webp\" alt=\"\" width=\"370\" height=\"220\" srcset=\"https:\/\/www.happy-cheerme.com\/wp-content\/uploads\/2024\/12\/5-3-1-300x179.webp 300w, https:\/\/www.happy-cheerme.com\/wp-content\/uploads\/2024\/12\/5-3-1-600x357.webp 600w, https:\/\/www.happy-cheerme.com\/wp-content\/uploads\/2024\/12\/5-3-1.webp 606w\" sizes=\"(max-width: 370px) 100vw, 370px\" \/><\/p>\n<p><img loading=\"lazy\" decoding=\"async\" class=\"alignnone wp-image-609\" src=\"http:\/\/qin.gg12.globaldeepsea.site\/wp-content\/uploads\/2024\/12\/5-4-1-300x178.webp\" alt=\"\" width=\"560\" height=\"333\" srcset=\"https:\/\/www.happy-cheerme.com\/wp-content\/uploads\/2024\/12\/5-4-1-300x178.webp 300w, https:\/\/www.happy-cheerme.com\/wp-content\/uploads\/2024\/12\/5-4-1.webp 495w\" sizes=\"(max-width: 560px) 100vw, 560px\" \/> <img loading=\"lazy\" decoding=\"async\" class=\"alignnone wp-image-610\" src=\"http:\/\/qin.gg12.globaldeepsea.site\/wp-content\/uploads\/2024\/12\/5-5-1-300x179.webp\" alt=\"\" width=\"560\" height=\"333\" srcset=\"https:\/\/www.happy-cheerme.com\/wp-content\/uploads\/2024\/12\/5-5-1-300x179.webp 300w, https:\/\/www.happy-cheerme.com\/wp-content\/uploads\/2024\/12\/5-5-1-1024x610.webp 1024w, https:\/\/www.happy-cheerme.com\/wp-content\/uploads\/2024\/12\/5-5-1-768x457.webp 768w, https:\/\/www.happy-cheerme.com\/wp-content\/uploads\/2024\/12\/5-5-1-600x357.webp 600w, https:\/\/www.happy-cheerme.com\/wp-content\/uploads\/2024\/12\/5-5-1.webp 1265w\" sizes=\"(max-width: 560px) 100vw, 560px\" \/><\/p>\n<div>K\u00edch th\u01b0\u1edbc (m): 11,5 (l)*3.2 (w)*3.4 (h),<\/div>\n<div>Khu v\u1ef1c x\u00e2y d\u1ef1ng: 36,8\u33a1,<\/div>\n<div>Tr\u1ecdng l\u01b0\u1ee3ng s\u1ea3n ph\u1ea9m: 10,5-11 t\u1ea5n<\/div>\n<div>S\u1ed1 l\u01b0\u1ee3ng s\u1eed d\u1ee5ng: 4 ng\u01b0\u1eddi<\/div>\n<div><\/div>\n<p>&nbsp;<\/p>\n<\/div>\n<\/div>\n<\/div>\n<\/div>\n<p>&nbsp;<\/p>\n<\/div>","protected":false},"excerpt":{"rendered":"<p>Ng\u00f4i nh\u00e0 Prefab c\u1ee7a Whale Blue n\u1ed5i b\u1eadt nh\u01b0 m\u1ed9t \u0111\u1ec9nh cao c\u1ee7a s\u1ef1 \u0111\u1ed5i m\u1edbi ki\u1ebfn tr\u00fac v\u00e0 tinh t\u1ebf thi\u1ebft k\u1ebf, \u0111\u01b0\u1ee3c truy\u1ec1n c\u1ea3m h\u1ee9ng tr\u1ef1c ti\u1ebfp t\u1eeb c\u00e1c \u0111\u01b0\u1eddng vi\u1ec1n h\u00f9ng v\u0129 v\u00e0 v\u1ebb \u0111\u1eb9p thanh b\u00ecnh c\u1ee7a c\u00e1 voi xanh. Ng\u00f4i nh\u00e0 prefab \u0111\u01b0\u1ee3c ch\u1ebf t\u00e1c \u0111\u1ed9c \u0111\u00e1o n\u00e0y k\u1ebft h\u1ee3p s\u1ef1 sang tr\u1ecdng v\u00e0 tho\u1ea3i m\u00e1i v\u1edbi d\u1ea5u ch\u00e2n th\u00e2n thi\u1ec7n v\u1edbi m\u00f4i tr\u01b0\u1eddng, \u0111\u01b0\u1ee3c thi\u1ebft k\u1ebf \u0111\u1eb7c bi\u1ec7t \u0111\u1ec3 pha tr\u1ed9n h\u00e0i h\u00f2a v\u1edbi c\u1ea3 hai y\u1ebfu t\u1ed1 con ng\u01b0\u1eddi v\u00e0 t\u1ef1 nhi\u00ean. C\u00f4ng ngh\u1ec7 nh\u00e0 th\u00f4ng minh hi\u1ec7n \u0111\u1ea1i c\u1ee7a ch\u00fang t\u00f4i t\u00edch h\u1ee3p li\u1ec1n m\u1ea1ch trong c\u1ea5u tr\u00fac n\u00e0y, cung c\u1ea5p cho c\u01b0 d\u00e2n c\u00e1c ti\u1ec7n nghi h\u00e0ng \u0111\u1ea7u nh\u01b0 ki\u1ec3m so\u00e1t m\u00f4i tr\u01b0\u1eddng t\u1ef1 \u0111\u1ed9ng, h\u1ec7 th\u1ed1ng ti\u1ebft ki\u1ec7m n\u0103ng l\u01b0\u1ee3ng v\u00e0 c\u00e1c gi\u1ea3i ph\u00e1p b\u1ea3o m\u1eadt th\u00f4ng minh.<\/p>","protected":false},"featured_media":579,"comment_status":"open","ping_status":"closed","template":"","meta":[],"product_cat":[30],"product_tag":[80,83,76,79,77,81,82,78],"class_list":{"0":"post-578","1":"product","2":"type-product","3":"status-publish","4":"has-post-thumbnail","6":"product_cat-prefab-house","7":"product_tag-affordable-sustainable-home","8":"product_tag-blue-whale-modular-home-design","9":"product_tag-blue-whale-prefab-house","10":"product_tag-customizable-prefab-house","11":"product_tag-eco-friendly-prefab-home","12":"product_tag-modern-modular-architecture","13":"product_tag-prefabricated-environmentally-friendly-house","14":"product_tag-sustainable-modular-housing","16":"first","17":"instock","18":"shipping-taxable","19":"product-type-simple"},"_links":{"self":[{"href":"https:\/\/www.happy-cheerme.com\/vi\/wp-json\/wp\/v2\/product\/578","targetHints":{"allow":["GET"]}}],"collection":[{"href":"https:\/\/www.happy-cheerme.com\/vi\/wp-json\/wp\/v2\/product"}],"about":[{"href":"https:\/\/www.happy-cheerme.com\/vi\/wp-json\/wp\/v2\/types\/product"}],"replies":[{"embeddable":true,"href":"https:\/\/www.happy-cheerme.com\/vi\/wp-json\/wp\/v2\/comments?post=578"}],"version-history":[{"count":1,"href":"https:\/\/www.happy-cheerme.com\/vi\/wp-json\/wp\/v2\/product\/578\/revisions"}],"predecessor-version":[{"id":652,"href":"https:\/\/www.happy-cheerme.com\/vi\/wp-json\/wp\/v2\/product\/578\/revisions\/652"}],"wp:featuredmedia":[{"embeddable":true,"href":"https:\/\/www.happy-cheerme.com\/vi\/wp-json\/wp\/v2\/media\/579"}],"wp:attachment":[{"href":"https:\/\/www.happy-cheerme.com\/vi\/wp-json\/wp\/v2\/media?parent=578"}],"wp:term":[{"taxonomy":"product_cat","embeddable":true,"href":"https:\/\/www.happy-cheerme.com\/vi\/wp-json\/wp\/v2\/product_cat?post=578"},{"taxonomy":"product_tag","embeddable":true,"href":"https:\/\/www.happy-cheerme.com\/vi\/wp-json\/wp\/v2\/product_tag?post=578"}],"curies":[{"name":"wp","href":"https:\/\/api.w.org\/{rel}","templated":true}]}}