{"id":512,"date":"2024-12-26T18:03:52","date_gmt":"2024-12-26T10:03:52","guid":{"rendered":"https:\/\/qin.gg12.globaldeepsea.site\/?post_type=product&#038;p=512"},"modified":"2024-12-27T16:31:48","modified_gmt":"2024-12-27T08:31:48","slug":"sound-proof-booth-for-2-person-cm-p2m","status":"publish","type":"product","link":"https:\/\/www.happy-cheerme.com\/vi\/product\/sound-proof-booth-for-2-person-cm-p2m\/","title":{"rendered":"Gian h\u00e0ng ch\u1ed1ng \u00e2m cho 2 ng\u01b0\u1eddi-CM-P2M"},"content":{"rendered":"<h2>\u0110\u1eb7c \u0111i\u1ec3m k\u1ef9 thu\u1eadt k\u00edch th\u01b0\u1edbc<\/h2>\n<p><img fetchpriority=\"high\" decoding=\"async\" class=\"alignnone wp-image-731\" src=\"http:\/\/qin.gg12.globaldeepsea.site\/wp-content\/uploads\/2024\/12\/9.jpg\" alt=\"\" width=\"664\" height=\"368\" srcset=\"https:\/\/www.happy-cheerme.com\/wp-content\/uploads\/2024\/12\/9.jpg 1243w, https:\/\/www.happy-cheerme.com\/wp-content\/uploads\/2024\/12\/9-300x166.jpg 300w, https:\/\/www.happy-cheerme.com\/wp-content\/uploads\/2024\/12\/9-1024x568.jpg 1024w, https:\/\/www.happy-cheerme.com\/wp-content\/uploads\/2024\/12\/9-768x426.jpg 768w, https:\/\/www.happy-cheerme.com\/wp-content\/uploads\/2024\/12\/9-600x333.jpg 600w\" sizes=\"(max-width: 664px) 100vw, 664px\" \/><img decoding=\"async\" class=\"wp-image-518 alignright\" src=\"http:\/\/qin.gg12.globaldeepsea.site\/wp-content\/uploads\/2024\/12\/size-6-269x300.webp\" alt=\"\" width=\"305\" height=\"340\" srcset=\"https:\/\/www.happy-cheerme.com\/wp-content\/uploads\/2024\/12\/size-6-269x300.webp 269w, https:\/\/www.happy-cheerme.com\/wp-content\/uploads\/2024\/12\/size-6-920x1024.webp 920w, https:\/\/www.happy-cheerme.com\/wp-content\/uploads\/2024\/12\/size-6-768x855.webp 768w, https:\/\/www.happy-cheerme.com\/wp-content\/uploads\/2024\/12\/size-6-600x668.webp 600w, https:\/\/www.happy-cheerme.com\/wp-content\/uploads\/2024\/12\/size-6.webp 952w\" sizes=\"(max-width: 305px) 100vw, 305px\" \/><\/p>\n<h2>V\u1eadt li\u1ec7u<\/h2>\n<table width=\"652\">\n<tbody>\n<tr>\n<td width=\"68\">Khung<\/td>\n<td colspan=\"2\" width=\"136\">6063 H\u1ee3p kim Aluminnum h\u00e0ng kh\u00f4ng<\/td>\n<\/tr>\n<tr>\n<td>Th\u1ee7y tinh<\/td>\n<td colspan=\"2\">10 mm k\u00ednh c\u01b0\u1eddng \u0111\u1ed9 m\u00e0u tr\u1eafng, k\u00ednh 4 mm<\/td>\n<\/tr>\n<tr>\n<td>T\u01b0\u1eddng<\/td>\n<td colspan=\"2\">6063 H\u1ee3p kim nh\u00f4m h\u00e0ng kh\u00f4ng + B\u1ec1 m\u1eb7t th\u00e9p 1,0mm\/Gabriel Upholstery + G\u00f3i acoustic + B\u1ea3ng polyester 13mm + G350 V\u1ea3i gi\u1ea3m nhi\u1ec5u<\/td>\n<\/tr>\n<tr>\n<td>M\u00e1i nh\u00e0<\/td>\n<td colspan=\"2\">6063 H\u1ee3p kim nh\u00f4m H\u00e0ng kh\u00f4ng + B\u1ec1 m\u1eb7t th\u00e9p 1.0mm + G\u00f3i \u00e2m + B\u1ea3ng polyester + G350 H\u00e0ng h\u00f3a Doc<\/td>\n<\/tr>\n<tr>\n<td>T\u1ea5m d\u01b0\u1edbi c\u00f9ng<\/td>\n<td colspan=\"2\">E0 C\u1ea5p 25 + 9mm V\u00e1n \u00e9p g\u1ed7 r\u1eafn + PVC EDGE m\u00e0u \u0111en + Khung th\u00e9p + 25 mm \u0111i\u1ec1u ch\u1ec9nh ch\u00e2n + Th\u1ea3m polyester<\/td>\n<\/tr>\n<tr>\n<td>L\u1edbp ph\u1ee7<\/td>\n<td colspan=\"2\">Tiger b\u1ed9t phun t\u0129nh \u0111i\u1ec7n<\/td>\n<\/tr>\n<\/tbody>\n<\/table>\n<h2>N\u1ed9i th\u1ea5t<\/h2>\n<p><img decoding=\"async\" class=\"wp-image-519 size-full alignleft\" src=\"http:\/\/qin.gg12.globaldeepsea.site\/wp-content\/uploads\/2024\/12\/detail-2.webp\" alt=\"\" width=\"262\" height=\"225\" \/><\/p>\n<div><\/div>\n<div><\/div>\n<div>B\u00e0n thanh (v\u1edbi 2 ng\u01b0\u1eddi gi\u1eef c\u1ed1c)<br \/>\nW1465*D400*H1050<br \/>\nM\u00e0u s\u1eafc: MFC tr\u1eafng\/ m\u00e0u g\u1ed7<br \/>\nB\u1ea3ng nhi\u1ec1u l\u1edbp\/ l\u1edbp ph\u1ee7 b\u1ed9t m\u00e0u v\u00e0ng<\/div>\n<h2><\/h2>\n<p>&nbsp;<\/p>\n<p>&nbsp;<\/p>\n<h2><\/h2>\n<p>&nbsp;<\/p>\n<div>\n<h2>C\u1ea5u h\u00ecnh n\u0103ng l\u01b0\u1ee3ng<\/h2>\n<table width=\"653\">\n<tbody>\n<tr>\n<td width=\"203\">S\u1ef1 ti\u00eau th\u1ee5<\/td>\n<td colspan=\"2\" width=\"136\">40W, thi\u1ebft b\u1ecb \u0111i\u1ec7n truy c\u1eadp d\u01b0\u1edbi 1000W<\/td>\n<\/tr>\n<tr>\n<td>\u0110\u00e8n tr\u1ea7n<\/td>\n<td colspan=\"2\">0 - 20W<\/td>\n<\/tr>\n<tr>\n<td>Qu\u1ea1t t\u01b0\u1eddng<\/td>\n<td colspan=\"2\">0,9W, 1500 v\u00f2ng \/ ph\u00fat *3<\/td>\n<\/tr>\n<tr>\n<td>Qu\u1ea1t m\u00e1i<\/td>\n<td colspan=\"2\">2.4W, 1800 v\u00f2ng \/ ph\u00fat*2<\/td>\n<\/tr>\n<tr>\n<td>Th\u00f4ng gi\u00f3<\/td>\n<td colspan=\"2\">2,35 m\u00b3\/ph\u00fat, 83cfm, t\u1ed1c \u0111\u1ed9 thay \u0111\u1ed5i kh\u00f4ng kh\u00ed 45\/h<\/td>\n<\/tr>\n<tr>\n<td>Gi\u1ea3m ti\u1ebfng \u1ed3n<\/td>\n<td colspan=\"2\">DS, A 28,5 dB (IS0 23351-1: 2020)<\/td>\n<\/tr>\n<\/tbody>\n<\/table>\n<h2>\u0110i\u1ec3m m\u1ea1nh c\u1ee7a ch\u00fang t\u00f4i<\/h2>\n<div>\n<div>Thi\u1ebft k\u1ebf i.modular: M\u00f4 -\u0111un \u0111\u1ec3 l\u1eafp r\u00e1p nhanh, v\u1edbi s\u00e1u th\u00e0nh ph\u1ea7n v\u00e0 l\u1eafp r\u00e1p nhanh.1 gi\u1edd l\u1eafp r\u00e1p. D\u1ec5 d\u00e0ng \u0111\u1eb7t trong \u0111\u1ea7u n\u1ed1i l\u1eafp r\u00e1p nhanh \u0111\u01b0\u1ee3c c\u1ea5p b\u1eb1ng s\u00e1ng ch\u1ebf. M\u00f4 -\u0111un \u0111\u1ec3 t\u1ed5 ch\u1ee9c l\u1ea1i: m\u1ed9t tr\u1edf th\u00e0nh hai, hai tr\u1edf n\u00ean nhi\u1ec1u h\u01a1n; M\u00f4 -\u0111un \u0111\u1ec3 t\u1ed5 ch\u1ee9c l\u1ea1i; \u0110\u1eb7t l\u1ea1i \u0111a ch\u1ee9c n\u0103ng.<\/div>\n<div><\/div>\n<div>ii.Noise gi\u1ea3m: t\u01b0\u1eddng 45 dB; DS, m\u1ed9t b\u1ed1n y\u1ebfu t\u1ed1 c\u00e1ch \u0111i\u1ec7n \u00e2m thanh 28,5 dB. D\u1ea3i ni\u00eam phong DuPont Virgin; C\u1eeda k\u00ednh \u0111\u00f3ng khung; Hi\u1ec7u su\u1ea5t ni\u00eam phong l\u1edbp s\u1ea3n xu\u1ea5t \u00f4 t\u00f4.<\/div>\n<div><\/div>\n<div>III.Optimal th\u00f4ng gi\u00f3: H\u1ec7 th\u1ed1ng l\u01b0u th\u00f4ng kh\u00f4ng kh\u00ed k\u00e9p Ngu\u1ed3n cung c\u1ea5p kh\u00f4ng kh\u00ed v\u00e0 \u1ed1ng x\u1ea3 k\u00e9p 1,5 ph\u00fat Kh\u1ed1i l\u01b0\u1ee3ng th\u00f4ng gi\u00f3 trong nh\u00e0 m\u1ed7i ph\u00fat: 1,63\/m\u00b3; Qu\u1ea1t \u1ed1ng x\u1ea3 c\u1ef1c k\u1ef3 kh\u00f4ng ch\u00e1y: 100.000 h.<\/div>\n<div><\/div>\n<div>IV.Humanized Design \u00c1nh s\u00e1ng m\u1ec1m: Ba gi\u00e2y \u0111\u1ec3 th\u1eafp s\u00e1ng+ c\u00f3 th\u1ec3 \u0111i\u1ec1u ch\u1ec9nh v\u00f4 h\u1ea1n+ h\u01b0\u1edbng d\u1eabn \u00e1nh s\u00e1ng Mitsubishi 50.000h kh\u00f4ng thay \u0111\u1ed5i m\u00e0u s\u1eafc; Th\u00f4ng l\u01b0\u1ee3ng ph\u00e1t s\u00e1ng t\u1ed1i \u0111a l\u00e0 2700lm; B\u1eaft ch\u01b0\u1edbc nhi\u1ec7t \u0111\u1ed9 m\u00e0u \u00e1nh s\u00e1ng t\u1ef1 nhi\u00ean l\u00e0 3500K.<\/div>\n<div><\/div>\n<div>V.Selainability: 100% V\u1eadt li\u1ec7u th\u00e2n thi\u1ec7n v\u1edbi m\u00f4i tr\u01b0\u1eddng \u0111\u1ec3 t\u1ea1o ra kh\u00e1i ni\u1ec7m thi\u1ebft k\u1ebf b\u1ec1n v\u1eefng m\u00f4i tr\u01b0\u1eddng. H\u1ecd l\u00e0: v\u1ea3i Gabriel; B\u1ed9t h\u1ed5; H\u1ee3p kim nh\u00f4m h\u00e0ng kh\u00f4ng; H\u1ed9i \u0111\u1ed3ng ch\u1ee9ng nh\u1eadn FSC; 3C K\u00ednh c\u01b0\u1eddng l\u1ef1c \u0111\u01b0\u1ee3c ch\u1ee9ng nh\u1eadn; S\u1ee3i polyester t\u00e1i ch\u1ebf.<\/div>\n<div><\/div>\n<div>VI.Digital Intelligence: Ch\u00fang t\u00f4i c\u00f3 th\u1ec3 th\u1ef1c hi\u1ec7n ph\u00e2n t\u00edch th\u00f4ng minh v\u1ec1 \u0111\u1eb7t ch\u1ed7, qu\u1ea3n l\u00fd v\u00e0 ph\u00e1t h\u00e0nh trong nh\u1eefng gi\u1edd b\u1eadn r\u1ed9n. Cung c\u1ea5p m\u1ed9t c\u01a1 s\u1edf cho vi\u1ec7c ra quy\u1ebft \u0111\u1ecbnh \u0111\u1ec3 \u0111\u1eb7t l\u1ea1i kh\u00f4ng gian.<\/div>\n<div>M\u1ed9t. Ch\u1ecdn c\u00e1c lo\u1ea1i kh\u00f4ng gian (v\u00ed d\u1ee5 nh\u01b0 m\u00e1y tr\u1ea1m, ph\u00f2ng h\u1ecdp, v.v.) \u0111\u1ec3 ph\u00e2n t\u00edch.<\/div>\n<div>b. Tinh ch\u1ec9nh ph\u1ea7n kh\u00f4ng gian (v\u00ed d\u1ee5 nh\u01b0 b\u1ed9 ph\u1eadn, ph\u00e2n v\u00f9ng s\u00e0n) \u0111\u1ec3 ph\u00e2n t\u00edch v\u00e0 so s\u00e1nh v\u1edbi c\u00e1c ph\u1ea7n kh\u00e1c.<\/div>\n<div>c. Hi\u1ec3u \u0111\u01b0\u1ee3c th\u00f3i quen s\u1eed d\u1ee5ng v\u00e0 ph\u00e2n ph\u1ed1i c\u00e1c kh\u00f4ng gian, ph\u00f2ng ban v\u00e0 khu v\u1ef1c kh\u00e1c nhau th\u00f4ng qua b\u1ea3n \u0111\u1ed3 nhi\u1ec7t ph\u00e2n c\u1ea5p.<\/div>\n<div>d. Ki\u1ec3m tra xem c\u00e1c c\u00e0i \u0111\u1eb7t kh\u00f4ng gian c\u00f3 ph\u00f9 h\u1ee3p cho m\u00f4 h\u00ecnh kinh doanh th\u00f4ng qua c\u00e2u h\u1ecfi nghi\u00ean c\u1ee9u c\u1ee7a ng\u01b0\u1eddi l\u00e3nh \u0111\u1ea1o v\u00e0 nh\u00e2n vi\u00ean hay kh\u00f4ng.<\/div>\n<\/div>\n<\/div>","protected":false},"excerpt":{"rendered":"<p>K\u00edch th\u01b0\u1edbc b\u00ean ngo\u00e0i: W1635*D1360*H2280mm<\/p>\n<p>K\u00edch th\u01b0\u1edbc n\u1ed9i b\u1ed9: W1465*D1190 (1340 l\u00e0 th\u1ee7y tinh \u0111\u1ebfn th\u1ee7y tinh)*H2130 mm<\/p>\n<p>Tr\u1ecdng l\u01b0\u1ee3ng: 450kg<\/p>\n<p>K\u00edch th\u01b0\u1edbc pallet: W2190*D1410*H935 (kh\u00f4ng bao g\u1ed3m h\u1ed9p ph\u1ee5 ki\u1ec7n)<\/p>\n<p>Kh\u1ed1i l\u01b0\u1ee3ng: 3 m\u00b3<\/p>\n<p>H\u01b0\u1edbng m\u1edf c\u1eeda; C\u1eeda g\u1ea7n h\u01a1n: c\u1eeda b\u00ean ph\u1ea3i<\/p>","protected":false},"featured_media":513,"comment_status":"open","ping_status":"closed","template":"","meta":[],"product_cat":[27,25],"product_tag":[42,43,48,47,44,46,41,45],"class_list":{"0":"post-512","1":"product","2":"type-product","3":"status-publish","4":"has-post-thumbnail","6":"product_cat-dual-seat-sound-proof-booth","7":"product_cat-office-booth","8":"product_tag-acoustic-isolation-booth","9":"product_tag-compact-soundproof-room","10":"product_tag-double-person-sound-insulation-pod","11":"product_tag-dual-occupancy-sound-booth","12":"product_tag-noise-reduction-booth","13":"product_tag-small-soundproof-chamber","14":"product_tag-soundproof-booth-for-two","15":"product_tag-two-person-audio-booth","17":"first","18":"instock","19":"shipping-taxable","20":"product-type-simple"},"_links":{"self":[{"href":"https:\/\/www.happy-cheerme.com\/vi\/wp-json\/wp\/v2\/product\/512","targetHints":{"allow":["GET"]}}],"collection":[{"href":"https:\/\/www.happy-cheerme.com\/vi\/wp-json\/wp\/v2\/product"}],"about":[{"href":"https:\/\/www.happy-cheerme.com\/vi\/wp-json\/wp\/v2\/types\/product"}],"replies":[{"embeddable":true,"href":"https:\/\/www.happy-cheerme.com\/vi\/wp-json\/wp\/v2\/comments?post=512"}],"version-history":[{"count":1,"href":"https:\/\/www.happy-cheerme.com\/vi\/wp-json\/wp\/v2\/product\/512\/revisions"}],"predecessor-version":[{"id":659,"href":"https:\/\/www.happy-cheerme.com\/vi\/wp-json\/wp\/v2\/product\/512\/revisions\/659"}],"wp:featuredmedia":[{"embeddable":true,"href":"https:\/\/www.happy-cheerme.com\/vi\/wp-json\/wp\/v2\/media\/513"}],"wp:attachment":[{"href":"https:\/\/www.happy-cheerme.com\/vi\/wp-json\/wp\/v2\/media?parent=512"}],"wp:term":[{"taxonomy":"product_cat","embeddable":true,"href":"https:\/\/www.happy-cheerme.com\/vi\/wp-json\/wp\/v2\/product_cat?post=512"},{"taxonomy":"product_tag","embeddable":true,"href":"https:\/\/www.happy-cheerme.com\/vi\/wp-json\/wp\/v2\/product_tag?post=512"}],"curies":[{"name":"wp","href":"https:\/\/api.w.org\/{rel}","templated":true}]}}