{"id":434,"date":"2024-12-26T15:50:28","date_gmt":"2024-12-26T07:50:28","guid":{"rendered":"https:\/\/qin.gg12.globaldeepsea.site\/?post_type=product&#038;p=434"},"modified":"2024-12-30T16:57:49","modified_gmt":"2024-12-30T08:57:49","slug":"four-person-booth-c-furniture-matching","status":"publish","type":"product","link":"https:\/\/www.happy-cheerme.com\/vi\/product\/four-person-booth-c-furniture-matching\/","title":{"rendered":"Ph\u00f9 h\u1ee3p v\u1edbi \u0111\u1ed3 n\u1ed9i th\u1ea5t B\u1ed1n ng\u01b0\u1eddi"},"content":{"rendered":"<h2>T\u00ednh n\u0103ng v\u1eadt li\u1ec7u v\u1ea3i<\/h2>\n<p>I.Gabriel Fabrics: \u0110\u01b0\u1ee3c thi\u1ebft k\u1ebf t\u00f4n tr\u1ecdng s\u1ee9c kh\u1ecfe v\u00e0 an to\u00e0n<br \/>\nGabriel thi\u1ebft k\u1ebf c\u00e1c s\u1ea3n ph\u1ea9m \u0111\u00f3ng g\u00f3p v\u00e0o kh\u00f4ng gian trong nh\u00e0 l\u00e0nh m\u1ea1nh \u0111\u01b0\u1ee3c s\u1ea3n xu\u1ea5t v\u1edbi s\u1ef1 t\u00f4n tr\u1ecdng s\u1ee9c kh\u1ecfe v\u00e0 an to\u00e0n c\u1ee7a ng\u01b0\u1eddi d\u00f9ng c\u0169ng nh\u01b0 cho m\u00f4i tr\u01b0\u1eddng. C\u00e1c y\u00eau c\u1ea7u c\u1ee7a OKO-Tex v\u00e0 EU Ecolabel t\u1ea1o th\u00e0nh c\u00e1c ti\u00eau chu\u1ea9n t\u1ed1i thi\u1ec3u c\u1ee7a Gabriel v\u00e0 \u0111\u1ea3m b\u1ea3o r\u1eb1ng<br \/>\nKh\u00e1ch h\u00e0ng c\u1ee7a ch\u00fang t\u00f4i lu\u00f4n c\u00f3 \u0111\u01b0\u1ee3c c\u00e1c lo\u1ea1i v\u1ea3i b\u1ec1n v\u1eefng, ng\u01b0\u1eddi ti\u00eau d\u00f9ng v\u00e0 th\u00e2n thi\u1ec7n v\u1edbi m\u00f4i tr\u01b0\u1eddng. Ngo\u00e0i ra, Gabriel c\u0169ng cung c\u1ea5p m\u1ed9t l\u1ef1a ch\u1ecdn to\u00e0n di\u1ec7n c\u00e1c lo\u1ea1i v\u1ea3i Cradle to Cradle Certyit \u2122.<\/p>\n<p>ii. N\u1ed9i th\u1ea5t c\u1ee7a ch\u00fang ta \u0111\u1ed9 b\u1ec1n c\u1ee7a c\u1ecd x\u00e1t ISO 105 \u00d7 12-2016 C\u00e1c th\u1eed nghi\u1ec7m \u0111\u01b0\u1ee3c th\u1ef1c hi\u1ec7n:<\/p>\n<p><img fetchpriority=\"high\" decoding=\"async\" class=\"alignnone wp-image-736 size-large\" src=\"http:\/\/qin.gg12.globaldeepsea.site\/wp-content\/uploads\/2024\/12\/14-986x1024.jpg\" alt=\"\" width=\"800\" height=\"831\" srcset=\"https:\/\/www.happy-cheerme.com\/wp-content\/uploads\/2024\/12\/14-986x1024.jpg 986w, https:\/\/www.happy-cheerme.com\/wp-content\/uploads\/2024\/12\/14-289x300.jpg 289w, https:\/\/www.happy-cheerme.com\/wp-content\/uploads\/2024\/12\/14-768x798.jpg 768w, https:\/\/www.happy-cheerme.com\/wp-content\/uploads\/2024\/12\/14-600x623.jpg 600w, https:\/\/www.happy-cheerme.com\/wp-content\/uploads\/2024\/12\/14.jpg 1139w\" sizes=\"(max-width: 800px) 100vw, 800px\" \/><\/p>\n<p>iii. V\u1ea3i \u0111\u1ed3 n\u1ed9i th\u1ea5t c\u1ee7a b\u1ea1n c\u00f3 nh\u00e3n sinh th\u00e1i d\u1ec7t qu\u1ed1c t\u1ebf<\/p>\n<p><img decoding=\"async\" class=\"alignnone wp-image-443\" src=\"http:\/\/qin.gg12.globaldeepsea.site\/wp-content\/uploads\/2024\/12\/cert.webp\" alt=\"\" width=\"786\" height=\"599\" srcset=\"https:\/\/www.happy-cheerme.com\/wp-content\/uploads\/2024\/12\/cert.webp 1006w, https:\/\/www.happy-cheerme.com\/wp-content\/uploads\/2024\/12\/cert-300x229.webp 300w, https:\/\/www.happy-cheerme.com\/wp-content\/uploads\/2024\/12\/cert-768x586.webp 768w, https:\/\/www.happy-cheerme.com\/wp-content\/uploads\/2024\/12\/cert-600x457.webp 600w\" sizes=\"(max-width: 786px) 100vw, 786px\" \/><\/p>\n<h2>Th\u01b0\u01a1ng hi\u1ec7u v\u1eadt ch\u1ea5t v\u00e0 ch\u1ee9ng ch\u1ec9<\/h2>\n<p><img decoding=\"async\" class=\"alignnone wp-image-400\" src=\"http:\/\/qin.gg12.globaldeepsea.site\/wp-content\/uploads\/2024\/12\/1-283x300.webp\" alt=\"\" width=\"228\" height=\"242\" srcset=\"https:\/\/www.happy-cheerme.com\/wp-content\/uploads\/2024\/12\/1-283x300.webp 283w, https:\/\/www.happy-cheerme.com\/wp-content\/uploads\/2024\/12\/1-600x637.webp 600w, https:\/\/www.happy-cheerme.com\/wp-content\/uploads\/2024\/12\/1.webp 720w\" sizes=\"(max-width: 228px) 100vw, 228px\" \/><img loading=\"lazy\" decoding=\"async\" class=\"alignnone wp-image-401\" src=\"http:\/\/qin.gg12.globaldeepsea.site\/wp-content\/uploads\/2024\/12\/2-300x211.webp\" alt=\"\" width=\"270\" height=\"190\" srcset=\"https:\/\/www.happy-cheerme.com\/wp-content\/uploads\/2024\/12\/2-300x211.webp 300w, https:\/\/www.happy-cheerme.com\/wp-content\/uploads\/2024\/12\/2.webp 500w\" sizes=\"(max-width: 270px) 100vw, 270px\" \/><img loading=\"lazy\" decoding=\"async\" class=\"alignnone wp-image-402\" src=\"http:\/\/qin.gg12.globaldeepsea.site\/wp-content\/uploads\/2024\/12\/3-300x194.webp\" alt=\"\" width=\"243\" height=\"157\" srcset=\"https:\/\/www.happy-cheerme.com\/wp-content\/uploads\/2024\/12\/3-300x194.webp 300w, https:\/\/www.happy-cheerme.com\/wp-content\/uploads\/2024\/12\/3.webp 358w\" sizes=\"(max-width: 243px) 100vw, 243px\" \/><\/p>\n<p><img loading=\"lazy\" decoding=\"async\" class=\"alignnone wp-image-403\" src=\"http:\/\/qin.gg12.globaldeepsea.site\/wp-content\/uploads\/2024\/12\/4-300x205.webp\" alt=\"\" width=\"234\" height=\"160\" srcset=\"https:\/\/www.happy-cheerme.com\/wp-content\/uploads\/2024\/12\/4-300x205.webp 300w, https:\/\/www.happy-cheerme.com\/wp-content\/uploads\/2024\/12\/4.webp 354w\" sizes=\"(max-width: 234px) 100vw, 234px\" \/><img loading=\"lazy\" decoding=\"async\" class=\"alignnone wp-image-404\" src=\"http:\/\/qin.gg12.globaldeepsea.site\/wp-content\/uploads\/2024\/12\/5-300x65.webp\" alt=\"\" width=\"279\" height=\"60\" srcset=\"https:\/\/www.happy-cheerme.com\/wp-content\/uploads\/2024\/12\/5-300x65.webp 300w, https:\/\/www.happy-cheerme.com\/wp-content\/uploads\/2024\/12\/5.webp 339w\" sizes=\"(max-width: 279px) 100vw, 279px\" \/><img loading=\"lazy\" decoding=\"async\" class=\"alignnone wp-image-405\" src=\"http:\/\/qin.gg12.globaldeepsea.site\/wp-content\/uploads\/2024\/12\/6-300x224.webp\" alt=\"\" width=\"237\" height=\"177\" srcset=\"https:\/\/www.happy-cheerme.com\/wp-content\/uploads\/2024\/12\/6-300x224.webp 300w, https:\/\/www.happy-cheerme.com\/wp-content\/uploads\/2024\/12\/6-1024x766.webp 1024w, https:\/\/www.happy-cheerme.com\/wp-content\/uploads\/2024\/12\/6-768x575.webp 768w, https:\/\/www.happy-cheerme.com\/wp-content\/uploads\/2024\/12\/6-1536x1149.webp 1536w, https:\/\/www.happy-cheerme.com\/wp-content\/uploads\/2024\/12\/6-2048x1532.webp 2048w, https:\/\/www.happy-cheerme.com\/wp-content\/uploads\/2024\/12\/6-600x449.webp 600w\" sizes=\"(max-width: 237px) 100vw, 237px\" \/><\/p>","protected":false},"excerpt":{"rendered":"<p>B\u00e0n tr\u00f2n<\/p>\n<p>K\u00edch th\u01b0\u1edbc \uff1a W750*D750*H350 mm<\/p>\n<p>B\u1ea3ng b\u1ea3ng: C\u1ea5u h\u00ecnh MFC, b\u1ea3ng h\u1ea1t melamine l\u1edbp 25 mm E1<\/p>\n<p>Ch\u00e2n b\u00e0n: Ch\u00e2n \u0111\u01b0\u1ee3c ph\u1ee7 b\u1ed9t b\u1eb1ng th\u00e9p<\/p>\n<p>M\u00e0u s\u1eafc: MFC tr\u1eafng<\/p>\n<p>K\u00edch th\u01b0\u1edbc \uff1a W450*D450*H430 mm<\/p>\n<p>Padding: L\u1edbp l\u00f3t \u0111\u00fac t\u00edch h\u1ee3p x\u1ed1p<\/p>\n<p>Ngh\u1ec1 th\u1ee7 c\u00f4ng:<\/p>\n<p>G\u00f3i v\u1ea3i nh\u1eadp kh\u1ea9u, kh\u00e2u v\u1ea3i hai m\u00e0u tr\u00ean v\u00e0 th\u1ea5p<\/p>\n<p>V\u1ea3i: S\u00ea -ri Gabriel\/Mozart<\/p>\n<p>Da: V\u1eadt li\u1ec7u tay c\u1ea7m \u0111\u01b0\u1ee3c l\u00e0m b\u1eb1ng da LE-L 1217<\/p>\n<p>L\u01b0u \u00fd: Ch\u1ec9 c\u00f3 s\u1eb5n trong kho, vui l\u00f2ng tham kh\u1ea3o tr\u01b0\u1edbc khi \u0111\u1eb7t h\u00e0ng.<\/p>\n<p>K\u00edch th\u01b0\u1edbc \uff1a W1800*D600*H720 (SH430) mm<\/p>\n<p>SOFA Khung g\u1ed7 + Ch\u1ea5t l\u00e0m \u0111\u1ea7y b\u1ecdt bi\u1ec3n + V\u1ea3i b\u1ecdc v\u1ea3i<\/p>\n<p>Ch\u1ed7 ng\u1ed3i v\u00e0 tr\u1edf l\u1ea1i \uff1a<\/p>\n<p>\u2460 G\u00f3i m\u1ec1m: V\u1ea3i b\u1ea3o v\u1ec7 m\u00f4i tr\u01b0\u1eddng h\u1ea1ng nh\u1ea5t nh\u1eadp kh\u1ea9u, may b\u1eb1ng tay<\/p>\n<p>\u2461 b\u1ecdt bi\u1ec3n: b\u1ecdt bi\u1ec3n kh\u1ea3 n\u0103ng ph\u1ee5c h\u1ed3i cao, c\u1ea5u h\u00ecnh nhi\u1ec1u l\u1edbp c\u00f3 m\u1eadt \u0111\u1ed9 kh\u00e1c nhau, b\u1ec1 m\u1eb7t c\u1ee7a b\u00f4ng l\u1ee5a m\u1ecfng \u0111\u1ec3 t\u0103ng s\u1ef1 tho\u1ea3i m\u00e1i c\u1ee7a ch\u1ed7 ng\u1ed3i<\/p>\n<p>Ch\u00e2n \uff1a L\u1edbp ph\u1ee7 \u0111en<\/p>\n<p><img loading=\"lazy\" decoding=\"async\" class=\"alignnone size-medium wp-image-661\" src=\"http:\/\/qin.gg12.globaldeepsea.site\/wp-content\/uploads\/2024\/12\/1-3-300x300.webp\" alt=\"\" width=\"300\" height=\"300\" srcset=\"https:\/\/www.happy-cheerme.com\/wp-content\/uploads\/2024\/12\/1-3-300x300.webp 300w, https:\/\/www.happy-cheerme.com\/wp-content\/uploads\/2024\/12\/1-3-150x150.webp 150w, https:\/\/www.happy-cheerme.com\/wp-content\/uploads\/2024\/12\/1-3-100x100.webp 100w, https:\/\/www.happy-cheerme.com\/wp-content\/uploads\/2024\/12\/1-3.webp 317w\" sizes=\"(max-width: 300px) 100vw, 300px\" \/> <img loading=\"lazy\" decoding=\"async\" class=\"alignnone size-medium wp-image-662\" src=\"http:\/\/qin.gg12.globaldeepsea.site\/wp-content\/uploads\/2024\/12\/2-6-300x300.webp\" alt=\"\" width=\"300\" height=\"300\" srcset=\"https:\/\/www.happy-cheerme.com\/wp-content\/uploads\/2024\/12\/2-6-300x300.webp 300w, https:\/\/www.happy-cheerme.com\/wp-content\/uploads\/2024\/12\/2-6-150x150.webp 150w, https:\/\/www.happy-cheerme.com\/wp-content\/uploads\/2024\/12\/2-6-100x100.webp 100w, https:\/\/www.happy-cheerme.com\/wp-content\/uploads\/2024\/12\/2-6.webp 398w\" sizes=\"(max-width: 300px) 100vw, 300px\" \/><img loading=\"lazy\" decoding=\"async\" class=\"alignnone size-medium wp-image-664\" src=\"http:\/\/qin.gg12.globaldeepsea.site\/wp-content\/uploads\/2024\/12\/3-7-300x300.webp\" alt=\"\" width=\"300\" height=\"300\" srcset=\"https:\/\/www.happy-cheerme.com\/wp-content\/uploads\/2024\/12\/3-7-300x300.webp 300w, https:\/\/www.happy-cheerme.com\/wp-content\/uploads\/2024\/12\/3-7-150x150.webp 150w, https:\/\/www.happy-cheerme.com\/wp-content\/uploads\/2024\/12\/3-7-100x100.webp 100w, https:\/\/www.happy-cheerme.com\/wp-content\/uploads\/2024\/12\/3-7.webp 310w\" sizes=\"(max-width: 300px) 100vw, 300px\" \/><\/p>\n<p>K\u00edch th\u01b0\u1edbc: W2200*D1970*H2280 (mm)<\/p>","protected":false},"featured_media":435,"comment_status":"open","ping_status":"closed","template":"","meta":[],"product_cat":[16],"product_tag":[36,137,138,140,139,109,32,34],"class_list":{"0":"post-434","1":"product","2":"type-product","3":"status-publish","4":"has-post-thumbnail","6":"product_cat-office-booth-furniture","7":"product_tag-booth-seating","8":"product_tag-c-furniture","9":"product_tag-commercial-furniture","10":"product_tag-custom-furniture","11":"product_tag-dining-booth","12":"product_tag-four-person-booth","13":"product_tag-furniture-matching","14":"product_tag-restaurant-booth","16":"first","17":"instock","18":"shipping-taxable","19":"product-type-simple"},"_links":{"self":[{"href":"https:\/\/www.happy-cheerme.com\/vi\/wp-json\/wp\/v2\/product\/434","targetHints":{"allow":["GET"]}}],"collection":[{"href":"https:\/\/www.happy-cheerme.com\/vi\/wp-json\/wp\/v2\/product"}],"about":[{"href":"https:\/\/www.happy-cheerme.com\/vi\/wp-json\/wp\/v2\/types\/product"}],"replies":[{"embeddable":true,"href":"https:\/\/www.happy-cheerme.com\/vi\/wp-json\/wp\/v2\/comments?post=434"}],"version-history":[{"count":7,"href":"https:\/\/www.happy-cheerme.com\/vi\/wp-json\/wp\/v2\/product\/434\/revisions"}],"predecessor-version":[{"id":890,"href":"https:\/\/www.happy-cheerme.com\/vi\/wp-json\/wp\/v2\/product\/434\/revisions\/890"}],"wp:featuredmedia":[{"embeddable":true,"href":"https:\/\/www.happy-cheerme.com\/vi\/wp-json\/wp\/v2\/media\/435"}],"wp:attachment":[{"href":"https:\/\/www.happy-cheerme.com\/vi\/wp-json\/wp\/v2\/media?parent=434"}],"wp:term":[{"taxonomy":"product_cat","embeddable":true,"href":"https:\/\/www.happy-cheerme.com\/vi\/wp-json\/wp\/v2\/product_cat?post=434"},{"taxonomy":"product_tag","embeddable":true,"href":"https:\/\/www.happy-cheerme.com\/vi\/wp-json\/wp\/v2\/product_tag?post=434"}],"curies":[{"name":"wp","href":"https:\/\/api.w.org\/{rel}","templated":true}]}}