{"id":633,"date":"2024-12-27T10:17:00","date_gmt":"2024-12-27T02:17:00","guid":{"rendered":"https:\/\/qin.gg12.globaldeepsea.site\/?post_type=product&#038;p=633"},"modified":"2024-12-27T15:21:00","modified_gmt":"2024-12-27T07:21:00","slug":"sound-proof-booth-for-single-person-cm-q2s","status":"publish","type":"product","link":"https:\/\/www.happy-cheerme.com\/tr\/product\/sound-proof-booth-for-single-person-cm-q2s\/","title":{"rendered":"Tek Ki\u015fi i\u00e7in Ses ge\u00e7irmez kabin-CM-Q2S"},"content":{"rendered":"<h2>Boyut Spesifikasyonu<\/h2>\n<p><img fetchpriority=\"high\" decoding=\"async\" class=\"alignnone wp-image-718\" src=\"http:\/\/qin.gg12.globaldeepsea.site\/wp-content\/uploads\/2024\/12\/1-1.jpg\" alt=\"\" width=\"545\" height=\"307\" srcset=\"https:\/\/www.happy-cheerme.com\/wp-content\/uploads\/2024\/12\/1-1.jpg 962w, https:\/\/www.happy-cheerme.com\/wp-content\/uploads\/2024\/12\/1-1-300x169.jpg 300w, https:\/\/www.happy-cheerme.com\/wp-content\/uploads\/2024\/12\/1-1-768x433.jpg 768w, https:\/\/www.happy-cheerme.com\/wp-content\/uploads\/2024\/12\/1-1-600x339.jpg 600w\" sizes=\"(max-width: 545px) 100vw, 545px\" \/><img decoding=\"async\" class=\"wp-image-641 alignright\" src=\"http:\/\/qin.gg12.globaldeepsea.site\/wp-content\/uploads\/2024\/12\/size-13.webp\" alt=\"\" width=\"269\" height=\"369\" srcset=\"https:\/\/www.happy-cheerme.com\/wp-content\/uploads\/2024\/12\/size-13.webp 447w, https:\/\/www.happy-cheerme.com\/wp-content\/uploads\/2024\/12\/size-13-219x300.webp 219w\" sizes=\"(max-width: 269px) 100vw, 269px\" \/><\/p>\n<h2>Tan\u0131m<\/h2>\n<p>1.5-2.5mm Kal\u0131nl\u0131k Al\u00fcminyum Ala\u015f\u0131m + 10mm Y\u00fcksek Mukavemetli Temperli Cam + Ses Emme ve Ses Ko\u015fullu Malzeme 9 + 12mm \u00c7evre Koruma Plan\u0131.<\/p>\n<p>2. Ultra ince ve ultra-selam egzoz fan\u0131*2 + PD Teorisi Uzun yollu ses ge\u00e7irmez hava sirk\u00fclasyon borusu.<\/p>\n<p>3. G\u00fcr\u00fclt\u00fc: &lt;35 dB; H\u0131z: 750 rpm; Havaland\u0131rma fan\u0131 hacmi: 89cfm; Ortalama havaland\u0131rma 1 10m3\/s.<\/p>\n<p>4.<\/p>\n<p>5. Entegre 2500 ~ 6000K do\u011fal \u0131\u015f\u0131k (\u00fc\u00e7 renkli s\u0131cakl\u0131k \u0131\u015f\u0131\u011f\u0131*1) 100-240V\/50-60Hz g\u00fc\u00e7 kayna\u011f\u0131.<\/p>\n<p>6. Soket*1, iki pozisyon anahtar\u0131*1, a\u011f aray\u00fcz\u00fc*1 USB ba\u011flant\u0131 noktas\u0131 soket paneli mevcuttur.<\/p>\n<p>7. I\u015f\u0131k ve egzoz anahtar\u0131 kontrol\u00fc ayr\u0131 ayr\u0131.<\/p>\n<p>8. \u00c7elik sabit ayak fincan\u0131 + evrensel tekerlek.<\/p>\n<h2>Features And Strength<\/h2>\n<div>\n<p>i.Main Material:High strength aluminum profile,Sound insulation glass,Polyester fiber sound-absorbing board and environmental protection plywood.<\/p>\n<p>ii.SOUNDPROOF &amp; SOUND INSULATION: The wall of the office pods is composed of sound-absorbing cotton + environmentally friendly plywood (hollow structure) and 10mm thick soundproof tempered glass. The sound insulation and noise reduction index meets the design expectations.<\/p>\n<p>III.Antilated: Her ofis kaps\u00fclleri, ultra ince + ultra-sessiz temiz hava egzoz fan\u0131 + PD prensibi uzun yoldan ses ge\u00e7irmez hava sirk\u00fclasyon kanal\u0131dan olu\u015fan labirent tipi d\u00fc\u015f\u00fck g\u00fcr\u00fclt\u00fcl\u00fc bir temiz hava sistemi ile tasarlanm\u0131\u015ft\u0131r ve sadece 3-5 dakika boyunca a\u00e7\u0131lmas\u0131 gerekir. Kapal\u0131 havay\u0131 g\u00fcncellemek i\u00e7in.<\/p>\n<p>iv.LIGHTING:The cabin is equipped with 3000K-6000k three-color temperature adjustable LED ceiling lights, which can basically meet the needs of cabin lighting.<\/p>\n<p>v.100-240V POWER: Every office pods is equipped with 100-240V\/50-60Hz and 12V-USB power supply system, which can easily meet the use of mainstream electric appliances in life.<\/p>\n<p>vi.EASY TO MOVE: The lightweight nature of the office pods allows you to easily move them anywhere your office needs them.<\/p>\n<p>vii.EASY TO ASSEMBLE: We designed our office pods to be easily assembled with a team of 1-3people with just a power drill and a ladder.<\/p>\n<\/div>\n<p>&nbsp;<\/p>","protected":false},"excerpt":{"rendered":"<p>External demensions: 1200w x 1000d x 2348.5h (MM)<\/p>\n<p>Internal demensions: 1070w x 956d x 2128h (MM)<\/p>\n<p>Weight -G.W.\/N.W: 350kg\/300kg<\/p>\n<p>Palletizing demensions: 2300wx1400dx1200h\uff08MM\uff09<\/p>\n<p>Volume: 2.18m\u00b3<\/p>\n<p>&nbsp;<\/p>","protected":false},"featured_media":634,"comment_status":"open","ping_status":"closed","template":"","meta":[],"product_cat":[25,26],"product_tag":[102,42,44,103,104,101,49,105],"class_list":{"0":"post-633","1":"product","2":"type-product","3":"status-publish","4":"has-post-thumbnail","6":"product_cat-office-booth","7":"product_cat-single-person-sound-proof-booth","8":"product_tag-2s-series-booth","9":"product_tag-acoustic-isolation-booth","10":"product_tag-noise-reduction-booth","11":"product_tag-personal-audio-booth","12":"product_tag-portable-isolation-booth","13":"product_tag-single-person-booth","14":"product_tag-soundproof-booth","15":"product_tag-whisper-room-booth","17":"first","18":"instock","19":"shipping-taxable","20":"product-type-simple"},"_links":{"self":[{"href":"https:\/\/www.happy-cheerme.com\/tr\/wp-json\/wp\/v2\/product\/633","targetHints":{"allow":["GET"]}}],"collection":[{"href":"https:\/\/www.happy-cheerme.com\/tr\/wp-json\/wp\/v2\/product"}],"about":[{"href":"https:\/\/www.happy-cheerme.com\/tr\/wp-json\/wp\/v2\/types\/product"}],"replies":[{"embeddable":true,"href":"https:\/\/www.happy-cheerme.com\/tr\/wp-json\/wp\/v2\/comments?post=633"}],"version-history":[{"count":1,"href":"https:\/\/www.happy-cheerme.com\/tr\/wp-json\/wp\/v2\/product\/633\/revisions"}],"predecessor-version":[{"id":719,"href":"https:\/\/www.happy-cheerme.com\/tr\/wp-json\/wp\/v2\/product\/633\/revisions\/719"}],"wp:featuredmedia":[{"embeddable":true,"href":"https:\/\/www.happy-cheerme.com\/tr\/wp-json\/wp\/v2\/media\/634"}],"wp:attachment":[{"href":"https:\/\/www.happy-cheerme.com\/tr\/wp-json\/wp\/v2\/media?parent=633"}],"wp:term":[{"taxonomy":"product_cat","embeddable":true,"href":"https:\/\/www.happy-cheerme.com\/tr\/wp-json\/wp\/v2\/product_cat?post=633"},{"taxonomy":"product_tag","embeddable":true,"href":"https:\/\/www.happy-cheerme.com\/tr\/wp-json\/wp\/v2\/product_tag?post=633"}],"curies":[{"name":"wp","href":"https:\/\/api.w.org\/{rel}","templated":true}]}}