{"id":611,"date":"2024-12-27T09:41:45","date_gmt":"2024-12-27T01:41:45","guid":{"rendered":"https:\/\/qin.gg12.globaldeepsea.site\/?post_type=product&#038;p=611"},"modified":"2024-12-27T10:30:13","modified_gmt":"2024-12-27T02:30:13","slug":"prefab-house-space-capsule-pod-for-2-person-with-balcony-w12","status":"publish","type":"product","link":"https:\/\/www.happy-cheerme.com\/tr\/product\/prefab-house-space-capsule-pod-for-2-person-with-balcony-w12\/","title":{"rendered":"Balkonlu 2 ki\u015fi i\u00e7in prefabrik ev uzay kaps\u00fcl pod - w12"},"content":{"rendered":"<h2>Steel Frame<\/h2>\n<table width=\"769\">\n<tbody>\n<tr>\n<td width=\"205\">Steel Frame<\/td>\n<td colspan=\"3\" width=\"204\">Hot-dip gzlvanized steel frame structure : 100\/50*50*mm<\/td>\n<\/tr>\n<tr>\n<td>Exterior Panel<\/td>\n<td colspan=\"3\">alumium vaneer<\/td>\n<\/tr>\n<tr>\n<td>Thermal Insulation<\/td>\n<td colspan=\"3\">Total thickness 100mm insulation layer<\/td>\n<\/tr>\n<tr>\n<td>Entrance Door<\/td>\n<td colspan=\"3\">Standard Entrance Door+Smart Password Lock<\/td>\n<\/tr>\n<tr>\n<td>Exterior Glass<\/td>\n<td colspan=\"3\">6LOW-E+12A+6mm hollow tempered glass<\/td>\n<\/tr>\n<tr>\n<td>Windows<\/td>\n<td colspan=\"3\">5+9A+5 mm Hollow tempered glass +\u00a0aluminum alloy profile<\/td>\n<\/tr>\n<tr>\n<td>Balcony Glass<\/td>\n<td colspan=\"3\">10 mm Tempered hot bent glass<\/td>\n<\/tr>\n<tr>\n<td>Balcony Door<\/td>\n<td colspan=\"3\">4+15A+4 mm Hollow tempered glass + aluminum alloy profile<\/td>\n<\/tr>\n<tr>\n<td>Balcony Floor<\/td>\n<td colspan=\"3\">Wood-Plastic Flooring<\/td>\n<\/tr>\n<tr>\n<td>Bathroom Door<\/td>\n<td colspan=\"3\">4+15A+4mm Hollow\u00a0 tempered glass +\u00a0aluminum alloy profile<\/td>\n<\/tr>\n<tr>\n<td>Ladder<\/td>\n<td colspan=\"3\">Standard staircase, steel frame+wood plastic floor<\/td>\n<\/tr>\n<tr>\n<td>Equipment Room<\/td>\n<td colspan=\"3\">AC and water heater equipment maintenance room<\/td>\n<\/tr>\n<tr>\n<td>Ceiling<\/td>\n<td colspan=\"3\">alumium vaneer<\/td>\n<\/tr>\n<\/tbody>\n<\/table>\n<h2>Kurulum i\u015flemi<\/h2>\n<div><strong>Play The Transport<\/strong><\/div>\n<div>After the external packaging of the product is completed, it is transported using a large flat trailer. During the journey of the product from the factory to the campsite, strict safety protection measures will be taken to ensure safety and stability during transportation.<\/div>\n<div><\/div>\n<div><strong>Product Assembly<\/strong><\/div>\n<div>After the transportation vehicle arrives at the project site, the customer needs to contact the local crane service on their own. The lifting weight ranges from 6 tons to 10 tons, and it is recommended to use a crane of no less than 25 tons for loading and unloading.<\/div>\n<div><\/div>\n<div><strong>Installed Base<\/strong><\/div>\n<div>Before installing the product, the customer needs to complete the on-site engineering of water and electricity supply, sewage pipelines, and load-bearing foundation according to our company\u2019s product standard basic water and electricity drawings, Hardened ground can be directly installed on the ground, please prepare infrastructure in advance for other geological environments.<\/div>\n<div><\/div>\n<div><strong>After-sales Service<\/strong><\/div>\n<div>Our company provides free repair services for our products within one year from the date of custom.er acceptance, if the warranty period exceeds one year, repairs will be charged at cost price.<\/div>\n<div><img fetchpriority=\"high\" decoding=\"async\" class=\"alignnone wp-image-617 size-full\" src=\"http:\/\/qin.gg12.globaldeepsea.site\/wp-content\/uploads\/2024\/12\/process.webp\" alt=\"\" width=\"1266\" height=\"712\" srcset=\"https:\/\/www.happy-cheerme.com\/wp-content\/uploads\/2024\/12\/process.webp 1266w, https:\/\/www.happy-cheerme.com\/wp-content\/uploads\/2024\/12\/process-300x169.webp 300w, https:\/\/www.happy-cheerme.com\/wp-content\/uploads\/2024\/12\/process-1024x576.webp 1024w, https:\/\/www.happy-cheerme.com\/wp-content\/uploads\/2024\/12\/process-768x432.webp 768w, https:\/\/www.happy-cheerme.com\/wp-content\/uploads\/2024\/12\/process-600x337.webp 600w\" sizes=\"(max-width: 1266px) 100vw, 1266px\" \/><\/div>","protected":false},"excerpt":{"rendered":"<div data-module=\"6\">\n<p>size(m):11.5(L)*3.2(W)*3.4(H),<\/p>\n<p>building area: 36.8\u33a1,<\/p>\n<p>product weight: 5.5-6 tons<\/p>\n<p>Number of uses: 2 people<\/p>\n<\/div>","protected":false},"featured_media":612,"comment_status":"open","ping_status":"closed","template":"","meta":[],"product_cat":[30],"product_tag":[88,87,90,89,91,86,84,85],"class_list":{"0":"post-611","1":"product","2":"type-product","3":"status-publish","4":"has-post-thumbnail","6":"product_cat-prefab-house","7":"product_tag-2-person","8":"product_tag-balcony","9":"product_tag-compact-living","10":"product_tag-living-space","11":"product_tag-modern-design","12":"product_tag-pod","13":"product_tag-prefab-house","14":"product_tag-space-capsule","16":"first","17":"instock","18":"shipping-taxable","19":"product-type-simple"},"_links":{"self":[{"href":"https:\/\/www.happy-cheerme.com\/tr\/wp-json\/wp\/v2\/product\/611","targetHints":{"allow":["GET"]}}],"collection":[{"href":"https:\/\/www.happy-cheerme.com\/tr\/wp-json\/wp\/v2\/product"}],"about":[{"href":"https:\/\/www.happy-cheerme.com\/tr\/wp-json\/wp\/v2\/types\/product"}],"replies":[{"embeddable":true,"href":"https:\/\/www.happy-cheerme.com\/tr\/wp-json\/wp\/v2\/comments?post=611"}],"version-history":[{"count":1,"href":"https:\/\/www.happy-cheerme.com\/tr\/wp-json\/wp\/v2\/product\/611\/revisions"}],"predecessor-version":[{"id":651,"href":"https:\/\/www.happy-cheerme.com\/tr\/wp-json\/wp\/v2\/product\/611\/revisions\/651"}],"wp:featuredmedia":[{"embeddable":true,"href":"https:\/\/www.happy-cheerme.com\/tr\/wp-json\/wp\/v2\/media\/612"}],"wp:attachment":[{"href":"https:\/\/www.happy-cheerme.com\/tr\/wp-json\/wp\/v2\/media?parent=611"}],"wp:term":[{"taxonomy":"product_cat","embeddable":true,"href":"https:\/\/www.happy-cheerme.com\/tr\/wp-json\/wp\/v2\/product_cat?post=611"},{"taxonomy":"product_tag","embeddable":true,"href":"https:\/\/www.happy-cheerme.com\/tr\/wp-json\/wp\/v2\/product_tag?post=611"}],"curies":[{"name":"wp","href":"https:\/\/api.w.org\/{rel}","templated":true}]}}