{"id":570,"date":"2024-12-26T21:19:51","date_gmt":"2024-12-26T13:19:51","guid":{"rendered":"https:\/\/qin.gg12.globaldeepsea.site\/?post_type=product&#038;p=570"},"modified":"2024-12-27T15:35:30","modified_gmt":"2024-12-27T07:35:30","slug":"sound-proof-booth-for-6-person-cm-q4l","status":"publish","type":"product","link":"https:\/\/www.happy-cheerme.com\/tr\/product\/sound-proof-booth-for-6-person-cm-q4l\/","title":{"rendered":"6 ki\u015fi i\u00e7in ses ge\u00e7irmez kabin-cm-q4l"},"content":{"rendered":"<h2>Boyut Spesifikasyonu<\/h2>\n<p><img fetchpriority=\"high\" decoding=\"async\" class=\"alignnone wp-image-720\" src=\"http:\/\/qin.gg12.globaldeepsea.site\/wp-content\/uploads\/2024\/12\/2-1-1024x451.jpg\" alt=\"\" width=\"700\" height=\"309\" srcset=\"https:\/\/www.happy-cheerme.com\/wp-content\/uploads\/2024\/12\/2-1-1024x451.jpg 1024w, https:\/\/www.happy-cheerme.com\/wp-content\/uploads\/2024\/12\/2-1-300x132.jpg 300w, https:\/\/www.happy-cheerme.com\/wp-content\/uploads\/2024\/12\/2-1-768x338.jpg 768w, https:\/\/www.happy-cheerme.com\/wp-content\/uploads\/2024\/12\/2-1-600x264.jpg 600w, https:\/\/www.happy-cheerme.com\/wp-content\/uploads\/2024\/12\/2-1.jpg 1223w\" sizes=\"(max-width: 700px) 100vw, 700px\" \/><img decoding=\"async\" class=\"alignright wp-image-577\" src=\"http:\/\/qin.gg12.globaldeepsea.site\/wp-content\/uploads\/2024\/12\/size-12-300x221.webp\" alt=\"\" width=\"380\" height=\"280\" srcset=\"https:\/\/www.happy-cheerme.com\/wp-content\/uploads\/2024\/12\/size-12-300x221.webp 300w, https:\/\/www.happy-cheerme.com\/wp-content\/uploads\/2024\/12\/size-12-600x442.webp 600w, https:\/\/www.happy-cheerme.com\/wp-content\/uploads\/2024\/12\/size-12.webp 693w\" sizes=\"(max-width: 380px) 100vw, 380px\" \/><\/p>\n<h2>Tan\u0131m<\/h2>\n<div>\n<p>1.5-2.5mm Kal\u0131nl\u0131k Al\u00fcminyum Ala\u015f\u0131m + 10mm Y\u00fcksek Mukavemetli Temperli Cam + Ses Emme ve Ses Ko\u015fullu Malzeme 9 + 12mm \u00c7evre Koruma Plan\u0131.<\/p>\n<p>2. ultra ince ve ultra-selam egzoz fan\u0131*6 + pd teorisi uzun yollu ses ge\u00e7irmez hava sirk\u00fclasyon borusu.<\/p>\n<p>3. G\u00fcr\u00fclt\u00fc: &lt;35 dB; H\u0131z: 750 rpm; Havaland\u0131rma fan\u0131 hacmi: 89cfm; Ortalama havaland\u0131rma 1 10m3\/s.<\/p>\n<p>4.<\/p>\n<p>5. Entegre 2500 ~ 6000K do\u011fal \u0131\u015f\u0131k (\u00fc\u00e7 renkli s\u0131cakl\u0131k \u0131\u015f\u0131\u011f\u0131*1) 100-240V\/50-60Hz g\u00fc\u00e7 kayna\u011f\u0131.<\/p>\n<p>6. Soket*1, iki pozisyon anahtar\u0131*1, a\u011f aray\u00fcz\u00fc*1 USB ba\u011flant\u0131 noktas\u0131 soket paneli mevcuttur.<\/p>\n<p>7. I\u015f\u0131k ve egzoz anahtar\u0131 kontrol\u00fc ayr\u0131 ayr\u0131.<\/p>\n<p>8. \u00c7elik sabit ayak fincan\u0131 + evrensel tekerlek.<\/p>\n<\/div>\n<div>\n<h2>\u00d6zellikler ve g\u00fc\u00e7l\u00fc yanlar<\/h2>\n<div>\n<p>\u0130.<\/p>\n<p>II.Sound ge\u00e7irmez ve ses yal\u0131t\u0131m: Ofis kaps\u00fcllerinin duvar\u0131 ses emici pamuk+ \u00e7evre dostu kontrplaktan (i\u00e7i bo\u015f yap\u0131) ve 10mm kal\u0131nl\u0131\u011f\u0131nda ses ge\u00e7irmez temperli camdan olu\u015fur. Ses yal\u0131t\u0131m\u0131 ve g\u00fcr\u00fclt\u00fc azaltma endeksi tasar\u0131m beklentilerini kar\u015f\u0131l\u0131yor.<\/p>\n<p>III.Antilated: Her ofis kaps\u00fclleri, ultra ince + ultra-sessiz temiz hava egzoz fan\u0131 + PD prensibi uzun yoldan ses ge\u00e7irmez hava sirk\u00fclasyon kanal\u0131dan olu\u015fan labirent tipi d\u00fc\u015f\u00fck g\u00fcr\u00fclt\u00fcl\u00fc bir temiz hava sistemi ile tasarlanm\u0131\u015ft\u0131r ve sadece 3-5 dakika boyunca a\u00e7\u0131lmas\u0131 gerekir. Kapal\u0131 havay\u0131 g\u00fcncellemek i\u00e7in.<\/p>\n<p>IV.A\u015f\u0131: Kabin, temel olarak kabin ayd\u0131nlatma ihtiya\u00e7lar\u0131n\u0131 kar\u015f\u0131layabilen 3000K-6000K \u00fc\u00e7 renkli s\u0131cakl\u0131k ayarlanabilir LED \u0131\u015f\u0131klar\u0131 ile donat\u0131lm\u0131\u015ft\u0131r.<\/p>\n<p>V.100-240V G\u00fc\u00e7: Her ofis kaps\u00fclleri, ya\u015famda ana elektrikli cihazlar\u0131n kullan\u0131m\u0131n\u0131 kolayca kar\u015f\u0131layabilen 100-240V\/50-60Hz ve 12V-USB g\u00fc\u00e7 kayna\u011f\u0131 sistemi ile donat\u0131lm\u0131\u015ft\u0131r.<\/p>\n<p>Vi.Asy Ta\u015f\u0131mak: Officepods'un hafif do\u011fas\u0131, ofisinizin ihtiya\u00e7 duydu\u011fu her yere kolayca hareket ettirmenizi sa\u011flar.<\/p>\n<p>VII.<\/p>\n<\/div>\n<\/div>","protected":false},"excerpt":{"rendered":"<p>d\u0131\u015f yetkili: 4000w x 2800d x 2348.5h (mm)<\/p>\n<p>i\u0307\u00e7 k\u0131s\u0131m: 3870w x 2756d x 2128h (mm)<\/p>\n<p>a\u011f\u0131rl\u0131k -gw\/nw: 760kg\/730kg<\/p>\n<p>paletleme y\u0131k\u0131mlar\u0131: 2350wx1500dx1700h + 3800wx500dx340h \uff08mm\uff09<\/p>\n<p>hacim: 22.7 m\u00b3<\/p>","protected":false},"featured_media":571,"comment_status":"open","ping_status":"closed","template":"","meta":[],"product_cat":[25,29],"product_tag":[71,66,42,73,72,74,49,75],"class_list":{"0":"post-570","1":"product","2":"type-product","3":"status-publish","4":"has-post-thumbnail","6":"product_cat-office-booth","7":"product_cat-six-seat-sound-proof-booth","8":"product_tag-4l-booth","9":"product_tag-6-person-booth","10":"product_tag-acoustic-isolation-booth","11":"product_tag-conference-room-soundproofing","12":"product_tag-noise-isolating-booth","13":"product_tag-office-privacy-booth","14":"product_tag-soundproof-booth","15":"product_tag-voice-recording-booth","17":"first","18":"instock","19":"shipping-taxable","20":"product-type-simple"},"_links":{"self":[{"href":"https:\/\/www.happy-cheerme.com\/tr\/wp-json\/wp\/v2\/product\/570","targetHints":{"allow":["GET"]}}],"collection":[{"href":"https:\/\/www.happy-cheerme.com\/tr\/wp-json\/wp\/v2\/product"}],"about":[{"href":"https:\/\/www.happy-cheerme.com\/tr\/wp-json\/wp\/v2\/types\/product"}],"replies":[{"embeddable":true,"href":"https:\/\/www.happy-cheerme.com\/tr\/wp-json\/wp\/v2\/comments?post=570"}],"version-history":[{"count":1,"href":"https:\/\/www.happy-cheerme.com\/tr\/wp-json\/wp\/v2\/product\/570\/revisions"}],"predecessor-version":[{"id":653,"href":"https:\/\/www.happy-cheerme.com\/tr\/wp-json\/wp\/v2\/product\/570\/revisions\/653"}],"wp:featuredmedia":[{"embeddable":true,"href":"https:\/\/www.happy-cheerme.com\/tr\/wp-json\/wp\/v2\/media\/571"}],"wp:attachment":[{"href":"https:\/\/www.happy-cheerme.com\/tr\/wp-json\/wp\/v2\/media?parent=570"}],"wp:term":[{"taxonomy":"product_cat","embeddable":true,"href":"https:\/\/www.happy-cheerme.com\/tr\/wp-json\/wp\/v2\/product_cat?post=570"},{"taxonomy":"product_tag","embeddable":true,"href":"https:\/\/www.happy-cheerme.com\/tr\/wp-json\/wp\/v2\/product_tag?post=570"}],"curies":[{"name":"wp","href":"https:\/\/api.w.org\/{rel}","templated":true}]}}