{"id":558,"date":"2024-12-26T21:11:50","date_gmt":"2024-12-26T13:11:50","guid":{"rendered":"https:\/\/qin.gg12.globaldeepsea.site\/?post_type=product&#038;p=558"},"modified":"2024-12-27T15:54:08","modified_gmt":"2024-12-27T07:54:08","slug":"sound-proof-booth-for-6-person-cm-p6l","status":"publish","type":"product","link":"https:\/\/www.happy-cheerme.com\/tr\/product\/sound-proof-booth-for-6-person-cm-p6l\/","title":{"rendered":"6 ki\u015fi i\u00e7in ses ge\u00e7irmez kabin-CM-P6L"},"content":{"rendered":"<h2>Boyut Spesifikasyonu<\/h2>\n<p><img fetchpriority=\"high\" decoding=\"async\" class=\"alignnone wp-image-723\" src=\"http:\/\/qin.gg12.globaldeepsea.site\/wp-content\/uploads\/2024\/12\/3-1-1024x414.jpg\" alt=\"\" width=\"715\" height=\"289\" srcset=\"https:\/\/www.happy-cheerme.com\/wp-content\/uploads\/2024\/12\/3-1-1024x414.jpg 1024w, https:\/\/www.happy-cheerme.com\/wp-content\/uploads\/2024\/12\/3-1-300x121.jpg 300w, https:\/\/www.happy-cheerme.com\/wp-content\/uploads\/2024\/12\/3-1-768x311.jpg 768w, https:\/\/www.happy-cheerme.com\/wp-content\/uploads\/2024\/12\/3-1-1536x621.jpg 1536w, https:\/\/www.happy-cheerme.com\/wp-content\/uploads\/2024\/12\/3-1-600x243.jpg 600w, https:\/\/www.happy-cheerme.com\/wp-content\/uploads\/2024\/12\/3-1.jpg 1609w\" sizes=\"(max-width: 715px) 100vw, 715px\" \/><img decoding=\"async\" class=\"wp-image-568 alignright\" src=\"http:\/\/qin.gg12.globaldeepsea.site\/wp-content\/uploads\/2024\/12\/size-11-300x250.webp\" alt=\"\" width=\"361\" height=\"300\" srcset=\"https:\/\/www.happy-cheerme.com\/wp-content\/uploads\/2024\/12\/size-11-300x250.webp 300w, https:\/\/www.happy-cheerme.com\/wp-content\/uploads\/2024\/12\/size-11-768x639.webp 768w, https:\/\/www.happy-cheerme.com\/wp-content\/uploads\/2024\/12\/size-11-600x499.webp 600w, https:\/\/www.happy-cheerme.com\/wp-content\/uploads\/2024\/12\/size-11.webp 808w\" sizes=\"(max-width: 361px) 100vw, 361px\" \/><\/p>\n<h2>Malzeme<\/h2>\n<table width=\"1062\">\n<tbody>\n<tr>\n<td width=\"72\">\u00c7er\u00e7eve<\/td>\n<td colspan=\"2\" width=\"144\">6063 Havac\u0131l\u0131k Al\u00fcminyum Ala\u015f\u0131m<\/td>\n<\/tr>\n<tr>\n<td>Bardak<\/td>\n<td colspan=\"2\">10mm Ultra Beyaz Temperli Cam, 4+4 Lamine Kap\u0131 Cam<\/td>\n<\/tr>\n<tr>\n<td>Duvar<\/td>\n<td colspan=\"2\">6063 Havac\u0131l\u0131k Al\u00fcminyum Ala\u015f\u0131m + 1.0mm \u00c7elik Y\u00fczey\/Gabriel D\u00f6\u015feme + Akustik Paket + 13mm Polyester Panel + G350 G\u00fcr\u00fclt\u00fc d\u00fc\u015f\u00fcr\u00fcc\u00fc kuma\u015f<\/td>\n<\/tr>\n<tr>\n<td>\u00c7at\u0131<\/td>\n<td colspan=\"2\">6063 Havac\u0131l\u0131k Al\u00fcminyum Ala\u015f\u0131m + 1.0mm \u00c7elik Y\u00fczey + Akustik Paket + Polyester Panel + G350 G\u00fcr\u00fclt\u00fc d\u00fc\u015f\u00fcr\u00fcc\u00fc kuma\u015f<\/td>\n<\/tr>\n<tr>\n<td>Alt plaka<\/td>\n<td colspan=\"2\">E0 Seviye 25 + 9mm Masif Ah\u015fap Kontrplak + Siyah PVC Kenar Bantlama + \u00c7elik \u00c7er\u00e7eve + 25mm Ayar Ayaklar + Polyester Hal\u0131<\/td>\n<\/tr>\n<tr>\n<td>Kaplama<\/td>\n<td colspan=\"2\">Kaplan tozu elektrostatik p\u00fcsk\u00fcrtme<\/td>\n<\/tr>\n<\/tbody>\n<\/table>\n<p><img decoding=\"async\" class=\"wp-image-569 alignleft\" src=\"http:\/\/qin.gg12.globaldeepsea.site\/wp-content\/uploads\/2024\/12\/detail-5.webp\" alt=\"\" width=\"291\" height=\"342\" srcset=\"https:\/\/www.happy-cheerme.com\/wp-content\/uploads\/2024\/12\/detail-5.webp 270w, https:\/\/www.happy-cheerme.com\/wp-content\/uploads\/2024\/12\/detail-5-256x300.webp 256w\" sizes=\"(max-width: 291px) 100vw, 291px\" \/><\/p>\n<div>\n<p>&nbsp;<\/p>\n<p style=\"text-align: left;\">Mobilya<br \/>\nKanepe: W2700*D600<\/p>\n<p style=\"text-align: left;\">G\u00fc\u00e7 yap\u0131land\u0131rmas\u0131<br \/>\n1 entegre soket<br \/>\n(2AC \u3001 1USB \u3001 1Type-C)<br \/>\nAC 220V \uff0c USB 5V3.1A<\/p>\n<\/div>\n<div>\n<h2 style=\"text-align: left;\"><\/h2>\n<\/div>\n<h2><\/h2>\n<p>&nbsp;<\/p>\n<p>&nbsp;<\/p>\n<p>&nbsp;<\/p>\n<h2><\/h2>\n<p>&nbsp;<\/p>\n<div>\n<h2>Parametre yap\u0131land\u0131rmas\u0131<\/h2>\n<table width=\"753\">\n<tbody>\n<tr>\n<td width=\"189\">T\u00fcketim<\/td>\n<td colspan=\"2\" width=\"136\">60W, Elektrikli Aletler 2000W'dan daha az eri\u015fim<\/td>\n<\/tr>\n<tr>\n<td>Tavan \u0131\u015f\u0131\u011f\u0131<\/td>\n<td colspan=\"2\">0 - 30W<\/td>\n<\/tr>\n<tr>\n<td>Duvara fan<\/td>\n<td colspan=\"2\">0.9W, 1500rpm *6<\/td>\n<\/tr>\n<tr>\n<td>\u00c7at\u0131 fan\u0131<\/td>\n<td colspan=\"2\">2.4W, 1800rpm*6<\/td>\n<\/tr>\n<tr>\n<td>Havaland\u0131rma<\/td>\n<td colspan=\"2\">9.4m\u00b3\/dk, 332cfm, hava de\u011fi\u015fim oran\u0131 52\/s<\/td>\n<\/tr>\n<tr>\n<td>G\u00fcr\u00fclt\u00fc azaltma<\/td>\n<td colspan=\"2\">DS, 28.5 dB (IS0 23351-1: 2020)<\/td>\n<\/tr>\n<\/tbody>\n<\/table>\n<h2>G\u00fc\u00e7l\u00fc y\u00f6nlerimiz<\/h2>\n<p>I.Mod\u00fcler Tasar\u0131m: H\u0131zl\u0131 montaj i\u00e7in mod\u00fcler, alt\u0131 bile\u015fen ve h\u0131zl\u0131 montaj.<br \/>\nYeniden yap\u0131lanma i\u00e7in mod\u00fcler: biri iki olur, ikisi daha fazla olur; Yeniden yap\u0131lanma i\u00e7in mod\u00fcler; \u00c7ok fonksiyonlu s\u0131f\u0131rlama.<\/p>\n<p>II.Noise Azaltma \uff1a Duvar 45 dB; DS, 28.5 dB D\u00f6rt ses yal\u0131t\u0131m ve g\u00fcr\u00fclt\u00fc azaltma eleman\u0131. Otomotiv \u00fcretim s\u0131n\u0131f\u0131 s\u0131zd\u0131rmazl\u0131k performans\u0131.1.0 Kal\u0131nl\u0131k \u00c7elik Paneli + Akustik Paket + Havac\u0131l\u0131k 6063 Al\u00fcminyum Ala\u015f\u0131m + 4mm 1800g Polyester Fiber Ses Yal\u0131t\u0131m Panelleri + 9mm 1200g Polyester Fiber Akustik Panel + Y\u00fcn Azal \u00dcst Katman.<\/p>\n<p>III. Yanl\u0131\u015f Olmayan Ultra Sesli Egzoz Fan\u0131 \uff1a 100.000 saat.<\/p>\n<p>IV. \u0130nsanla\u015ft\u0131r\u0131lm\u0131\u015f Tasar\u0131m \uff1a Yumu\u015fak I\u015f\u0131k: Ayd\u0131nlatma \u00dc\u00e7 Saniye+ Sonsuz Ayarlanabilir+ Mitsubishi I\u015f\u0131k K\u0131lavuzu 50.000h Renk De\u011fi\u015fikli\u011fi Yok; Maksimum ayd\u0131nl\u0131k ak\u0131 2700lm'dir; Do\u011fal a\u00e7\u0131k renk s\u0131cakl\u0131\u011f\u0131n\u0131n takliti 3500K'd\u0131r.<\/p>\n<p>V.Sustainable: 100% \u00c7evre Dostu \u00c7evre Dostu Malzemeler \u00c7evresel a\u00e7\u0131dan s\u00fcrd\u00fcr\u00fclebilir tasar\u0131m konsepti. Bunlar: Gabriel Fabric Tiger Toz Havac\u0131l\u0131k Al\u00fcminyum Ala\u015f\u0131m FSC Sertifikal\u0131 Kurul 3C Sertifikal\u0131 Temsilli Cam Geri D\u00f6n\u00fc\u015f\u00fcml\u00fc Polyester Fiber.<\/p>\n<p>vi.digital zeka:<br \/>\nYo\u011fun saatlerde rezervasyon, y\u00f6netim ve serbest b\u0131rakman\u0131n ak\u0131ll\u0131 analizini yerine getirebiliriz. Alan s\u0131f\u0131rlama karar vermesinin temelini olu\u015fturur.<br \/>\nA. Analiz i\u00e7in alan t\u00fcrlerini (\u00f6rn. \u0130\u015f istasyonlar\u0131, toplant\u0131 odalar\u0131 vb.) Se\u00e7in.<br \/>\nB. Di\u011fer par\u00e7alar\u0131 analiz etmek ve kar\u015f\u0131la\u015ft\u0131rmak i\u00e7in bo\u015fluk k\u0131sm\u0131n\u0131 (\u00f6rne\u011fin b\u00f6l\u00fcm, zemin b\u00f6l\u00fcm\u00fc) geli\u015ftirin.<br \/>\nC. Hiyerar\u015fik bir \u0131s\u0131 haritas\u0131 arac\u0131l\u0131\u011f\u0131yla farkl\u0131 alanlar\u0131n, departmanlar\u0131n ve alanlar\u0131n kullan\u0131m al\u0131\u015fkanl\u0131klar\u0131n\u0131 ve da\u011f\u0131l\u0131m\u0131n\u0131 anlamak.<br \/>\nD. Lider ara\u015ft\u0131rma ve \u00e7al\u0131\u015fan anketi arac\u0131l\u0131\u011f\u0131yla alan ayarlar\u0131n\u0131n i\u015f modeli i\u00e7in uygun olup olmad\u0131\u011f\u0131n\u0131 kontrol etmek.<\/p>\n<div><\/div>\n<\/div>","protected":false},"excerpt":{"rendered":"<div data-module=\"6\">\n<p>Harici Boyutlar: W2200*D2870*H2280mm<\/p>\n<p>\u0130\u00e7 Boyutlar: W2030*D2700 (2850 camdan camd\u0131r)*H2130 mm<\/p>\n<p>A\u011f\u0131rl\u0131k: 900kg<\/p>\n<p>Palet Boyutlar\u0131: W2240*D1200*H1040 X2 Paletler (Aksesuar Kutusu Dahil De\u011fil)<\/p>\n<p>Hacim: 6.5 m\u00b3<\/p>\n<p>Kap\u0131 a\u00e7ma y\u00f6n\u00fc; Kap\u0131 Daha Yak\u0131n: Sol Kap\u0131<\/p>\n<\/div>","protected":false},"featured_media":559,"comment_status":"open","ping_status":"closed","template":"","meta":[],"product_cat":[25,29],"product_tag":[66,42,67,70,44,69,68,49],"class_list":{"0":"post-558","1":"product","2":"type-product","3":"status-publish","4":"has-post-thumbnail","6":"product_cat-office-booth","7":"product_cat-six-seat-sound-proof-booth","8":"product_tag-6-person-booth","9":"product_tag-acoustic-isolation-booth","10":"product_tag-cmp6","11":"product_tag-conference-room-soundproof-enclosure","12":"product_tag-noise-reduction-booth","13":"product_tag-recording-studio-isolation-booth","14":"product_tag-six-person-soundproof-enclosure","15":"product_tag-soundproof-booth","17":"first","18":"instock","19":"shipping-taxable","20":"product-type-simple"},"_links":{"self":[{"href":"https:\/\/www.happy-cheerme.com\/tr\/wp-json\/wp\/v2\/product\/558","targetHints":{"allow":["GET"]}}],"collection":[{"href":"https:\/\/www.happy-cheerme.com\/tr\/wp-json\/wp\/v2\/product"}],"about":[{"href":"https:\/\/www.happy-cheerme.com\/tr\/wp-json\/wp\/v2\/types\/product"}],"replies":[{"embeddable":true,"href":"https:\/\/www.happy-cheerme.com\/tr\/wp-json\/wp\/v2\/comments?post=558"}],"version-history":[{"count":1,"href":"https:\/\/www.happy-cheerme.com\/tr\/wp-json\/wp\/v2\/product\/558\/revisions"}],"predecessor-version":[{"id":654,"href":"https:\/\/www.happy-cheerme.com\/tr\/wp-json\/wp\/v2\/product\/558\/revisions\/654"}],"wp:featuredmedia":[{"embeddable":true,"href":"https:\/\/www.happy-cheerme.com\/tr\/wp-json\/wp\/v2\/media\/559"}],"wp:attachment":[{"href":"https:\/\/www.happy-cheerme.com\/tr\/wp-json\/wp\/v2\/media?parent=558"}],"wp:term":[{"taxonomy":"product_cat","embeddable":true,"href":"https:\/\/www.happy-cheerme.com\/tr\/wp-json\/wp\/v2\/product_cat?post=558"},{"taxonomy":"product_tag","embeddable":true,"href":"https:\/\/www.happy-cheerme.com\/tr\/wp-json\/wp\/v2\/product_tag?post=558"}],"curies":[{"name":"wp","href":"https:\/\/api.w.org\/{rel}","templated":true}]}}