{"id":539,"date":"2024-12-26T20:51:01","date_gmt":"2024-12-26T12:51:01","guid":{"rendered":"https:\/\/qin.gg12.globaldeepsea.site\/?post_type=product&#038;p=539"},"modified":"2024-12-27T16:13:20","modified_gmt":"2024-12-27T08:13:20","slug":"sound-proof-booth-for-4-person-cm-p5l","status":"publish","type":"product","link":"https:\/\/www.happy-cheerme.com\/tr\/product\/sound-proof-booth-for-4-person-cm-p5l\/","title":{"rendered":"4 ki\u015fi i\u00e7in ses ge\u00e7irmez kabin-CM-P5L"},"content":{"rendered":"<h2>Boyut Spesifikasyonu<\/h2>\n<p><img fetchpriority=\"high\" decoding=\"async\" class=\"alignnone wp-image-727\" src=\"http:\/\/qin.gg12.globaldeepsea.site\/wp-content\/uploads\/2024\/12\/6.jpg\" alt=\"\" width=\"697\" height=\"350\" srcset=\"https:\/\/www.happy-cheerme.com\/wp-content\/uploads\/2024\/12\/6.jpg 1389w, https:\/\/www.happy-cheerme.com\/wp-content\/uploads\/2024\/12\/6-300x151.jpg 300w, https:\/\/www.happy-cheerme.com\/wp-content\/uploads\/2024\/12\/6-1024x514.jpg 1024w, https:\/\/www.happy-cheerme.com\/wp-content\/uploads\/2024\/12\/6-768x385.jpg 768w, https:\/\/www.happy-cheerme.com\/wp-content\/uploads\/2024\/12\/6-600x301.jpg 600w\" sizes=\"(max-width: 697px) 100vw, 697px\" \/><img decoding=\"async\" class=\"wp-image-547 alignright\" src=\"http:\/\/qin.gg12.globaldeepsea.site\/wp-content\/uploads\/2024\/12\/size-9-300x243.webp\" alt=\"\" width=\"383\" height=\"310\" srcset=\"https:\/\/www.happy-cheerme.com\/wp-content\/uploads\/2024\/12\/size-9-300x243.webp 300w, https:\/\/www.happy-cheerme.com\/wp-content\/uploads\/2024\/12\/size-9-600x486.webp 600w, https:\/\/www.happy-cheerme.com\/wp-content\/uploads\/2024\/12\/size-9.webp 767w\" sizes=\"(max-width: 383px) 100vw, 383px\" \/><\/p>\n<h2>Malzeme<\/h2>\n<table width=\"734\">\n<tbody>\n<tr>\n<td width=\"72\">\u00c7er\u00e7eve<\/td>\n<td colspan=\"2\" width=\"144\">6063 Havac\u0131l\u0131k Al\u00fcminyum Ala\u015f\u0131m<\/td>\n<\/tr>\n<tr>\n<td>Bardak<\/td>\n<td colspan=\"2\">10mm Ultra Beyaz Temperli Cam, 4+4 Lamine Kap\u0131 Cam<\/td>\n<\/tr>\n<tr>\n<td>Duvar<\/td>\n<td colspan=\"2\">6063 Havac\u0131l\u0131k Al\u00fcminyum Ala\u015f\u0131m + 1.0mm \u00c7elik Y\u00fczey\/Gabriel D\u00f6\u015feme + Akustik Paket + 13mm Polyester Panel + G350 G\u00fcr\u00fclt\u00fc d\u00fc\u015f\u00fcr\u00fcc\u00fc kuma\u015f<\/td>\n<\/tr>\n<tr>\n<td>\u00c7at\u0131<\/td>\n<td colspan=\"2\">6063 Havac\u0131l\u0131k Al\u00fcminyum Ala\u015f\u0131m + 1.0mm \u00c7elik Y\u00fczey + Akustik Paket + Polyester Panel + G350 G\u00fcr\u00fclt\u00fc d\u00fc\u015f\u00fcr\u00fcc\u00fc kuma\u015f<\/td>\n<\/tr>\n<tr>\n<td>Alt plaka<\/td>\n<td colspan=\"2\">E0 Seviye 25 + 9mm Masif Ah\u015fap Kontrplak + Siyah PVC Kenar Bantlama + \u00c7elik \u00c7er\u00e7eve + 25mm Ayar Ayaklar + Polyester Hal\u0131<\/td>\n<\/tr>\n<tr>\n<td>Kaplama<\/td>\n<td colspan=\"2\">Kaplan tozu elektrostatik p\u00fcsk\u00fcrtme<\/td>\n<\/tr>\n<\/tbody>\n<\/table>\n<p><img decoding=\"async\" class=\"wp-image-548 size-full alignleft\" src=\"http:\/\/qin.gg12.globaldeepsea.site\/wp-content\/uploads\/2024\/12\/detail-4.webp\" alt=\"\" width=\"283\" height=\"258\" \/><\/p>\n<div>\n<p>&nbsp;<\/p>\n<p>&nbsp;<\/p>\n<p>Mobilya<\/p>\n<p>Kanepe: W1800*D600.<\/p>\n<p>G\u00fc\u00e7 Yap\u0131land\u0131rmas\u0131: 1 Entegre Soket (2 AC \u3001 1USB \u3001 1Type-C) AC 220V \uff0c USB 5V3.1A.<\/p>\n<\/div>\n<h2><\/h2>\n<p>&nbsp;<\/p>\n<p>&nbsp;<\/p>\n<div>\n<h2>Parametre yap\u0131land\u0131rmas\u0131<\/h2>\n<table style=\"height: 205px;\" width=\"571\">\n<tbody>\n<tr>\n<td width=\"161\">T\u00fcketim<\/td>\n<td colspan=\"2\" width=\"136\">60W, Elektrikli Aletler 1000W'dan daha az eri\u015fim<\/td>\n<\/tr>\n<tr>\n<td>Tavan \u0131\u015f\u0131\u011f\u0131<\/td>\n<td colspan=\"2\">0 - 30W<\/td>\n<\/tr>\n<tr>\n<td>Duvara fan<\/td>\n<td colspan=\"2\">0.9W, 1500rpm *4<\/td>\n<\/tr>\n<tr>\n<td>\u00c7at\u0131 fan\u0131<\/td>\n<td colspan=\"2\">2.4W, 1800rpm*4<\/td>\n<\/tr>\n<tr>\n<td>Havaland\u0131rma<\/td>\n<td colspan=\"2\">6.27m\u00b3\/dk, 221cfm, hava de\u011fi\u015fim oran\u0131 52\/s<\/td>\n<\/tr>\n<tr>\n<td>G\u00fcr\u00fclt\u00fc azaltma<\/td>\n<td colspan=\"2\">DS, 28.5 dB (IS0 23351-1: 2020)<\/td>\n<\/tr>\n<\/tbody>\n<\/table>\n<h2>G\u00fc\u00e7l\u00fc y\u00f6nlerimiz<\/h2>\n<div>\n<p>I.Mod\u00fcler Tasar\u0131m: H\u0131zl\u0131 montaj i\u00e7in mod\u00fcler, alt\u0131 bile\u015fen ve h\u0131zl\u0131 montaj.<br \/>\nYeniden yap\u0131lanma i\u00e7in mod\u00fcler: biri iki olur, ikisi daha fazla olur; Yeniden yap\u0131lanma i\u00e7in mod\u00fcler; \u00c7ok fonksiyonlu s\u0131f\u0131rlama.<\/p>\n<p>II.Noise Azaltma \uff1a Duvar 45 dB; DS, 28.5 dB D\u00f6rt ses yal\u0131t\u0131m ve g\u00fcr\u00fclt\u00fc azaltma eleman\u0131. Otomotiv \u00fcretim s\u0131n\u0131f\u0131 s\u0131zd\u0131rmazl\u0131k performans\u0131.1.0 Kal\u0131nl\u0131k \u00c7elik Paneli + Akustik Paket + Havac\u0131l\u0131k 6063 Al\u00fcminyum Ala\u015f\u0131m + 4mm 1800g Polyester Fiber Ses Yal\u0131t\u0131m Panelleri + 9mm 1200g Polyester Fiber Akustik Panel + Y\u00fcn Azal \u00dcst Katman.<\/p>\n<p>III. Yanl\u0131\u015f Olmayan Ultra Sesli Egzoz Fan\u0131 \uff1a 100.000 saat.<\/p>\n<p>IV. \u0130nsanla\u015ft\u0131r\u0131lm\u0131\u015f Tasar\u0131m \uff1a Yumu\u015fak I\u015f\u0131k: Ayd\u0131nlatma \u00dc\u00e7 Saniye+ Sonsuz Ayarlanabilir+ Mitsubishi I\u015f\u0131k K\u0131lavuzu 50.000h Renk De\u011fi\u015fikli\u011fi Yok; Maksimum ayd\u0131nl\u0131k ak\u0131 2700lm'dir; Do\u011fal a\u00e7\u0131k renk s\u0131cakl\u0131\u011f\u0131n\u0131n takliti 3500K'd\u0131r.<\/p>\n<p>V.Sustainable: 100% \u00c7evre Dostu \u00c7evre Dostu Malzemeler \u00c7evresel a\u00e7\u0131dan s\u00fcrd\u00fcr\u00fclebilir tasar\u0131m konsepti. Bunlar: Gabriel Fabric Tiger Toz Havac\u0131l\u0131k Al\u00fcminyum Ala\u015f\u0131m FSC Sertifikal\u0131 Kurul 3C Sertifikal\u0131 Temsilli Cam Geri D\u00f6n\u00fc\u015f\u00fcml\u00fc Polyester Fiber.<\/p>\n<p>VI.Digital Zeka: Yo\u011fun saatlerde rezervasyon, y\u00f6netim ve serbest b\u0131rakman\u0131n ak\u0131ll\u0131 analizini yerine getirebiliriz. Alan s\u0131f\u0131rlama karar vermesinin temelini olu\u015fturur.<br \/>\nA. Analiz i\u00e7in alan t\u00fcrlerini (\u00f6rn. \u0130\u015f istasyonlar\u0131, toplant\u0131 odalar\u0131 vb.) Se\u00e7in.<br \/>\nB. Di\u011fer par\u00e7alar\u0131 analiz etmek ve kar\u015f\u0131la\u015ft\u0131rmak i\u00e7in bo\u015fluk k\u0131sm\u0131n\u0131 (\u00f6rne\u011fin b\u00f6l\u00fcm, zemin b\u00f6l\u00fcm\u00fc) geli\u015ftirin.<br \/>\nC. Hiyerar\u015fik bir \u0131s\u0131 haritas\u0131 arac\u0131l\u0131\u011f\u0131yla farkl\u0131 alanlar\u0131n, departmanlar\u0131n ve alanlar\u0131n kullan\u0131m al\u0131\u015fkanl\u0131klar\u0131n\u0131 ve da\u011f\u0131l\u0131m\u0131n\u0131 anlamak.<br \/>\nD. Lider ara\u015ft\u0131rma ve \u00e7al\u0131\u015fan anketi arac\u0131l\u0131\u011f\u0131yla alan ayarlar\u0131n\u0131n i\u015f modeli i\u00e7in uygun olup olmad\u0131\u011f\u0131n\u0131 kontrol etmek.<\/p>\n<\/div>\n<\/div>","protected":false},"excerpt":{"rendered":"<p>D\u0131\u015f Boyutlar: W2200*D1970*H2280mm<\/p>\n<p>\u0130\u00e7 Boyutlar: W2030*D1800 (1950 camdan camd\u0131r)*H2130 mm<\/p>\n<p>A\u011f\u0131rl\u0131k: 800kg<\/p>\n<p>Palet Boyutlar\u0131: W2240*D1200*H810 X2 Paletler (Aksesuar Kutusu Dahil De\u011fil)<\/p>\n<p>Hacim: 4.5 m\u00b3<\/p>\n<p>Kap\u0131 a\u00e7ma y\u00f6n\u00fc; Kap\u0131 Daha Yak\u0131n: Sol Kap\u0131<\/p>","protected":false},"featured_media":540,"comment_status":"open","ping_status":"closed","template":"","meta":[],"product_cat":[28,25],"product_tag":[110,113,109,44,112,111,114,49],"class_list":{"0":"post-539","1":"product","2":"type-product","3":"status-publish","4":"has-post-thumbnail","6":"product_cat-four-seat-sound-proof-booth","7":"product_cat-office-booth","8":"product_tag-acoustic-enclosure","9":"product_tag-conference-room-pod","10":"product_tag-four-person-booth","11":"product_tag-noise-reduction-booth","12":"product_tag-office-privacy-pod","13":"product_tag-personal-meeting-pod","14":"product_tag-portable-soundproof-room","15":"product_tag-soundproof-booth","17":"first","18":"instock","19":"shipping-taxable","20":"product-type-simple"},"_links":{"self":[{"href":"https:\/\/www.happy-cheerme.com\/tr\/wp-json\/wp\/v2\/product\/539","targetHints":{"allow":["GET"]}}],"collection":[{"href":"https:\/\/www.happy-cheerme.com\/tr\/wp-json\/wp\/v2\/product"}],"about":[{"href":"https:\/\/www.happy-cheerme.com\/tr\/wp-json\/wp\/v2\/types\/product"}],"replies":[{"embeddable":true,"href":"https:\/\/www.happy-cheerme.com\/tr\/wp-json\/wp\/v2\/comments?post=539"}],"version-history":[{"count":1,"href":"https:\/\/www.happy-cheerme.com\/tr\/wp-json\/wp\/v2\/product\/539\/revisions"}],"predecessor-version":[{"id":728,"href":"https:\/\/www.happy-cheerme.com\/tr\/wp-json\/wp\/v2\/product\/539\/revisions\/728"}],"wp:featuredmedia":[{"embeddable":true,"href":"https:\/\/www.happy-cheerme.com\/tr\/wp-json\/wp\/v2\/media\/540"}],"wp:attachment":[{"href":"https:\/\/www.happy-cheerme.com\/tr\/wp-json\/wp\/v2\/media?parent=539"}],"wp:term":[{"taxonomy":"product_cat","embeddable":true,"href":"https:\/\/www.happy-cheerme.com\/tr\/wp-json\/wp\/v2\/product_cat?post=539"},{"taxonomy":"product_tag","embeddable":true,"href":"https:\/\/www.happy-cheerme.com\/tr\/wp-json\/wp\/v2\/product_tag?post=539"}],"curies":[{"name":"wp","href":"https:\/\/api.w.org\/{rel}","templated":true}]}}