{"id":512,"date":"2024-12-26T18:03:52","date_gmt":"2024-12-26T10:03:52","guid":{"rendered":"https:\/\/qin.gg12.globaldeepsea.site\/?post_type=product&#038;p=512"},"modified":"2024-12-27T16:31:48","modified_gmt":"2024-12-27T08:31:48","slug":"sound-proof-booth-for-2-person-cm-p2m","status":"publish","type":"product","link":"https:\/\/www.happy-cheerme.com\/tr\/product\/sound-proof-booth-for-2-person-cm-p2m\/","title":{"rendered":"2 ki\u015fi i\u00e7in ses ge\u00e7irmez kabin-cm-p2m"},"content":{"rendered":"<h2>Boyut Spesifikasyonu<\/h2>\n<p><img fetchpriority=\"high\" decoding=\"async\" class=\"alignnone wp-image-731\" src=\"http:\/\/qin.gg12.globaldeepsea.site\/wp-content\/uploads\/2024\/12\/9.jpg\" alt=\"\" width=\"664\" height=\"368\" srcset=\"https:\/\/www.happy-cheerme.com\/wp-content\/uploads\/2024\/12\/9.jpg 1243w, https:\/\/www.happy-cheerme.com\/wp-content\/uploads\/2024\/12\/9-300x166.jpg 300w, https:\/\/www.happy-cheerme.com\/wp-content\/uploads\/2024\/12\/9-1024x568.jpg 1024w, https:\/\/www.happy-cheerme.com\/wp-content\/uploads\/2024\/12\/9-768x426.jpg 768w, https:\/\/www.happy-cheerme.com\/wp-content\/uploads\/2024\/12\/9-600x333.jpg 600w\" sizes=\"(max-width: 664px) 100vw, 664px\" \/><img decoding=\"async\" class=\"wp-image-518 alignright\" src=\"http:\/\/qin.gg12.globaldeepsea.site\/wp-content\/uploads\/2024\/12\/size-6-269x300.webp\" alt=\"\" width=\"305\" height=\"340\" srcset=\"https:\/\/www.happy-cheerme.com\/wp-content\/uploads\/2024\/12\/size-6-269x300.webp 269w, https:\/\/www.happy-cheerme.com\/wp-content\/uploads\/2024\/12\/size-6-920x1024.webp 920w, https:\/\/www.happy-cheerme.com\/wp-content\/uploads\/2024\/12\/size-6-768x855.webp 768w, https:\/\/www.happy-cheerme.com\/wp-content\/uploads\/2024\/12\/size-6-600x668.webp 600w, https:\/\/www.happy-cheerme.com\/wp-content\/uploads\/2024\/12\/size-6.webp 952w\" sizes=\"(max-width: 305px) 100vw, 305px\" \/><\/p>\n<h2>Malzeme<\/h2>\n<table width=\"652\">\n<tbody>\n<tr>\n<td width=\"68\">\u00c7er\u00e7eve<\/td>\n<td colspan=\"2\" width=\"136\">6063 Havac\u0131l\u0131k Al\u00fcminnum Ala\u015f\u0131m<\/td>\n<\/tr>\n<tr>\n<td>Bardak<\/td>\n<td colspan=\"2\">10mm Ultra Beyaz Temperli Cam, 4+4 Lamine Kap\u0131 Cam<\/td>\n<\/tr>\n<tr>\n<td>Duvar<\/td>\n<td colspan=\"2\">6063 Havac\u0131l\u0131k Al\u00fcminyum Ala\u015f\u0131m + 1.0mm \u00c7elik Y\u00fczey\/Gabriel D\u00f6\u015feme + Akustik Paket + 13mm Polyester Panel + G350 G\u00fcr\u00fclt\u00fc d\u00fc\u015f\u00fcr\u00fcc\u00fc kuma\u015f<\/td>\n<\/tr>\n<tr>\n<td>\u00c7at\u0131<\/td>\n<td colspan=\"2\">6063 Havac\u0131l\u0131k Al\u00fcminyum Ala\u015f\u0131m + 1.0mm \u00c7elik Y\u00fczey + Akustik Paket + Polyester Panel + G350 G\u00fcr\u00fclt\u00fc d\u00fc\u015f\u00fcr\u00fcc\u00fc kuma\u015f<\/td>\n<\/tr>\n<tr>\n<td>Alt plaka<\/td>\n<td colspan=\"2\">E0 Seviye 25 + 9mm Masif Ah\u015fap Kontrplak + Siyah PVC Kenar Bantlama + \u00c7elik \u00c7er\u00e7eve + 25mm Ayar Ayaklar + Polyester Hal\u0131<\/td>\n<\/tr>\n<tr>\n<td>Kaplama<\/td>\n<td colspan=\"2\">Kaplan tozu elektrostatik p\u00fcsk\u00fcrtme<\/td>\n<\/tr>\n<\/tbody>\n<\/table>\n<h2>Mobilya<\/h2>\n<p><img decoding=\"async\" class=\"wp-image-519 size-full alignleft\" src=\"http:\/\/qin.gg12.globaldeepsea.site\/wp-content\/uploads\/2024\/12\/detail-2.webp\" alt=\"\" width=\"262\" height=\"225\" \/><\/p>\n<div><\/div>\n<div><\/div>\n<div>Bar masas\u0131 (2 bardak tutucu ile)<br \/>\nW1465*D400*H1050<br \/>\nRenk: Beyaz MFC\/ Ah\u015fap Renk<br \/>\n\u00c7ok katmanl\u0131 tahta\/ sar\u0131 toz boya<\/div>\n<h2><\/h2>\n<p>&nbsp;<\/p>\n<p>&nbsp;<\/p>\n<h2><\/h2>\n<p>&nbsp;<\/p>\n<div>\n<h2>G\u00fc\u00e7 yap\u0131land\u0131rmas\u0131<\/h2>\n<table width=\"653\">\n<tbody>\n<tr>\n<td width=\"203\">T\u00fcketim<\/td>\n<td colspan=\"2\" width=\"136\">40w, elektrikli aletler 1000w'dan daha az eri\u015fim<\/td>\n<\/tr>\n<tr>\n<td>Tavan \u0131\u015f\u0131\u011f\u0131<\/td>\n<td colspan=\"2\">0 - 20w<\/td>\n<\/tr>\n<tr>\n<td>Duvara fan<\/td>\n<td colspan=\"2\">0.9w, 1500rpm *3<\/td>\n<\/tr>\n<tr>\n<td>\u00c7at\u0131 fan\u0131<\/td>\n<td colspan=\"2\">2.4w, 1800rpm*2<\/td>\n<\/tr>\n<tr>\n<td>Havaland\u0131rma<\/td>\n<td colspan=\"2\">2.35 m\u00b3\/dk, 83cfm, hava de\u011fi\u015fim oran\u0131 45\/s<\/td>\n<\/tr>\n<tr>\n<td>G\u00fcr\u00fclt\u00fc azaltma<\/td>\n<td colspan=\"2\">DS, 28.5 dB (IS0 23351-1: 2020)<\/td>\n<\/tr>\n<\/tbody>\n<\/table>\n<h2>G\u00fc\u00e7l\u00fc y\u00f6nlerimiz<\/h2>\n<div>\n<div>I.Mod\u00fcler Tasar\u0131m: H\u0131zl\u0131 montaj i\u00e7in mod\u00fcler, alt\u0131 bile\u015fen ve h\u0131zl\u0131 montaj. 1 saatlik montaj. Patentli h\u0131zl\u0131 montaj konnekt\u00f6r\u00fcne koymak kolayd\u0131r. Yeniden yap\u0131lanma i\u00e7in mod\u00fcler: biri iki olur, ikisi daha fazla olur; Yeniden yap\u0131lanma i\u00e7in mod\u00fcler; \u00c7ok fonksiyonlu s\u0131f\u0131rlama.<\/div>\n<div><\/div>\n<div>II.Noise Azaltma: Duvar 45 dB; DS, 28.5 dB D\u00f6rt ses yal\u0131t\u0131m ve g\u00fcr\u00fclt\u00fc azaltma eleman\u0131. Otomotiv \u00fcretim s\u0131n\u0131f\u0131 s\u0131zd\u0131rmazl\u0131k performans\u0131.1.0 Kal\u0131nl\u0131k \u00c7elik Paneli + Akustik Paket + Havac\u0131l\u0131k 6063 Al\u00fcminyum Ala\u015f\u0131m + 4mm 1800g Polyester Fiber Ses Yal\u0131t\u0131m Panelleri + 9mm 1200g Polyester Fiber Akustik Panel + Y\u00fcn Azal \u00dcst Katman.<\/div>\n<div><\/div>\n<div>iii. i\u0307mtiyazl\u0131 olmayan ultra \u015fapkal\u0131 egzoz fan\u0131: 100.000 saat.<\/div>\n<div><\/div>\n<div>IV. \u0130nsanla\u015ft\u0131r\u0131lm\u0131\u015f Tasar\u0131m \uff1a Yumu\u015fak I\u015f\u0131k: Ayd\u0131nlatma \u00dc\u00e7 Saniye+ Sonsuz Ayarlanabilir+ Mitsubishi I\u015f\u0131k K\u0131lavuzu 50.000h Renk De\u011fi\u015fikli\u011fi Yok; Maksimum ayd\u0131nl\u0131k ak\u0131 2700lm'dir; Do\u011fal a\u00e7\u0131k renk s\u0131cakl\u0131\u011f\u0131n\u0131n takliti 3500K'd\u0131r.<\/div>\n<div><\/div>\n<div>V.Sustainable: 100% \u00c7evre Dostu \u00c7evre Dostu Malzemeler \u00c7evresel a\u00e7\u0131dan s\u00fcrd\u00fcr\u00fclebilir tasar\u0131m konsepti. Bunlar: Gabriel kuma\u015f; Kaplan tozu; Havac\u0131l\u0131k al\u00fcminyum ala\u015f\u0131m\u0131; FSC Sertifikal\u0131 Kurul; 3C sertifikal\u0131 temperli cam; Geri d\u00f6n\u00fc\u015ft\u00fcr\u00fclm\u00fc\u015f polyester fiber.<\/div>\n<div><\/div>\n<div>VI.Digital Zeka: Yo\u011fun saatlerde rezervasyon, y\u00f6netim ve serbest b\u0131rakman\u0131n ak\u0131ll\u0131 analizini yerine getirebiliriz. Alan s\u0131f\u0131rlama karar vermesinin temelini olu\u015fturur.<\/div>\n<div>A. Analiz i\u00e7in alan t\u00fcrlerini (\u00f6rn. \u0130\u015f istasyonlar\u0131, toplant\u0131 odalar\u0131 vb.) Se\u00e7in.<\/div>\n<div>B. Di\u011fer par\u00e7alar\u0131 analiz etmek ve kar\u015f\u0131la\u015ft\u0131rmak i\u00e7in bo\u015fluk k\u0131sm\u0131n\u0131 (\u00f6rne\u011fin b\u00f6l\u00fcm, zemin b\u00f6l\u00fcm\u00fc) geli\u015ftirin.<\/div>\n<div>C. Hiyerar\u015fik bir \u0131s\u0131 haritas\u0131 arac\u0131l\u0131\u011f\u0131yla farkl\u0131 alanlar\u0131n, departmanlar\u0131n ve alanlar\u0131n kullan\u0131m al\u0131\u015fkanl\u0131klar\u0131n\u0131 ve da\u011f\u0131l\u0131m\u0131n\u0131 anlamak.<\/div>\n<div>D. Lider ara\u015ft\u0131rma ve \u00e7al\u0131\u015fan anketi arac\u0131l\u0131\u011f\u0131yla alan ayarlar\u0131n\u0131n i\u015f modeli i\u00e7in uygun olup olmad\u0131\u011f\u0131n\u0131 kontrol etmek.<\/div>\n<\/div>\n<\/div>","protected":false},"excerpt":{"rendered":"<p>Harici Boyutlar: W1635*D1360*H2280mm<\/p>\n<p>\u0130\u00e7 Boyutlar: W1465*D1190 (1340 camdan camd\u0131r)*H2130 mm<\/p>\n<p>A\u011f\u0131rl\u0131k: 450kg<\/p>\n<p>Palet Boyutlar\u0131: W2190*D1410*H935 (aksesuar kutusu dahil de\u011fildir)<\/p>\n<p>Hacim: 3 m\u00b3<\/p>\n<p>Kap\u0131 a\u00e7ma y\u00f6n\u00fc; Kap\u0131 Daha Yak\u0131n: Sa\u011f kap\u0131<\/p>","protected":false},"featured_media":513,"comment_status":"open","ping_status":"closed","template":"","meta":[],"product_cat":[27,25],"product_tag":[42,43,48,47,44,46,41,45],"class_list":{"0":"post-512","1":"product","2":"type-product","3":"status-publish","4":"has-post-thumbnail","6":"product_cat-dual-seat-sound-proof-booth","7":"product_cat-office-booth","8":"product_tag-acoustic-isolation-booth","9":"product_tag-compact-soundproof-room","10":"product_tag-double-person-sound-insulation-pod","11":"product_tag-dual-occupancy-sound-booth","12":"product_tag-noise-reduction-booth","13":"product_tag-small-soundproof-chamber","14":"product_tag-soundproof-booth-for-two","15":"product_tag-two-person-audio-booth","17":"first","18":"instock","19":"shipping-taxable","20":"product-type-simple"},"_links":{"self":[{"href":"https:\/\/www.happy-cheerme.com\/tr\/wp-json\/wp\/v2\/product\/512","targetHints":{"allow":["GET"]}}],"collection":[{"href":"https:\/\/www.happy-cheerme.com\/tr\/wp-json\/wp\/v2\/product"}],"about":[{"href":"https:\/\/www.happy-cheerme.com\/tr\/wp-json\/wp\/v2\/types\/product"}],"replies":[{"embeddable":true,"href":"https:\/\/www.happy-cheerme.com\/tr\/wp-json\/wp\/v2\/comments?post=512"}],"version-history":[{"count":1,"href":"https:\/\/www.happy-cheerme.com\/tr\/wp-json\/wp\/v2\/product\/512\/revisions"}],"predecessor-version":[{"id":659,"href":"https:\/\/www.happy-cheerme.com\/tr\/wp-json\/wp\/v2\/product\/512\/revisions\/659"}],"wp:featuredmedia":[{"embeddable":true,"href":"https:\/\/www.happy-cheerme.com\/tr\/wp-json\/wp\/v2\/media\/513"}],"wp:attachment":[{"href":"https:\/\/www.happy-cheerme.com\/tr\/wp-json\/wp\/v2\/media?parent=512"}],"wp:term":[{"taxonomy":"product_cat","embeddable":true,"href":"https:\/\/www.happy-cheerme.com\/tr\/wp-json\/wp\/v2\/product_cat?post=512"},{"taxonomy":"product_tag","embeddable":true,"href":"https:\/\/www.happy-cheerme.com\/tr\/wp-json\/wp\/v2\/product_tag?post=512"}],"curies":[{"name":"wp","href":"https:\/\/api.w.org\/{rel}","templated":true}]}}