{"id":490,"date":"2024-12-26T17:36:41","date_gmt":"2024-12-26T09:36:41","guid":{"rendered":"https:\/\/qin.gg12.globaldeepsea.site\/?post_type=product&#038;p=490"},"modified":"2024-12-27T16:46:16","modified_gmt":"2024-12-27T08:46:16","slug":"sound-proof-booth-for-single-person-cm-ps","status":"publish","type":"product","link":"https:\/\/www.happy-cheerme.com\/tr\/product\/sound-proof-booth-for-single-person-cm-ps\/","title":{"rendered":"Tek Ki\u015fi i\u00e7in Ses ge\u00e7irmez kabin-CM-PS"},"content":{"rendered":"<h2>Boyut Spesifikasyonu<\/h2>\n<p><img fetchpriority=\"high\" decoding=\"async\" class=\"alignnone wp-image-733\" src=\"http:\/\/qin.gg12.globaldeepsea.site\/wp-content\/uploads\/2024\/12\/11.jpg\" alt=\"\" width=\"653\" height=\"360\" srcset=\"https:\/\/www.happy-cheerme.com\/wp-content\/uploads\/2024\/12\/11.jpg 1243w, https:\/\/www.happy-cheerme.com\/wp-content\/uploads\/2024\/12\/11-300x165.jpg 300w, https:\/\/www.happy-cheerme.com\/wp-content\/uploads\/2024\/12\/11-1024x564.jpg 1024w, https:\/\/www.happy-cheerme.com\/wp-content\/uploads\/2024\/12\/11-768x423.jpg 768w, https:\/\/www.happy-cheerme.com\/wp-content\/uploads\/2024\/12\/11-600x331.jpg 600w\" sizes=\"(max-width: 653px) 100vw, 653px\" \/><img decoding=\"async\" class=\"alignright wp-image-499\" src=\"http:\/\/qin.gg12.globaldeepsea.site\/wp-content\/uploads\/2024\/12\/size-4-201x300.webp\" alt=\"\" width=\"241\" height=\"360\" srcset=\"https:\/\/www.happy-cheerme.com\/wp-content\/uploads\/2024\/12\/size-4-201x300.webp 201w, https:\/\/www.happy-cheerme.com\/wp-content\/uploads\/2024\/12\/size-4.webp 359w\" sizes=\"(max-width: 241px) 100vw, 241px\" \/><\/p>\n<h2>Malzeme<\/h2>\n<table width=\"716\">\n<tbody>\n<tr>\n<td width=\"68\">\u00c7er\u00e7eve<\/td>\n<td colspan=\"3\" width=\"204\">6063 Havac\u0131l\u0131k Al\u00fcminyum Ala\u015f\u0131m<\/td>\n<\/tr>\n<tr>\n<td>Bardak<\/td>\n<td colspan=\"3\">10mm Ultra Beyaz Temperli Cam, 4+4 Lamine Kap\u0131 Cam<\/td>\n<\/tr>\n<tr>\n<td>Duvar<\/td>\n<td colspan=\"3\">6063 Havac\u0131l\u0131k Al\u00fcminyum Ala\u015f\u0131m + 1.0mm \u00c7elik Y\u00fczey\/Gabriel D\u00f6\u015feme + Akustik Paket + 13mm Polyester Panel + G350 G\u00fcr\u00fclt\u00fc d\u00fc\u015f\u00fcr\u00fcc\u00fc kuma\u015f<\/td>\n<\/tr>\n<tr>\n<td>\u00c7at\u0131<\/td>\n<td colspan=\"3\">6063 Havac\u0131l\u0131k Al\u00fcminyum Ala\u015f\u0131m + 1.0mm \u00c7elik Y\u00fczey + Akustik Paket + Polyester Panel + G350 G\u00fcr\u00fclt\u00fc d\u00fc\u015f\u00fcr\u00fcc\u00fc kuma\u015f<\/td>\n<\/tr>\n<tr>\n<td>Alt plaka<\/td>\n<td colspan=\"3\">e0 seviye 25 + 9mm masif ah\u015fap kontrplak + siyah pvc kenar bantlama + \u00e7elik \u00e7er\u00e7eve + 25mm ayar ayaklar + polyester hal\u0131<\/td>\n<\/tr>\n<tr>\n<td>Kaplama<\/td>\n<td colspan=\"3\">Kaplan tozu elektrostatik p\u00fcsk\u00fcrtme<\/td>\n<\/tr>\n<\/tbody>\n<\/table>\n<p><img decoding=\"async\" class=\"wp-image-500 alignleft\" src=\"http:\/\/qin.gg12.globaldeepsea.site\/wp-content\/uploads\/2024\/12\/detail-1.webp\" alt=\"\" width=\"184\" height=\"246\" \/><\/p>\n<div>\n<p>Mobilya<br \/>\nBar table (with a cup holder) W900*D650*H1050.<br \/>\nColor: White MFC\/ wooden color Multi-layer board\/ Yellow powder coating<\/p>\n<p>G\u00fc\u00e7 yap\u0131land\u0131rmas\u0131<br \/>\n1 power track\uff081 AC\uff09<br \/>\n1 wireless charging<\/p>\n<p>AC or USB module can be added AC 220V<\/p>\n<\/div>\n<div>\n<h2><\/h2>\n<\/div>\n<h2><\/h2>\n<p>&nbsp;<\/p>\n<div>\n<h2><\/h2>\n<h2><\/h2>\n<h2>Parametre yap\u0131land\u0131rmas\u0131<\/h2>\n<table width=\"607\">\n<tbody>\n<tr>\n<td width=\"228\">T\u00fcketim<\/td>\n<td colspan=\"2\" width=\"136\">40w, elektrikli aletler 1000w'dan daha az eri\u015fim<\/td>\n<\/tr>\n<tr>\n<td>Tavan \u0131\u015f\u0131\u011f\u0131<\/td>\n<td colspan=\"2\">0 - 20w<\/td>\n<\/tr>\n<tr>\n<td>Duvara fan<\/td>\n<td colspan=\"2\">0.9w, 1500rpm *2<\/td>\n<\/tr>\n<tr>\n<td>\u00c7at\u0131 fan\u0131<\/td>\n<td colspan=\"2\">1.92w, 2150rpm*2<\/td>\n<\/tr>\n<tr>\n<td>Havaland\u0131rma<\/td>\n<td colspan=\"2\">1.68m\u00b3\/min, 59.3CFM, air change rate 50\/h<\/td>\n<\/tr>\n<tr>\n<td>G\u00fcr\u00fclt\u00fc azaltma<\/td>\n<td colspan=\"2\">DS, 28.5 dB (IS0 23351-1: 2020)<\/td>\n<\/tr>\n<\/tbody>\n<\/table>\n<h2>G\u00fc\u00e7l\u00fc y\u00f6nlerimiz<\/h2>\n<div>\n<p>I.Mod\u00fcler Tasar\u0131m: H\u0131zl\u0131 montaj i\u00e7in mod\u00fcler, alt\u0131 bile\u015fen ve h\u0131zl\u0131 montaj.<br \/>\nYeniden yap\u0131lanma i\u00e7in mod\u00fcler: biri iki olur, ikisi daha fazla olur; Yeniden yap\u0131lanma i\u00e7in mod\u00fcler; \u00c7ok fonksiyonlu s\u0131f\u0131rlama.<\/p>\n<p>II.Noise Azaltma \uff1a Duvar 45 dB; DS, 28.5 dB D\u00f6rt ses yal\u0131t\u0131m ve g\u00fcr\u00fclt\u00fc azaltma eleman\u0131. Otomotiv \u00fcretim s\u0131n\u0131f\u0131 s\u0131zd\u0131rmazl\u0131k performans\u0131.1.0 Kal\u0131nl\u0131k \u00c7elik Paneli + Akustik Paket + Havac\u0131l\u0131k 6063 Al\u00fcminyum Ala\u015f\u0131m + 4mm 1800g Polyester Fiber Ses Yal\u0131t\u0131m Panelleri + 9mm 1200g Polyester Fiber Akustik Panel + Y\u00fcn Azal \u00dcst Katman.<\/p>\n<p>III. Yanl\u0131\u015f Olmayan Ultra Sesli Egzoz Fan\u0131 \uff1a 100.000 saat.<\/p>\n<p>IV. \u0130nsanla\u015ft\u0131r\u0131lm\u0131\u015f Tasar\u0131m \uff1a Yumu\u015fak I\u015f\u0131k: Ayd\u0131nlatma \u00dc\u00e7 Saniye+ Sonsuz Ayarlanabilir+ Mitsubishi I\u015f\u0131k K\u0131lavuzu 50.000h Renk De\u011fi\u015fikli\u011fi Yok; Maksimum ayd\u0131nl\u0131k ak\u0131 2700lm'dir; Do\u011fal a\u00e7\u0131k renk s\u0131cakl\u0131\u011f\u0131n\u0131n takliti 3500K'd\u0131r.<\/p>\n<p>V.Sustainable: 100% \u00c7evre Dostu \u00c7evre Dostu Malzemeler \u00c7evresel a\u00e7\u0131dan s\u00fcrd\u00fcr\u00fclebilir tasar\u0131m konsepti. Bunlar: Gabriel Fabric Tiger Toz Havac\u0131l\u0131k Al\u00fcminyum Ala\u015f\u0131m FSC Sertifikal\u0131 Kurul 3C Sertifikal\u0131 Temsilli Cam Geri D\u00f6n\u00fc\u015f\u00fcml\u00fc Polyester Fiber.<\/p>\n<p>vi.Digital Intelligence: We can fulfill intelligent analysis of reservations, management, and release during busy hours Provides a basis for decision making for resetting space.<br \/>\nA. Analiz i\u00e7in alan t\u00fcrlerini (\u00f6rn. \u0130\u015f istasyonlar\u0131, toplant\u0131 odalar\u0131 vb.) Se\u00e7in.<br \/>\nB. Di\u011fer par\u00e7alar\u0131 analiz etmek ve kar\u015f\u0131la\u015ft\u0131rmak i\u00e7in bo\u015fluk k\u0131sm\u0131n\u0131 (\u00f6rne\u011fin b\u00f6l\u00fcm, zemin b\u00f6l\u00fcm\u00fc) geli\u015ftirin.<br \/>\nC. Hiyerar\u015fik bir \u0131s\u0131 haritas\u0131 arac\u0131l\u0131\u011f\u0131yla farkl\u0131 alanlar\u0131n, departmanlar\u0131n ve alanlar\u0131n kullan\u0131m al\u0131\u015fkanl\u0131klar\u0131n\u0131 ve da\u011f\u0131l\u0131m\u0131n\u0131 anlamak.<br \/>\nD. Lider ara\u015ft\u0131rma ve \u00e7al\u0131\u015fan anketi arac\u0131l\u0131\u011f\u0131yla alan ayarlar\u0131n\u0131n i\u015f modeli i\u00e7in uygun olup olmad\u0131\u011f\u0131n\u0131 kontrol etmek.<\/p>\n<\/div>\n<\/div>","protected":false},"excerpt":{"rendered":"<p>External dimensions: W1070*D1070*H2280 mm<\/p>\n<p>Internal dimensions: W900*D900\uff081050 is glass to glass )*H2130 mm<\/p>\n<p>Weight -G.W.\/N.W: 280kg\/255kg<\/p>\n<p>Pallet dimensions: W2220*D1200*H700 mm<\/p>\n<p>Volume: 2m\u00b3<\/p>\n<p>Kap\u0131 a\u00e7ma y\u00f6n\u00fc; Kap\u0131 Daha Yak\u0131n: Sol Kap\u0131<\/p>","protected":false},"featured_media":491,"comment_status":"open","ping_status":"closed","template":"","meta":[],"product_cat":[25,26],"product_tag":[50,123,124,44,59,101,49,125],"class_list":{"0":"post-490","1":"product","2":"type-product","3":"status-publish","4":"has-post-thumbnail","6":"product_cat-office-booth","7":"product_cat-single-person-sound-proof-booth","8":"product_tag-acoustic-isolation","9":"product_tag-audiometry-booth","10":"product_tag-isolation-booth","11":"product_tag-noise-reduction-booth","12":"product_tag-privacy-booth","13":"product_tag-single-person-booth","14":"product_tag-soundproof-booth","15":"product_tag-vocal-recording-booth","17":"first","18":"instock","19":"shipping-taxable","20":"product-type-simple"},"_links":{"self":[{"href":"https:\/\/www.happy-cheerme.com\/tr\/wp-json\/wp\/v2\/product\/490","targetHints":{"allow":["GET"]}}],"collection":[{"href":"https:\/\/www.happy-cheerme.com\/tr\/wp-json\/wp\/v2\/product"}],"about":[{"href":"https:\/\/www.happy-cheerme.com\/tr\/wp-json\/wp\/v2\/types\/product"}],"replies":[{"embeddable":true,"href":"https:\/\/www.happy-cheerme.com\/tr\/wp-json\/wp\/v2\/comments?post=490"}],"version-history":[{"count":1,"href":"https:\/\/www.happy-cheerme.com\/tr\/wp-json\/wp\/v2\/product\/490\/revisions"}],"predecessor-version":[{"id":501,"href":"https:\/\/www.happy-cheerme.com\/tr\/wp-json\/wp\/v2\/product\/490\/revisions\/501"}],"wp:featuredmedia":[{"embeddable":true,"href":"https:\/\/www.happy-cheerme.com\/tr\/wp-json\/wp\/v2\/media\/491"}],"wp:attachment":[{"href":"https:\/\/www.happy-cheerme.com\/tr\/wp-json\/wp\/v2\/media?parent=490"}],"wp:term":[{"taxonomy":"product_cat","embeddable":true,"href":"https:\/\/www.happy-cheerme.com\/tr\/wp-json\/wp\/v2\/product_cat?post=490"},{"taxonomy":"product_tag","embeddable":true,"href":"https:\/\/www.happy-cheerme.com\/tr\/wp-json\/wp\/v2\/product_tag?post=490"}],"curies":[{"name":"wp","href":"https:\/\/api.w.org\/{rel}","templated":true}]}}