{"id":197,"date":"2024-12-19T13:35:41","date_gmt":"2024-12-19T05:35:41","guid":{"rendered":"https:\/\/qin.gg12.globaldeepsea.site\/?post_type=product&#038;p=197"},"modified":"2024-12-30T17:01:05","modified_gmt":"2024-12-30T09:01:05","slug":"six-person-booth-a-furniture-matching","status":"publish","type":"product","link":"https:\/\/www.happy-cheerme.com\/tr\/product\/six-person-booth-a-furniture-matching\/","title":{"rendered":"Six-person Booth-A Furniture Matching"},"content":{"rendered":"<h2>kuma\u015f malzeme \u00f6zellikleri<\/h2>\n<p>i.gabriel fabrics: sa\u011fl\u0131k ve g\u00fcvenlik konusunda tasarlanm\u0131\u015f<br \/>\ngabriel, kullan\u0131c\u0131 sa\u011fl\u0131\u011f\u0131 ve g\u00fcvenli\u011fine ve \u00e7evreye g\u00f6re \u00fcretilen sa\u011fl\u0131kl\u0131 i\u00e7 mekan alanlar\u0131na katk\u0131da bulunan \u00fcr\u00fcnler tasarlar. oeko-tex ve ab ecolabel gereksinimleri gabriel'in minimum standartlar\u0131n\u0131 olu\u015fturur ve<br \/>\nm\u00fc\u015fterilerimiz her zaman s\u00fcrd\u00fcr\u00fclebilir, t\u00fcketici g\u00fcvenli ve \u00e7evre dostu kuma\u015flar elde eder. buna ek olarak, gabriel ayr\u0131ca cradle cradle sertifikas\u0131 \u2122 kuma\u015flar\u0131 kapsaml\u0131 bir se\u00e7im sunmaktad\u0131r.<\/p>\n<p>ii. mobilya kuma\u015f fastness iso 105 \u00d7 12-2016 testler:<\/p>\n<p><img fetchpriority=\"high\" decoding=\"async\" class=\"alignnone wp-image-738 size-large\" src=\"http:\/\/qin.gg12.globaldeepsea.site\/wp-content\/uploads\/2024\/12\/16-1003x1024.jpg\" alt=\"\" width=\"800\" height=\"817\" srcset=\"https:\/\/www.happy-cheerme.com\/wp-content\/uploads\/2024\/12\/16-1003x1024.jpg 1003w, https:\/\/www.happy-cheerme.com\/wp-content\/uploads\/2024\/12\/16-294x300.jpg 294w, https:\/\/www.happy-cheerme.com\/wp-content\/uploads\/2024\/12\/16-768x784.jpg 768w, https:\/\/www.happy-cheerme.com\/wp-content\/uploads\/2024\/12\/16-600x612.jpg 600w, https:\/\/www.happy-cheerme.com\/wp-content\/uploads\/2024\/12\/16.jpg 1163w\" sizes=\"(max-width: 800px) 100vw, 800px\" \/><\/p>\n<p>iii. mobilya kuma\u015f\u0131m\u0131z uluslararas\u0131 tekstil eko-label var<\/p>\n<p><img decoding=\"async\" class=\"\" src=\"https:\/\/ecdn6.globalso.com\/upload\/p\/132\/image_other\/2023-12\/6589355c3155c99189.png\" alt=\"5azw\" width=\"783\" height=\"597\" \/><\/p>\n<h2>maddi markalar ve sertifikalar<\/h2>\n<p><img decoding=\"async\" class=\"alignnone\" src=\"https:\/\/ecdn6.globalso.com\/upload\/p\/132\/image_other\/2023-12\/658935873e36c56878.png\" alt=\"6p5f\" width=\"231\" height=\"245\" \/><img loading=\"lazy\" decoding=\"async\" class=\"alignnone\" src=\"https:\/\/ecdn6.globalso.com\/upload\/p\/132\/image_other\/2023-12\/6589358eed2fd34205.png\" alt=\"7hz3\" width=\"278\" height=\"196\" \/><img loading=\"lazy\" decoding=\"async\" class=\"\" src=\"https:\/\/ecdn6.globalso.com\/upload\/p\/132\/image_other\/2023-12\/6589359a1ca2475277.png\" alt=\"8lcq\" width=\"245\" height=\"159\" \/><\/p>\n<p><img loading=\"lazy\" decoding=\"async\" class=\"\" src=\"https:\/\/ecdn6.globalso.com\/upload\/p\/132\/image_other\/2023-12\/658935aeb4e3b83183.png\" alt=\"9i3m\" width=\"239\" height=\"163\" \/><img loading=\"lazy\" decoding=\"async\" class=\"\" src=\"https:\/\/ecdn6.globalso.com\/upload\/p\/132\/image_other\/2023-12\/658935bb9160930093.png\" alt=\"106bg\" width=\"269\" height=\"58\" \/><strong><img loading=\"lazy\" decoding=\"async\" class=\"\" src=\"https:\/\/ecdn6.globalso.com\/upload\/p\/132\/image_other\/2023-12\/658935c58233331590.png\" alt=\"11ruw\" width=\"236\" height=\"177\" \/><\/strong><\/p>","protected":false},"excerpt":{"rendered":"<p>boyut \uff1a w450*d450*h430 mm<\/p>\n<p>dolgu:<\/p>\n<p>strafor entegre kal\u0131plama astar\u0131 + poli\u00fcretan k\u00f6p\u00fck \u015fekilli pamuk<\/p>\n<p>i\u0307\u015f\u00e7ilik:<\/p>\n<p>i\u0307thal kuma\u015f sarma, \u00fcst ve alt iki renkli kuma\u015f diki\u015f tek iplik y\u00fcr\u00fcme i\u011fnesi i\u015flem diki\u015f, \u00fcst ark \u00e7ift iplik y\u00fcr\u00fcme i\u011fne i\u015flemi diki\u015f, iki \u00e7ekme, tek iplik y\u00fcr\u00fcme i\u011fne i\u015flemi diki\u015f kalitesi ilk katman inek deri<\/p>\n<p>kuma\u015f: gabriel\/mozart serisi<\/p>\n<p>deri: sap malzemesi le-l 1217 deriden yap\u0131lm\u0131\u015ft\u0131r<\/p>\n<p>not: yaln\u0131zca stokta mevcuttur, sipari\u015f vermeden \u00f6nce l\u00fctfen dan\u0131\u015f\u0131n.<\/p>\n<p>boyut:<\/p>\n<p>w2700*d600*h720 (sh430) mm<\/p>\n<p>divan:<\/p>\n<p>ah\u015fap \u00e7er\u00e7eve + s\u00fcnger dolgusu + kuma\u015f sarma<\/p>\n<p>koltuk ve s\u0131rt:<\/p>\n<p>\u2460 yumu\u015fak paket: i\u0307thal birinci s\u0131n\u0131f \u00e7evre koruma kuma\u015f\u0131, el dizilmi\u015f<\/p>\n<p>\u2461 s\u00fcnger: y\u00fcksek dayan\u0131kl\u0131l\u0131k s\u00fcnger, farkl\u0131 yo\u011funluklar\u0131n \u00e7ok katmanl\u0131 konfig\u00fcrasyonu, ince ipek pamu\u011fun y\u00fczeyi koltu\u011fun konforunu art\u0131rmak i\u00e7in<\/p>\n<p>kanepe bacaklar\u0131 \uff1a<\/p>\n<p>\u00e7elik tozu kaplama siyah bacaklar<\/p>\n<p>g\u00fc\u00e7 yap\u0131land\u0131rmas\u0131:<\/p>\n<p>1 kanepe as\u0131l\u0131 fi\u015f (2 be\u015f delikli g\u00fc\u00e7l\u00fc g\u00fc\u00e7, 1usb, 1 t\u00fcr-c)<\/p>\n<p>g\u00fc\u00e7 220v, usb 5v 3.1a<\/p>\n<p>not: kanepenin toplam uzunlu\u011fu 2700mm, orta segment.<\/p>\n<p><img loading=\"lazy\" decoding=\"async\" class=\"alignnone\" src=\"https:\/\/ecdn6.globalso.com\/upload\/p\/132\/image_other\/2023-12\/658a6d3cd4b4d86392.png\" alt=\"4.png\" width=\"394\" height=\"394\" \/><\/p>\n<p>boyut: w2200*d2870*h2280 (mm)<\/p>","protected":false},"featured_media":207,"comment_status":"open","ping_status":"closed","template":"","meta":[],"product_cat":[16],"product_tag":[36,35,33,32,38,34,31,37],"class_list":{"0":"post-197","1":"product","2":"type-product","3":"status-publish","4":"has-post-thumbnail","6":"product_cat-office-booth-furniture","7":"product_tag-booth-seating","8":"product_tag-corner-booth","9":"product_tag-dining-booth-set","10":"product_tag-furniture-matching","11":"product_tag-kitchen-booth","12":"product_tag-restaurant-booth","13":"product_tag-six-person-booth","14":"product_tag-upholstered-booth","16":"first","17":"instock","18":"shipping-taxable","19":"product-type-simple"},"_links":{"self":[{"href":"https:\/\/www.happy-cheerme.com\/tr\/wp-json\/wp\/v2\/product\/197","targetHints":{"allow":["GET"]}}],"collection":[{"href":"https:\/\/www.happy-cheerme.com\/tr\/wp-json\/wp\/v2\/product"}],"about":[{"href":"https:\/\/www.happy-cheerme.com\/tr\/wp-json\/wp\/v2\/types\/product"}],"replies":[{"embeddable":true,"href":"https:\/\/www.happy-cheerme.com\/tr\/wp-json\/wp\/v2\/comments?post=197"}],"version-history":[{"count":2,"href":"https:\/\/www.happy-cheerme.com\/tr\/wp-json\/wp\/v2\/product\/197\/revisions"}],"predecessor-version":[{"id":892,"href":"https:\/\/www.happy-cheerme.com\/tr\/wp-json\/wp\/v2\/product\/197\/revisions\/892"}],"wp:featuredmedia":[{"embeddable":true,"href":"https:\/\/www.happy-cheerme.com\/tr\/wp-json\/wp\/v2\/media\/207"}],"wp:attachment":[{"href":"https:\/\/www.happy-cheerme.com\/tr\/wp-json\/wp\/v2\/media?parent=197"}],"wp:term":[{"taxonomy":"product_cat","embeddable":true,"href":"https:\/\/www.happy-cheerme.com\/tr\/wp-json\/wp\/v2\/product_cat?post=197"},{"taxonomy":"product_tag","embeddable":true,"href":"https:\/\/www.happy-cheerme.com\/tr\/wp-json\/wp\/v2\/product_tag?post=197"}],"curies":[{"name":"wp","href":"https:\/\/api.w.org\/{rel}","templated":true}]}}