{"id":618,"date":"2024-12-27T09:48:14","date_gmt":"2024-12-27T01:48:14","guid":{"rendered":"https:\/\/qin.gg12.globaldeepsea.site\/?post_type=product&#038;p=618"},"modified":"2024-12-27T10:02:38","modified_gmt":"2024-12-27T02:02:38","slug":"prefab-house-space-capsule-pod-for-2-person-with-balcony-w9","status":"publish","type":"product","link":"https:\/\/www.happy-cheerme.com\/pt_pt\/product\/prefab-house-space-capsule-pod-for-2-person-with-balcony-w9\/","title":{"rendered":"C\u00e1psula espacial pr\u00e9 -fabricada c\u00e1psula para 2 pessoas com varanda - W9"},"content":{"rendered":"<h2>estrutura principal<\/h2>\n<table width=\"722\">\n<tbody>\n<tr>\n<td width=\"178\">Estrutura de a\u00e7o<\/td>\n<td colspan=\"3\" width=\"204\">Quadro de a\u00e7o Gzlvanizado Gzlvanizado Estrutura: 100\/50*50*mm<\/td>\n<\/tr>\n<tr>\n<td>Painel externo<\/td>\n<td colspan=\"3\">Vaneer de alumium<\/td>\n<\/tr>\n<tr>\n<td>Isolamento t\u00e9rmico<\/td>\n<td colspan=\"3\">Camada de isolamento de 100 mm de espessura total<\/td>\n<\/tr>\n<tr>\n<td>Porta de entrada<\/td>\n<td colspan=\"3\">Porta de entrada padr\u00e3o+bloqueio de senha inteligente<\/td>\n<\/tr>\n<tr>\n<td>Vidro externo<\/td>\n<td colspan=\"3\">6low-e+12a+6 mm de vidro temperado oco<\/td>\n<\/tr>\n<tr>\n<td>Windows<\/td>\n<td colspan=\"3\">5+9a+5mm de vidro temperado oco+perfil de liga de alum\u00ednio<\/td>\n<\/tr>\n<tr>\n<td>Vidro da varanda<\/td>\n<td colspan=\"3\">10 mm de vidro dobrado quente temperado<\/td>\n<\/tr>\n<tr>\n<td>Porta da varanda<\/td>\n<td colspan=\"3\">4+15a+4 mm de vidro temperado oco+perfil de liga de alum\u00ednio<\/td>\n<\/tr>\n<tr>\n<td>Piso da varanda<\/td>\n<td colspan=\"3\">Piso de madeira pl\u00e1stica<\/td>\n<\/tr>\n<tr>\n<td>Porta do banheiro<\/td>\n<td colspan=\"3\">4+15a+4 mm de vidro temperado e temperado de 4 mm perfil de liga de alum\u00ednio<\/td>\n<\/tr>\n<tr>\n<td>Escada<\/td>\n<td colspan=\"3\">Escada padr\u00e3o, estrutura de a\u00e7o+piso de pl\u00e1stico de madeira<\/td>\n<\/tr>\n<tr>\n<td>Sala de equipamentos<\/td>\n<td colspan=\"3\">Sala de manuten\u00e7\u00e3o de equipamentos de AC e aquecedor de \u00e1gua<\/td>\n<\/tr>\n<\/tbody>\n<\/table>\n<h2>cen\u00e1rios aplic\u00e1veis<\/h2>\n<div><strong>modo de hotel de luxo selvagem<\/strong><\/div>\n<div>crie um destino de acomoda\u00e7\u00e3o tur\u00edstico \u00fanico e encantador atrav\u00e9s da cria\u00e7\u00e3o ambiental.<\/div>\n<div><strong>modelo de campo de pesquisa rural<\/strong><\/div>\n<div>ajuda os propriet\u00e1rios de fazendas, pastagens, jardins ecol\u00f3gicos e outras \u00e1reas na expans\u00e3o de suas opera\u00e7\u00f5es e aprimorando suas necessidades de pesquisa e aprendizado.<\/div>\n<div><strong>modo complexo rural<\/strong><\/div>\n<div>integre a acomoda\u00e7\u00e3o e as atividades rurais organicamente e projete um projeto abrangente para entretenimento rural, comida e moradia.<\/div>\n<div><strong>modo tur\u00edstico de sa\u00fade e bem -estar<\/strong><\/div>\n<div>utilize instala\u00e7\u00f5es de apoio, como sa\u00fade florestal, f\u00e9rias terminais e vistas para a praia e o mar para construir uma base de sa\u00fade e bem -estar.<\/div>\n<div><\/div>\n<div><\/div>\n<div>montanhoso, liso, mar de flores, beira do lago, beira -mar, pastagens, montanhas nevadas, campo, etc. adequado para v\u00e1rios cen\u00e1rios<\/div>\n<div><img fetchpriority=\"high\" decoding=\"async\" class=\"alignnone wp-image-624 size-full\" src=\"http:\/\/qin.gg12.globaldeepsea.site\/wp-content\/uploads\/2024\/12\/applicable.webp\" alt=\"\" width=\"1266\" height=\"712\" srcset=\"https:\/\/www.happy-cheerme.com\/wp-content\/uploads\/2024\/12\/applicable.webp 1266w, https:\/\/www.happy-cheerme.com\/wp-content\/uploads\/2024\/12\/applicable-300x169.webp 300w, https:\/\/www.happy-cheerme.com\/wp-content\/uploads\/2024\/12\/applicable-1024x576.webp 1024w, https:\/\/www.happy-cheerme.com\/wp-content\/uploads\/2024\/12\/applicable-768x432.webp 768w, https:\/\/www.happy-cheerme.com\/wp-content\/uploads\/2024\/12\/applicable-600x337.webp 600w\" sizes=\"(max-width: 1266px) 100vw, 1266px\" \/><\/div>","protected":false},"excerpt":{"rendered":"<p>size(m):8.6(L)*3.2(W)*3.4(H),<\/p>\n<p>building area: 27.5\u33a1,<\/p>\n<p>peso do produto: 5,6-6 toneladas<\/p>\n<p>N\u00famero de usos: 2 pessoas<\/p>","protected":false},"featured_media":619,"comment_status":"open","ping_status":"closed","template":"","meta":[],"product_cat":[30],"product_tag":[87,90,95,92,94,84,85,93],"class_list":{"0":"post-618","1":"product","2":"type-product","3":"status-publish","4":"has-post-thumbnail","6":"product_cat-prefab-house","7":"product_tag-balcony","8":"product_tag-compact-living","9":"product_tag-outdoor-living-solution","10":"product_tag-pod-for-2-person","11":"product_tag-portable-housing","12":"product_tag-prefab-house","13":"product_tag-space-capsule","14":"product_tag-w9-model","16":"first","17":"instock","18":"shipping-taxable","19":"product-type-simple"},"_links":{"self":[{"href":"https:\/\/www.happy-cheerme.com\/pt_pt\/wp-json\/wp\/v2\/product\/618","targetHints":{"allow":["GET"]}}],"collection":[{"href":"https:\/\/www.happy-cheerme.com\/pt_pt\/wp-json\/wp\/v2\/product"}],"about":[{"href":"https:\/\/www.happy-cheerme.com\/pt_pt\/wp-json\/wp\/v2\/types\/product"}],"replies":[{"embeddable":true,"href":"https:\/\/www.happy-cheerme.com\/pt_pt\/wp-json\/wp\/v2\/comments?post=618"}],"version-history":[{"count":1,"href":"https:\/\/www.happy-cheerme.com\/pt_pt\/wp-json\/wp\/v2\/product\/618\/revisions"}],"predecessor-version":[{"id":625,"href":"https:\/\/www.happy-cheerme.com\/pt_pt\/wp-json\/wp\/v2\/product\/618\/revisions\/625"}],"wp:featuredmedia":[{"embeddable":true,"href":"https:\/\/www.happy-cheerme.com\/pt_pt\/wp-json\/wp\/v2\/media\/619"}],"wp:attachment":[{"href":"https:\/\/www.happy-cheerme.com\/pt_pt\/wp-json\/wp\/v2\/media?parent=618"}],"wp:term":[{"taxonomy":"product_cat","embeddable":true,"href":"https:\/\/www.happy-cheerme.com\/pt_pt\/wp-json\/wp\/v2\/product_cat?post=618"},{"taxonomy":"product_tag","embeddable":true,"href":"https:\/\/www.happy-cheerme.com\/pt_pt\/wp-json\/wp\/v2\/product_tag?post=618"}],"curies":[{"name":"wp","href":"https:\/\/api.w.org\/{rel}","templated":true}]}}