{"id":611,"date":"2024-12-27T09:41:45","date_gmt":"2024-12-27T01:41:45","guid":{"rendered":"https:\/\/qin.gg12.globaldeepsea.site\/?post_type=product&#038;p=611"},"modified":"2024-12-27T10:30:13","modified_gmt":"2024-12-27T02:30:13","slug":"prefab-house-space-capsule-pod-for-2-person-with-balcony-w12","status":"publish","type":"product","link":"https:\/\/www.happy-cheerme.com\/pt_pt\/product\/prefab-house-space-capsule-pod-for-2-person-with-balcony-w12\/","title":{"rendered":"C\u00e1psula espacial pr\u00e9 -fabricada c\u00e1psula para 2 pessoas com varanda - W12"},"content":{"rendered":"<h2>Estrutura de a\u00e7o<\/h2>\n<table width=\"769\">\n<tbody>\n<tr>\n<td width=\"205\">Estrutura de a\u00e7o<\/td>\n<td colspan=\"3\" width=\"204\">Quadro de a\u00e7o Gzlvanizado Gzlvanizado Estrutura: 100\/50*50*mm<\/td>\n<\/tr>\n<tr>\n<td>Painel externo<\/td>\n<td colspan=\"3\">Vaneer de alumium<\/td>\n<\/tr>\n<tr>\n<td>Isolamento t\u00e9rmico<\/td>\n<td colspan=\"3\">Camada de isolamento de 100 mm de espessura total<\/td>\n<\/tr>\n<tr>\n<td>Porta de entrada<\/td>\n<td colspan=\"3\">Porta de entrada padr\u00e3o+bloqueio de senha inteligente<\/td>\n<\/tr>\n<tr>\n<td>Vidro externo<\/td>\n<td colspan=\"3\">6low-e+12a+6mm de vidro temperado oco<\/td>\n<\/tr>\n<tr>\n<td>Windows<\/td>\n<td colspan=\"3\">5+9a+5 mm de vidro temperado oco+perfil de liga de alum\u00ednio<\/td>\n<\/tr>\n<tr>\n<td>Vidro da varanda<\/td>\n<td colspan=\"3\">10 mm de vidro dobrado quente temperado<\/td>\n<\/tr>\n<tr>\n<td>Porta da varanda<\/td>\n<td colspan=\"3\">4+15a+4 mm de vidro temperado oco+perfil de liga de alum\u00ednio<\/td>\n<\/tr>\n<tr>\n<td>Piso da varanda<\/td>\n<td colspan=\"3\">Piso de madeira pl\u00e1stica<\/td>\n<\/tr>\n<tr>\n<td>Porta do banheiro<\/td>\n<td colspan=\"3\">4+15a+4 mm de vidro temperado oco+perfil de liga de alum\u00ednio<\/td>\n<\/tr>\n<tr>\n<td>Escada<\/td>\n<td colspan=\"3\">Escada padr\u00e3o, estrutura de a\u00e7o+piso de pl\u00e1stico de madeira<\/td>\n<\/tr>\n<tr>\n<td>Sala de equipamentos<\/td>\n<td colspan=\"3\">Sala de manuten\u00e7\u00e3o de equipamentos de AC e aquecedor de \u00e1gua<\/td>\n<\/tr>\n<tr>\n<td>Teto<\/td>\n<td colspan=\"3\">Vaneer de alumium<\/td>\n<\/tr>\n<\/tbody>\n<\/table>\n<h2>Processo de instala\u00e7\u00e3o<\/h2>\n<div><strong>Jogue o transporte<\/strong><\/div>\n<div>Depois que a embalagem externa do produto \u00e9 conclu\u00edda, ele \u00e9 transportado usando um grande reboque plano. Durante a jornada do produto da f\u00e1brica ao acampamento, ser\u00e3o tomadas medidas estritas de prote\u00e7\u00e3o \u00e0 seguran\u00e7a para garantir a seguran\u00e7a e a estabilidade durante o transporte.<\/div>\n<div><\/div>\n<div><strong>Conjunto do produto<\/strong><\/div>\n<div>Depois que o ve\u00edculo de transporte chega ao local do projeto, o cliente precisa entrar em contato com o servi\u00e7o de guindaste local por conta pr\u00f3pria. O peso de eleva\u00e7\u00e3o varia de 6 toneladas a 10 toneladas, e \u00e9 recomend\u00e1vel usar um guindaste de nada menos que 25 toneladas para carregar e descarregar.<\/div>\n<div><\/div>\n<div><strong>Base instalada<\/strong><\/div>\n<div>Antes de instalar o produto, o cliente precisa concluir a engenharia no local do fornecimento de \u00e1gua e eletricidade, oleodutos de esgoto e funda\u00e7\u00e3o portadora de carga, de acordo com os desenhos b\u00e1sicos de \u00e1gua e eletricidade padr\u00e3o da nossa empresa, o solo endurecido pode ser instalado diretamente no solo, prepare a infraestrutura antecipada para outros ambientes geol\u00f3gicos.<\/div>\n<div><\/div>\n<div><strong>Servi\u00e7o p\u00f3s-venda<\/strong><\/div>\n<div>Nossa empresa fornece servi\u00e7os de reparo gratuitos para nossos produtos dentro de um ano a partir da data da aceita\u00e7\u00e3o da alf\u00e2ndega. Se o per\u00edodo de garantia exceder um ano, os reparos ser\u00e3o cobrados pelo pre\u00e7o de custo.<\/div>\n<div><img fetchpriority=\"high\" decoding=\"async\" class=\"alignnone wp-image-617 size-full\" src=\"http:\/\/qin.gg12.globaldeepsea.site\/wp-content\/uploads\/2024\/12\/process.webp\" alt=\"\" width=\"1266\" height=\"712\" srcset=\"https:\/\/www.happy-cheerme.com\/wp-content\/uploads\/2024\/12\/process.webp 1266w, https:\/\/www.happy-cheerme.com\/wp-content\/uploads\/2024\/12\/process-300x169.webp 300w, https:\/\/www.happy-cheerme.com\/wp-content\/uploads\/2024\/12\/process-1024x576.webp 1024w, https:\/\/www.happy-cheerme.com\/wp-content\/uploads\/2024\/12\/process-768x432.webp 768w, https:\/\/www.happy-cheerme.com\/wp-content\/uploads\/2024\/12\/process-600x337.webp 600w\" sizes=\"(max-width: 1266px) 100vw, 1266px\" \/><\/div>","protected":false},"excerpt":{"rendered":"<div data-module=\"6\">\n<p>tamanho (m): 11.5 (l)*3.2 (w)*3.4 (h),<\/p>\n<p>\u00c1rea de constru\u00e7\u00e3o: 36.8\u33a1,<\/p>\n<p>Peso do produto: 5,5-6 toneladas<\/p>\n<p>N\u00famero de usos: 2 pessoas<\/p>\n<\/div>","protected":false},"featured_media":612,"comment_status":"open","ping_status":"closed","template":"","meta":[],"product_cat":[30],"product_tag":[88,87,90,89,91,86,84,85],"class_list":{"0":"post-611","1":"product","2":"type-product","3":"status-publish","4":"has-post-thumbnail","6":"product_cat-prefab-house","7":"product_tag-2-person","8":"product_tag-balcony","9":"product_tag-compact-living","10":"product_tag-living-space","11":"product_tag-modern-design","12":"product_tag-pod","13":"product_tag-prefab-house","14":"product_tag-space-capsule","16":"first","17":"instock","18":"shipping-taxable","19":"product-type-simple"},"_links":{"self":[{"href":"https:\/\/www.happy-cheerme.com\/pt_pt\/wp-json\/wp\/v2\/product\/611","targetHints":{"allow":["GET"]}}],"collection":[{"href":"https:\/\/www.happy-cheerme.com\/pt_pt\/wp-json\/wp\/v2\/product"}],"about":[{"href":"https:\/\/www.happy-cheerme.com\/pt_pt\/wp-json\/wp\/v2\/types\/product"}],"replies":[{"embeddable":true,"href":"https:\/\/www.happy-cheerme.com\/pt_pt\/wp-json\/wp\/v2\/comments?post=611"}],"version-history":[{"count":1,"href":"https:\/\/www.happy-cheerme.com\/pt_pt\/wp-json\/wp\/v2\/product\/611\/revisions"}],"predecessor-version":[{"id":651,"href":"https:\/\/www.happy-cheerme.com\/pt_pt\/wp-json\/wp\/v2\/product\/611\/revisions\/651"}],"wp:featuredmedia":[{"embeddable":true,"href":"https:\/\/www.happy-cheerme.com\/pt_pt\/wp-json\/wp\/v2\/media\/612"}],"wp:attachment":[{"href":"https:\/\/www.happy-cheerme.com\/pt_pt\/wp-json\/wp\/v2\/media?parent=611"}],"wp:term":[{"taxonomy":"product_cat","embeddable":true,"href":"https:\/\/www.happy-cheerme.com\/pt_pt\/wp-json\/wp\/v2\/product_cat?post=611"},{"taxonomy":"product_tag","embeddable":true,"href":"https:\/\/www.happy-cheerme.com\/pt_pt\/wp-json\/wp\/v2\/product_tag?post=611"}],"curies":[{"name":"wp","href":"https:\/\/api.w.org\/{rel}","templated":true}]}}