{"id":549,"date":"2024-12-26T21:00:01","date_gmt":"2024-12-26T13:00:01","guid":{"rendered":"https:\/\/qin.gg12.globaldeepsea.site\/?post_type=product&#038;p=549"},"modified":"2024-12-27T16:01:56","modified_gmt":"2024-12-27T08:01:56","slug":"sound-proof-booth-for-4-person-cm-q2l","status":"publish","type":"product","link":"https:\/\/www.happy-cheerme.com\/pt_pt\/product\/sound-proof-booth-for-4-person-cm-q2l\/","title":{"rendered":"Cabine \u00e0 prova de som para 4 pessoas-CM-Q2L"},"content":{"rendered":"<h2>Especifica\u00e7\u00e3o de tamanho<\/h2>\n<p><img fetchpriority=\"high\" decoding=\"async\" class=\"alignnone wp-image-726\" src=\"http:\/\/qin.gg12.globaldeepsea.site\/wp-content\/uploads\/2024\/12\/5-1.jpg\" alt=\"\" width=\"672\" height=\"381\" srcset=\"https:\/\/www.happy-cheerme.com\/wp-content\/uploads\/2024\/12\/5-1.jpg 958w, https:\/\/www.happy-cheerme.com\/wp-content\/uploads\/2024\/12\/5-1-300x170.jpg 300w, https:\/\/www.happy-cheerme.com\/wp-content\/uploads\/2024\/12\/5-1-768x435.jpg 768w, https:\/\/www.happy-cheerme.com\/wp-content\/uploads\/2024\/12\/5-1-600x340.jpg 600w\" sizes=\"(max-width: 672px) 100vw, 672px\" \/><img decoding=\"async\" class=\"wp-image-557 alignright\" src=\"http:\/\/qin.gg12.globaldeepsea.site\/wp-content\/uploads\/2024\/12\/size-10-300x298.webp\" alt=\"\" width=\"406\" height=\"404\" srcset=\"https:\/\/www.happy-cheerme.com\/wp-content\/uploads\/2024\/12\/size-10-300x300.webp 300w, https:\/\/www.happy-cheerme.com\/wp-content\/uploads\/2024\/12\/size-10-150x150.webp 150w, https:\/\/www.happy-cheerme.com\/wp-content\/uploads\/2024\/12\/size-10-600x595.webp 600w, https:\/\/www.happy-cheerme.com\/wp-content\/uploads\/2024\/12\/size-10-100x100.webp 100w, https:\/\/www.happy-cheerme.com\/wp-content\/uploads\/2024\/12\/size-10.webp 662w\" sizes=\"(max-width: 406px) 100vw, 406px\" \/><\/p>\n<h2>Descri\u00e7\u00e3o<\/h2>\n<div>\n<p>1. 1,5-2,5 mm de espessura de alum\u00ednio + 10mm de vidro temperado de alta resist\u00eancia + material absorvente de som e material \u00e0 prova de som com uma prancha de prote\u00e7\u00e3o do ambiente de 9 + 12 mm.<\/p>\n<p>2. film de exaust\u00e3o ultrafino e ultra-sincero*3 + pd teoria pd tubo de circula\u00e7\u00e3o de ar \u00e0 prova de som de caminho longo.<\/p>\n<p>3. Ru\u00eddo: &lt;35 dB; Velocidade: 750 rpm; Ventila\u00e7\u00e3o do ventilador volume: 89cfm; Ventila\u00e7\u00e3o m\u00e9dia 1 10m3\/h.<\/p>\n<p>4. Incluindo tapete anti-est\u00e1tico e anti-deslizamento de loop baixo.<\/p>\n<p>5. Luz natural integrada de 2500 ~ 6000k (luz de temperatura de tr\u00eas cores*1) 100-240V\/50-60Hz Fonte de alimenta\u00e7\u00e3o.<\/p>\n<p>6. Soquete*1, interruptor de duas posi\u00e7\u00f5es*1, interface de rede*1 Painel de soquete da porta USB est\u00e1 dispon\u00edvel.<\/p>\n<p>7. Controle de comuta\u00e7\u00e3o de luz e escape separadamente.<\/p>\n<p>8. A\u00e7o fixo de p\u00e9s fixo + roda universal.<\/p>\n<\/div>\n<div>\n<h2>Recursos e pontos fortes<\/h2>\n<div>\n<p>I.Materials: perfil de alum\u00ednio de alta resist\u00eancia, vidro de isolamento sonoro, placa de absor\u00e7\u00e3o de som de fibra de fibra de poli\u00e9ster e madeira compensada de prote\u00e7\u00e3o ambiental.<\/p>\n<p>II. Isolamento \u00e0 prova de solo e som: A parede dos pods do escrit\u00f3rio \u00e9 composta por algod\u00e3o que absorve som+ madeira compensada ecol\u00f3gica (estrutura oca) e vidro temperado \u00e0 prova de som de 10 mm de espessura. O isolamento de som e o \u00edndice de redu\u00e7\u00e3o de ru\u00eddo atende \u00e0s expectativas do projeto.<\/p>\n<p>iii.ventilated: Cada c\u00e1psula de escrit\u00f3rio \u00e9 projetada com um sistema de ar fresco de baixo ru\u00eddo de baixo ru\u00eddo do tipo labirinto, composto por um ventilador de exaust\u00e3o de ar fresco ultrafino + unham-se, e apenas o duto de circula\u00e7\u00e3o de ar para a prova de ar.<\/p>\n<p>IV.Lighting: A cabine est\u00e1 equipada com luzes de teto LED ajust\u00e1vel em temperatura de tr\u00eas cores de 3000k-6000k, que podem atender basicamente \u00e0s necessidades da ilumina\u00e7\u00e3o da cabine.<\/p>\n<p>V.100-240V Power: Cada PODS do Office est\u00e1 equipado com o sistema de fonte de alimenta\u00e7\u00e3o de 100-240V\/50-60Hz e 12V-USB, que pode facilmente atender ao uso de aparelhos el\u00e9tricos convencionais na vida.<\/p>\n<p>VI.EASTO PARA MOVER: A natureza leve dos OfficePods permite que voc\u00ea os mova facilmente para qualquer lugar que seu escrit\u00f3rio precise deles.<\/p>\n<p>VII.<\/p>\n<\/div>\n<\/div>\n<p>&nbsp;<\/p>","protected":false},"excerpt":{"rendered":"<p>demens\u00f5es externas: 2200w x 2100d x 2348,5h (mm)<\/p>\n<p>demens\u00f5es internas: 2350w x 1300d x 1700h (mm)<\/p>\n<p>peso -gw\/nw: 750kg\/580kg<\/p>\n<p>demens\u00f5es de paletiza\u00e7\u00e3o: 2350w x 1300d x 1700h mm<\/p>\n<p>volume: 9,05 m\u00b3<\/p>","protected":false},"featured_media":550,"comment_status":"open","ping_status":"closed","template":"","meta":[],"product_cat":[28,25],"product_tag":[61,56,65,63,62,59,49,64],"class_list":{"0":"post-549","1":"product","2":"type-product","3":"status-publish","4":"has-post-thumbnail","6":"product_cat-four-seat-sound-proof-booth","7":"product_cat-office-booth","8":"product_tag-2l-soundproof-booth","9":"product_tag-4-person-booth","10":"product_tag-acoustic-insulation-booth","11":"product_tag-meeting-room-booth","12":"product_tag-office-booth","13":"product_tag-privacy-booth","14":"product_tag-soundproof-booth","15":"product_tag-soundproof-panel","17":"first","18":"instock","19":"shipping-taxable","20":"product-type-simple"},"_links":{"self":[{"href":"https:\/\/www.happy-cheerme.com\/pt_pt\/wp-json\/wp\/v2\/product\/549","targetHints":{"allow":["GET"]}}],"collection":[{"href":"https:\/\/www.happy-cheerme.com\/pt_pt\/wp-json\/wp\/v2\/product"}],"about":[{"href":"https:\/\/www.happy-cheerme.com\/pt_pt\/wp-json\/wp\/v2\/types\/product"}],"replies":[{"embeddable":true,"href":"https:\/\/www.happy-cheerme.com\/pt_pt\/wp-json\/wp\/v2\/comments?post=549"}],"version-history":[{"count":1,"href":"https:\/\/www.happy-cheerme.com\/pt_pt\/wp-json\/wp\/v2\/product\/549\/revisions"}],"predecessor-version":[{"id":655,"href":"https:\/\/www.happy-cheerme.com\/pt_pt\/wp-json\/wp\/v2\/product\/549\/revisions\/655"}],"wp:featuredmedia":[{"embeddable":true,"href":"https:\/\/www.happy-cheerme.com\/pt_pt\/wp-json\/wp\/v2\/media\/550"}],"wp:attachment":[{"href":"https:\/\/www.happy-cheerme.com\/pt_pt\/wp-json\/wp\/v2\/media?parent=549"}],"wp:term":[{"taxonomy":"product_cat","embeddable":true,"href":"https:\/\/www.happy-cheerme.com\/pt_pt\/wp-json\/wp\/v2\/product_cat?post=549"},{"taxonomy":"product_tag","embeddable":true,"href":"https:\/\/www.happy-cheerme.com\/pt_pt\/wp-json\/wp\/v2\/product_tag?post=549"}],"curies":[{"name":"wp","href":"https:\/\/api.w.org\/{rel}","templated":true}]}}