{"id":539,"date":"2024-12-26T20:51:01","date_gmt":"2024-12-26T12:51:01","guid":{"rendered":"https:\/\/qin.gg12.globaldeepsea.site\/?post_type=product&#038;p=539"},"modified":"2024-12-27T16:13:20","modified_gmt":"2024-12-27T08:13:20","slug":"sound-proof-booth-for-4-person-cm-p5l","status":"publish","type":"product","link":"https:\/\/www.happy-cheerme.com\/pt_pt\/product\/sound-proof-booth-for-4-person-cm-p5l\/","title":{"rendered":"Cabine \u00e0 prova de som para 4 pessoas-CM-P5L"},"content":{"rendered":"<h2>Especifica\u00e7\u00e3o de tamanho<\/h2>\n<p><img fetchpriority=\"high\" decoding=\"async\" class=\"alignnone wp-image-727\" src=\"http:\/\/qin.gg12.globaldeepsea.site\/wp-content\/uploads\/2024\/12\/6.jpg\" alt=\"\" width=\"697\" height=\"350\" srcset=\"https:\/\/www.happy-cheerme.com\/wp-content\/uploads\/2024\/12\/6.jpg 1389w, https:\/\/www.happy-cheerme.com\/wp-content\/uploads\/2024\/12\/6-300x151.jpg 300w, https:\/\/www.happy-cheerme.com\/wp-content\/uploads\/2024\/12\/6-1024x514.jpg 1024w, https:\/\/www.happy-cheerme.com\/wp-content\/uploads\/2024\/12\/6-768x385.jpg 768w, https:\/\/www.happy-cheerme.com\/wp-content\/uploads\/2024\/12\/6-600x301.jpg 600w\" sizes=\"(max-width: 697px) 100vw, 697px\" \/><img decoding=\"async\" class=\"wp-image-547 alignright\" src=\"http:\/\/qin.gg12.globaldeepsea.site\/wp-content\/uploads\/2024\/12\/size-9-300x243.webp\" alt=\"\" width=\"383\" height=\"310\" srcset=\"https:\/\/www.happy-cheerme.com\/wp-content\/uploads\/2024\/12\/size-9-300x243.webp 300w, https:\/\/www.happy-cheerme.com\/wp-content\/uploads\/2024\/12\/size-9-600x486.webp 600w, https:\/\/www.happy-cheerme.com\/wp-content\/uploads\/2024\/12\/size-9.webp 767w\" sizes=\"(max-width: 383px) 100vw, 383px\" \/><\/p>\n<h2>Material<\/h2>\n<table width=\"734\">\n<tbody>\n<tr>\n<td width=\"72\">Quadro<\/td>\n<td colspan=\"2\" width=\"144\">Allia de alum\u00ednio da avia\u00e7\u00e3o 6063<\/td>\n<\/tr>\n<tr>\n<td>Vidro<\/td>\n<td colspan=\"2\">Vidro temperado Ultra White de 10 mm, 4+4 de vidro laminado<\/td>\n<\/tr>\n<tr>\n<td>Parede<\/td>\n<td colspan=\"2\">6063 liga de alum\u00ednio da avia\u00e7\u00e3o + superf\u00edcie de a\u00e7o de 1,0 mm\/estofamento de gabriel + pacote ac\u00fastico + painel de poli\u00e9ster de 13 mm + tecido de redu\u00e7\u00e3o de ru\u00eddo G350<\/td>\n<\/tr>\n<tr>\n<td>Teto<\/td>\n<td colspan=\"2\">6063 liga de alum\u00ednio da avia\u00e7\u00e3o + superf\u00edcie de a\u00e7o de 1,0 mm + pacote ac\u00fastico + painel de poli\u00e9ster + tecido de redu\u00e7\u00e3o de ru\u00eddo G350<\/td>\n<\/tr>\n<tr>\n<td>Placa inferior<\/td>\n<td colspan=\"2\">E0 N\u00edvel 25 + 9mm de madeira compensada s\u00f3lida + faixa de borda de PVC preta + estrutura de a\u00e7o + 25 mm de ajuste + carpete de poli\u00e9ster<\/td>\n<\/tr>\n<tr>\n<td>Revestimento<\/td>\n<td colspan=\"2\">Pulveriza\u00e7\u00e3o eletrost\u00e1tica em p\u00f3 de tigre<\/td>\n<\/tr>\n<\/tbody>\n<\/table>\n<p><img decoding=\"async\" class=\"wp-image-548 size-full alignleft\" src=\"http:\/\/qin.gg12.globaldeepsea.site\/wp-content\/uploads\/2024\/12\/detail-4.webp\" alt=\"\" width=\"283\" height=\"258\" \/><\/p>\n<div>\n<p>&nbsp;<\/p>\n<p>&nbsp;<\/p>\n<p>Mob\u00edlia<\/p>\n<p>Sofa: W1800*D600.<\/p>\n<p>Power Configuration: 1 integrated socket (2 AC\u30011USB\u30011Type-c) AC 220V\uff0cUSB 5V3.1A.<\/p>\n<\/div>\n<h2><\/h2>\n<p>&nbsp;<\/p>\n<p>&nbsp;<\/p>\n<div>\n<h2>Configura\u00e7\u00e3o de par\u00e2metros<\/h2>\n<table style=\"height: 205px;\" width=\"571\">\n<tbody>\n<tr>\n<td width=\"161\">Consumo<\/td>\n<td colspan=\"2\" width=\"136\">60w, aparelhos el\u00e9tricos acordam menos de 1000w<\/td>\n<\/tr>\n<tr>\n<td>Luz do teto<\/td>\n<td colspan=\"2\">0 - 30W<\/td>\n<\/tr>\n<tr>\n<td>Ventilador de parede<\/td>\n<td colspan=\"2\">0.9W, 1500rpm *4<\/td>\n<\/tr>\n<tr>\n<td>Ventilador de teto<\/td>\n<td colspan=\"2\">2.4W, 1800rpm*4<\/td>\n<\/tr>\n<tr>\n<td>Ventila\u00e7\u00e3o<\/td>\n<td colspan=\"2\">6.27m\u00b3\/min, 221CFM, air change rate 52\/h<\/td>\n<\/tr>\n<tr>\n<td>Redu\u00e7\u00e3o de ru\u00eddo<\/td>\n<td colspan=\"2\">DS, um 28,5 dB (IS0 23351-1: 2020)<\/td>\n<\/tr>\n<\/tbody>\n<\/table>\n<h2>Nossos pontos fortes<\/h2>\n<div>\n<p>I. Projeto Modular: Modular para montagem r\u00e1pida, com seis componentes e montagem r\u00e1pida.<br \/>\nModular para reorganiza\u00e7\u00e3o: um se torna dois, dois se tornam mais; Modular para reorganiza\u00e7\u00e3o; Redefini\u00e7\u00e3o multifuncional.<\/p>\n<p>II.Nouse redu\u00e7\u00e3o: parede 45 dB; DS, um 28,5 dB quatro elementos de isolamento sonoro e redu\u00e7\u00e3o de ru\u00eddo. Desempenho de veda\u00e7\u00e3o de grau de fabrica\u00e7\u00e3o automotiva.<\/p>\n<p>III. Ventila\u00e7\u00e3o ideal: sistema de circula\u00e7\u00e3o de ar duplo suprimento de ar duplo e escape duplo de 1,5 minutos de ventila\u00e7\u00e3o de circula\u00e7\u00e3o interna volume de ventila\u00e7\u00e3o por minuto: 1,63\/m\u00b3; F\u00e3 de exaust\u00e3o ultra-quieto n\u00e3o combust\u00edvel: 100.000 h.<\/p>\n<p>IV. Projeto Humanizado: Luz macia: tr\u00eas segundos para iluminar+ Guia de luz infinitamente ajust\u00e1vel+ mitsubishi 50.000h sem mudan\u00e7a de cor; O fluxo luminoso m\u00e1ximo \u00e9 de 2700lm; A imita\u00e7\u00e3o da temperatura natural da cor da luz \u00e9 de 3500k.<\/p>\n<p>V.Sustainability: 100% materiais ecol\u00f3gicos para embalar o conceito de design ambientalmente sustent\u00e1vel. S\u00e3o eles: Gabriel Taber Tiger Powder Aviation Aluminium Alumin FSC Placa Certificada 3C Fibra de poli\u00e9ster reciclada com vidro temperado 3C.<\/p>\n<p>vi. intelig\u00eancia digital: podemos cumprir a an\u00e1lise inteligente de reservas, gerenciamento e libera\u00e7\u00e3o durante o hor\u00e1rio de trabalho. fornece uma base para a tomada de decis\u00e3o para redefinir espa\u00e7o.<br \/>\num. Selecione os tipos de espa\u00e7o (por exemplo, esta\u00e7\u00f5es de trabalho, salas de reuni\u00e3o, etc.) para an\u00e1lise.<br \/>\nb. Refine a parte do espa\u00e7o (por exemplo, departamento, parti\u00e7\u00e3o do piso) para analisar e comparar com outras pe\u00e7as.<br \/>\nc. Compreendendo os h\u00e1bitos de uso e a distribui\u00e7\u00e3o de diferentes espa\u00e7os, departamentos e \u00e1reas atrav\u00e9s de um mapa hier\u00e1rquico de calor.<br \/>\nd. Verificando se as configura\u00e7\u00f5es de espa\u00e7o s\u00e3o adequadas para o modelo de neg\u00f3cios por meio de pesquisa de l\u00edder e question\u00e1rio de funcion\u00e1rios.<\/p>\n<\/div>\n<\/div>","protected":false},"excerpt":{"rendered":"<p>External dimensions: W2200*D1970*H2280mm<\/p>\n<p>Internal dimensions: W2030*D1800(1950 is glass to glass)*H2130 mm<\/p>\n<p>Weight: 800kg<\/p>\n<p>Pallet dimensions: W2240*D1200*H810 x2 pallets(not included accessory box)<\/p>\n<p>Volume: 4.5 m\u00b3<\/p>\n<p>Dire\u00e7\u00e3o de abertura da porta; Porta mais perto: porta esquerda<\/p>","protected":false},"featured_media":540,"comment_status":"open","ping_status":"closed","template":"","meta":[],"product_cat":[28,25],"product_tag":[110,113,109,44,112,111,114,49],"class_list":{"0":"post-539","1":"product","2":"type-product","3":"status-publish","4":"has-post-thumbnail","6":"product_cat-four-seat-sound-proof-booth","7":"product_cat-office-booth","8":"product_tag-acoustic-enclosure","9":"product_tag-conference-room-pod","10":"product_tag-four-person-booth","11":"product_tag-noise-reduction-booth","12":"product_tag-office-privacy-pod","13":"product_tag-personal-meeting-pod","14":"product_tag-portable-soundproof-room","15":"product_tag-soundproof-booth","17":"first","18":"instock","19":"shipping-taxable","20":"product-type-simple"},"_links":{"self":[{"href":"https:\/\/www.happy-cheerme.com\/pt_pt\/wp-json\/wp\/v2\/product\/539","targetHints":{"allow":["GET"]}}],"collection":[{"href":"https:\/\/www.happy-cheerme.com\/pt_pt\/wp-json\/wp\/v2\/product"}],"about":[{"href":"https:\/\/www.happy-cheerme.com\/pt_pt\/wp-json\/wp\/v2\/types\/product"}],"replies":[{"embeddable":true,"href":"https:\/\/www.happy-cheerme.com\/pt_pt\/wp-json\/wp\/v2\/comments?post=539"}],"version-history":[{"count":1,"href":"https:\/\/www.happy-cheerme.com\/pt_pt\/wp-json\/wp\/v2\/product\/539\/revisions"}],"predecessor-version":[{"id":728,"href":"https:\/\/www.happy-cheerme.com\/pt_pt\/wp-json\/wp\/v2\/product\/539\/revisions\/728"}],"wp:featuredmedia":[{"embeddable":true,"href":"https:\/\/www.happy-cheerme.com\/pt_pt\/wp-json\/wp\/v2\/media\/540"}],"wp:attachment":[{"href":"https:\/\/www.happy-cheerme.com\/pt_pt\/wp-json\/wp\/v2\/media?parent=539"}],"wp:term":[{"taxonomy":"product_cat","embeddable":true,"href":"https:\/\/www.happy-cheerme.com\/pt_pt\/wp-json\/wp\/v2\/product_cat?post=539"},{"taxonomy":"product_tag","embeddable":true,"href":"https:\/\/www.happy-cheerme.com\/pt_pt\/wp-json\/wp\/v2\/product_tag?post=539"}],"curies":[{"name":"wp","href":"https:\/\/api.w.org\/{rel}","templated":true}]}}