{"id":469,"date":"2024-12-26T17:26:05","date_gmt":"2024-12-26T09:26:05","guid":{"rendered":"https:\/\/qin.gg12.globaldeepsea.site\/?post_type=product&#038;p=469"},"modified":"2024-12-27T16:51:40","modified_gmt":"2024-12-27T08:51:40","slug":"sound-proof-booth-for-single-person-cm-p1-5s","status":"publish","type":"product","link":"https:\/\/www.happy-cheerme.com\/pt_pt\/product\/sound-proof-booth-for-single-person-cm-p1-5s\/","title":{"rendered":"Cabine \u00e0 prova de som para uma pessoa \u00fanica-CM-P1.5s"},"content":{"rendered":"<h2>Especifica\u00e7\u00e3o de tamanho<\/h2>\n<p><img fetchpriority=\"high\" decoding=\"async\" class=\"alignnone wp-image-734\" src=\"http:\/\/qin.gg12.globaldeepsea.site\/wp-content\/uploads\/2024\/12\/12.jpg\" alt=\"\" width=\"695\" height=\"380\" srcset=\"https:\/\/www.happy-cheerme.com\/wp-content\/uploads\/2024\/12\/12.jpg 1263w, https:\/\/www.happy-cheerme.com\/wp-content\/uploads\/2024\/12\/12-300x164.jpg 300w, https:\/\/www.happy-cheerme.com\/wp-content\/uploads\/2024\/12\/12-1024x560.jpg 1024w, https:\/\/www.happy-cheerme.com\/wp-content\/uploads\/2024\/12\/12-768x420.jpg 768w, https:\/\/www.happy-cheerme.com\/wp-content\/uploads\/2024\/12\/12-600x328.jpg 600w\" sizes=\"(max-width: 695px) 100vw, 695px\" \/><img decoding=\"async\" class=\"alignright wp-image-480\" src=\"http:\/\/qin.gg12.globaldeepsea.site\/wp-content\/uploads\/2024\/12\/size-3-266x300.webp\" alt=\"\" width=\"337\" height=\"380\" srcset=\"https:\/\/www.happy-cheerme.com\/wp-content\/uploads\/2024\/12\/size-3-266x300.webp 266w, https:\/\/www.happy-cheerme.com\/wp-content\/uploads\/2024\/12\/size-3.webp 411w\" sizes=\"(max-width: 337px) 100vw, 337px\" \/><\/p>\n<h2>Material<\/h2>\n<table width=\"611\">\n<tbody>\n<tr>\n<td width=\"68\">Quadro<\/td>\n<td colspan=\"2\" width=\"136\">Allia de alum\u00ednio da avia\u00e7\u00e3o 6063<\/td>\n<\/tr>\n<tr>\n<td>Vidro<\/td>\n<td colspan=\"2\">Vidro temperado Ultra White de 10 mm, 4+4 de vidro laminado<\/td>\n<\/tr>\n<tr>\n<td>Parede<\/td>\n<td colspan=\"2\">6063 liga de alum\u00ednio da avia\u00e7\u00e3o + superf\u00edcie de a\u00e7o de 1,0 mm\/estofamento de gabriel + pacote ac\u00fastico + painel de poli\u00e9ster de 13 mm + tecido de redu\u00e7\u00e3o de ru\u00eddo G350<\/td>\n<\/tr>\n<tr>\n<td>Teto<\/td>\n<td colspan=\"2\">6063 liga de alum\u00ednio da avia\u00e7\u00e3o + superf\u00edcie de a\u00e7o de 1,0 mm + pacote ac\u00fastico + painel de poli\u00e9ster + tecido de redu\u00e7\u00e3o de ru\u00eddo G350<\/td>\n<\/tr>\n<tr>\n<td>Placa inferior<\/td>\n<td colspan=\"2\">e0 n\u00edvel 25 + 9mm de madeira compensada s\u00f3lida + faixa de borda de pvc preta + estrutura de a\u00e7o + 25 mm de ajuste + carpete de poli\u00e9ster<\/td>\n<\/tr>\n<tr>\n<td>Revestimento<\/td>\n<td colspan=\"2\">Pulveriza\u00e7\u00e3o eletrost\u00e1tica em p\u00f3 de tigre<\/td>\n<\/tr>\n<\/tbody>\n<\/table>\n<p><img decoding=\"async\" class=\"wp-image-479 alignleft\" src=\"http:\/\/qin.gg12.globaldeepsea.site\/wp-content\/uploads\/2024\/12\/detail.webp\" alt=\"\" width=\"302\" height=\"306\" srcset=\"https:\/\/www.happy-cheerme.com\/wp-content\/uploads\/2024\/12\/detail.webp 293w, https:\/\/www.happy-cheerme.com\/wp-content\/uploads\/2024\/12\/detail-100x100.webp 100w\" sizes=\"(max-width: 302px) 100vw, 302px\" \/><\/p>\n<div>\n<p>Mob\u00edlia<br \/>\nHeight-adjustable desk<br \/>\nW880*D450*H740-1150<br \/>\nColor: White MFC\/ wooden color Multilayer board\/ Yellow powder coating<\/p>\n<p>Configura\u00e7\u00e3o de energia<br \/>\n1 integrated socket \uff082 AC\u30011USB\u30011Type-c\uff09<br \/>\nAC 220V\uff0cUSB 5V 3.1A<\/p>\n<p>Functional wall panel<br \/>\nStandard: steel coating, same color as the external<br \/>\nOptional: wooden color<\/p>\n<\/div>\n<div>\n<h2><\/h2>\n<h2><\/h2>\n<\/div>\n<h2><\/h2>\n<p>&nbsp;<\/p>\n<div>\n<h2><\/h2>\n<h2>Configura\u00e7\u00e3o de par\u00e2metros<\/h2>\n<table width=\"622\">\n<tbody>\n<tr>\n<td width=\"228\">Consumo<\/td>\n<td colspan=\"2\" width=\"136\">40w, aparelhos el\u00e9tricos acordam menos de 1000w<\/td>\n<\/tr>\n<tr>\n<td>Luz do teto<\/td>\n<td colspan=\"2\">0 - 20w<\/td>\n<\/tr>\n<tr>\n<td>Ventilador de parede<\/td>\n<td colspan=\"2\">0,9w, 1500rpm *2<\/td>\n<\/tr>\n<tr>\n<td>Ventilador de teto<\/td>\n<td colspan=\"2\">1,92w, 2150rpm*2<\/td>\n<\/tr>\n<tr>\n<td>Ventila\u00e7\u00e3o<\/td>\n<td colspan=\"2\">1.68m\u00b3\/min, 59.3CFM, air change rate 46\/h<\/td>\n<\/tr>\n<tr>\n<td>Redu\u00e7\u00e3o de ru\u00eddo<\/td>\n<td colspan=\"2\">DS, um 28,5 dB (IS0 23351-1: 2020)<\/td>\n<\/tr>\n<\/tbody>\n<\/table>\n<h2>Nossos pontos fortes<\/h2>\n<div>\n<p>I. Projeto Modular: Modular para montagem r\u00e1pida, com seis componentes e montagem r\u00e1pida.<br \/>\nModular para reorganiza\u00e7\u00e3o: um se torna dois, dois se tornam mais; Modular para reorganiza\u00e7\u00e3o; Redefini\u00e7\u00e3o multifuncional.<\/p>\n<p>II.Nouse redu\u00e7\u00e3o: parede 45 dB; DS, um 28,5 dB quatro elementos de isolamento sonoro e redu\u00e7\u00e3o de ru\u00eddo. Desempenho de veda\u00e7\u00e3o de grau de fabrica\u00e7\u00e3o automotiva.<\/p>\n<p>III. Ventila\u00e7\u00e3o ideal: sistema de circula\u00e7\u00e3o de ar duplo suprimento de ar duplo e escape duplo de 1,5 minutos de ventila\u00e7\u00e3o de circula\u00e7\u00e3o interna volume de ventila\u00e7\u00e3o por minuto: 1,63\/m\u00b3; F\u00e3 de exaust\u00e3o ultra-quieto n\u00e3o combust\u00edvel: 100.000 h.<\/p>\n<p>IV. Projeto Humanizado: Luz macia: tr\u00eas segundos para iluminar+ Guia de luz infinitamente ajust\u00e1vel+ mitsubishi 50.000h sem mudan\u00e7a de cor; O fluxo luminoso m\u00e1ximo \u00e9 de 2700lm; A imita\u00e7\u00e3o da temperatura natural da cor da luz \u00e9 de 3500k.<\/p>\n<p>V.Sustainability: 100% materiais ecol\u00f3gicos para embalar o conceito de design ambientalmente sustent\u00e1vel. S\u00e3o eles: Gabriel Taber Tiger Powder Aviation Aluminium Alumin FSC Placa Certificada 3C Fibra de poli\u00e9ster reciclada com vidro temperado 3C.<\/p>\n<p>vi. intelig\u00eancia digital: podemos cumprir a an\u00e1lise inteligente de reservas, gerenciamento e libera\u00e7\u00e3o durante o hor\u00e1rio de trabalho. fornece uma base para a tomada de decis\u00e3o para redefinir espa\u00e7o.<br \/>\num. Selecione os tipos de espa\u00e7o (por exemplo, esta\u00e7\u00f5es de trabalho, salas de reuni\u00e3o, etc.) para an\u00e1lise.<br \/>\nb. Refine a parte do espa\u00e7o (por exemplo, departamento, parti\u00e7\u00e3o do piso) para analisar e comparar com outras pe\u00e7as.<br \/>\nc. Compreendendo os h\u00e1bitos de uso e a distribui\u00e7\u00e3o de diferentes espa\u00e7os, departamentos e \u00e1reas atrav\u00e9s de um mapa hier\u00e1rquico de calor.<br \/>\nd. Verificando se as configura\u00e7\u00f5es de espa\u00e7o s\u00e3o adequadas para o modelo de neg\u00f3cios por meio de pesquisa de l\u00edder e question\u00e1rio de funcion\u00e1rios.<\/p>\n<\/div>\n<\/div>","protected":false},"excerpt":{"rendered":"<p>External dimensions: W1320*D1070*H2280mm<\/p>\n<p>Internal dimensions: W1150*D900*H2130 mm<\/p>\n<p>Weight: 350kg<\/p>\n<p>Pallet dimensions: W2190*D1200*H925\uff08not included accessory box\uff09<\/p>\n<p>Volume: 2.5m\u00b3<\/p>\n<p>Door opening direction Door closer: Right door<\/p>","protected":false},"featured_media":481,"comment_status":"open","ping_status":"closed","template":"","meta":[],"product_cat":[25,26],"product_tag":[128,127,131,130,126,132,49,129],"class_list":{"0":"post-469","1":"product","2":"type-product","3":"status-publish","4":"has-post-thumbnail","6":"product_cat-office-booth","7":"product_cat-single-person-sound-proof-booth","8":"product_tag-noise-reduction-pod","9":"product_tag-personal-soundproof-enclosure","10":"product_tag-private-sound-reduction-cabin","11":"product_tag-quiet-workspace-pod","12":"product_tag-single-person-sound-isolation-booth","13":"product_tag-solo-acoustic-isolation-booth","14":"product_tag-soundproof-booth","15":"product_tag-vocal-isolation-chamber","17":"first","18":"instock","19":"shipping-taxable","20":"product-type-simple"},"_links":{"self":[{"href":"https:\/\/www.happy-cheerme.com\/pt_pt\/wp-json\/wp\/v2\/product\/469","targetHints":{"allow":["GET"]}}],"collection":[{"href":"https:\/\/www.happy-cheerme.com\/pt_pt\/wp-json\/wp\/v2\/product"}],"about":[{"href":"https:\/\/www.happy-cheerme.com\/pt_pt\/wp-json\/wp\/v2\/types\/product"}],"replies":[{"embeddable":true,"href":"https:\/\/www.happy-cheerme.com\/pt_pt\/wp-json\/wp\/v2\/comments?post=469"}],"version-history":[{"count":0,"href":"https:\/\/www.happy-cheerme.com\/pt_pt\/wp-json\/wp\/v2\/product\/469\/revisions"}],"wp:featuredmedia":[{"embeddable":true,"href":"https:\/\/www.happy-cheerme.com\/pt_pt\/wp-json\/wp\/v2\/media\/481"}],"wp:attachment":[{"href":"https:\/\/www.happy-cheerme.com\/pt_pt\/wp-json\/wp\/v2\/media?parent=469"}],"wp:term":[{"taxonomy":"product_cat","embeddable":true,"href":"https:\/\/www.happy-cheerme.com\/pt_pt\/wp-json\/wp\/v2\/product_cat?post=469"},{"taxonomy":"product_tag","embeddable":true,"href":"https:\/\/www.happy-cheerme.com\/pt_pt\/wp-json\/wp\/v2\/product_tag?post=469"}],"curies":[{"name":"wp","href":"https:\/\/api.w.org\/{rel}","templated":true}]}}