{"id":456,"date":"2024-12-26T16:58:59","date_gmt":"2024-12-26T08:58:59","guid":{"rendered":"https:\/\/qin.gg12.globaldeepsea.site\/?post_type=product&#038;p=456"},"modified":"2024-12-27T16:57:12","modified_gmt":"2024-12-27T08:57:12","slug":"sound-proof-booth-for-single-person-cm-qs","status":"publish","type":"product","link":"https:\/\/www.happy-cheerme.com\/pt_pt\/product\/sound-proof-booth-for-single-person-cm-qs\/","title":{"rendered":"Cabine \u00e0 prova de som para pessoa \u00fanica-CM-Qs"},"content":{"rendered":"<h2>Especifica\u00e7\u00e3o de tamanho<\/h2>\n<p><img fetchpriority=\"high\" decoding=\"async\" class=\"alignnone wp-image-735\" src=\"http:\/\/qin.gg12.globaldeepsea.site\/wp-content\/uploads\/2024\/12\/13.jpg\" alt=\"\" width=\"634\" height=\"380\" srcset=\"https:\/\/www.happy-cheerme.com\/wp-content\/uploads\/2024\/12\/13.jpg 910w, https:\/\/www.happy-cheerme.com\/wp-content\/uploads\/2024\/12\/13-300x180.jpg 300w, https:\/\/www.happy-cheerme.com\/wp-content\/uploads\/2024\/12\/13-768x460.jpg 768w, https:\/\/www.happy-cheerme.com\/wp-content\/uploads\/2024\/12\/13-600x359.jpg 600w\" sizes=\"(max-width: 634px) 100vw, 634px\" \/><img decoding=\"async\" class=\"wp-image-468 alignright\" src=\"http:\/\/qin.gg12.globaldeepsea.site\/wp-content\/uploads\/2024\/12\/size-204x300.webp\" alt=\"\" width=\"258\" height=\"380\" srcset=\"https:\/\/www.happy-cheerme.com\/wp-content\/uploads\/2024\/12\/size-204x300.webp 204w, https:\/\/www.happy-cheerme.com\/wp-content\/uploads\/2024\/12\/size.webp 588w\" sizes=\"(max-width: 258px) 100vw, 258px\" \/><\/p>\n<h2>Descri\u00e7\u00e3o<\/h2>\n<div>\n<p>1. 1,5-2,5 mm de espessura de alum\u00ednio + 10mm de vidro temperado de alta resist\u00eancia + material absorvente de som e material \u00e0 prova de som com uma prancha de prote\u00e7\u00e3o do ambiente de 9 + 12 mm.<\/p>\n<p>2. Film de exaust\u00e3o ultrafino e ultra-sincero*2 + teoria do PD TIPE DE CIRCULA\u00c7\u00c3O DE AR AROMENTO DO PATH LONGO.<\/p>\n<p>3. Ru\u00eddo: &lt;35 dB; Velocidade: 750 rpm; Ventila\u00e7\u00e3o do ventilador volume: 89cfm; Ventila\u00e7\u00e3o m\u00e9dia 1 10m3\/h.<\/p>\n<p>4. Incluindo tapete anti-est\u00e1tico e anti-deslizamento de loop baixo.<\/p>\n<p>5. Luz natural integrada de 2500 ~ 6000k (luz de temperatura de tr\u00eas cores*1) 100-240V\/50-60Hz Fonte de alimenta\u00e7\u00e3o.<\/p>\n<p>6. Soquete*1, interruptor de duas posi\u00e7\u00f5es*1, interface de rede*1 Painel de soquete da porta USB est\u00e1 dispon\u00edvel.<\/p>\n<p>7. Controle de comuta\u00e7\u00e3o de luz e escape separadamente.<\/p>\n<p>8. A\u00e7o fixo de p\u00e9s fixo + roda universal.<\/p>\n<p>9. Price include the folded tabletop.<\/p>\n<\/div>\n<div>\n<h2>Features And Strength<\/h2>\n<div>\n<p>i.Main Material:High strength aluminum profile,Sound insulation glass,Polyester fiber sound-absorbing board and environmental protection plywood.<\/p>\n<p>ii.SOUNDPROOF &amp; SOUND INSULATION: The wall of the office pods is composed of sound-absorbing cotton + environmentally friendly plywood (hollow structure) and 10mm thick soundproof tempered glass. The sound insulation and noise reduction index meets the design expectations.<\/p>\n<p>iii.ventilated: Cada c\u00e1psula de escrit\u00f3rio \u00e9 projetada com um sistema de ar fresco de baixo ru\u00eddo de baixo ru\u00eddo do tipo labirinto, composto por um ventilador de exaust\u00e3o de ar fresco ultrafino + unham-se, e apenas o duto de circula\u00e7\u00e3o de ar para a prova de ar.<\/p>\n<p>iv.LIGHTING:The cabin is equipped with 3000K-6000k three-color temperature adjustable LED ceiling lights, which can basically meet the needs of cabin lighting.<\/p>\n<p>v.100-240V POWER: Every office pods is equipped with 100-240V\/50-60Hz.<\/p>\n<p>and 12V-USB power supply system, which can easily meet the use of mainstream electric appliances in life.<\/p>\n<p>vi.EASY TO MOVE: The lightweight nature of the office pods allows you to easily move them anywhere your office needs them.<\/p>\n<p>vii.EASY TO ASSEMBLE: We designed our office pods to be easily assembled with a team of 1-3people with just a power drill and a ladder.<\/p>\n<\/div>\n<\/div>","protected":false},"excerpt":{"rendered":"<p>External demensions: W1000*D900*H2348.5 mm<\/p>\n<p>Internal demensions: W870*D866*H2128 mm<\/p>\n<p>Weight -G.W.\/N.W: 300kg\/255kg<\/p>\n<p>Palletizing demensions: W2230*D850*H1200 mm<\/p>\n<p>Volume: 1.6m\u00b3<\/p>","protected":false},"featured_media":460,"comment_status":"open","ping_status":"closed","template":"","meta":[],"product_cat":[25,26],"product_tag":[42,44,134,135,133,101,49,136],"class_list":{"0":"post-456","1":"product","2":"type-product","3":"status-publish","4":"has-post-thumbnail","6":"product_cat-office-booth","7":"product_cat-single-person-sound-proof-booth","8":"product_tag-acoustic-isolation-booth","9":"product_tag-noise-reduction-booth","10":"product_tag-personal-recording-booth","11":"product_tag-portable-soundproof-booth","12":"product_tag-s-series-booth","13":"product_tag-single-person-booth","14":"product_tag-soundproof-booth","15":"product_tag-vocal-isolation-booth","17":"first","18":"instock","19":"shipping-taxable","20":"product-type-simple"},"_links":{"self":[{"href":"https:\/\/www.happy-cheerme.com\/pt_pt\/wp-json\/wp\/v2\/product\/456","targetHints":{"allow":["GET"]}}],"collection":[{"href":"https:\/\/www.happy-cheerme.com\/pt_pt\/wp-json\/wp\/v2\/product"}],"about":[{"href":"https:\/\/www.happy-cheerme.com\/pt_pt\/wp-json\/wp\/v2\/types\/product"}],"replies":[{"embeddable":true,"href":"https:\/\/www.happy-cheerme.com\/pt_pt\/wp-json\/wp\/v2\/comments?post=456"}],"version-history":[{"count":1,"href":"https:\/\/www.happy-cheerme.com\/pt_pt\/wp-json\/wp\/v2\/product\/456\/revisions"}],"predecessor-version":[{"id":467,"href":"https:\/\/www.happy-cheerme.com\/pt_pt\/wp-json\/wp\/v2\/product\/456\/revisions\/467"}],"wp:featuredmedia":[{"embeddable":true,"href":"https:\/\/www.happy-cheerme.com\/pt_pt\/wp-json\/wp\/v2\/media\/460"}],"wp:attachment":[{"href":"https:\/\/www.happy-cheerme.com\/pt_pt\/wp-json\/wp\/v2\/media?parent=456"}],"wp:term":[{"taxonomy":"product_cat","embeddable":true,"href":"https:\/\/www.happy-cheerme.com\/pt_pt\/wp-json\/wp\/v2\/product_cat?post=456"},{"taxonomy":"product_tag","embeddable":true,"href":"https:\/\/www.happy-cheerme.com\/pt_pt\/wp-json\/wp\/v2\/product_tag?post=456"}],"curies":[{"name":"wp","href":"https:\/\/api.w.org\/{rel}","templated":true}]}}