{"id":578,"date":"2024-12-26T21:40:36","date_gmt":"2024-12-26T13:40:36","guid":{"rendered":"https:\/\/qin.gg12.globaldeepsea.site\/?post_type=product&#038;p=578"},"modified":"2024-12-27T10:43:20","modified_gmt":"2024-12-27T02:43:20","slug":"the-blue-whale-prefab-house","status":"publish","type":"product","link":"https:\/\/www.happy-cheerme.com\/pt\/product\/the-blue-whale-prefab-house\/","title":{"rendered":"A casa pr\u00e9 -fabrica de baleia azul"},"content":{"rendered":"<div>\n<p>Nossa filosofia de design abrange a inova\u00e7\u00e3o tecnol\u00f3gica e a sensibilidade ecol\u00f3gica, garantindo que cada casa de pr\u00e9 -fabrica\u00e7\u00e3o de baleias azuis n\u00e3o apenas ofere\u00e7a uma experi\u00eancia de vida premium, mas tamb\u00e9m contribua positivamente para o meio ambiente. O uso de materiais sustent\u00e1veis e projetos com efici\u00eancia energ\u00e9tica ressalta nosso compromisso com as pr\u00e1ticas de constru\u00e7\u00e3o verde e ajuda a reduzir o impacto ecol\u00f3gico.<\/p>\n<p>Al\u00e9m disso, o Blue Whale Prefab House \u00e9 vers\u00e1til em suas aplica\u00e7\u00f5es em v\u00e1rios setores. \u00c9 uma escolha ideal para melhorar as atra\u00e7\u00f5es tur\u00edsticas, enriquecer acomoda\u00e7\u00f5es de hot\u00e9is, atualizar os acampamentos e melhorar as infraestruturas de servi\u00e7o p\u00fablico. Ao introduzir esses edif\u00edcios m\u00f3veis inteligentes em pontos c\u00eanicos, ajudamos na eleva\u00e7\u00e3o de novos empreendimentos de turismo rural e apoiamos a expans\u00e3o de modelos de neg\u00f3cios inovadores nos setores de homestay e hospitalidade.<\/p>\n<p>Nosso compromisso se estende al\u00e9m de meras realiza\u00e7\u00f5es arquitet\u00f4nicas; Somos dedicados a promover o desenvolvimento de novos formatos de neg\u00f3cios sustent\u00e1veis, lucrativos e ambientalmente respons\u00e1veis. A Blue Whale Prefab House \u00e9 mais do que apenas um espa\u00e7o de vida - \u00e9 um movimento em dire\u00e7\u00e3o a solu\u00e7\u00f5es de constru\u00e7\u00e3o mais inteligentes, verdes e adapt\u00e1veis para o futuro. Com isso, pretendemos revolucionar como os espa\u00e7os de vida s\u00e3o percebidos e utilizados, promovendo uma rela\u00e7\u00e3o mais saud\u00e1vel entre a habita\u00e7\u00e3o humana e o mundo natural ao nosso redor.<\/p>\n<\/div>\n<div><img fetchpriority=\"high\" decoding=\"async\" class=\"alignnone wp-image-584 size-full\" src=\"http:\/\/qin.gg12.globaldeepsea.site\/wp-content\/uploads\/2024\/12\/1-2.webp\" alt=\"\" width=\"557\" height=\"314\" srcset=\"https:\/\/www.happy-cheerme.com\/wp-content\/uploads\/2024\/12\/1-2.webp 557w, https:\/\/www.happy-cheerme.com\/wp-content\/uploads\/2024\/12\/1-2-300x169.webp 300w\" sizes=\"(max-width: 557px) 100vw, 557px\" \/> <img decoding=\"async\" class=\"alignnone wp-image-585 size-full\" src=\"http:\/\/qin.gg12.globaldeepsea.site\/wp-content\/uploads\/2024\/12\/2-2.webp\" alt=\"\" width=\"556\" height=\"313\" srcset=\"https:\/\/www.happy-cheerme.com\/wp-content\/uploads\/2024\/12\/2-2.webp 556w, https:\/\/www.happy-cheerme.com\/wp-content\/uploads\/2024\/12\/2-2-300x169.webp 300w\" sizes=\"(max-width: 556px) 100vw, 556px\" \/><\/div>\n<div>\n<h2>C\u00e1psula espacial pr\u00e9-fabricada c\u00e1psula para 2 pessoas sem varanda- S5<\/h2>\n<h2><img decoding=\"async\" class=\"alignnone wp-image-586\" src=\"http:\/\/qin.gg12.globaldeepsea.site\/wp-content\/uploads\/2024\/12\/2-1-1-300x179.webp\" alt=\"\" width=\"370\" height=\"220\" srcset=\"https:\/\/www.happy-cheerme.com\/wp-content\/uploads\/2024\/12\/2-1-1-300x179.webp 300w, https:\/\/www.happy-cheerme.com\/wp-content\/uploads\/2024\/12\/2-1-1-600x358.webp 600w, https:\/\/www.happy-cheerme.com\/wp-content\/uploads\/2024\/12\/2-1-1.webp 673w\" sizes=\"(max-width: 370px) 100vw, 370px\" \/> <img loading=\"lazy\" decoding=\"async\" class=\"alignnone wp-image-587\" src=\"http:\/\/qin.gg12.globaldeepsea.site\/wp-content\/uploads\/2024\/12\/2-2-1-300x179.webp\" alt=\"\" width=\"370\" height=\"220\" srcset=\"https:\/\/www.happy-cheerme.com\/wp-content\/uploads\/2024\/12\/2-2-1-300x179.webp 300w, https:\/\/www.happy-cheerme.com\/wp-content\/uploads\/2024\/12\/2-2-1.webp 588w\" sizes=\"(max-width: 370px) 100vw, 370px\" \/> <img loading=\"lazy\" decoding=\"async\" class=\"alignnone wp-image-588\" src=\"http:\/\/qin.gg12.globaldeepsea.site\/wp-content\/uploads\/2024\/12\/2-3-300x178.webp\" alt=\"\" width=\"370\" height=\"220\" srcset=\"https:\/\/www.happy-cheerme.com\/wp-content\/uploads\/2024\/12\/2-3-300x178.webp 300w, https:\/\/www.happy-cheerme.com\/wp-content\/uploads\/2024\/12\/2-3.webp 571w\" sizes=\"(max-width: 370px) 100vw, 370px\" \/><\/h2>\n<h2><img loading=\"lazy\" decoding=\"async\" class=\"alignnone wp-image-589\" src=\"http:\/\/qin.gg12.globaldeepsea.site\/wp-content\/uploads\/2024\/12\/2-4-1024x609.webp\" alt=\"\" width=\"560\" height=\"333\" srcset=\"https:\/\/www.happy-cheerme.com\/wp-content\/uploads\/2024\/12\/2-4-1024x609.webp 1024w, https:\/\/www.happy-cheerme.com\/wp-content\/uploads\/2024\/12\/2-4-300x178.webp 300w, https:\/\/www.happy-cheerme.com\/wp-content\/uploads\/2024\/12\/2-4-768x457.webp 768w, https:\/\/www.happy-cheerme.com\/wp-content\/uploads\/2024\/12\/2-4-600x357.webp 600w, https:\/\/www.happy-cheerme.com\/wp-content\/uploads\/2024\/12\/2-4.webp 1375w\" sizes=\"(max-width: 560px) 100vw, 560px\" \/> <img loading=\"lazy\" decoding=\"async\" class=\"alignnone wp-image-590\" src=\"http:\/\/qin.gg12.globaldeepsea.site\/wp-content\/uploads\/2024\/12\/2-5.webp\" alt=\"\" width=\"560\" height=\"333\" srcset=\"https:\/\/www.happy-cheerme.com\/wp-content\/uploads\/2024\/12\/2-5.webp 722w, https:\/\/www.happy-cheerme.com\/wp-content\/uploads\/2024\/12\/2-5-300x178.webp 300w, https:\/\/www.happy-cheerme.com\/wp-content\/uploads\/2024\/12\/2-5-600x357.webp 600w\" sizes=\"(max-width: 560px) 100vw, 560px\" \/><\/h2>\n<div>Tamanho (m): 8.6 (l)*3.2 (w)*3.4 (h),<\/div>\n<div>\u00c1rea de constru\u00e7\u00e3o: 27.5\u33a1,<\/div>\n<div>Peso do produto: 5,5-6 toneladas<\/div>\n<div>N\u00famero de usos: 2 pessoas<\/div>\n<div>\n<h2>C\u00e1psula espacial pr\u00e9-fabricada c\u00e1psula para 2 pessoas sem varanda- S7<\/h2>\n<p><img loading=\"lazy\" decoding=\"async\" class=\"alignnone wp-image-591\" src=\"http:\/\/qin.gg12.globaldeepsea.site\/wp-content\/uploads\/2024\/12\/3-1-1-300x179.webp\" alt=\"\" width=\"370\" height=\"221\" srcset=\"https:\/\/www.happy-cheerme.com\/wp-content\/uploads\/2024\/12\/3-1-1-300x179.webp 300w, https:\/\/www.happy-cheerme.com\/wp-content\/uploads\/2024\/12\/3-1-1-600x358.webp 600w, https:\/\/www.happy-cheerme.com\/wp-content\/uploads\/2024\/12\/3-1-1.webp 681w\" sizes=\"(max-width: 370px) 100vw, 370px\" \/> <img loading=\"lazy\" decoding=\"async\" class=\"alignnone wp-image-592\" src=\"http:\/\/qin.gg12.globaldeepsea.site\/wp-content\/uploads\/2024\/12\/3-2-300x178.webp\" alt=\"\" width=\"370\" height=\"220\" srcset=\"https:\/\/www.happy-cheerme.com\/wp-content\/uploads\/2024\/12\/3-2-300x178.webp 300w, https:\/\/www.happy-cheerme.com\/wp-content\/uploads\/2024\/12\/3-2.webp 543w\" sizes=\"(max-width: 370px) 100vw, 370px\" \/> <img loading=\"lazy\" decoding=\"async\" class=\"alignnone wp-image-593\" src=\"http:\/\/qin.gg12.globaldeepsea.site\/wp-content\/uploads\/2024\/12\/3-3-300x179.webp\" alt=\"\" width=\"370\" height=\"220\" srcset=\"https:\/\/www.happy-cheerme.com\/wp-content\/uploads\/2024\/12\/3-3-300x179.webp 300w, https:\/\/www.happy-cheerme.com\/wp-content\/uploads\/2024\/12\/3-3.webp 502w\" sizes=\"(max-width: 370px) 100vw, 370px\" \/><\/p>\n<p><img loading=\"lazy\" decoding=\"async\" class=\"alignnone wp-image-594\" src=\"http:\/\/qin.gg12.globaldeepsea.site\/wp-content\/uploads\/2024\/12\/3-4-300x179.webp\" alt=\"\" width=\"560\" height=\"334\" srcset=\"https:\/\/www.happy-cheerme.com\/wp-content\/uploads\/2024\/12\/3-4-300x179.webp 300w, https:\/\/www.happy-cheerme.com\/wp-content\/uploads\/2024\/12\/3-4-600x358.webp 600w, https:\/\/www.happy-cheerme.com\/wp-content\/uploads\/2024\/12\/3-4.webp 746w\" sizes=\"(max-width: 560px) 100vw, 560px\" \/> <img loading=\"lazy\" decoding=\"async\" class=\"alignnone wp-image-595\" src=\"http:\/\/qin.gg12.globaldeepsea.site\/wp-content\/uploads\/2024\/12\/3-5-300x178.webp\" alt=\"\" width=\"560\" height=\"333\" srcset=\"https:\/\/www.happy-cheerme.com\/wp-content\/uploads\/2024\/12\/3-5-300x178.webp 300w, https:\/\/www.happy-cheerme.com\/wp-content\/uploads\/2024\/12\/3-5-600x357.webp 600w, https:\/\/www.happy-cheerme.com\/wp-content\/uploads\/2024\/12\/3-5.webp 708w\" sizes=\"(max-width: 560px) 100vw, 560px\" \/><\/p>\n<div>Tamanho (m): 8.6 (l)*3.2 (w)*3.4 (h),<\/div>\n<div>\u00c1rea de constru\u00e7\u00e3o: 27.5\u33a1,<\/div>\n<div>Peso do produto: 5,5-6 toneladas<\/div>\n<div>\n<p>N\u00famero de usos: 2 pessoas<\/p>\n<div>\n<h2>C\u00e1psula espacial pr\u00e9-fabricada c\u00e1psula para 4 pessoas sem varanda- S9<\/h2>\n<p><img loading=\"lazy\" decoding=\"async\" class=\"alignnone wp-image-596\" src=\"http:\/\/qin.gg12.globaldeepsea.site\/wp-content\/uploads\/2024\/12\/4-1-300x178.webp\" alt=\"\" width=\"370\" height=\"220\" srcset=\"https:\/\/www.happy-cheerme.com\/wp-content\/uploads\/2024\/12\/4-1-300x178.webp 300w, https:\/\/www.happy-cheerme.com\/wp-content\/uploads\/2024\/12\/4-1-600x357.webp 600w, https:\/\/www.happy-cheerme.com\/wp-content\/uploads\/2024\/12\/4-1.webp 710w\" sizes=\"(max-width: 370px) 100vw, 370px\" \/> <img loading=\"lazy\" decoding=\"async\" class=\"alignnone wp-image-597\" src=\"http:\/\/qin.gg12.globaldeepsea.site\/wp-content\/uploads\/2024\/12\/4-2-300x179.webp\" alt=\"\" width=\"370\" height=\"220\" srcset=\"https:\/\/www.happy-cheerme.com\/wp-content\/uploads\/2024\/12\/4-2-300x179.webp 300w, https:\/\/www.happy-cheerme.com\/wp-content\/uploads\/2024\/12\/4-2.webp 549w\" sizes=\"(max-width: 370px) 100vw, 370px\" \/> <img loading=\"lazy\" decoding=\"async\" class=\"alignnone wp-image-598\" src=\"http:\/\/qin.gg12.globaldeepsea.site\/wp-content\/uploads\/2024\/12\/4-3-300x179.webp\" alt=\"\" width=\"370\" height=\"221\" srcset=\"https:\/\/www.happy-cheerme.com\/wp-content\/uploads\/2024\/12\/4-3-300x179.webp 300w, https:\/\/www.happy-cheerme.com\/wp-content\/uploads\/2024\/12\/4-3.webp 511w\" sizes=\"(max-width: 370px) 100vw, 370px\" \/><\/p>\n<p><img loading=\"lazy\" decoding=\"async\" class=\"alignnone wp-image-599\" src=\"http:\/\/qin.gg12.globaldeepsea.site\/wp-content\/uploads\/2024\/12\/4-4-300x178.webp\" alt=\"\" width=\"560\" height=\"333\" srcset=\"https:\/\/www.happy-cheerme.com\/wp-content\/uploads\/2024\/12\/4-4-300x178.webp 300w, https:\/\/www.happy-cheerme.com\/wp-content\/uploads\/2024\/12\/4-4-768x457.webp 768w, https:\/\/www.happy-cheerme.com\/wp-content\/uploads\/2024\/12\/4-4-600x357.webp 600w, https:\/\/www.happy-cheerme.com\/wp-content\/uploads\/2024\/12\/4-4.webp 990w\" sizes=\"(max-width: 560px) 100vw, 560px\" \/> <img loading=\"lazy\" decoding=\"async\" class=\"alignnone wp-image-600\" src=\"http:\/\/qin.gg12.globaldeepsea.site\/wp-content\/uploads\/2024\/12\/4-5-300x179.webp\" alt=\"\" width=\"560\" height=\"333\" srcset=\"https:\/\/www.happy-cheerme.com\/wp-content\/uploads\/2024\/12\/4-5-300x179.webp 300w, https:\/\/www.happy-cheerme.com\/wp-content\/uploads\/2024\/12\/4-5-1024x610.webp 1024w, https:\/\/www.happy-cheerme.com\/wp-content\/uploads\/2024\/12\/4-5-768x457.webp 768w, https:\/\/www.happy-cheerme.com\/wp-content\/uploads\/2024\/12\/4-5-600x357.webp 600w, https:\/\/www.happy-cheerme.com\/wp-content\/uploads\/2024\/12\/4-5.webp 1265w\" sizes=\"(max-width: 560px) 100vw, 560px\" \/><\/p>\n<div>tamanho (m): 11.5 (l)*3.2 (w)*3.4 (h),<\/div>\n<div>\u00c1rea de constru\u00e7\u00e3o: 36.8\u33a1,<\/div>\n<div>Peso do produto: 10.5-11 toneladas<\/div>\n<div>N\u00famero de usos: 4 pessoas<\/div>\n<div>\n<h2>C\u00e1psula espacial pr\u00e9 -fabricada c\u00e1psula de c\u00e1psula para 4 pessoas sem varanda - S12<\/h2>\n<p><img loading=\"lazy\" decoding=\"async\" class=\"alignnone wp-image-606\" src=\"http:\/\/qin.gg12.globaldeepsea.site\/wp-content\/uploads\/2024\/12\/5-1-1-300x179.webp\" alt=\"\" width=\"370\" height=\"220\" srcset=\"https:\/\/www.happy-cheerme.com\/wp-content\/uploads\/2024\/12\/5-1-1-300x179.webp 300w, https:\/\/www.happy-cheerme.com\/wp-content\/uploads\/2024\/12\/5-1-1-600x357.webp 600w, https:\/\/www.happy-cheerme.com\/wp-content\/uploads\/2024\/12\/5-1-1.webp 744w\" sizes=\"(max-width: 370px) 100vw, 370px\" \/> <img loading=\"lazy\" decoding=\"async\" class=\"alignnone wp-image-607\" src=\"http:\/\/qin.gg12.globaldeepsea.site\/wp-content\/uploads\/2024\/12\/5-2-1-300x179.webp\" alt=\"\" width=\"370\" height=\"221\" srcset=\"https:\/\/www.happy-cheerme.com\/wp-content\/uploads\/2024\/12\/5-2-1-300x179.webp 300w, https:\/\/www.happy-cheerme.com\/wp-content\/uploads\/2024\/12\/5-2-1-600x358.webp 600w, https:\/\/www.happy-cheerme.com\/wp-content\/uploads\/2024\/12\/5-2-1.webp 632w\" sizes=\"(max-width: 370px) 100vw, 370px\" \/> <img loading=\"lazy\" decoding=\"async\" class=\"alignnone wp-image-608\" src=\"http:\/\/qin.gg12.globaldeepsea.site\/wp-content\/uploads\/2024\/12\/5-3-1-300x179.webp\" alt=\"\" width=\"370\" height=\"220\" srcset=\"https:\/\/www.happy-cheerme.com\/wp-content\/uploads\/2024\/12\/5-3-1-300x179.webp 300w, https:\/\/www.happy-cheerme.com\/wp-content\/uploads\/2024\/12\/5-3-1-600x357.webp 600w, https:\/\/www.happy-cheerme.com\/wp-content\/uploads\/2024\/12\/5-3-1.webp 606w\" sizes=\"(max-width: 370px) 100vw, 370px\" \/><\/p>\n<p><img loading=\"lazy\" decoding=\"async\" class=\"alignnone wp-image-609\" src=\"http:\/\/qin.gg12.globaldeepsea.site\/wp-content\/uploads\/2024\/12\/5-4-1-300x178.webp\" alt=\"\" width=\"560\" height=\"333\" srcset=\"https:\/\/www.happy-cheerme.com\/wp-content\/uploads\/2024\/12\/5-4-1-300x178.webp 300w, https:\/\/www.happy-cheerme.com\/wp-content\/uploads\/2024\/12\/5-4-1.webp 495w\" sizes=\"(max-width: 560px) 100vw, 560px\" \/> <img loading=\"lazy\" decoding=\"async\" class=\"alignnone wp-image-610\" src=\"http:\/\/qin.gg12.globaldeepsea.site\/wp-content\/uploads\/2024\/12\/5-5-1-300x179.webp\" alt=\"\" width=\"560\" height=\"333\" srcset=\"https:\/\/www.happy-cheerme.com\/wp-content\/uploads\/2024\/12\/5-5-1-300x179.webp 300w, https:\/\/www.happy-cheerme.com\/wp-content\/uploads\/2024\/12\/5-5-1-1024x610.webp 1024w, https:\/\/www.happy-cheerme.com\/wp-content\/uploads\/2024\/12\/5-5-1-768x457.webp 768w, https:\/\/www.happy-cheerme.com\/wp-content\/uploads\/2024\/12\/5-5-1-600x357.webp 600w, https:\/\/www.happy-cheerme.com\/wp-content\/uploads\/2024\/12\/5-5-1.webp 1265w\" sizes=\"(max-width: 560px) 100vw, 560px\" \/><\/p>\n<div>tamanho (m): 11.5 (l)*3.2 (w)*3.4 (h),<\/div>\n<div>\u00c1rea de constru\u00e7\u00e3o: 36.8\u33a1,<\/div>\n<div>Peso do produto: 10.5-11 toneladas<\/div>\n<div>N\u00famero de usos: 4 pessoas<\/div>\n<div><\/div>\n<p>&nbsp;<\/p>\n<\/div>\n<\/div>\n<\/div>\n<\/div>\n<p>&nbsp;<\/p>\n<\/div>","protected":false},"excerpt":{"rendered":"<p>A Blue Whale Prefab House se destaca como um auge da inova\u00e7\u00e3o arquitet\u00f4nica e sofistica\u00e7\u00e3o de design, diretamente inspirada nos majestosos contornos e na beleza serena da baleia azul. Esta casa pr\u00e9 -fabricada de maneira \u00fanica combina luxo e conforto com uma pegada ecol\u00f3gica, projetada especificamente para se misturar harmoniosamente com elementos humanos e naturais. Nossa tecnologia dom\u00e9stica inteligente de \u00faltima gera\u00e7\u00e3o se integra perfeitamente nessa estrutura, fornecendo aos residentes comodidades de primeira linha, como controles ambientais automatizados, sistemas com efici\u00eancia energ\u00e9tica e solu\u00e7\u00f5es de seguran\u00e7a inteligentes.<\/p>","protected":false},"featured_media":579,"comment_status":"open","ping_status":"closed","template":"","meta":[],"product_cat":[30],"product_tag":[80,83,76,79,77,81,82,78],"class_list":{"0":"post-578","1":"product","2":"type-product","3":"status-publish","4":"has-post-thumbnail","6":"product_cat-prefab-house","7":"product_tag-affordable-sustainable-home","8":"product_tag-blue-whale-modular-home-design","9":"product_tag-blue-whale-prefab-house","10":"product_tag-customizable-prefab-house","11":"product_tag-eco-friendly-prefab-home","12":"product_tag-modern-modular-architecture","13":"product_tag-prefabricated-environmentally-friendly-house","14":"product_tag-sustainable-modular-housing","16":"first","17":"instock","18":"shipping-taxable","19":"product-type-simple"},"_links":{"self":[{"href":"https:\/\/www.happy-cheerme.com\/pt\/wp-json\/wp\/v2\/product\/578","targetHints":{"allow":["GET"]}}],"collection":[{"href":"https:\/\/www.happy-cheerme.com\/pt\/wp-json\/wp\/v2\/product"}],"about":[{"href":"https:\/\/www.happy-cheerme.com\/pt\/wp-json\/wp\/v2\/types\/product"}],"replies":[{"embeddable":true,"href":"https:\/\/www.happy-cheerme.com\/pt\/wp-json\/wp\/v2\/comments?post=578"}],"version-history":[{"count":1,"href":"https:\/\/www.happy-cheerme.com\/pt\/wp-json\/wp\/v2\/product\/578\/revisions"}],"predecessor-version":[{"id":652,"href":"https:\/\/www.happy-cheerme.com\/pt\/wp-json\/wp\/v2\/product\/578\/revisions\/652"}],"wp:featuredmedia":[{"embeddable":true,"href":"https:\/\/www.happy-cheerme.com\/pt\/wp-json\/wp\/v2\/media\/579"}],"wp:attachment":[{"href":"https:\/\/www.happy-cheerme.com\/pt\/wp-json\/wp\/v2\/media?parent=578"}],"wp:term":[{"taxonomy":"product_cat","embeddable":true,"href":"https:\/\/www.happy-cheerme.com\/pt\/wp-json\/wp\/v2\/product_cat?post=578"},{"taxonomy":"product_tag","embeddable":true,"href":"https:\/\/www.happy-cheerme.com\/pt\/wp-json\/wp\/v2\/product_tag?post=578"}],"curies":[{"name":"wp","href":"https:\/\/api.w.org\/{rel}","templated":true}]}}