{"id":529,"date":"2024-12-26T20:38:48","date_gmt":"2024-12-26T12:38:48","guid":{"rendered":"https:\/\/qin.gg12.globaldeepsea.site\/?post_type=product&#038;p=529"},"modified":"2024-12-27T16:18:06","modified_gmt":"2024-12-27T08:18:06","slug":"sound-proof-booth-for-4-person-cm-p3l","status":"publish","type":"product","link":"https:\/\/www.happy-cheerme.com\/pt\/product\/sound-proof-booth-for-4-person-cm-p3l\/","title":{"rendered":"Cabine \u00e0 prova de som para 4 pessoas-CM-P3L"},"content":{"rendered":"<h2>Especifica\u00e7\u00e3o de tamanho<\/h2>\n<p><img fetchpriority=\"high\" decoding=\"async\" class=\"alignnone wp-image-729\" src=\"http:\/\/qin.gg12.globaldeepsea.site\/wp-content\/uploads\/2024\/12\/7.jpg\" alt=\"\" width=\"676\" height=\"384\" srcset=\"https:\/\/www.happy-cheerme.com\/wp-content\/uploads\/2024\/12\/7.jpg 1213w, https:\/\/www.happy-cheerme.com\/wp-content\/uploads\/2024\/12\/7-300x170.jpg 300w, https:\/\/www.happy-cheerme.com\/wp-content\/uploads\/2024\/12\/7-1024x582.jpg 1024w, https:\/\/www.happy-cheerme.com\/wp-content\/uploads\/2024\/12\/7-768x436.jpg 768w, https:\/\/www.happy-cheerme.com\/wp-content\/uploads\/2024\/12\/7-600x341.jpg 600w\" sizes=\"(max-width: 676px) 100vw, 676px\" \/><img decoding=\"async\" class=\"wp-image-537 alignright\" src=\"http:\/\/qin.gg12.globaldeepsea.site\/wp-content\/uploads\/2024\/12\/size-8-300x272.webp\" alt=\"\" width=\"387\" height=\"350\" srcset=\"https:\/\/www.happy-cheerme.com\/wp-content\/uploads\/2024\/12\/size-8-300x272.webp 300w, https:\/\/www.happy-cheerme.com\/wp-content\/uploads\/2024\/12\/size-8-600x543.webp 600w, https:\/\/www.happy-cheerme.com\/wp-content\/uploads\/2024\/12\/size-8.webp 709w\" sizes=\"(max-width: 387px) 100vw, 387px\" \/><\/p>\n<h2>Material<\/h2>\n<table width=\"619\">\n<tbody>\n<tr>\n<td width=\"72\">Quadro<\/td>\n<td colspan=\"2\" width=\"144\">Allia de alum\u00ednio da avia\u00e7\u00e3o 6063<\/td>\n<\/tr>\n<tr>\n<td>Vidro<\/td>\n<td colspan=\"2\">Vidro temperado Ultra White de 10 mm, 4+4 de vidro laminado<\/td>\n<\/tr>\n<tr>\n<td>Parede<\/td>\n<td colspan=\"2\">6063 liga de alum\u00ednio da avia\u00e7\u00e3o + superf\u00edcie de a\u00e7o de 1,0 mm\/estofamento de gabriel + pacote ac\u00fastico + painel de poli\u00e9ster de 13 mm + tecido de redu\u00e7\u00e3o de ru\u00eddo G350<\/td>\n<\/tr>\n<tr>\n<td>Teto<\/td>\n<td colspan=\"2\">6063 liga de alum\u00ednio da avia\u00e7\u00e3o + superf\u00edcie de a\u00e7o de 1,0 mm + pacote ac\u00fastico + painel de poli\u00e9ster + tecido de redu\u00e7\u00e3o de ru\u00eddo G350<\/td>\n<\/tr>\n<tr>\n<td>Placa inferior<\/td>\n<td colspan=\"2\">E0 N\u00edvel 25 + 9mm de madeira compensada s\u00f3lida + faixa de borda de PVC preta + estrutura de a\u00e7o + 25 mm de ajuste + carpete de poli\u00e9ster<\/td>\n<\/tr>\n<tr>\n<td>Revestimento<\/td>\n<td colspan=\"2\">Pulveriza\u00e7\u00e3o eletrost\u00e1tica em p\u00f3 de tigre<\/td>\n<\/tr>\n<\/tbody>\n<\/table>\n<p>&nbsp;<\/p>\n<p><img decoding=\"async\" class=\"size-full wp-image-538 alignleft\" src=\"http:\/\/qin.gg12.globaldeepsea.site\/wp-content\/uploads\/2024\/12\/detail-3.webp\" alt=\"\" width=\"289\" height=\"228\" \/><\/p>\n<div>\n<p>Mob\u00edlia<br \/>\nTabela de negocia\u00e7\u00e3o<br \/>\nOp\u00e7\u00e3o 1: W600*D900*H740<br \/>\nOp\u00e7\u00e3o 2: W600*D800*H740+400 (monitor dispon\u00edvel)<br \/>\nCor: Branco MFC\/ Color de madeira Placa de v\u00e1rias camadas\/ revestimento de p\u00f3 amarelo<\/p>\n<p>Sof\u00e1: W1200*D600.<\/p>\n<p>Configura\u00e7\u00e3o de pot\u00eancia: 1 soquete integrado (2ac \u3001 1USB \u3001 1Type-C); AC 220V, USB5V3.1a.<\/p>\n<\/div>\n<h2><\/h2>\n<p>&nbsp;<\/p>\n<div>\n<h2>Configura\u00e7\u00e3o de par\u00e2metros<\/h2>\n<table width=\"607\">\n<tbody>\n<tr>\n<td width=\"174\">Consumo<\/td>\n<td colspan=\"2\" width=\"136\">60W, aparelhos el\u00e9tricos acordam menos de 1000W<\/td>\n<\/tr>\n<tr>\n<td>Luz do teto<\/td>\n<td colspan=\"2\">0 - 20W<\/td>\n<\/tr>\n<tr>\n<td>Ventilador de parede<\/td>\n<td colspan=\"2\">0,9W, 1500rpm *3<\/td>\n<\/tr>\n<tr>\n<td>Ventilador de teto<\/td>\n<td colspan=\"2\">2.4W, 1800rpm*2<\/td>\n<\/tr>\n<tr>\n<td>Ventila\u00e7\u00e3o<\/td>\n<td colspan=\"2\">4,7 m\u00b3\/min, 165cfm, taxa de mudan\u00e7a de ar 56\/h<\/td>\n<\/tr>\n<tr>\n<td>Redu\u00e7\u00e3o de ru\u00eddo<\/td>\n<td colspan=\"2\">DS, um 28,5 dB (IS0 23351-1: 2020)<\/td>\n<\/tr>\n<\/tbody>\n<\/table>\n<h2>Nossos pontos fortes<\/h2>\n<p>I. Projeto Modular: Modular para montagem r\u00e1pida, com seis componentes e montagem r\u00e1pida.<br \/>\nModular para reorganiza\u00e7\u00e3o: um se torna dois, dois se tornam mais; Modular para reorganiza\u00e7\u00e3o; Redefini\u00e7\u00e3o multifuncional.<\/p>\n<p>II.Nouse redu\u00e7\u00e3o: parede 45 dB; DS, um 28,5 dB quatro elementos de isolamento sonoro e redu\u00e7\u00e3o de ru\u00eddo. Desempenho de veda\u00e7\u00e3o de grau de fabrica\u00e7\u00e3o automotiva.<\/p>\n<p>III. Ventila\u00e7\u00e3o ideal: suprimento de ar de circula\u00e7\u00e3o de ar duplo e escape duplo de 1,5 minutos de ventila\u00e7\u00e3o de circula\u00e7\u00e3o interna volume de ventila\u00e7\u00e3o por minuto: 1,63\/m\u00b3; F\u00e3 de exaust\u00e3o ultra-quieto n\u00e3o combust\u00edvel: 100.000 h.<\/p>\n<p>IV. Projeto Humanizado: Luz macia: tr\u00eas segundos para iluminar+ Guia de luz infinitamente ajust\u00e1vel+ mitsubishi 50.000h sem mudan\u00e7a de cor; O fluxo luminoso m\u00e1ximo \u00e9 de 2700lm; A imita\u00e7\u00e3o da temperatura natural da cor da luz \u00e9 de 3500k.<\/p>\n<p>V.Sustainability: 100% materiais ecol\u00f3gicos para embalar o conceito de design ambientalmente sustent\u00e1vel. S\u00e3o eles: Gabriel Taber Tiger Powder Aviation Aluminium Alumin FSC Placa Certificada 3C Fibra de poli\u00e9ster reciclada com vidro temperado 3C.<\/p>\n<p>VI. Intelig\u00eancia Digital: Podemos cumprir a an\u00e1lise inteligente de reservas, gerenciamento e libera\u00e7\u00e3o durante o hor\u00e1rio de trabalho. Fornece uma base para a tomada de decis\u00e3o para redefinir espa\u00e7o.<br \/>\num. Selecione os tipos de espa\u00e7o (por exemplo, esta\u00e7\u00f5es de trabalho, salas de reuni\u00e3o, etc.) para an\u00e1lise.<br \/>\nb. Refine a parte do espa\u00e7o (por exemplo, departamento, parti\u00e7\u00e3o do piso) para analisar e comparar com outras pe\u00e7as.<br \/>\nc. Compreendendo os h\u00e1bitos de uso e a distribui\u00e7\u00e3o de diferentes espa\u00e7os, departamentos e \u00e1reas atrav\u00e9s de um mapa hier\u00e1rquico de calor.<br \/>\nd. Verificando se as configura\u00e7\u00f5es de espa\u00e7o s\u00e3o adequadas para o modelo de neg\u00f3cios por meio de pesquisa de l\u00edder e question\u00e1rio de funcion\u00e1rios.<\/p>\n<\/div>","protected":false},"excerpt":{"rendered":"<p>Dimens\u00f5es externas: W2200*D1360*H2280mm<\/p>\n<p>Dimens\u00f5es internas: W2030*D1190 (1340 \u00e9 vidro em vidro)*H2130mm<\/p>\n<p>Dimens\u00f5es externas: W2200*D1360*H2280mm<\/p>\n<p>Dimens\u00f5es internas: W2030*D1190 (1340 \u00e9 vidro em vidro)*H2130mm<\/p>\n<p>Peso: 580kg<\/p>\n<p>Dimens\u00f5es de paletes: W2240*D1410*H1050 (caixa de acess\u00f3rios n\u00e3o inclu\u00edda)<\/p>\n<p>Volume: 3,5 m\u00b3<\/p>\n<p>Dire\u00e7\u00e3o de abertura da porta; Porta mais perto: porta esquerda<\/p>","protected":false},"featured_media":530,"comment_status":"open","ping_status":"closed","template":"","meta":[],"product_cat":[28,25],"product_tag":[56,42,57,58,44,60,59,49],"class_list":{"0":"post-529","1":"product","2":"type-product","3":"status-publish","4":"has-post-thumbnail","6":"product_cat-four-seat-sound-proof-booth","7":"product_cat-office-booth","8":"product_tag-4-person-booth","9":"product_tag-acoustic-isolation-booth","10":"product_tag-cmp3-booth","11":"product_tag-group-communication-booth","12":"product_tag-noise-reduction-booth","13":"product_tag-office-meeting-booth","14":"product_tag-privacy-booth","15":"product_tag-soundproof-booth","17":"first","18":"instock","19":"shipping-taxable","20":"product-type-simple"},"_links":{"self":[{"href":"https:\/\/www.happy-cheerme.com\/pt\/wp-json\/wp\/v2\/product\/529","targetHints":{"allow":["GET"]}}],"collection":[{"href":"https:\/\/www.happy-cheerme.com\/pt\/wp-json\/wp\/v2\/product"}],"about":[{"href":"https:\/\/www.happy-cheerme.com\/pt\/wp-json\/wp\/v2\/types\/product"}],"replies":[{"embeddable":true,"href":"https:\/\/www.happy-cheerme.com\/pt\/wp-json\/wp\/v2\/comments?post=529"}],"version-history":[{"count":1,"href":"https:\/\/www.happy-cheerme.com\/pt\/wp-json\/wp\/v2\/product\/529\/revisions"}],"predecessor-version":[{"id":657,"href":"https:\/\/www.happy-cheerme.com\/pt\/wp-json\/wp\/v2\/product\/529\/revisions\/657"}],"wp:featuredmedia":[{"embeddable":true,"href":"https:\/\/www.happy-cheerme.com\/pt\/wp-json\/wp\/v2\/media\/530"}],"wp:attachment":[{"href":"https:\/\/www.happy-cheerme.com\/pt\/wp-json\/wp\/v2\/media?parent=529"}],"wp:term":[{"taxonomy":"product_cat","embeddable":true,"href":"https:\/\/www.happy-cheerme.com\/pt\/wp-json\/wp\/v2\/product_cat?post=529"},{"taxonomy":"product_tag","embeddable":true,"href":"https:\/\/www.happy-cheerme.com\/pt\/wp-json\/wp\/v2\/product_tag?post=529"}],"curies":[{"name":"wp","href":"https:\/\/api.w.org\/{rel}","templated":true}]}}