{"id":512,"date":"2024-12-26T18:03:52","date_gmt":"2024-12-26T10:03:52","guid":{"rendered":"https:\/\/qin.gg12.globaldeepsea.site\/?post_type=product&#038;p=512"},"modified":"2024-12-27T16:31:48","modified_gmt":"2024-12-27T08:31:48","slug":"sound-proof-booth-for-2-person-cm-p2m","status":"publish","type":"product","link":"https:\/\/www.happy-cheerme.com\/pt\/product\/sound-proof-booth-for-2-person-cm-p2m\/","title":{"rendered":"Cabine \u00e0 prova de som para 2 pessoas-cm-p2m"},"content":{"rendered":"<h2>Especifica\u00e7\u00e3o de tamanho<\/h2>\n<p><img fetchpriority=\"high\" decoding=\"async\" class=\"alignnone wp-image-731\" src=\"http:\/\/qin.gg12.globaldeepsea.site\/wp-content\/uploads\/2024\/12\/9.jpg\" alt=\"\" width=\"664\" height=\"368\" srcset=\"https:\/\/www.happy-cheerme.com\/wp-content\/uploads\/2024\/12\/9.jpg 1243w, https:\/\/www.happy-cheerme.com\/wp-content\/uploads\/2024\/12\/9-300x166.jpg 300w, https:\/\/www.happy-cheerme.com\/wp-content\/uploads\/2024\/12\/9-1024x568.jpg 1024w, https:\/\/www.happy-cheerme.com\/wp-content\/uploads\/2024\/12\/9-768x426.jpg 768w, https:\/\/www.happy-cheerme.com\/wp-content\/uploads\/2024\/12\/9-600x333.jpg 600w\" sizes=\"(max-width: 664px) 100vw, 664px\" \/><img decoding=\"async\" class=\"wp-image-518 alignright\" src=\"http:\/\/qin.gg12.globaldeepsea.site\/wp-content\/uploads\/2024\/12\/size-6-269x300.webp\" alt=\"\" width=\"305\" height=\"340\" srcset=\"https:\/\/www.happy-cheerme.com\/wp-content\/uploads\/2024\/12\/size-6-269x300.webp 269w, https:\/\/www.happy-cheerme.com\/wp-content\/uploads\/2024\/12\/size-6-920x1024.webp 920w, https:\/\/www.happy-cheerme.com\/wp-content\/uploads\/2024\/12\/size-6-768x855.webp 768w, https:\/\/www.happy-cheerme.com\/wp-content\/uploads\/2024\/12\/size-6-600x668.webp 600w, https:\/\/www.happy-cheerme.com\/wp-content\/uploads\/2024\/12\/size-6.webp 952w\" sizes=\"(max-width: 305px) 100vw, 305px\" \/><\/p>\n<h2>Material<\/h2>\n<table width=\"652\">\n<tbody>\n<tr>\n<td width=\"68\">Quadro<\/td>\n<td colspan=\"2\" width=\"136\">6063 liga de alum\u00ednio da avia\u00e7\u00e3o<\/td>\n<\/tr>\n<tr>\n<td>Vidro<\/td>\n<td colspan=\"2\">Vidro temperado Ultra White de 10 mm, 4+4 de vidro laminado<\/td>\n<\/tr>\n<tr>\n<td>Parede<\/td>\n<td colspan=\"2\">6063 liga de alum\u00ednio da avia\u00e7\u00e3o + superf\u00edcie de a\u00e7o de 1,0 mm\/estofamento de gabriel + pacote ac\u00fastico + painel de poli\u00e9ster de 13 mm + tecido de redu\u00e7\u00e3o de ru\u00eddo G350<\/td>\n<\/tr>\n<tr>\n<td>Teto<\/td>\n<td colspan=\"2\">6063 liga de alum\u00ednio da avia\u00e7\u00e3o + superf\u00edcie de a\u00e7o de 1,0 mm + pacote ac\u00fastico + painel de poli\u00e9ster + tecido de redu\u00e7\u00e3o de ru\u00eddo G350<\/td>\n<\/tr>\n<tr>\n<td>Placa inferior<\/td>\n<td colspan=\"2\">E0 N\u00edvel 25 + 9mm de madeira compensada s\u00f3lida + faixa de borda de PVC preta + estrutura de a\u00e7o + 25 mm de ajuste + carpete de poli\u00e9ster<\/td>\n<\/tr>\n<tr>\n<td>Revestimento<\/td>\n<td colspan=\"2\">Pulveriza\u00e7\u00e3o eletrost\u00e1tica em p\u00f3 de tigre<\/td>\n<\/tr>\n<\/tbody>\n<\/table>\n<h2>Mob\u00edlia<\/h2>\n<p><img decoding=\"async\" class=\"wp-image-519 size-full alignleft\" src=\"http:\/\/qin.gg12.globaldeepsea.site\/wp-content\/uploads\/2024\/12\/detail-2.webp\" alt=\"\" width=\"262\" height=\"225\" \/><\/p>\n<div><\/div>\n<div><\/div>\n<div>Mesa de barra (com 2 porta -copos)<br \/>\nW1465*D400*H1050<br \/>\nCor: MFC branco\/ cor de madeira<br \/>\nRevestimento de placa de v\u00e1rias camadas\/ p\u00f3 amarelo<\/div>\n<h2><\/h2>\n<p>&nbsp;<\/p>\n<p>&nbsp;<\/p>\n<h2><\/h2>\n<p>&nbsp;<\/p>\n<div>\n<h2>Configura\u00e7\u00e3o de energia<\/h2>\n<table width=\"653\">\n<tbody>\n<tr>\n<td width=\"203\">Consumo<\/td>\n<td colspan=\"2\" width=\"136\">40W, aparelhos el\u00e9tricos acordam menos de 1000w<\/td>\n<\/tr>\n<tr>\n<td>Luz do teto<\/td>\n<td colspan=\"2\">0 - 20W<\/td>\n<\/tr>\n<tr>\n<td>Ventilador de parede<\/td>\n<td colspan=\"2\">0,9W, 1500rpm *3<\/td>\n<\/tr>\n<tr>\n<td>Ventilador de teto<\/td>\n<td colspan=\"2\">2.4W, 1800rpm*2<\/td>\n<\/tr>\n<tr>\n<td>Ventila\u00e7\u00e3o<\/td>\n<td colspan=\"2\">2,35 m\u00b3\/min, 83cfm, taxa de mudan\u00e7a de ar 45\/h<\/td>\n<\/tr>\n<tr>\n<td>Redu\u00e7\u00e3o de ru\u00eddo<\/td>\n<td colspan=\"2\">DS, um 28,5 dB (IS0 23351-1: 2020)<\/td>\n<\/tr>\n<\/tbody>\n<\/table>\n<h2>Nossos pontos fortes<\/h2>\n<div>\n<div>I. Projeto Modular: Modular para montagem r\u00e1pida, com seis componentes e montagem r\u00e1pida. F\u00e1cil de colocar no conector patenteado de montagem r\u00e1pida. Modular para reorganiza\u00e7\u00e3o: um se torna dois, dois se tornam mais; Modular para reorganiza\u00e7\u00e3o; Redefini\u00e7\u00e3o multifuncional.<\/div>\n<div><\/div>\n<div>II.Nouse redu\u00e7\u00e3o: parede 45 dB; DS, um 28,5 dB quatro elementos de isolamento sonoro e redu\u00e7\u00e3o de ru\u00eddo. Desempenho de veda\u00e7\u00e3o de grau de fabrica\u00e7\u00e3o automotiva.<\/div>\n<div><\/div>\n<div>III. Ventila\u00e7\u00e3o ideal: suprimento de ar de circula\u00e7\u00e3o de ar duplo e escape duplo de 1,5 minutos de ventila\u00e7\u00e3o de circula\u00e7\u00e3o interna volume de ventila\u00e7\u00e3o por minuto: 1,63\/m\u00b3; F\u00e3 de exaust\u00e3o ultra-quieto n\u00e3o combust\u00edvel: 100.000 h.<\/div>\n<div><\/div>\n<div>IV. Projeto Humanizado: Luz macia: tr\u00eas segundos para iluminar+ Guia de luz infinitamente ajust\u00e1vel+ mitsubishi 50.000h sem mudan\u00e7a de cor; O fluxo luminoso m\u00e1ximo \u00e9 de 2700lm; A imita\u00e7\u00e3o da temperatura natural da cor da luz \u00e9 de 3500k.<\/div>\n<div><\/div>\n<div>V.Sustainability: 100% materiais ecol\u00f3gicos para embalar o conceito de design ambientalmente sustent\u00e1vel. S\u00e3o eles: tecido de Gabriel; P\u00f3 de tigre; Liga de alum\u00ednio da avia\u00e7\u00e3o; Conselho certificado pela FSC; 3C vidro temperado certificado; Fibra de poli\u00e9ster reciclada.<\/div>\n<div><\/div>\n<div>VI. Intelig\u00eancia Digital: Podemos cumprir a an\u00e1lise inteligente de reservas, gerenciamento e libera\u00e7\u00e3o durante o hor\u00e1rio de trabalho. Fornece uma base para a tomada de decis\u00e3o para redefinir espa\u00e7o.<\/div>\n<div>um. Selecione os tipos de espa\u00e7o (por exemplo, esta\u00e7\u00f5es de trabalho, salas de reuni\u00e3o, etc.) para an\u00e1lise.<\/div>\n<div>b. Refine a parte do espa\u00e7o (por exemplo, departamento, parti\u00e7\u00e3o do piso) para analisar e comparar com outras pe\u00e7as.<\/div>\n<div>c. Compreendendo os h\u00e1bitos de uso e a distribui\u00e7\u00e3o de diferentes espa\u00e7os, departamentos e \u00e1reas atrav\u00e9s de um mapa hier\u00e1rquico de calor.<\/div>\n<div>d. Verificando se as configura\u00e7\u00f5es de espa\u00e7o s\u00e3o adequadas para o modelo de neg\u00f3cios por meio de pesquisa de l\u00edder e question\u00e1rio de funcion\u00e1rios.<\/div>\n<\/div>\n<\/div>","protected":false},"excerpt":{"rendered":"<p>Dimens\u00f5es externas: W1635*D1360*H2280mm<\/p>\n<p>Dimens\u00f5es internas: W1465*D1190 (1340 \u00e9 vidro para vidro)*H2130 mm<\/p>\n<p>Peso: 450kg<\/p>\n<p>Dimens\u00f5es de paletes: W2190*D1410*H935 (caixa de acess\u00f3rios n\u00e3o inclu\u00edda)<\/p>\n<p>Volume: 3 m\u00b3<\/p>\n<p>Dire\u00e7\u00e3o de abertura da porta; Porta mais perto: porta direita<\/p>","protected":false},"featured_media":513,"comment_status":"open","ping_status":"closed","template":"","meta":[],"product_cat":[27,25],"product_tag":[42,43,48,47,44,46,41,45],"class_list":{"0":"post-512","1":"product","2":"type-product","3":"status-publish","4":"has-post-thumbnail","6":"product_cat-dual-seat-sound-proof-booth","7":"product_cat-office-booth","8":"product_tag-acoustic-isolation-booth","9":"product_tag-compact-soundproof-room","10":"product_tag-double-person-sound-insulation-pod","11":"product_tag-dual-occupancy-sound-booth","12":"product_tag-noise-reduction-booth","13":"product_tag-small-soundproof-chamber","14":"product_tag-soundproof-booth-for-two","15":"product_tag-two-person-audio-booth","17":"first","18":"instock","19":"shipping-taxable","20":"product-type-simple"},"_links":{"self":[{"href":"https:\/\/www.happy-cheerme.com\/pt\/wp-json\/wp\/v2\/product\/512","targetHints":{"allow":["GET"]}}],"collection":[{"href":"https:\/\/www.happy-cheerme.com\/pt\/wp-json\/wp\/v2\/product"}],"about":[{"href":"https:\/\/www.happy-cheerme.com\/pt\/wp-json\/wp\/v2\/types\/product"}],"replies":[{"embeddable":true,"href":"https:\/\/www.happy-cheerme.com\/pt\/wp-json\/wp\/v2\/comments?post=512"}],"version-history":[{"count":1,"href":"https:\/\/www.happy-cheerme.com\/pt\/wp-json\/wp\/v2\/product\/512\/revisions"}],"predecessor-version":[{"id":659,"href":"https:\/\/www.happy-cheerme.com\/pt\/wp-json\/wp\/v2\/product\/512\/revisions\/659"}],"wp:featuredmedia":[{"embeddable":true,"href":"https:\/\/www.happy-cheerme.com\/pt\/wp-json\/wp\/v2\/media\/513"}],"wp:attachment":[{"href":"https:\/\/www.happy-cheerme.com\/pt\/wp-json\/wp\/v2\/media?parent=512"}],"wp:term":[{"taxonomy":"product_cat","embeddable":true,"href":"https:\/\/www.happy-cheerme.com\/pt\/wp-json\/wp\/v2\/product_cat?post=512"},{"taxonomy":"product_tag","embeddable":true,"href":"https:\/\/www.happy-cheerme.com\/pt\/wp-json\/wp\/v2\/product_tag?post=512"}],"curies":[{"name":"wp","href":"https:\/\/api.w.org\/{rel}","templated":true}]}}