{"id":490,"date":"2024-12-26T17:36:41","date_gmt":"2024-12-26T09:36:41","guid":{"rendered":"https:\/\/qin.gg12.globaldeepsea.site\/?post_type=product&#038;p=490"},"modified":"2024-12-27T16:46:16","modified_gmt":"2024-12-27T08:46:16","slug":"sound-proof-booth-for-single-person-cm-ps","status":"publish","type":"product","link":"https:\/\/www.happy-cheerme.com\/pt\/product\/sound-proof-booth-for-single-person-cm-ps\/","title":{"rendered":"Cabine \u00e0 prova de som para uma pessoa solteira-CM-PS"},"content":{"rendered":"<h2>Especifica\u00e7\u00e3o de tamanho<\/h2>\n<p><img fetchpriority=\"high\" decoding=\"async\" class=\"alignnone wp-image-733\" src=\"http:\/\/qin.gg12.globaldeepsea.site\/wp-content\/uploads\/2024\/12\/11.jpg\" alt=\"\" width=\"653\" height=\"360\" srcset=\"https:\/\/www.happy-cheerme.com\/wp-content\/uploads\/2024\/12\/11.jpg 1243w, https:\/\/www.happy-cheerme.com\/wp-content\/uploads\/2024\/12\/11-300x165.jpg 300w, https:\/\/www.happy-cheerme.com\/wp-content\/uploads\/2024\/12\/11-1024x564.jpg 1024w, https:\/\/www.happy-cheerme.com\/wp-content\/uploads\/2024\/12\/11-768x423.jpg 768w, https:\/\/www.happy-cheerme.com\/wp-content\/uploads\/2024\/12\/11-600x331.jpg 600w\" sizes=\"(max-width: 653px) 100vw, 653px\" \/><img decoding=\"async\" class=\"alignright wp-image-499\" src=\"http:\/\/qin.gg12.globaldeepsea.site\/wp-content\/uploads\/2024\/12\/size-4-201x300.webp\" alt=\"\" width=\"241\" height=\"360\" srcset=\"https:\/\/www.happy-cheerme.com\/wp-content\/uploads\/2024\/12\/size-4-201x300.webp 201w, https:\/\/www.happy-cheerme.com\/wp-content\/uploads\/2024\/12\/size-4.webp 359w\" sizes=\"(max-width: 241px) 100vw, 241px\" \/><\/p>\n<h2>Material<\/h2>\n<table width=\"716\">\n<tbody>\n<tr>\n<td width=\"68\">Quadro<\/td>\n<td colspan=\"3\" width=\"204\">Allia de alum\u00ednio da avia\u00e7\u00e3o 6063<\/td>\n<\/tr>\n<tr>\n<td>Vidro<\/td>\n<td colspan=\"3\">Vidro temperado Ultra White de 10 mm, 4+4 de vidro laminado<\/td>\n<\/tr>\n<tr>\n<td>Parede<\/td>\n<td colspan=\"3\">6063 liga de alum\u00ednio da avia\u00e7\u00e3o + superf\u00edcie de a\u00e7o de 1,0 mm\/estofamento de gabriel + pacote ac\u00fastico + painel de poli\u00e9ster de 13 mm + tecido de redu\u00e7\u00e3o de ru\u00eddo G350<\/td>\n<\/tr>\n<tr>\n<td>Teto<\/td>\n<td colspan=\"3\">6063 liga de alum\u00ednio da avia\u00e7\u00e3o + superf\u00edcie de a\u00e7o de 1,0 mm + pacote ac\u00fastico + painel de poli\u00e9ster + tecido de redu\u00e7\u00e3o de ru\u00eddo G350<\/td>\n<\/tr>\n<tr>\n<td>Placa inferior<\/td>\n<td colspan=\"3\">E0 N\u00edvel 25 + 9mm de madeira compensada s\u00f3lida + faixa de borda de PVC preta + estrutura de a\u00e7o + 25 mm de ajuste + carpete de poli\u00e9ster<\/td>\n<\/tr>\n<tr>\n<td>Revestimento<\/td>\n<td colspan=\"3\">Pulveriza\u00e7\u00e3o eletrost\u00e1tica em p\u00f3 de tigre<\/td>\n<\/tr>\n<\/tbody>\n<\/table>\n<p><img decoding=\"async\" class=\"wp-image-500 alignleft\" src=\"http:\/\/qin.gg12.globaldeepsea.site\/wp-content\/uploads\/2024\/12\/detail-1.webp\" alt=\"\" width=\"184\" height=\"246\" \/><\/p>\n<div>\n<p>Mob\u00edlia<br \/>\nMesa de barra (com um porta -copo) W900*D650*H1050.<br \/>\nCor: Branco MFC\/ Color de madeira Placa de v\u00e1rias camadas\/ revestimento de p\u00f3 amarelo<\/p>\n<p>Configura\u00e7\u00e3o de energia<br \/>\n1 pista el\u00e9trica \uff081 ac\uff09<br \/>\n1 carregamento sem fio<\/p>\n<p>O m\u00f3dulo CA ou USB pode ser adicionado AC 220V<\/p>\n<\/div>\n<div>\n<h2><\/h2>\n<\/div>\n<h2><\/h2>\n<p>&nbsp;<\/p>\n<div>\n<h2><\/h2>\n<h2><\/h2>\n<h2>Configura\u00e7\u00e3o de par\u00e2metros<\/h2>\n<table width=\"607\">\n<tbody>\n<tr>\n<td width=\"228\">Consumo<\/td>\n<td colspan=\"2\" width=\"136\">40W, aparelhos el\u00e9tricos acordam menos de 1000w<\/td>\n<\/tr>\n<tr>\n<td>Luz do teto<\/td>\n<td colspan=\"2\">0 - 20W<\/td>\n<\/tr>\n<tr>\n<td>Ventilador de parede<\/td>\n<td colspan=\"2\">0,9W, 1500rpm *2<\/td>\n<\/tr>\n<tr>\n<td>Ventilador de teto<\/td>\n<td colspan=\"2\">1,92W, 2150rpm*2<\/td>\n<\/tr>\n<tr>\n<td>Ventila\u00e7\u00e3o<\/td>\n<td colspan=\"2\">1,68m\u00b3\/min, 59,3cfm, taxa de mudan\u00e7a de ar 50\/h<\/td>\n<\/tr>\n<tr>\n<td>Redu\u00e7\u00e3o de ru\u00eddo<\/td>\n<td colspan=\"2\">DS, um 28,5 dB (IS0 23351-1: 2020)<\/td>\n<\/tr>\n<\/tbody>\n<\/table>\n<h2>Nossos pontos fortes<\/h2>\n<div>\n<p>I. Projeto Modular: Modular para montagem r\u00e1pida, com seis componentes e montagem r\u00e1pida.<br \/>\nModular para reorganiza\u00e7\u00e3o: um se torna dois, dois se tornam mais; Modular para reorganiza\u00e7\u00e3o; Redefini\u00e7\u00e3o multifuncional.<\/p>\n<p>II.Nouse redu\u00e7\u00e3o: parede 45 dB; DS, um 28,5 dB quatro elementos de isolamento sonoro e redu\u00e7\u00e3o de ru\u00eddo. Desempenho de veda\u00e7\u00e3o de grau de fabrica\u00e7\u00e3o automotiva.<\/p>\n<p>III. Ventila\u00e7\u00e3o ideal: sistema de circula\u00e7\u00e3o de ar duplo suprimento de ar duplo e escape duplo de 1,5 minutos de ventila\u00e7\u00e3o de circula\u00e7\u00e3o interna volume de ventila\u00e7\u00e3o por minuto: 1,63\/m\u00b3; F\u00e3 de exaust\u00e3o ultra-quieto n\u00e3o combust\u00edvel: 100.000 h.<\/p>\n<p>IV. Projeto Humanizado: Luz macia: tr\u00eas segundos para iluminar+ Guia de luz infinitamente ajust\u00e1vel+ mitsubishi 50.000h sem mudan\u00e7a de cor; O fluxo luminoso m\u00e1ximo \u00e9 de 2700lm; A imita\u00e7\u00e3o da temperatura natural da cor da luz \u00e9 de 3500k.<\/p>\n<p>V.Sustainability: 100% materiais ecol\u00f3gicos para embalar o conceito de design ambientalmente sustent\u00e1vel. S\u00e3o eles: Gabriel Taber Tiger Powder Aviation Aluminium Alumin FSC Placa Certificada 3C Fibra de poli\u00e9ster reciclada com vidro temperado 3C.<\/p>\n<p>VI. Intelig\u00eancia Digital: Podemos cumprir a an\u00e1lise inteligente de reservas, gerenciamento e libera\u00e7\u00e3o durante o hor\u00e1rio de ocupa\u00e7\u00e3o fornece uma base para a tomada de decis\u00e3o para redefinir espa\u00e7o.<br \/>\num. Selecione os tipos de espa\u00e7o (por exemplo, esta\u00e7\u00f5es de trabalho, salas de reuni\u00e3o, etc.) para an\u00e1lise.<br \/>\nb. Refine a parte do espa\u00e7o (por exemplo, departamento, parti\u00e7\u00e3o do piso) para analisar e comparar com outras pe\u00e7as.<br \/>\nc. Compreendendo os h\u00e1bitos de uso e a distribui\u00e7\u00e3o de diferentes espa\u00e7os, departamentos e \u00e1reas atrav\u00e9s de um mapa hier\u00e1rquico de calor.<br \/>\nd. Verificando se as configura\u00e7\u00f5es de espa\u00e7o s\u00e3o adequadas para o modelo de neg\u00f3cios por meio de pesquisa de l\u00edder e question\u00e1rio de funcion\u00e1rios.<\/p>\n<\/div>\n<\/div>","protected":false},"excerpt":{"rendered":"<p>Dimens\u00f5es externas: W1070*D1070*H2280 mm<\/p>\n<p>Dimens\u00f5es internas: W900*D900 \uff081050 \u00e9 vidro para vidro)*H2130 mm<\/p>\n<p>Peso -gw\/nw: 280kg\/255kg<\/p>\n<p>Dimens\u00f5es de paletes: W2220*D1200*H700 mm<\/p>\n<p>Volume: 2m\u00b3<\/p>\n<p>Dire\u00e7\u00e3o de abertura da porta; Porta mais perto: porta esquerda<\/p>","protected":false},"featured_media":491,"comment_status":"open","ping_status":"closed","template":"","meta":[],"product_cat":[25,26],"product_tag":[50,123,124,44,59,101,49,125],"class_list":{"0":"post-490","1":"product","2":"type-product","3":"status-publish","4":"has-post-thumbnail","6":"product_cat-office-booth","7":"product_cat-single-person-sound-proof-booth","8":"product_tag-acoustic-isolation","9":"product_tag-audiometry-booth","10":"product_tag-isolation-booth","11":"product_tag-noise-reduction-booth","12":"product_tag-privacy-booth","13":"product_tag-single-person-booth","14":"product_tag-soundproof-booth","15":"product_tag-vocal-recording-booth","17":"first","18":"instock","19":"shipping-taxable","20":"product-type-simple"},"_links":{"self":[{"href":"https:\/\/www.happy-cheerme.com\/pt\/wp-json\/wp\/v2\/product\/490","targetHints":{"allow":["GET"]}}],"collection":[{"href":"https:\/\/www.happy-cheerme.com\/pt\/wp-json\/wp\/v2\/product"}],"about":[{"href":"https:\/\/www.happy-cheerme.com\/pt\/wp-json\/wp\/v2\/types\/product"}],"replies":[{"embeddable":true,"href":"https:\/\/www.happy-cheerme.com\/pt\/wp-json\/wp\/v2\/comments?post=490"}],"version-history":[{"count":1,"href":"https:\/\/www.happy-cheerme.com\/pt\/wp-json\/wp\/v2\/product\/490\/revisions"}],"predecessor-version":[{"id":501,"href":"https:\/\/www.happy-cheerme.com\/pt\/wp-json\/wp\/v2\/product\/490\/revisions\/501"}],"wp:featuredmedia":[{"embeddable":true,"href":"https:\/\/www.happy-cheerme.com\/pt\/wp-json\/wp\/v2\/media\/491"}],"wp:attachment":[{"href":"https:\/\/www.happy-cheerme.com\/pt\/wp-json\/wp\/v2\/media?parent=490"}],"wp:term":[{"taxonomy":"product_cat","embeddable":true,"href":"https:\/\/www.happy-cheerme.com\/pt\/wp-json\/wp\/v2\/product_cat?post=490"},{"taxonomy":"product_tag","embeddable":true,"href":"https:\/\/www.happy-cheerme.com\/pt\/wp-json\/wp\/v2\/product_tag?post=490"}],"curies":[{"name":"wp","href":"https:\/\/api.w.org\/{rel}","templated":true}]}}