{"id":197,"date":"2024-12-19T13:35:41","date_gmt":"2024-12-19T05:35:41","guid":{"rendered":"https:\/\/qin.gg12.globaldeepsea.site\/?post_type=product&#038;p=197"},"modified":"2024-12-30T17:01:05","modified_gmt":"2024-12-30T09:01:05","slug":"six-person-booth-a-furniture-matching","status":"publish","type":"product","link":"https:\/\/www.happy-cheerme.com\/pt\/product\/six-person-booth-a-furniture-matching\/","title":{"rendered":"Caixa de estande de seis pessoas-uma correspond\u00eancia de m\u00f3veis"},"content":{"rendered":"<h2>Recursos de materiais de tecido<\/h2>\n<p>I.Gabriel Fabrics: Projetado com respeito \u00e0 sa\u00fade e seguran\u00e7a<br \/>\nGabriel projeta produtos que contribuem para espa\u00e7os internos saud\u00e1veis fabricados com respeito \u00e0 sa\u00fade e seguran\u00e7a do usu\u00e1rio, bem como ao meio ambiente. Os requisitos OEKO-TEX e ECOLABEL ECOLABEL constituem os padr\u00f5es m\u00ednimos de Gabriel e garantem que<br \/>\nNossos clientes sempre recebem tecidos sustent\u00e1veis, seguros para consumidores e ecol\u00f3gicos. Al\u00e9m disso, Gabriel tamb\u00e9m oferece uma sele\u00e7\u00e3o abrangente de tecidos Cradle to Cradle Certive \u2122.<\/p>\n<p>II.Or mobili\u00e1rio Fasteza de tecido para esfregar os testes ISO 105 \u00d7 12-2016 realizados:<\/p>\n<p><img fetchpriority=\"high\" decoding=\"async\" class=\"alignnone wp-image-738 size-large\" src=\"http:\/\/qin.gg12.globaldeepsea.site\/wp-content\/uploads\/2024\/12\/16-1003x1024.jpg\" alt=\"\" width=\"800\" height=\"817\" srcset=\"https:\/\/www.happy-cheerme.com\/wp-content\/uploads\/2024\/12\/16-1003x1024.jpg 1003w, https:\/\/www.happy-cheerme.com\/wp-content\/uploads\/2024\/12\/16-294x300.jpg 294w, https:\/\/www.happy-cheerme.com\/wp-content\/uploads\/2024\/12\/16-768x784.jpg 768w, https:\/\/www.happy-cheerme.com\/wp-content\/uploads\/2024\/12\/16-600x612.jpg 600w, https:\/\/www.happy-cheerme.com\/wp-content\/uploads\/2024\/12\/16.jpg 1163w\" sizes=\"(max-width: 800px) 100vw, 800px\" \/><\/p>\n<p>iii. Nosso tecido de mobili\u00e1rio recebeu eco-label internacional<\/p>\n<p><img decoding=\"async\" class=\"\" src=\"https:\/\/ecdn6.globalso.com\/upload\/p\/132\/image_other\/2023-12\/6589355c3155c99189.png\" alt=\"5azw\" width=\"783\" height=\"597\" \/><\/p>\n<h2>Marcas e certificados materiais<\/h2>\n<p><img decoding=\"async\" class=\"alignnone\" src=\"https:\/\/ecdn6.globalso.com\/upload\/p\/132\/image_other\/2023-12\/658935873e36c56878.png\" alt=\"6p5f\" width=\"231\" height=\"245\" \/><img loading=\"lazy\" decoding=\"async\" class=\"alignnone\" src=\"https:\/\/ecdn6.globalso.com\/upload\/p\/132\/image_other\/2023-12\/6589358eed2fd34205.png\" alt=\"7hz3\" width=\"278\" height=\"196\" \/><img loading=\"lazy\" decoding=\"async\" class=\"\" src=\"https:\/\/ecdn6.globalso.com\/upload\/p\/132\/image_other\/2023-12\/6589359a1ca2475277.png\" alt=\"8lcq\" width=\"245\" height=\"159\" \/><\/p>\n<p><img loading=\"lazy\" decoding=\"async\" class=\"\" src=\"https:\/\/ecdn6.globalso.com\/upload\/p\/132\/image_other\/2023-12\/658935aeb4e3b83183.png\" alt=\"9i3m\" width=\"239\" height=\"163\" \/><img loading=\"lazy\" decoding=\"async\" class=\"\" src=\"https:\/\/ecdn6.globalso.com\/upload\/p\/132\/image_other\/2023-12\/658935bb9160930093.png\" alt=\"106bg\" width=\"269\" height=\"58\" \/><strong><img loading=\"lazy\" decoding=\"async\" class=\"\" src=\"https:\/\/ecdn6.globalso.com\/upload\/p\/132\/image_other\/2023-12\/658935c58233331590.png\" alt=\"11ruw\" width=\"236\" height=\"177\" \/><\/strong><\/p>","protected":false},"excerpt":{"rendered":"<p>Tamanho \uff1a W450*D450*H430 mm<\/p>\n<p>Preenchimento:<\/p>\n<p>Lineador de moldagem integrado de isopor + algod\u00e3o em forma de espuma de poliuretano<\/p>\n<p>Artesanato:<\/p>\n<p>Embalagem de tecido importado, costura de um pouco de tecido de tecido de duas cores superior e inferior de tecido, o processo de sequ\u00eancia de agulha de caminhada dupla de arco superior, dois puxadores, linha de linha de linha \u00fanica, processo de costura de qualidade em primeira camada de couro de vaca em primeira camada<\/p>\n<p>Tecido: s\u00e9rie Gabriel\/Mozart<\/p>\n<p>Couro: o material da al\u00e7a \u00e9 feito de couro LE-L 1217<\/p>\n<p>Nota: Somente dispon\u00edvel em estoque, consulte antes de fazer um pedido.<\/p>\n<p>Tamanho:<\/p>\n<p>W2700*D600*H720 (SH430) mm<\/p>\n<p>Sof\u00e1:<\/p>\n<p>Quadro de madeira + enchimento de esponja + embalagem de tecido<\/p>\n<p>Assento e costas:<\/p>\n<p>\u2460 Pacote suave: tecido de prote\u00e7\u00e3o ambiental de primeira classe importada, costurado \u00e0 m\u00e3o<\/p>\n<p>\u2461 Esponja: esponja de alta resili\u00eancia, configura\u00e7\u00e3o de v\u00e1rias camadas de diferentes densidades, a superf\u00edcie do algod\u00e3o fino de seda para aumentar o conforto do assento<\/p>\n<p>Sof\u00e1 pernas:<\/p>\n<p>Pernas pretas de revestimento em p\u00f3 de a\u00e7o<\/p>\n<p>Configura\u00e7\u00e3o de energia:<\/p>\n<p>1 plugue de suspens\u00e3o do sof\u00e1 (2 pot\u00eancia forte de cinco buracos, 1usb, 1Type-c)<\/p>\n<p>Power 220V, USB 5V 3.1a<\/p>\n<p>Nota: O comprimento total do sof\u00e1 2700 mm, o segmento do meio.<\/p>\n<p><img loading=\"lazy\" decoding=\"async\" class=\"alignnone\" src=\"https:\/\/ecdn6.globalso.com\/upload\/p\/132\/image_other\/2023-12\/658a6d3cd4b4d86392.png\" alt=\"4.png\" width=\"394\" height=\"394\" \/><\/p>\n<p>Dimens\u00e3o: W2200*D2870*H2280 (mm)<\/p>","protected":false},"featured_media":207,"comment_status":"open","ping_status":"closed","template":"","meta":[],"product_cat":[16],"product_tag":[36,35,33,32,38,34,31,37],"class_list":{"0":"post-197","1":"product","2":"type-product","3":"status-publish","4":"has-post-thumbnail","6":"product_cat-office-booth-furniture","7":"product_tag-booth-seating","8":"product_tag-corner-booth","9":"product_tag-dining-booth-set","10":"product_tag-furniture-matching","11":"product_tag-kitchen-booth","12":"product_tag-restaurant-booth","13":"product_tag-six-person-booth","14":"product_tag-upholstered-booth","16":"first","17":"instock","18":"shipping-taxable","19":"product-type-simple"},"_links":{"self":[{"href":"https:\/\/www.happy-cheerme.com\/pt\/wp-json\/wp\/v2\/product\/197","targetHints":{"allow":["GET"]}}],"collection":[{"href":"https:\/\/www.happy-cheerme.com\/pt\/wp-json\/wp\/v2\/product"}],"about":[{"href":"https:\/\/www.happy-cheerme.com\/pt\/wp-json\/wp\/v2\/types\/product"}],"replies":[{"embeddable":true,"href":"https:\/\/www.happy-cheerme.com\/pt\/wp-json\/wp\/v2\/comments?post=197"}],"version-history":[{"count":2,"href":"https:\/\/www.happy-cheerme.com\/pt\/wp-json\/wp\/v2\/product\/197\/revisions"}],"predecessor-version":[{"id":892,"href":"https:\/\/www.happy-cheerme.com\/pt\/wp-json\/wp\/v2\/product\/197\/revisions\/892"}],"wp:featuredmedia":[{"embeddable":true,"href":"https:\/\/www.happy-cheerme.com\/pt\/wp-json\/wp\/v2\/media\/207"}],"wp:attachment":[{"href":"https:\/\/www.happy-cheerme.com\/pt\/wp-json\/wp\/v2\/media?parent=197"}],"wp:term":[{"taxonomy":"product_cat","embeddable":true,"href":"https:\/\/www.happy-cheerme.com\/pt\/wp-json\/wp\/v2\/product_cat?post=197"},{"taxonomy":"product_tag","embeddable":true,"href":"https:\/\/www.happy-cheerme.com\/pt\/wp-json\/wp\/v2\/product_tag?post=197"}],"curies":[{"name":"wp","href":"https:\/\/api.w.org\/{rel}","templated":true}]}}