{"id":633,"date":"2024-12-27T10:17:00","date_gmt":"2024-12-27T02:17:00","guid":{"rendered":"https:\/\/qin.gg12.globaldeepsea.site\/?post_type=product&#038;p=633"},"modified":"2024-12-27T15:21:00","modified_gmt":"2024-12-27T07:21:00","slug":"sound-proof-booth-for-single-person-cm-q2s","status":"publish","type":"product","link":"https:\/\/www.happy-cheerme.com\/pl\/product\/sound-proof-booth-for-single-person-cm-q2s\/","title":{"rendered":"D\u017awi\u0119kowy stoisko dla pojedynczej osoby-CM-Q2S"},"content":{"rendered":"<h2>Specyfikacja rozmiaru<\/h2>\n<p><img fetchpriority=\"high\" decoding=\"async\" class=\"alignnone wp-image-718\" src=\"http:\/\/qin.gg12.globaldeepsea.site\/wp-content\/uploads\/2024\/12\/1-1.jpg\" alt=\"\" width=\"545\" height=\"307\" srcset=\"https:\/\/www.happy-cheerme.com\/wp-content\/uploads\/2024\/12\/1-1.jpg 962w, https:\/\/www.happy-cheerme.com\/wp-content\/uploads\/2024\/12\/1-1-300x169.jpg 300w, https:\/\/www.happy-cheerme.com\/wp-content\/uploads\/2024\/12\/1-1-768x433.jpg 768w, https:\/\/www.happy-cheerme.com\/wp-content\/uploads\/2024\/12\/1-1-600x339.jpg 600w\" sizes=\"(max-width: 545px) 100vw, 545px\" \/><img decoding=\"async\" class=\"wp-image-641 alignright\" src=\"http:\/\/qin.gg12.globaldeepsea.site\/wp-content\/uploads\/2024\/12\/size-13.webp\" alt=\"\" width=\"269\" height=\"369\" srcset=\"https:\/\/www.happy-cheerme.com\/wp-content\/uploads\/2024\/12\/size-13.webp 447w, https:\/\/www.happy-cheerme.com\/wp-content\/uploads\/2024\/12\/size-13-219x300.webp 219w\" sizes=\"(max-width: 269px) 100vw, 269px\" \/><\/p>\n<h2>Opis<\/h2>\n<p>1. 1,5-2,5 mm stopu aluminium + 10 mm o wysokiej wytrzyma\u0142o\u015bci szklanki + absorbing i d\u017awi\u0119kowy materia\u0142 z desk\u0105 ochrony \u015brodowiska 9 + 12 mm.<\/p>\n<p>2. Ultra-cienki i ultra-silentence End Ecfan*2 + PD Teoria D\u0142uga \u015bcie\u017cka d\u017awi\u0119kowa rura cyrkulacji powietrza.<\/p>\n<p>3. Ha\u0142as: &lt;35 dB; Pr\u0119dko\u015b\u0107: 750 obr.\/min; Volume wentylatora wentylacyjnego: 89cfm; \u015arednia wentylacja 1 10 m3\/h.<\/p>\n<p>4. W tym dywan przeciwprzepustowy i przeciwpo\u015blizgowy dywanik o niskiej p\u0119tli.<\/p>\n<p>5. Zintegrowane naturalne \u015bwiat\u0142o 2500 ~ 6000 K (trzykolorowe \u015bwiat\u0142o temperaturowe*1) 100-240 V\/50-60 Hz Zasilanie.<\/p>\n<p>6. Gniazdo*1, dwupozycyjny prze\u0142\u0105cznik*1, Dost\u0119pny jest interfejs sieciowy*1 USB Port Gocket.<\/p>\n<p>7. Sterowanie \u015bwiat\u0142a i wydechu osobno.<\/p>\n<p>8. Stalowa kubek st\u00f3p + ko\u0142o uniwersalne.<\/p>\n<h2>Cechy i si\u0142a<\/h2>\n<div>\n<p>I.Main Materia\u0142: Profil aluminiowy o wysokiej wytrzyma\u0142o\u015bci, szk\u0142o izolacji d\u017awi\u0119kowej, p\u0142yta d\u017awi\u0119kowa z w\u0142\u00f3kna poliestrowego i sklejka ochrony \u015brodowiska.<\/p>\n<p>II.SoundProof &amp; Sound Izolacja: \u015aciana biurowych kapsu\u0142ek sk\u0142ada si\u0119 z bawe\u0142ny bawe\u0142nianej i przyjaznej dla \u015brodowiska (pusta struktura) i grubo\u015bci 10 mm d\u017awi\u0119koszczelne szk\u0142o temperowane. Wska\u017anik izolacji d\u017awi\u0119ku i redukcji szum\u00f3w spe\u0142nia oczekiwania projektowe.<\/p>\n<p>III<\/p>\n<p>IV. Lighting: Kabina jest wyposa\u017cona w trzykolorowe lampy sufitowe LED o temperaturze 3000K-6000K, kt\u00f3re mog\u0105 zasadniczo zaspokoi\u0107 potrzeby o\u015bwietlenia kabiny.<\/p>\n<p>V.100-240V Moc: Ka\u017cde str\u0105ki biurowe jest wyposa\u017cone w system zasilania 100-240 V\/50-60 Hz i 12 V-USB, kt\u00f3ry mo\u017ce z \u0142atwo\u015bci\u0105 sprosta\u0107 korzystaniu z g\u0142\u00f3wnego nurtu urz\u0105dze\u0144 elektrycznych w \u017cyciu.<\/p>\n<p>vi.asy to ruch: lekka natura kapsu\u0142 biurowych pozwala \u0142atwo je przenosi\u0107 w dowolnym miejscu, gdzie potrzebuje ich biuro.<\/p>\n<p>VII. Easy do monta\u017cu: Zaprojektowali\u015bmy nasze str\u0105ki biurowe, aby mo\u017cna je by\u0142o \u0142atwo zgromadzi\u0107 z zespo\u0142em 1-3 os\u00f3b z tylko wiert\u0142em energetycznym i drabin\u0105.<\/p>\n<\/div>\n<p>&nbsp;<\/p>","protected":false},"excerpt":{"rendered":"<p>Zewn\u0119trzne detazyjne: 1200 W x 1000D x 2348,5H (mm)<\/p>\n<p>Demencje wewn\u0119trzne: 1070 W x 956d x 2128H (mm)<\/p>\n<p>Waga -GW\/NW: 350 kg\/300 kg<\/p>\n<p>Demencje paletyzuj\u0105ce: 2300WX1400DX1200H \uff08MM\uff09<\/p>\n<p>Tom: 2.18m\u00b3<\/p>\n<p>&nbsp;<\/p>","protected":false},"featured_media":634,"comment_status":"open","ping_status":"closed","template":"","meta":[],"product_cat":[25,26],"product_tag":[102,42,44,103,104,101,49,105],"class_list":{"0":"post-633","1":"product","2":"type-product","3":"status-publish","4":"has-post-thumbnail","6":"product_cat-office-booth","7":"product_cat-single-person-sound-proof-booth","8":"product_tag-2s-series-booth","9":"product_tag-acoustic-isolation-booth","10":"product_tag-noise-reduction-booth","11":"product_tag-personal-audio-booth","12":"product_tag-portable-isolation-booth","13":"product_tag-single-person-booth","14":"product_tag-soundproof-booth","15":"product_tag-whisper-room-booth","17":"first","18":"instock","19":"shipping-taxable","20":"product-type-simple"},"_links":{"self":[{"href":"https:\/\/www.happy-cheerme.com\/pl\/wp-json\/wp\/v2\/product\/633","targetHints":{"allow":["GET"]}}],"collection":[{"href":"https:\/\/www.happy-cheerme.com\/pl\/wp-json\/wp\/v2\/product"}],"about":[{"href":"https:\/\/www.happy-cheerme.com\/pl\/wp-json\/wp\/v2\/types\/product"}],"replies":[{"embeddable":true,"href":"https:\/\/www.happy-cheerme.com\/pl\/wp-json\/wp\/v2\/comments?post=633"}],"version-history":[{"count":1,"href":"https:\/\/www.happy-cheerme.com\/pl\/wp-json\/wp\/v2\/product\/633\/revisions"}],"predecessor-version":[{"id":719,"href":"https:\/\/www.happy-cheerme.com\/pl\/wp-json\/wp\/v2\/product\/633\/revisions\/719"}],"wp:featuredmedia":[{"embeddable":true,"href":"https:\/\/www.happy-cheerme.com\/pl\/wp-json\/wp\/v2\/media\/634"}],"wp:attachment":[{"href":"https:\/\/www.happy-cheerme.com\/pl\/wp-json\/wp\/v2\/media?parent=633"}],"wp:term":[{"taxonomy":"product_cat","embeddable":true,"href":"https:\/\/www.happy-cheerme.com\/pl\/wp-json\/wp\/v2\/product_cat?post=633"},{"taxonomy":"product_tag","embeddable":true,"href":"https:\/\/www.happy-cheerme.com\/pl\/wp-json\/wp\/v2\/product_tag?post=633"}],"curies":[{"name":"wp","href":"https:\/\/api.w.org\/{rel}","templated":true}]}}