{"id":626,"date":"2024-12-27T10:07:33","date_gmt":"2024-12-27T02:07:33","guid":{"rendered":"https:\/\/qin.gg12.globaldeepsea.site\/?post_type=product&#038;p=626"},"modified":"2024-12-27T10:08:26","modified_gmt":"2024-12-27T02:08:26","slug":"prefab-house-space-capsule-pod-for-2-person-with-balcony-w7","status":"publish","type":"product","link":"https:\/\/www.happy-cheerme.com\/pl\/product\/prefab-house-space-capsule-pod-for-2-person-with-balcony-w7\/","title":{"rendered":"Prefab House Space Capsule kapsu\u0142ki dla 2-osobowo\u015bci z balkonem- W7"},"content":{"rendered":"<h2>Konfiguracja produktu<\/h2>\n<p><strong>Dekoracja wn\u0119trz:<\/strong><br \/>\n\u2022 Standardowe zintegrowane modu\u0142y sufitowe i \u015bcienne<br \/>\n\u2022 SPC drewniana pod\u0142oga<br \/>\n\u2022 Prywatno\u015b\u0107 w \u0142azience zewn\u0119trzne drzwi<br \/>\n\u2022 Sufit\/\u015bciana \u0142azienki (panel dekoracyjny+marmurowy panel dekoracyjny)<br \/>\n\u2022 Dostosowane lustro zlewu\/basenu\/\u0142azienki<br \/>\n\u2022 Toaleta\/kran\/prysznic\/drena\u017c pod\u0142ogi<br \/>\n\u2022 System o\u015bwietlenia<br \/>\n\u2022 System zasilania wodnego<br \/>\n\u2022 Inteligentny system sterowania zas\u0142on\u0105 elektryczn\u0105<br \/>\n\u2022 Zasilanie karty wtyczki \/ Wyjmij zasilanie karty<\/p>\n<p><strong>Dostosowane meble hardbound:<\/strong><br \/>\n\u2022 Dostosowany licznik barowy<br \/>\n\u2022 Dostosowana szafka do przechowywania<br \/>\n\u2022 Dostosowane krzes\u0142a zmieniaj\u0105ce buty<\/p>\n<p><strong>G\u0142\u00f3wna struktura zewn\u0119trzna:<\/strong><br \/>\n\u2022 Standardowa stalowa struktura ramy ocynkowanej na gor\u0105co<br \/>\n\u2022 Pojedynczy panel z aluminium aluminium aluminium<br \/>\n\u2022 Izolacja termiczna i wodoodporna warstwa<br \/>\n\u2022 Puste szklane drzwi i okna<br \/>\n\u2022 Zaawansowane drzwi wej\u015bciowe<br \/>\n\u2022 Szklane drzwi balkonowe<br \/>\n\u2022 Peryferyjny pasek \u015bwiat\u0142a<\/p>\n<p><strong>Akcesoria produkt\u00f3w:<\/strong><br \/>\n\u2022 Obci\u0105\u017cenie no\u015bne wsporniki podtrzymywania st\u00f3p Pier\u015bcienie\/Oprawy\/po\u0142\u0105czenia transportowe<\/p>\n<p><img fetchpriority=\"high\" decoding=\"async\" class=\"\" src=\"http:\/\/qin.gg12.globaldeepsea.site\/wp-content\/uploads\/2024\/12\/detail-6.webp\" alt=\"\" width=\"1090\" height=\"613\" \/><\/p>","protected":false},"excerpt":{"rendered":"<p>Rozmiar (M): 8.6 (l)*3.2 (W)*3.4 (h)<\/p>\n<p>Obszar budynku: 27,5\u33a1<\/p>\n<p>Waga produktu: 5,6-6 ton<\/p>\n<p>Liczba zastosowa\u0144: 2 osoby<\/p>","protected":false},"featured_media":627,"comment_status":"open","ping_status":"closed","template":"","meta":[],"product_cat":[30],"product_tag":[88,87,100,98,84,96,99,97],"class_list":{"0":"post-626","1":"product","2":"type-product","3":"status-publish","4":"has-post-thumbnail","6":"product_cat-prefab-house","7":"product_tag-2-person","8":"product_tag-balcony","9":"product_tag-compact-living-space","10":"product_tag-portable-accommodation","11":"product_tag-prefab-house","12":"product_tag-space-capsule-pod","13":"product_tag-tiny-living","14":"product_tag-w7","16":"first","17":"instock","18":"shipping-taxable","19":"product-type-simple"},"_links":{"self":[{"href":"https:\/\/www.happy-cheerme.com\/pl\/wp-json\/wp\/v2\/product\/626","targetHints":{"allow":["GET"]}}],"collection":[{"href":"https:\/\/www.happy-cheerme.com\/pl\/wp-json\/wp\/v2\/product"}],"about":[{"href":"https:\/\/www.happy-cheerme.com\/pl\/wp-json\/wp\/v2\/types\/product"}],"replies":[{"embeddable":true,"href":"https:\/\/www.happy-cheerme.com\/pl\/wp-json\/wp\/v2\/comments?post=626"}],"version-history":[{"count":0,"href":"https:\/\/www.happy-cheerme.com\/pl\/wp-json\/wp\/v2\/product\/626\/revisions"}],"wp:featuredmedia":[{"embeddable":true,"href":"https:\/\/www.happy-cheerme.com\/pl\/wp-json\/wp\/v2\/media\/627"}],"wp:attachment":[{"href":"https:\/\/www.happy-cheerme.com\/pl\/wp-json\/wp\/v2\/media?parent=626"}],"wp:term":[{"taxonomy":"product_cat","embeddable":true,"href":"https:\/\/www.happy-cheerme.com\/pl\/wp-json\/wp\/v2\/product_cat?post=626"},{"taxonomy":"product_tag","embeddable":true,"href":"https:\/\/www.happy-cheerme.com\/pl\/wp-json\/wp\/v2\/product_tag?post=626"}],"curies":[{"name":"wp","href":"https:\/\/api.w.org\/{rel}","templated":true}]}}