{"id":618,"date":"2024-12-27T09:48:14","date_gmt":"2024-12-27T01:48:14","guid":{"rendered":"https:\/\/qin.gg12.globaldeepsea.site\/?post_type=product&#038;p=618"},"modified":"2024-12-27T10:02:38","modified_gmt":"2024-12-27T02:02:38","slug":"prefab-house-space-capsule-pod-for-2-person-with-balcony-w9","status":"publish","type":"product","link":"https:\/\/www.happy-cheerme.com\/pl\/product\/prefab-house-space-capsule-pod-for-2-person-with-balcony-w9\/","title":{"rendered":"Prefab House Space Capsule kapsu\u0142ki dla 2 -osobowo\u015bci z balkonem - W9"},"content":{"rendered":"<h2>g\u0142\u00f3wna struktura<\/h2>\n<table width=\"722\">\n<tbody>\n<tr>\n<td width=\"178\">rama stalowa<\/td>\n<td colspan=\"3\" width=\"204\">struktura ramy stalowej gzlvanided gip-dip: 100\/50*50*mm<\/td>\n<\/tr>\n<tr>\n<td>panel zewn\u0119trzny<\/td>\n<td colspan=\"3\">alumum vaneer<\/td>\n<\/tr>\n<tr>\n<td>izolacja termiczna<\/td>\n<td colspan=\"3\">ca\u0142kowita grubo\u015b\u0107 100 mm warstwa izolacji<\/td>\n<\/tr>\n<tr>\n<td>drzwi wej\u015bciowe<\/td>\n<td colspan=\"3\">standardowe drzwi wej\u015bciowe+inteligentne blokowanie has\u0142a<\/td>\n<\/tr>\n<tr>\n<td>szk\u0142o zewn\u0119trzne<\/td>\n<td colspan=\"3\">6low-e+12a+6 mm puste szk\u0142o temperowane<\/td>\n<\/tr>\n<tr>\n<td>okna<\/td>\n<td colspan=\"3\">5+9a+5 mm puste szk\u0142o temperowane+aluminium profilu stopu<\/td>\n<\/tr>\n<tr>\n<td>szklanka balkonowa<\/td>\n<td colspan=\"3\">10 mm hartowane gor\u0105co wygi\u0119te szk\u0142o<\/td>\n<\/tr>\n<tr>\n<td>balkon<\/td>\n<td colspan=\"3\">4+15a+4 mm puste szk\u0142o temperowane+aluminium profilu stopu<\/td>\n<\/tr>\n<tr>\n<td>pod\u0142oga balkonowa<\/td>\n<td colspan=\"3\">pod\u0142ogi z drewna<\/td>\n<\/tr>\n<tr>\n<td>drzwi \u0142azienki<\/td>\n<td colspan=\"3\">4+15a+4 mm puste szk\u0142o o niskiej temperaturze+aluminium profilu stopu aluminiowego<\/td>\n<\/tr>\n<tr>\n<td>drabina<\/td>\n<td colspan=\"3\">standardowe schody, stalowa rama+drewniana plastikowa pod\u0142oga<\/td>\n<\/tr>\n<tr>\n<td>pok\u00f3j wyposa\u017cenia<\/td>\n<td colspan=\"3\">pok\u00f3j konserwacyjny urz\u0105dze\u0144 do podgrzewacza ac i wody<\/td>\n<\/tr>\n<\/tbody>\n<\/table>\n<h2>obowi\u0105zuj\u0105ce scenariusze<\/h2>\n<div><strong>dziki luksusowy tryb hotelowy<\/strong><\/div>\n<div>stw\u00f3rz unikalne i urocze miejsce do miejsca zakwaterowania turystycznego poprzez tworzenie \u015brodowiska.<\/div>\n<div><strong>model obozu badawczego wiejskiego<\/strong><\/div>\n<div>pomagaj w\u0142a\u015bcicielom gospodarstw, pastwisk, ogrod\u00f3w ekologicznych i innych obszar\u00f3w w poszerzeniu ich dzia\u0142alno\u015bci i zwi\u0119kszaniu ich potrzeb badawczych i edukacyjnych.<\/div>\n<div><strong>tryb kompleksu wiejskiego<\/strong><\/div>\n<div>zintegruj zakwaterowanie i zaj\u0119cia na obszarach wiejskich i zaprojektuj kompleksowy projekt na obszarach wiejskich, \u017cywno\u015bci i mieszka\u0144.<\/div>\n<div><strong>tryb turystyki zdrowia i dobrego samopoczucia<\/strong><\/div>\n<div>wykorzystaj obiekty wspieraj\u0105ce, takie jak zdrowie las\u00f3w, wakacje na gor\u0105co wiosenne oraz widoki na pla\u017c\u0119 i morze, aby zbudowa\u0107 baz\u0119 turystyki zdrowotnej i odnowy biologicznej.<\/div>\n<div><\/div>\n<div><\/div>\n<div>g\u00f3rzyste, r\u00f3wne, morze kwiatowe, nadmorskie, nadmorskie, zielone, \u015bnie\u017cne g\u00f3ry, wie\u015b itp.<\/div>\n<div><img fetchpriority=\"high\" decoding=\"async\" class=\"alignnone wp-image-624 size-full\" src=\"http:\/\/qin.gg12.globaldeepsea.site\/wp-content\/uploads\/2024\/12\/applicable.webp\" alt=\"\" width=\"1266\" height=\"712\" srcset=\"https:\/\/www.happy-cheerme.com\/wp-content\/uploads\/2024\/12\/applicable.webp 1266w, https:\/\/www.happy-cheerme.com\/wp-content\/uploads\/2024\/12\/applicable-300x169.webp 300w, https:\/\/www.happy-cheerme.com\/wp-content\/uploads\/2024\/12\/applicable-1024x576.webp 1024w, https:\/\/www.happy-cheerme.com\/wp-content\/uploads\/2024\/12\/applicable-768x432.webp 768w, https:\/\/www.happy-cheerme.com\/wp-content\/uploads\/2024\/12\/applicable-600x337.webp 600w\" sizes=\"(max-width: 1266px) 100vw, 1266px\" \/><\/div>","protected":false},"excerpt":{"rendered":"<p>size(m):8.6(L)*3.2(W)*3.4(H),<\/p>\n<p>building area: 27.5\u33a1,<\/p>\n<p>Waga produktu: 5,6-6 ton<\/p>\n<p>Liczba zastosowa\u0144: 2 osoby<\/p>","protected":false},"featured_media":619,"comment_status":"open","ping_status":"closed","template":"","meta":[],"product_cat":[30],"product_tag":[87,90,95,92,94,84,85,93],"class_list":{"0":"post-618","1":"product","2":"type-product","3":"status-publish","4":"has-post-thumbnail","6":"product_cat-prefab-house","7":"product_tag-balcony","8":"product_tag-compact-living","9":"product_tag-outdoor-living-solution","10":"product_tag-pod-for-2-person","11":"product_tag-portable-housing","12":"product_tag-prefab-house","13":"product_tag-space-capsule","14":"product_tag-w9-model","16":"first","17":"instock","18":"shipping-taxable","19":"product-type-simple"},"_links":{"self":[{"href":"https:\/\/www.happy-cheerme.com\/pl\/wp-json\/wp\/v2\/product\/618","targetHints":{"allow":["GET"]}}],"collection":[{"href":"https:\/\/www.happy-cheerme.com\/pl\/wp-json\/wp\/v2\/product"}],"about":[{"href":"https:\/\/www.happy-cheerme.com\/pl\/wp-json\/wp\/v2\/types\/product"}],"replies":[{"embeddable":true,"href":"https:\/\/www.happy-cheerme.com\/pl\/wp-json\/wp\/v2\/comments?post=618"}],"version-history":[{"count":1,"href":"https:\/\/www.happy-cheerme.com\/pl\/wp-json\/wp\/v2\/product\/618\/revisions"}],"predecessor-version":[{"id":625,"href":"https:\/\/www.happy-cheerme.com\/pl\/wp-json\/wp\/v2\/product\/618\/revisions\/625"}],"wp:featuredmedia":[{"embeddable":true,"href":"https:\/\/www.happy-cheerme.com\/pl\/wp-json\/wp\/v2\/media\/619"}],"wp:attachment":[{"href":"https:\/\/www.happy-cheerme.com\/pl\/wp-json\/wp\/v2\/media?parent=618"}],"wp:term":[{"taxonomy":"product_cat","embeddable":true,"href":"https:\/\/www.happy-cheerme.com\/pl\/wp-json\/wp\/v2\/product_cat?post=618"},{"taxonomy":"product_tag","embeddable":true,"href":"https:\/\/www.happy-cheerme.com\/pl\/wp-json\/wp\/v2\/product_tag?post=618"}],"curies":[{"name":"wp","href":"https:\/\/api.w.org\/{rel}","templated":true}]}}