{"id":611,"date":"2024-12-27T09:41:45","date_gmt":"2024-12-27T01:41:45","guid":{"rendered":"https:\/\/qin.gg12.globaldeepsea.site\/?post_type=product&#038;p=611"},"modified":"2024-12-27T10:30:13","modified_gmt":"2024-12-27T02:30:13","slug":"prefab-house-space-capsule-pod-for-2-person-with-balcony-w12","status":"publish","type":"product","link":"https:\/\/www.happy-cheerme.com\/pl\/product\/prefab-house-space-capsule-pod-for-2-person-with-balcony-w12\/","title":{"rendered":"Prefab House Space Capsule kapsu\u0142ki dla 2 -osobowo\u015bci z balkonem - W12"},"content":{"rendered":"<h2>rama stalowa<\/h2>\n<table width=\"769\">\n<tbody>\n<tr>\n<td width=\"205\">rama stalowa<\/td>\n<td colspan=\"3\" width=\"204\">struktura ramy stalowej gzlvanided gip-dip: 100\/50*50*mm<\/td>\n<\/tr>\n<tr>\n<td>panel zewn\u0119trzny<\/td>\n<td colspan=\"3\">alumum vaneer<\/td>\n<\/tr>\n<tr>\n<td>izolacja termiczna<\/td>\n<td colspan=\"3\">ca\u0142kowita grubo\u015b\u0107 100 mm warstwa izolacji<\/td>\n<\/tr>\n<tr>\n<td>drzwi wej\u015bciowe<\/td>\n<td colspan=\"3\">standardowe drzwi wej\u015bciowe+inteligentne blokowanie has\u0142a<\/td>\n<\/tr>\n<tr>\n<td>szk\u0142o zewn\u0119trzne<\/td>\n<td colspan=\"3\">6LOW-E+12A+6mm hollow tempered glass<\/td>\n<\/tr>\n<tr>\n<td>okna<\/td>\n<td colspan=\"3\">5+9A+5 mm Hollow tempered glass +\u00a0aluminum alloy profile<\/td>\n<\/tr>\n<tr>\n<td>szklanka balkonowa<\/td>\n<td colspan=\"3\">10 mm hartowane gor\u0105co wygi\u0119te szk\u0142o<\/td>\n<\/tr>\n<tr>\n<td>balkon<\/td>\n<td colspan=\"3\">4+15a+4 mm puste szk\u0142o temperowane+aluminium profilu stopu<\/td>\n<\/tr>\n<tr>\n<td>pod\u0142oga balkonowa<\/td>\n<td colspan=\"3\">pod\u0142ogi z drewna<\/td>\n<\/tr>\n<tr>\n<td>drzwi \u0142azienki<\/td>\n<td colspan=\"3\">4+15A+4mm Hollow\u00a0 tempered glass +\u00a0aluminum alloy profile<\/td>\n<\/tr>\n<tr>\n<td>drabina<\/td>\n<td colspan=\"3\">standardowe schody, stalowa rama+drewniana plastikowa pod\u0142oga<\/td>\n<\/tr>\n<tr>\n<td>pok\u00f3j wyposa\u017cenia<\/td>\n<td colspan=\"3\">pok\u00f3j konserwacyjny urz\u0105dze\u0144 do podgrzewacza ac i wody<\/td>\n<\/tr>\n<tr>\n<td>Ceiling<\/td>\n<td colspan=\"3\">alumum vaneer<\/td>\n<\/tr>\n<\/tbody>\n<\/table>\n<h2>Installation Process<\/h2>\n<div><strong>Play The Transport<\/strong><\/div>\n<div>After the external packaging of the product is completed, it is transported using a large flat trailer. During the journey of the product from the factory to the campsite, strict safety protection measures will be taken to ensure safety and stability during transportation.<\/div>\n<div><\/div>\n<div><strong>Product Assembly<\/strong><\/div>\n<div>After the transportation vehicle arrives at the project site, the customer needs to contact the local crane service on their own. The lifting weight ranges from 6 tons to 10 tons, and it is recommended to use a crane of no less than 25 tons for loading and unloading.<\/div>\n<div><\/div>\n<div><strong>Installed Base<\/strong><\/div>\n<div>Before installing the product, the customer needs to complete the on-site engineering of water and electricity supply, sewage pipelines, and load-bearing foundation according to our company\u2019s product standard basic water and electricity drawings, Hardened ground can be directly installed on the ground, please prepare infrastructure in advance for other geological environments.<\/div>\n<div><\/div>\n<div><strong>After-sales Service<\/strong><\/div>\n<div>Our company provides free repair services for our products within one year from the date of custom.er acceptance, if the warranty period exceeds one year, repairs will be charged at cost price.<\/div>\n<div><img fetchpriority=\"high\" decoding=\"async\" class=\"alignnone wp-image-617 size-full\" src=\"http:\/\/qin.gg12.globaldeepsea.site\/wp-content\/uploads\/2024\/12\/process.webp\" alt=\"\" width=\"1266\" height=\"712\" srcset=\"https:\/\/www.happy-cheerme.com\/wp-content\/uploads\/2024\/12\/process.webp 1266w, https:\/\/www.happy-cheerme.com\/wp-content\/uploads\/2024\/12\/process-300x169.webp 300w, https:\/\/www.happy-cheerme.com\/wp-content\/uploads\/2024\/12\/process-1024x576.webp 1024w, https:\/\/www.happy-cheerme.com\/wp-content\/uploads\/2024\/12\/process-768x432.webp 768w, https:\/\/www.happy-cheerme.com\/wp-content\/uploads\/2024\/12\/process-600x337.webp 600w\" sizes=\"(max-width: 1266px) 100vw, 1266px\" \/><\/div>","protected":false},"excerpt":{"rendered":"<div data-module=\"6\">\n<p>size(m):11.5(L)*3.2(W)*3.4(H),<\/p>\n<p>building area: 36.8\u33a1,<\/p>\n<p>product weight: 5.5-6 tons<\/p>\n<p>Liczba zastosowa\u0144: 2 osoby<\/p>\n<\/div>","protected":false},"featured_media":612,"comment_status":"open","ping_status":"closed","template":"","meta":[],"product_cat":[30],"product_tag":[88,87,90,89,91,86,84,85],"class_list":{"0":"post-611","1":"product","2":"type-product","3":"status-publish","4":"has-post-thumbnail","6":"product_cat-prefab-house","7":"product_tag-2-person","8":"product_tag-balcony","9":"product_tag-compact-living","10":"product_tag-living-space","11":"product_tag-modern-design","12":"product_tag-pod","13":"product_tag-prefab-house","14":"product_tag-space-capsule","16":"first","17":"instock","18":"shipping-taxable","19":"product-type-simple"},"_links":{"self":[{"href":"https:\/\/www.happy-cheerme.com\/pl\/wp-json\/wp\/v2\/product\/611","targetHints":{"allow":["GET"]}}],"collection":[{"href":"https:\/\/www.happy-cheerme.com\/pl\/wp-json\/wp\/v2\/product"}],"about":[{"href":"https:\/\/www.happy-cheerme.com\/pl\/wp-json\/wp\/v2\/types\/product"}],"replies":[{"embeddable":true,"href":"https:\/\/www.happy-cheerme.com\/pl\/wp-json\/wp\/v2\/comments?post=611"}],"version-history":[{"count":1,"href":"https:\/\/www.happy-cheerme.com\/pl\/wp-json\/wp\/v2\/product\/611\/revisions"}],"predecessor-version":[{"id":651,"href":"https:\/\/www.happy-cheerme.com\/pl\/wp-json\/wp\/v2\/product\/611\/revisions\/651"}],"wp:featuredmedia":[{"embeddable":true,"href":"https:\/\/www.happy-cheerme.com\/pl\/wp-json\/wp\/v2\/media\/612"}],"wp:attachment":[{"href":"https:\/\/www.happy-cheerme.com\/pl\/wp-json\/wp\/v2\/media?parent=611"}],"wp:term":[{"taxonomy":"product_cat","embeddable":true,"href":"https:\/\/www.happy-cheerme.com\/pl\/wp-json\/wp\/v2\/product_cat?post=611"},{"taxonomy":"product_tag","embeddable":true,"href":"https:\/\/www.happy-cheerme.com\/pl\/wp-json\/wp\/v2\/product_tag?post=611"}],"curies":[{"name":"wp","href":"https:\/\/api.w.org\/{rel}","templated":true}]}}