{"id":570,"date":"2024-12-26T21:19:51","date_gmt":"2024-12-26T13:19:51","guid":{"rendered":"https:\/\/qin.gg12.globaldeepsea.site\/?post_type=product&#038;p=570"},"modified":"2024-12-27T15:35:30","modified_gmt":"2024-12-27T07:35:30","slug":"sound-proof-booth-for-6-person-cm-q4l","status":"publish","type":"product","link":"https:\/\/www.happy-cheerme.com\/pl\/product\/sound-proof-booth-for-6-person-cm-q4l\/","title":{"rendered":"D\u017awi\u0119kowy stoisko dla 6-osobowo\u015bci-CM-Q4L"},"content":{"rendered":"<h2>Specyfikacja rozmiaru<\/h2>\n<p><img fetchpriority=\"high\" decoding=\"async\" class=\"alignnone wp-image-720\" src=\"http:\/\/qin.gg12.globaldeepsea.site\/wp-content\/uploads\/2024\/12\/2-1-1024x451.jpg\" alt=\"\" width=\"700\" height=\"309\" srcset=\"https:\/\/www.happy-cheerme.com\/wp-content\/uploads\/2024\/12\/2-1-1024x451.jpg 1024w, https:\/\/www.happy-cheerme.com\/wp-content\/uploads\/2024\/12\/2-1-300x132.jpg 300w, https:\/\/www.happy-cheerme.com\/wp-content\/uploads\/2024\/12\/2-1-768x338.jpg 768w, https:\/\/www.happy-cheerme.com\/wp-content\/uploads\/2024\/12\/2-1-600x264.jpg 600w, https:\/\/www.happy-cheerme.com\/wp-content\/uploads\/2024\/12\/2-1.jpg 1223w\" sizes=\"(max-width: 700px) 100vw, 700px\" \/><img decoding=\"async\" class=\"alignright wp-image-577\" src=\"http:\/\/qin.gg12.globaldeepsea.site\/wp-content\/uploads\/2024\/12\/size-12-300x221.webp\" alt=\"\" width=\"380\" height=\"280\" srcset=\"https:\/\/www.happy-cheerme.com\/wp-content\/uploads\/2024\/12\/size-12-300x221.webp 300w, https:\/\/www.happy-cheerme.com\/wp-content\/uploads\/2024\/12\/size-12-600x442.webp 600w, https:\/\/www.happy-cheerme.com\/wp-content\/uploads\/2024\/12\/size-12.webp 693w\" sizes=\"(max-width: 380px) 100vw, 380px\" \/><\/p>\n<h2>Opis<\/h2>\n<div>\n<p>1. 1,5-2,5 mm stopu aluminium + 10 mm o wysokiej wytrzyma\u0142o\u015bci szklanki + absorbing i d\u017awi\u0119kowy materia\u0142 z desk\u0105 ochrony \u015brodowiska 9 + 12 mm.<\/p>\n<p>2. ultra-cienki i ultra-silentence end ecfan*6 + pd teoria d\u0142uga \u015bcie\u017cka d\u017awi\u0119kowa rura cyrkulacji powietrza.<\/p>\n<p>3. Ha\u0142as: &lt;35 dB; Pr\u0119dko\u015b\u0107: 750 obr.\/min; Volume wentylatora wentylacyjnego: 89cfm; \u015arednia wentylacja 1 10 m3\/h.<\/p>\n<p>4. W tym dywan przeciwprzepustowy i przeciwpo\u015blizgowy dywanik o niskiej p\u0119tli.<\/p>\n<p>5. Zintegrowane naturalne \u015bwiat\u0142o 2500 ~ 6000 K (trzykolorowe \u015bwiat\u0142o temperaturowe*1) 100-240 V\/50-60 Hz Zasilanie.<\/p>\n<p>6. Gniazdo*1, dwupozycyjny prze\u0142\u0105cznik*1, Dost\u0119pny jest interfejs sieciowy*1 USB Port Gocket.<\/p>\n<p>7. Sterowanie \u015bwiat\u0142a i wydechu osobno.<\/p>\n<p>8. Stalowa kubek st\u00f3p + ko\u0142o uniwersalne.<\/p>\n<\/div>\n<div>\n<h2>cechy i mocne strony<\/h2>\n<div>\n<p>i. materia\u0142y: profil aluminiowy o wysokiej wytrzyma\u0142o\u015bci, szk\u0142o izolacji d\u017awi\u0119kowej, p\u0142yta d\u017awi\u0119kowa z w\u0142\u00f3kna poliestrowego i sklejka ochrony \u015brodowiska.<\/p>\n<p>ii.soundproof &amp; sound izolacja: \u015bciana biurowych kapsu\u0142ek sk\u0142ada si\u0119 z bawe\u0142ny bawe\u0142nianej i przyjaznej dla \u015brodowiska (pusta struktura) i grubo\u015bci 10 mm d\u017awi\u0119koszczelne szk\u0142o temperowane. izolacja d\u017awi\u0119ku i wska\u017anik redukcji szum\u00f3w spe\u0142nia oczekiwania projektowe.<\/p>\n<p>III<\/p>\n<p>iv. lighting: kabina jest wyposa\u017cona w tr\u00f3jkolorowe lampy sufitowe led o temperaturze 3000k-6000k, kt\u00f3re mog\u0105 zasadniczo zaspokoi\u0107 potrzeby o\u015bwietlenia kabiny.<\/p>\n<p>v.100-240v moc: ka\u017cde str\u0105ki biurowe jest wyposa\u017cone w system zasilania 100-240 v\/50-60 hz i 12 v-usb, kt\u00f3ry mo\u017ce z \u0142atwo\u015bci\u0105 sprosta\u0107 korzystaniu z g\u0142\u00f3wnego nurtu urz\u0105dze\u0144 elektrycznych w \u017cyciu.<\/p>\n<p>vi.asy to ruch: lekki charakter officepods pozwala \u0142atwo przenosi\u0107 je w dowolnym miejscu, gdzie potrzebuje ich biuro.<\/p>\n<p>vii. easy do monta\u017cu: zaprojektowali\u015bmy nasze str\u0105ki biurowe, aby mo\u017cna je by\u0142o \u0142atwo zgromadzi\u0107 z zespo\u0142em 1-3 os\u00f3b z tylko wiert\u0142em energetycznym i drabin\u0105.<\/p>\n<\/div>\n<\/div>","protected":false},"excerpt":{"rendered":"<p>zewn\u0119trzne detazyjne: 4000 w x 2800d x 2348,5h (mm)<\/p>\n<p>demencje wewn\u0119trzne: 3870w x 2756d x 2128h (mm)<\/p>\n<p>waga -gw\/nw: 760 kg\/730 kg<\/p>\n<p>demencje paletyzuj\u0105ce: 2350wx1500dx1700h + 3800wx500dx340h \uff08mm\uff09<\/p>\n<p>tom: 22,7 m\u00b3<\/p>","protected":false},"featured_media":571,"comment_status":"open","ping_status":"closed","template":"","meta":[],"product_cat":[25,29],"product_tag":[71,66,42,73,72,74,49,75],"class_list":{"0":"post-570","1":"product","2":"type-product","3":"status-publish","4":"has-post-thumbnail","6":"product_cat-office-booth","7":"product_cat-six-seat-sound-proof-booth","8":"product_tag-4l-booth","9":"product_tag-6-person-booth","10":"product_tag-acoustic-isolation-booth","11":"product_tag-conference-room-soundproofing","12":"product_tag-noise-isolating-booth","13":"product_tag-office-privacy-booth","14":"product_tag-soundproof-booth","15":"product_tag-voice-recording-booth","17":"first","18":"instock","19":"shipping-taxable","20":"product-type-simple"},"_links":{"self":[{"href":"https:\/\/www.happy-cheerme.com\/pl\/wp-json\/wp\/v2\/product\/570","targetHints":{"allow":["GET"]}}],"collection":[{"href":"https:\/\/www.happy-cheerme.com\/pl\/wp-json\/wp\/v2\/product"}],"about":[{"href":"https:\/\/www.happy-cheerme.com\/pl\/wp-json\/wp\/v2\/types\/product"}],"replies":[{"embeddable":true,"href":"https:\/\/www.happy-cheerme.com\/pl\/wp-json\/wp\/v2\/comments?post=570"}],"version-history":[{"count":1,"href":"https:\/\/www.happy-cheerme.com\/pl\/wp-json\/wp\/v2\/product\/570\/revisions"}],"predecessor-version":[{"id":653,"href":"https:\/\/www.happy-cheerme.com\/pl\/wp-json\/wp\/v2\/product\/570\/revisions\/653"}],"wp:featuredmedia":[{"embeddable":true,"href":"https:\/\/www.happy-cheerme.com\/pl\/wp-json\/wp\/v2\/media\/571"}],"wp:attachment":[{"href":"https:\/\/www.happy-cheerme.com\/pl\/wp-json\/wp\/v2\/media?parent=570"}],"wp:term":[{"taxonomy":"product_cat","embeddable":true,"href":"https:\/\/www.happy-cheerme.com\/pl\/wp-json\/wp\/v2\/product_cat?post=570"},{"taxonomy":"product_tag","embeddable":true,"href":"https:\/\/www.happy-cheerme.com\/pl\/wp-json\/wp\/v2\/product_tag?post=570"}],"curies":[{"name":"wp","href":"https:\/\/api.w.org\/{rel}","templated":true}]}}