{"id":558,"date":"2024-12-26T21:11:50","date_gmt":"2024-12-26T13:11:50","guid":{"rendered":"https:\/\/qin.gg12.globaldeepsea.site\/?post_type=product&#038;p=558"},"modified":"2024-12-27T15:54:08","modified_gmt":"2024-12-27T07:54:08","slug":"sound-proof-booth-for-6-person-cm-p6l","status":"publish","type":"product","link":"https:\/\/www.happy-cheerme.com\/pl\/product\/sound-proof-booth-for-6-person-cm-p6l\/","title":{"rendered":"D\u017awi\u0119kowy stoisko dla 6-osobowo\u015bci-CM-P6L"},"content":{"rendered":"<h2>Specyfikacja rozmiaru<\/h2>\n<p><img fetchpriority=\"high\" decoding=\"async\" class=\"alignnone wp-image-723\" src=\"http:\/\/qin.gg12.globaldeepsea.site\/wp-content\/uploads\/2024\/12\/3-1-1024x414.jpg\" alt=\"\" width=\"715\" height=\"289\" srcset=\"https:\/\/www.happy-cheerme.com\/wp-content\/uploads\/2024\/12\/3-1-1024x414.jpg 1024w, https:\/\/www.happy-cheerme.com\/wp-content\/uploads\/2024\/12\/3-1-300x121.jpg 300w, https:\/\/www.happy-cheerme.com\/wp-content\/uploads\/2024\/12\/3-1-768x311.jpg 768w, https:\/\/www.happy-cheerme.com\/wp-content\/uploads\/2024\/12\/3-1-1536x621.jpg 1536w, https:\/\/www.happy-cheerme.com\/wp-content\/uploads\/2024\/12\/3-1-600x243.jpg 600w, https:\/\/www.happy-cheerme.com\/wp-content\/uploads\/2024\/12\/3-1.jpg 1609w\" sizes=\"(max-width: 715px) 100vw, 715px\" \/><img decoding=\"async\" class=\"wp-image-568 alignright\" src=\"http:\/\/qin.gg12.globaldeepsea.site\/wp-content\/uploads\/2024\/12\/size-11-300x250.webp\" alt=\"\" width=\"361\" height=\"300\" srcset=\"https:\/\/www.happy-cheerme.com\/wp-content\/uploads\/2024\/12\/size-11-300x250.webp 300w, https:\/\/www.happy-cheerme.com\/wp-content\/uploads\/2024\/12\/size-11-768x639.webp 768w, https:\/\/www.happy-cheerme.com\/wp-content\/uploads\/2024\/12\/size-11-600x499.webp 600w, https:\/\/www.happy-cheerme.com\/wp-content\/uploads\/2024\/12\/size-11.webp 808w\" sizes=\"(max-width: 361px) 100vw, 361px\" \/><\/p>\n<h2>Tworzywo<\/h2>\n<table width=\"1062\">\n<tbody>\n<tr>\n<td width=\"72\">Rama<\/td>\n<td colspan=\"2\" width=\"144\">Stopie\u0144 aluminium 6063<\/td>\n<\/tr>\n<tr>\n<td>Szk\u0142o<\/td>\n<td colspan=\"2\">10 mm ultra bia\u0142e szk\u0142o temperowane, 4+4 laminowane drzwi<\/td>\n<\/tr>\n<tr>\n<td>\u015aciana<\/td>\n<td colspan=\"2\">6063 Stop aluminium aluminium + 1,0 mm stalowa powierzchnia\/tapicerka Gabriel + pakiet akustyczny + 13 mm poliestrowy panel + G350 Tkanina ograniczaj\u0105ca szum<\/td>\n<\/tr>\n<tr>\n<td>Dach<\/td>\n<td colspan=\"2\">6063 Aluminium stopu + 1,0 mm stalowa powierzchnia + pakiet akustyczny + panel poliestrowy + tkanina redukcyjna szumu G350<\/td>\n<\/tr>\n<tr>\n<td>Dolna p\u0142yta<\/td>\n<td colspan=\"2\">E0 Poziom 25 + 9 mm z litego drewna sklejki + czarny pasek kraw\u0119dzi PVC + stalowa rama + 25 mm regulacyjna stopy + dywan poliestrowy<\/td>\n<\/tr>\n<tr>\n<td>Pow\u0142oka<\/td>\n<td colspan=\"2\">Spryskiwanie elektrostatyczne tygrysa w proszku<\/td>\n<\/tr>\n<\/tbody>\n<\/table>\n<p><img decoding=\"async\" class=\"wp-image-569 alignleft\" src=\"http:\/\/qin.gg12.globaldeepsea.site\/wp-content\/uploads\/2024\/12\/detail-5.webp\" alt=\"\" width=\"291\" height=\"342\" srcset=\"https:\/\/www.happy-cheerme.com\/wp-content\/uploads\/2024\/12\/detail-5.webp 270w, https:\/\/www.happy-cheerme.com\/wp-content\/uploads\/2024\/12\/detail-5-256x300.webp 256w\" sizes=\"(max-width: 291px) 100vw, 291px\" \/><\/p>\n<div>\n<p>&nbsp;<\/p>\n<p style=\"text-align: left;\">Meble<br \/>\nsofa: w2700*d600<\/p>\n<p style=\"text-align: left;\">Konfiguracja mocy<br \/>\n1 zintegrowane gniazdo<br \/>\n(2ac \u3001 1usb \u3001 1type-c)<br \/>\nac 220v, usb 5v3.1a<\/p>\n<\/div>\n<div>\n<h2 style=\"text-align: left;\"><\/h2>\n<\/div>\n<h2><\/h2>\n<p>&nbsp;<\/p>\n<p>&nbsp;<\/p>\n<p>&nbsp;<\/p>\n<h2><\/h2>\n<p>&nbsp;<\/p>\n<div>\n<h2>Konfiguracja parametr\u00f3w<\/h2>\n<table width=\"753\">\n<tbody>\n<tr>\n<td width=\"189\">Konsumpcja<\/td>\n<td colspan=\"2\" width=\"136\">60w, urz\u0105dzenia elektryczne dost\u0119pu mniej ni\u017c 2000 w<\/td>\n<\/tr>\n<tr>\n<td>\u015awiat\u0142o sufitowe<\/td>\n<td colspan=\"2\">0 - 30 W.<\/td>\n<\/tr>\n<tr>\n<td>Wentylator \u015bciany<\/td>\n<td colspan=\"2\">0,9 w, 1500 rpm *6<\/td>\n<\/tr>\n<tr>\n<td>Wentylator dachu<\/td>\n<td colspan=\"2\">2,4 w, 1800 rpm*6<\/td>\n<\/tr>\n<tr>\n<td>Wentylacja<\/td>\n<td colspan=\"2\">9,4 m3\/min, 332cfm, szybko\u015b\u0107 zmiany powietrza 52\/h<\/td>\n<\/tr>\n<tr>\n<td>Redukcja szum\u00f3w<\/td>\n<td colspan=\"2\">DS, 28,5 dB (IS0 23351-1: 2020)<\/td>\n<\/tr>\n<\/tbody>\n<\/table>\n<h2>Nasze mocne strony<\/h2>\n<p>I. Modularna konstrukcja: modu\u0142owy do szybkiego monta\u017cu, z sze\u015bcioma komponentami i szybkim monta\u017cem.<br \/>\nModu\u0142owy do reorganizacji: jeden staje si\u0119 dwa, dwa staj\u0105 si\u0119 wi\u0119ksze; Modu\u0142owy do reorganizacji; Reset wielofunkcyjny.<\/p>\n<p>II. Noise Redukcja \uff1a \u015aciana 45 dB; DS, 28,5 dB cztery elementy izolacji d\u017awi\u0119ku i redukcji szumu. Dupont Virgin Saling pasek; szklane drzwi; Wydajno\u015b\u0107 uszczelnienia o klasie produkcyjnej. 1.0 Grubo\u015b\u0107 panel stalowy + pakiet akustyczny + lotniczy 6063 Stop aluminium + 4mm 1800 g Panele izolacji d\u017awi\u0119ku poliestrowego + 9mm 1200G Polishing Fibre Acustic Panelu + we\u0142niana warstwa g\u00f3rna.<\/p>\n<p>III. Optymalna wentylacja: podw\u00f3jny system cyrkulacji powietrza podw\u00f3jne zasilanie powietrza i podw\u00f3jny wydech 1,5 minuty obj\u0119to\u015b\u0107 wentylacji w kr\u0105\u017ceniu wewn\u0119trznym na minut\u0119: 1,63\/m3; Nieprzestrzegalny ultra-obfity wentylator wydechowy \uff1a 100 000 godzin.<\/p>\n<p>IV. Humanizowane konstrukcja \uff1a Mi\u0119kkie \u015bwiat\u0142o: Trzy sekundy do o\u015bwietlenia+ niesko\u0144czenie regulowany+ Mitsubishi Light Guide 50 000 h Brak zmiany koloru; Maksymalny strumie\u0144 \u015bwietlisty wynosi 2700 funt\u00f3w; Na\u015bladowanie naturalnego jasnego temperatury kolor\u00f3w wynosi 3500 tys.<\/p>\n<p>V.Sustainality: 100% Przyjazne dla \u015brodowiska materia\u0142y do zr\u00f3wnowa\u017conego \u015brodowiska koncepcji projektowania. S\u0105 to: Gabriel tkaninowy tygrys proszkowy aluminium aluminium fSC certyfikowana tablica 3C certyfikowane szklane szklane w\u0142\u00f3kno poliestrowe.<\/p>\n<p>vi.digital intelligence:<br \/>\nmo\u017cemy wype\u0142ni\u0107 inteligentn\u0105 analiz\u0119 zastrze\u017ce\u0144, zarz\u0105dzania i uwalniania w godzinach zaj\u0119tych. stanowi podstaw\u0119 do podejmowania decyzji dotycz\u0105cych resetowania przestrzeni.<br \/>\nA. Wybierz typy przestrzeni (np. Stacje robocze, sale konferencyjne itp.) Do analizy.<br \/>\nB. Udost\u0119pnij cz\u0119\u015b\u0107 kosmiczn\u0105 (np. Dzia\u0142, partycja pod\u0142ogowa), aby analizowa\u0107 i por\u00f3wnywa\u0107 z innymi cz\u0119\u015bciami.<br \/>\nC. Zrozumienie nawyk\u00f3w u\u017cytkowania i dystrybucja r\u00f3\u017cnych przestrzeni, dzia\u0142\u00f3w i obszar\u00f3w za pomoc\u0105 hierarchicznej mapy cieplnej.<br \/>\nD. Sprawdzanie, czy ustawienia przestrzeni s\u0105 odpowiednie dla modelu biznesowego za po\u015brednictwem bada\u0144 liderowych i kwestionariusza pracownik\u00f3w.<\/p>\n<div><\/div>\n<\/div>","protected":false},"excerpt":{"rendered":"<div data-module=\"6\">\n<p>External dimensions: W2200*D2870*H2280mm<\/p>\n<p>Internal dimensions: W2030*D2700(2850 is glass to glass)*H2130 mm<\/p>\n<p>Weight: 900kg<\/p>\n<p>Pallet dimensions: W2240*D1200*H1040 x2 pallets(not included accessory box)<\/p>\n<p>Volume: 6.5 m\u00b3<\/p>\n<p>Kierunek otwarcia drzwi; Drzwi bli\u017cej: lewe drzwi<\/p>\n<\/div>","protected":false},"featured_media":559,"comment_status":"open","ping_status":"closed","template":"","meta":[],"product_cat":[25,29],"product_tag":[66,42,67,70,44,69,68,49],"class_list":{"0":"post-558","1":"product","2":"type-product","3":"status-publish","4":"has-post-thumbnail","6":"product_cat-office-booth","7":"product_cat-six-seat-sound-proof-booth","8":"product_tag-6-person-booth","9":"product_tag-acoustic-isolation-booth","10":"product_tag-cmp6","11":"product_tag-conference-room-soundproof-enclosure","12":"product_tag-noise-reduction-booth","13":"product_tag-recording-studio-isolation-booth","14":"product_tag-six-person-soundproof-enclosure","15":"product_tag-soundproof-booth","17":"first","18":"instock","19":"shipping-taxable","20":"product-type-simple"},"_links":{"self":[{"href":"https:\/\/www.happy-cheerme.com\/pl\/wp-json\/wp\/v2\/product\/558","targetHints":{"allow":["GET"]}}],"collection":[{"href":"https:\/\/www.happy-cheerme.com\/pl\/wp-json\/wp\/v2\/product"}],"about":[{"href":"https:\/\/www.happy-cheerme.com\/pl\/wp-json\/wp\/v2\/types\/product"}],"replies":[{"embeddable":true,"href":"https:\/\/www.happy-cheerme.com\/pl\/wp-json\/wp\/v2\/comments?post=558"}],"version-history":[{"count":1,"href":"https:\/\/www.happy-cheerme.com\/pl\/wp-json\/wp\/v2\/product\/558\/revisions"}],"predecessor-version":[{"id":654,"href":"https:\/\/www.happy-cheerme.com\/pl\/wp-json\/wp\/v2\/product\/558\/revisions\/654"}],"wp:featuredmedia":[{"embeddable":true,"href":"https:\/\/www.happy-cheerme.com\/pl\/wp-json\/wp\/v2\/media\/559"}],"wp:attachment":[{"href":"https:\/\/www.happy-cheerme.com\/pl\/wp-json\/wp\/v2\/media?parent=558"}],"wp:term":[{"taxonomy":"product_cat","embeddable":true,"href":"https:\/\/www.happy-cheerme.com\/pl\/wp-json\/wp\/v2\/product_cat?post=558"},{"taxonomy":"product_tag","embeddable":true,"href":"https:\/\/www.happy-cheerme.com\/pl\/wp-json\/wp\/v2\/product_tag?post=558"}],"curies":[{"name":"wp","href":"https:\/\/api.w.org\/{rel}","templated":true}]}}