{"id":529,"date":"2024-12-26T20:38:48","date_gmt":"2024-12-26T12:38:48","guid":{"rendered":"https:\/\/qin.gg12.globaldeepsea.site\/?post_type=product&#038;p=529"},"modified":"2024-12-27T16:18:06","modified_gmt":"2024-12-27T08:18:06","slug":"sound-proof-booth-for-4-person-cm-p3l","status":"publish","type":"product","link":"https:\/\/www.happy-cheerme.com\/pl\/product\/sound-proof-booth-for-4-person-cm-p3l\/","title":{"rendered":"D\u017awi\u0119kowy kabin\u0119 dla 4 osobnik\u00f3w-CM-P3L"},"content":{"rendered":"<h2>Specyfikacja rozmiaru<\/h2>\n<p><img fetchpriority=\"high\" decoding=\"async\" class=\"alignnone wp-image-729\" src=\"http:\/\/qin.gg12.globaldeepsea.site\/wp-content\/uploads\/2024\/12\/7.jpg\" alt=\"\" width=\"676\" height=\"384\" srcset=\"https:\/\/www.happy-cheerme.com\/wp-content\/uploads\/2024\/12\/7.jpg 1213w, https:\/\/www.happy-cheerme.com\/wp-content\/uploads\/2024\/12\/7-300x170.jpg 300w, https:\/\/www.happy-cheerme.com\/wp-content\/uploads\/2024\/12\/7-1024x582.jpg 1024w, https:\/\/www.happy-cheerme.com\/wp-content\/uploads\/2024\/12\/7-768x436.jpg 768w, https:\/\/www.happy-cheerme.com\/wp-content\/uploads\/2024\/12\/7-600x341.jpg 600w\" sizes=\"(max-width: 676px) 100vw, 676px\" \/><img decoding=\"async\" class=\"wp-image-537 alignright\" src=\"http:\/\/qin.gg12.globaldeepsea.site\/wp-content\/uploads\/2024\/12\/size-8-300x272.webp\" alt=\"\" width=\"387\" height=\"350\" srcset=\"https:\/\/www.happy-cheerme.com\/wp-content\/uploads\/2024\/12\/size-8-300x272.webp 300w, https:\/\/www.happy-cheerme.com\/wp-content\/uploads\/2024\/12\/size-8-600x543.webp 600w, https:\/\/www.happy-cheerme.com\/wp-content\/uploads\/2024\/12\/size-8.webp 709w\" sizes=\"(max-width: 387px) 100vw, 387px\" \/><\/p>\n<h2>Tworzywo<\/h2>\n<table width=\"619\">\n<tbody>\n<tr>\n<td width=\"72\">Rama<\/td>\n<td colspan=\"2\" width=\"144\">Stopie\u0144 aluminium 6063<\/td>\n<\/tr>\n<tr>\n<td>Szk\u0142o<\/td>\n<td colspan=\"2\">10 mm ultra bia\u0142e szk\u0142o temperowane, 4+4 laminowane drzwi<\/td>\n<\/tr>\n<tr>\n<td>\u015aciana<\/td>\n<td colspan=\"2\">6063 Stop aluminium aluminium + 1,0 mm stalowa powierzchnia\/tapicerka Gabriel + pakiet akustyczny + 13 mm poliestrowy panel + G350 Tkanina ograniczaj\u0105ca szum<\/td>\n<\/tr>\n<tr>\n<td>Dach<\/td>\n<td colspan=\"2\">6063 Aluminium stopu + 1,0 mm stalowa powierzchnia + pakiet akustyczny + panel poliestrowy + tkanina redukcyjna szumu G350<\/td>\n<\/tr>\n<tr>\n<td>Dolna p\u0142yta<\/td>\n<td colspan=\"2\">E0 Poziom 25 + 9 mm z litego drewna sklejki + czarny pasek kraw\u0119dzi PVC + stalowa rama + 25 mm regulacyjna stopy + dywan poliestrowy<\/td>\n<\/tr>\n<tr>\n<td>Pow\u0142oka<\/td>\n<td colspan=\"2\">Spryskiwanie elektrostatyczne tygrysa w proszku<\/td>\n<\/tr>\n<\/tbody>\n<\/table>\n<p>&nbsp;<\/p>\n<p><img decoding=\"async\" class=\"size-full wp-image-538 alignleft\" src=\"http:\/\/qin.gg12.globaldeepsea.site\/wp-content\/uploads\/2024\/12\/detail-3.webp\" alt=\"\" width=\"289\" height=\"228\" \/><\/p>\n<div>\n<p>Meble<br \/>\nTabela negocjacyjna<br \/>\nOpcja 1: W600*D900*H740<br \/>\nOpcja 2: W600*D800*H740+400 (dost\u0119pny monitor)<br \/>\nKolor: bia\u0142y MFC\/ Drewniany kolor wielowarstwowy\/ \u017c\u00f3\u0142ta pow\u0142oka proszkowa<\/p>\n<p>Sofa: W1200*D600.<\/p>\n<p>Konfiguracja mocy: 1 zintegrowane gniazdo (2AC \u3001 1USB \u3001 1TYPE-C); AC 220V, USB5V3.1a.<\/p>\n<\/div>\n<h2><\/h2>\n<p>&nbsp;<\/p>\n<div>\n<h2>Konfiguracja parametr\u00f3w<\/h2>\n<table width=\"607\">\n<tbody>\n<tr>\n<td width=\"174\">Konsumpcja<\/td>\n<td colspan=\"2\" width=\"136\">60W, urz\u0105dzenia elektryczne Dost\u0119p mniej ni\u017c 1000 W<\/td>\n<\/tr>\n<tr>\n<td>\u015awiat\u0142o sufitowe<\/td>\n<td colspan=\"2\">0 - 20 W.<\/td>\n<\/tr>\n<tr>\n<td>Wentylator \u015bciany<\/td>\n<td colspan=\"2\">0,9 W, 1500 rpm *3<\/td>\n<\/tr>\n<tr>\n<td>Wentylator dachu<\/td>\n<td colspan=\"2\">2,4 W, 1800 rpm*2<\/td>\n<\/tr>\n<tr>\n<td>Wentylacja<\/td>\n<td colspan=\"2\">4,7 m3\/min, 165cfm, szybko\u015b\u0107 zmiany powietrza 56\/h<\/td>\n<\/tr>\n<tr>\n<td>Redukcja szum\u00f3w<\/td>\n<td colspan=\"2\">DS, 28,5 dB (IS0 23351-1: 2020)<\/td>\n<\/tr>\n<\/tbody>\n<\/table>\n<h2>Nasze mocne strony<\/h2>\n<p>I. Modularna konstrukcja: modu\u0142owy do szybkiego monta\u017cu, z sze\u015bcioma komponentami i szybkim monta\u017cem.<br \/>\nModu\u0142owy do reorganizacji: jeden staje si\u0119 dwa, dwa staj\u0105 si\u0119 wi\u0119ksze; Modu\u0142owy do reorganizacji; Reset wielofunkcyjny.<\/p>\n<p>II. Noise Redukcja \uff1a \u015aciana 45 dB; DS, 28,5 dB cztery elementy izolacji d\u017awi\u0119ku i redukcji szumu. Dupont Virgin Saling pasek; szklane drzwi; Wydajno\u015b\u0107 uszczelnienia o klasie produkcyjnej. 1.0 Grubo\u015b\u0107 panel stalowy + pakiet akustyczny + lotniczy 6063 Stop aluminium + 4mm 1800 g Panele izolacji d\u017awi\u0119ku poliestrowego + 9mm 1200G Polishing Fibre Acustic Panelu + we\u0142niana warstwa g\u00f3rna.<\/p>\n<p>III. Optymalna wentylacja: podw\u00f3jny system cyrkulacji powietrza podw\u00f3jne zasilanie powietrza i podw\u00f3jny wydech 1,5 minuty obj\u0119to\u015b\u0107 wentylacji w kr\u0105\u017ceniu wewn\u0119trznym na minut\u0119: 1,63\/m3; Nieprzestrzegalny ultra-obfity wentylator wydechowy: 100 000 godzin.<\/p>\n<p>IV. Humanizowane konstrukcja \uff1a Mi\u0119kkie \u015bwiat\u0142o: Trzy sekundy do o\u015bwietlenia+ niesko\u0144czenie regulowany+ Mitsubishi Light Guide 50 000 h Brak zmiany koloru; Maksymalny strumie\u0144 \u015bwietlisty wynosi 2700 funt\u00f3w; Na\u015bladowanie naturalnego jasnego temperatury kolor\u00f3w wynosi 3500 tys.<\/p>\n<p>V.Sustainality: 100% Przyjazne dla \u015brodowiska materia\u0142y do zr\u00f3wnowa\u017conego \u015brodowiska koncepcji projektowania. S\u0105 to: Gabriel tkaninowy tygrys proszkowy aluminium aluminium fSC certyfikowana tablica 3C certyfikowane szklane szklane w\u0142\u00f3kno poliestrowe.<\/p>\n<p>VI.Digital Intelligence: Mo\u017cemy wype\u0142ni\u0107 inteligentn\u0105 analiz\u0119 zastrze\u017ce\u0144, zarz\u0105dzania i uwalniania w godzinach pracowitych. Stanowi podstaw\u0119 do podejmowania decyzji dotycz\u0105cych resetowania przestrzeni.<br \/>\nA. Wybierz typy przestrzeni (np. Stacje robocze, sale konferencyjne itp.) Do analizy.<br \/>\nB. Udost\u0119pnij cz\u0119\u015b\u0107 kosmiczn\u0105 (np. Dzia\u0142, partycja pod\u0142ogowa), aby analizowa\u0107 i por\u00f3wnywa\u0107 z innymi cz\u0119\u015bciami.<br \/>\nC. Zrozumienie nawyk\u00f3w u\u017cytkowania i dystrybucja r\u00f3\u017cnych przestrzeni, dzia\u0142\u00f3w i obszar\u00f3w za pomoc\u0105 hierarchicznej mapy cieplnej.<br \/>\nD. Sprawdzanie, czy ustawienia przestrzeni s\u0105 odpowiednie dla modelu biznesowego za po\u015brednictwem bada\u0144 liderowych i kwestionariusza pracownik\u00f3w.<\/p>\n<\/div>","protected":false},"excerpt":{"rendered":"<p>Wymiary zewn\u0119trzne: W2200*D1360*H2280mm<\/p>\n<p>Wymiary wewn\u0119trzne: W2030*D1190 (1340 to szk\u0142o do szk\u0142a)*H2130 mm<\/p>\n<p>Wymiary zewn\u0119trzne: W2200*D1360*H2280mm<\/p>\n<p>Wymiary wewn\u0119trzne: W2030*D1190 (1340 to szk\u0142o do szk\u0142a)*H2130 mm<\/p>\n<p>Waga: 580 kg<\/p>\n<p>Wymiary palety: W2240*D1410*H1050 (nie zawarte pole akcesori\u00f3w)<\/p>\n<p>Tom: 3,5 m\u00b3<\/p>\n<p>Kierunek otwarcia drzwi; Drzwi bli\u017cej: lewe drzwi<\/p>","protected":false},"featured_media":530,"comment_status":"open","ping_status":"closed","template":"","meta":[],"product_cat":[28,25],"product_tag":[56,42,57,58,44,60,59,49],"class_list":{"0":"post-529","1":"product","2":"type-product","3":"status-publish","4":"has-post-thumbnail","6":"product_cat-four-seat-sound-proof-booth","7":"product_cat-office-booth","8":"product_tag-4-person-booth","9":"product_tag-acoustic-isolation-booth","10":"product_tag-cmp3-booth","11":"product_tag-group-communication-booth","12":"product_tag-noise-reduction-booth","13":"product_tag-office-meeting-booth","14":"product_tag-privacy-booth","15":"product_tag-soundproof-booth","17":"first","18":"instock","19":"shipping-taxable","20":"product-type-simple"},"_links":{"self":[{"href":"https:\/\/www.happy-cheerme.com\/pl\/wp-json\/wp\/v2\/product\/529","targetHints":{"allow":["GET"]}}],"collection":[{"href":"https:\/\/www.happy-cheerme.com\/pl\/wp-json\/wp\/v2\/product"}],"about":[{"href":"https:\/\/www.happy-cheerme.com\/pl\/wp-json\/wp\/v2\/types\/product"}],"replies":[{"embeddable":true,"href":"https:\/\/www.happy-cheerme.com\/pl\/wp-json\/wp\/v2\/comments?post=529"}],"version-history":[{"count":1,"href":"https:\/\/www.happy-cheerme.com\/pl\/wp-json\/wp\/v2\/product\/529\/revisions"}],"predecessor-version":[{"id":657,"href":"https:\/\/www.happy-cheerme.com\/pl\/wp-json\/wp\/v2\/product\/529\/revisions\/657"}],"wp:featuredmedia":[{"embeddable":true,"href":"https:\/\/www.happy-cheerme.com\/pl\/wp-json\/wp\/v2\/media\/530"}],"wp:attachment":[{"href":"https:\/\/www.happy-cheerme.com\/pl\/wp-json\/wp\/v2\/media?parent=529"}],"wp:term":[{"taxonomy":"product_cat","embeddable":true,"href":"https:\/\/www.happy-cheerme.com\/pl\/wp-json\/wp\/v2\/product_cat?post=529"},{"taxonomy":"product_tag","embeddable":true,"href":"https:\/\/www.happy-cheerme.com\/pl\/wp-json\/wp\/v2\/product_tag?post=529"}],"curies":[{"name":"wp","href":"https:\/\/api.w.org\/{rel}","templated":true}]}}