{"id":520,"date":"2024-12-26T18:10:09","date_gmt":"2024-12-26T10:10:09","guid":{"rendered":"https:\/\/qin.gg12.globaldeepsea.site\/?post_type=product&#038;p=520"},"modified":"2024-12-27T16:23:39","modified_gmt":"2024-12-27T08:23:39","slug":"sound-proof-booth-for-2-person-cm-q2m","status":"publish","type":"product","link":"https:\/\/www.happy-cheerme.com\/pl\/product\/sound-proof-booth-for-2-person-cm-q2m\/","title":{"rendered":"D\u017awi\u0119kowy kabin\u0119 dla 2-osobowej-CM-Q2M"},"content":{"rendered":"<h2>Specyfikacja rozmiaru<\/h2>\n<p><img fetchpriority=\"high\" decoding=\"async\" class=\"alignnone wp-image-730\" src=\"http:\/\/qin.gg12.globaldeepsea.site\/wp-content\/uploads\/2024\/12\/8.jpg\" alt=\"\" width=\"647\" height=\"380\" srcset=\"https:\/\/www.happy-cheerme.com\/wp-content\/uploads\/2024\/12\/8.jpg 918w, https:\/\/www.happy-cheerme.com\/wp-content\/uploads\/2024\/12\/8-300x176.jpg 300w, https:\/\/www.happy-cheerme.com\/wp-content\/uploads\/2024\/12\/8-768x451.jpg 768w, https:\/\/www.happy-cheerme.com\/wp-content\/uploads\/2024\/12\/8-600x352.jpg 600w\" sizes=\"(max-width: 647px) 100vw, 647px\" \/><img decoding=\"async\" class=\"alignright wp-image-528\" src=\"http:\/\/qin.gg12.globaldeepsea.site\/wp-content\/uploads\/2024\/12\/size-7-259x300.webp\" alt=\"\" width=\"319\" height=\"370\" srcset=\"https:\/\/www.happy-cheerme.com\/wp-content\/uploads\/2024\/12\/size-7-259x300.webp 259w, https:\/\/www.happy-cheerme.com\/wp-content\/uploads\/2024\/12\/size-7-883x1024.webp 883w, https:\/\/www.happy-cheerme.com\/wp-content\/uploads\/2024\/12\/size-7-768x891.webp 768w, https:\/\/www.happy-cheerme.com\/wp-content\/uploads\/2024\/12\/size-7-1325x1536.webp 1325w, https:\/\/www.happy-cheerme.com\/wp-content\/uploads\/2024\/12\/size-7-600x696.webp 600w, https:\/\/www.happy-cheerme.com\/wp-content\/uploads\/2024\/12\/size-7.webp 1680w\" sizes=\"(max-width: 319px) 100vw, 319px\" \/><\/p>\n<h2>Opis<\/h2>\n<div>1. 1,5-2,5 mm stopu aluminium + 10 mm o wysokiej wytrzyma\u0142o\u015bci szklanki + absorbing i d\u017awi\u0119kowy materia\u0142 z desk\u0105 ochrony \u015brodowiska 9 + 12 mm.<br \/>\n2. Ultra-cienki i ultra-silentence End Ecfan*2 + PD Teoria D\u0142uga \u015bcie\u017cka d\u017awi\u0119kowa rura cyrkulacji powietrza.<br \/>\n3. ha\u0142as: &lt;35 db<br \/>\npr\u0119dko\u015b\u0107: 750 obr.\/min<br \/>\nvolume wentylatora wentylacyjnego: 89cfm<br \/>\n\u015brednia wentylacja 1 10 m3\/h<br \/>\n4. w tym dywani<br \/>\n5. zintegrowane naturalne \u015bwiat\u0142o 2500 ~ 6000 k (trzykolorowe \u015bwiat\u0142o temperatury*1) 100-240 v\/50-60 hz zasilanie<br \/>\n6. Gniazdo*1, dwupozycyjny prze\u0142\u0105cznik*1, Dost\u0119pny jest interfejs sieciowy*1 USB Port Gocket.<br \/>\n7. Sterowanie \u015bwiat\u0142a i wydechu osobno.<br \/>\n8. Stalowa kubek st\u00f3p + ko\u0142o uniwersalne.<\/div>\n<div>\n<h2>cechy i mocne strony<\/h2>\n<div>i. materia\u0142y: profil aluminiowy o wysokiej wytrzyma\u0142o\u015bci, szk\u0142o izolacji d\u017awi\u0119kowej, p\u0142yta d\u017awi\u0119kowa z w\u0142\u00f3kna poliestrowego i sklejka ochrony \u015brodowiska.<br \/>\nii.soundproof &amp; sound izolacja: \u015bciana biurowych kapsu\u0142ek sk\u0142ada si\u0119 z bawe\u0142ny bawe\u0142nianej i przyjaznej dla \u015brodowiska (pusta struktura) i grubo\u015bci 10 mm d\u017awi\u0119koszczelne szk\u0142o temperowane. izolacja d\u017awi\u0119ku i wska\u017anik redukcji szum\u00f3w spe\u0142nia oczekiwania projektowe.<br \/>\nIII<br \/>\niv. lighting: kabina jest wyposa\u017cona w tr\u00f3jkolorowe lampy sufitowe led o temperaturze 3000k-6000k, kt\u00f3re mog\u0105 zasadniczo zaspokoi\u0107 potrzeby o\u015bwietlenia kabiny.<br \/>\nv.100-240v moc: ka\u017cde str\u0105ki biurowe jest wyposa\u017cone w system zasilania 100-240 v\/50-60 hz i 12 v-usb, kt\u00f3ry mo\u017ce z \u0142atwo\u015bci\u0105 sprosta\u0107 korzystaniu z g\u0142\u00f3wnego nurtu urz\u0105dze\u0144 elektrycznych w \u017cyciu.<br \/>\nvi.asy to ruch: lekki charakter officepods pozwala \u0142atwo przenosi\u0107 je w dowolnym miejscu, gdzie potrzebuje ich biuro.<br \/>\nvii. easy do monta\u017cu: zaprojektowali\u015bmy nasze str\u0105ki biurowe, aby mo\u017cna je by\u0142o \u0142atwo zgromadzi\u0107 z zespo\u0142em 1-3 os\u00f3b z tylko wiert\u0142em energetycznym i drabin\u0105.<\/div>\n<\/div>","protected":false},"excerpt":{"rendered":"<p>zewn\u0119trzne rozmieszczenia: 1500 w x 1800d x 2348,5h (mm)<\/p>\n<p>demencje wewn\u0119trzne: 1370 w x 1206d x 2128h (mm)<\/p>\n<p>waga -gw\/nw: 550 kg\/490 kg<\/p>\n<p>demencje paletyzuj\u0105ce: 1700 w x 2000d x 2460h \uff08mm\uff09<\/p>\n<p>tom: 5.12 m3<\/p>","protected":false},"featured_media":521,"comment_status":"open","ping_status":"closed","template":"","meta":[],"product_cat":[27,25],"product_tag":[50,53,55,51,44,52,49,54],"class_list":{"0":"post-520","1":"product","2":"type-product","3":"status-publish","4":"has-post-thumbnail","6":"product_cat-dual-seat-sound-proof-booth","7":"product_cat-office-booth","8":"product_tag-acoustic-isolation","9":"product_tag-double-occupancy-soundproof-room","10":"product_tag-dual-user-acoustic-isolation-unit","11":"product_tag-duo-soundproof-pod","12":"product_tag-noise-reduction-booth","13":"product_tag-privacy-booth-for-2","14":"product_tag-soundproof-booth","15":"product_tag-two-person-soundproof-enclosure","17":"first","18":"instock","19":"shipping-taxable","20":"product-type-simple"},"_links":{"self":[{"href":"https:\/\/www.happy-cheerme.com\/pl\/wp-json\/wp\/v2\/product\/520","targetHints":{"allow":["GET"]}}],"collection":[{"href":"https:\/\/www.happy-cheerme.com\/pl\/wp-json\/wp\/v2\/product"}],"about":[{"href":"https:\/\/www.happy-cheerme.com\/pl\/wp-json\/wp\/v2\/types\/product"}],"replies":[{"embeddable":true,"href":"https:\/\/www.happy-cheerme.com\/pl\/wp-json\/wp\/v2\/comments?post=520"}],"version-history":[{"count":1,"href":"https:\/\/www.happy-cheerme.com\/pl\/wp-json\/wp\/v2\/product\/520\/revisions"}],"predecessor-version":[{"id":658,"href":"https:\/\/www.happy-cheerme.com\/pl\/wp-json\/wp\/v2\/product\/520\/revisions\/658"}],"wp:featuredmedia":[{"embeddable":true,"href":"https:\/\/www.happy-cheerme.com\/pl\/wp-json\/wp\/v2\/media\/521"}],"wp:attachment":[{"href":"https:\/\/www.happy-cheerme.com\/pl\/wp-json\/wp\/v2\/media?parent=520"}],"wp:term":[{"taxonomy":"product_cat","embeddable":true,"href":"https:\/\/www.happy-cheerme.com\/pl\/wp-json\/wp\/v2\/product_cat?post=520"},{"taxonomy":"product_tag","embeddable":true,"href":"https:\/\/www.happy-cheerme.com\/pl\/wp-json\/wp\/v2\/product_tag?post=520"}],"curies":[{"name":"wp","href":"https:\/\/api.w.org\/{rel}","templated":true}]}}