{"id":512,"date":"2024-12-26T18:03:52","date_gmt":"2024-12-26T10:03:52","guid":{"rendered":"https:\/\/qin.gg12.globaldeepsea.site\/?post_type=product&#038;p=512"},"modified":"2024-12-27T16:31:48","modified_gmt":"2024-12-27T08:31:48","slug":"sound-proof-booth-for-2-person-cm-p2m","status":"publish","type":"product","link":"https:\/\/www.happy-cheerme.com\/pl\/product\/sound-proof-booth-for-2-person-cm-p2m\/","title":{"rendered":"D\u017awi\u0119kowy kabin\u0119 dla 2-osobowej-CM-P2M"},"content":{"rendered":"<h2>Specyfikacja rozmiaru<\/h2>\n<p><img fetchpriority=\"high\" decoding=\"async\" class=\"alignnone wp-image-731\" src=\"http:\/\/qin.gg12.globaldeepsea.site\/wp-content\/uploads\/2024\/12\/9.jpg\" alt=\"\" width=\"664\" height=\"368\" srcset=\"https:\/\/www.happy-cheerme.com\/wp-content\/uploads\/2024\/12\/9.jpg 1243w, https:\/\/www.happy-cheerme.com\/wp-content\/uploads\/2024\/12\/9-300x166.jpg 300w, https:\/\/www.happy-cheerme.com\/wp-content\/uploads\/2024\/12\/9-1024x568.jpg 1024w, https:\/\/www.happy-cheerme.com\/wp-content\/uploads\/2024\/12\/9-768x426.jpg 768w, https:\/\/www.happy-cheerme.com\/wp-content\/uploads\/2024\/12\/9-600x333.jpg 600w\" sizes=\"(max-width: 664px) 100vw, 664px\" \/><img decoding=\"async\" class=\"wp-image-518 alignright\" src=\"http:\/\/qin.gg12.globaldeepsea.site\/wp-content\/uploads\/2024\/12\/size-6-269x300.webp\" alt=\"\" width=\"305\" height=\"340\" srcset=\"https:\/\/www.happy-cheerme.com\/wp-content\/uploads\/2024\/12\/size-6-269x300.webp 269w, https:\/\/www.happy-cheerme.com\/wp-content\/uploads\/2024\/12\/size-6-920x1024.webp 920w, https:\/\/www.happy-cheerme.com\/wp-content\/uploads\/2024\/12\/size-6-768x855.webp 768w, https:\/\/www.happy-cheerme.com\/wp-content\/uploads\/2024\/12\/size-6-600x668.webp 600w, https:\/\/www.happy-cheerme.com\/wp-content\/uploads\/2024\/12\/size-6.webp 952w\" sizes=\"(max-width: 305px) 100vw, 305px\" \/><\/p>\n<h2>Tworzywo<\/h2>\n<table width=\"652\">\n<tbody>\n<tr>\n<td width=\"68\">Rama<\/td>\n<td colspan=\"2\" width=\"136\">Aluminnum Aluminnum Aluminnum 6063<\/td>\n<\/tr>\n<tr>\n<td>Szk\u0142o<\/td>\n<td colspan=\"2\">10 mm ultra bia\u0142e szk\u0142o temperowane, 4+4 laminowane drzwi<\/td>\n<\/tr>\n<tr>\n<td>\u015aciana<\/td>\n<td colspan=\"2\">6063 Stop aluminium aluminium + 1,0 mm stalowa powierzchnia\/tapicerka Gabriel + pakiet akustyczny + 13 mm poliestrowy panel + G350 Tkanina ograniczaj\u0105ca szum<\/td>\n<\/tr>\n<tr>\n<td>Dach<\/td>\n<td colspan=\"2\">6063 Aluminium stopu + 1,0 mm stalowa powierzchnia + pakiet akustyczny + panel poliestrowy + tkanina redukcyjna szumu G350<\/td>\n<\/tr>\n<tr>\n<td>Dolna p\u0142yta<\/td>\n<td colspan=\"2\">E0 Poziom 25 + 9 mm z litego drewna sklejki + czarny pasek kraw\u0119dzi PVC + stalowa rama + 25 mm regulacyjna stopy + dywan poliestrowy<\/td>\n<\/tr>\n<tr>\n<td>Pow\u0142oka<\/td>\n<td colspan=\"2\">Spryskiwanie elektrostatyczne tygrysa w proszku<\/td>\n<\/tr>\n<\/tbody>\n<\/table>\n<h2>Meble<\/h2>\n<p><img decoding=\"async\" class=\"wp-image-519 size-full alignleft\" src=\"http:\/\/qin.gg12.globaldeepsea.site\/wp-content\/uploads\/2024\/12\/detail-2.webp\" alt=\"\" width=\"262\" height=\"225\" \/><\/p>\n<div><\/div>\n<div><\/div>\n<div>St\u00f3\u0142 barowy (z 2 kubkami)<br \/>\nW1465*D400*H1050<br \/>\nKolor: bia\u0142y MFC\/ Drewniany kolor<br \/>\nWielowarstwowa deska\/ \u017c\u00f3\u0142ta pow\u0142oka proszkowa<\/div>\n<h2><\/h2>\n<p>&nbsp;<\/p>\n<p>&nbsp;<\/p>\n<h2><\/h2>\n<p>&nbsp;<\/p>\n<div>\n<h2>Konfiguracja mocy<\/h2>\n<table width=\"653\">\n<tbody>\n<tr>\n<td width=\"203\">Konsumpcja<\/td>\n<td colspan=\"2\" width=\"136\">40W, urz\u0105dzenia elektryczne Dost\u0119p mniej ni\u017c 1000 W<\/td>\n<\/tr>\n<tr>\n<td>\u015awiat\u0142o sufitowe<\/td>\n<td colspan=\"2\">0 - 20 W.<\/td>\n<\/tr>\n<tr>\n<td>Wentylator \u015bciany<\/td>\n<td colspan=\"2\">0,9 W, 1500 rpm *3<\/td>\n<\/tr>\n<tr>\n<td>Wentylator dachu<\/td>\n<td colspan=\"2\">2,4 W, 1800 rpm*2<\/td>\n<\/tr>\n<tr>\n<td>Wentylacja<\/td>\n<td colspan=\"2\">2,35 m3\/min, 83cfm, szybko\u015b\u0107 zmiany powietrza 45\/h<\/td>\n<\/tr>\n<tr>\n<td>Redukcja szum\u00f3w<\/td>\n<td colspan=\"2\">DS, 28,5 dB (IS0 23351-1: 2020)<\/td>\n<\/tr>\n<\/tbody>\n<\/table>\n<h2>Nasze mocne strony<\/h2>\n<div>\n<div>I. Modularna konstrukcja: modu\u0142owy do szybkiego monta\u017cu, z sze\u015bcioma komponentami i szybkim monta\u017cem. 1 -godzinny monta\u017c. \u0141atwy do w\u0142o\u017cenia opatentowanego z\u0142\u0105cza szybkiego monta\u017cu. Modu\u0142owy do reorganizacji: jeden staje si\u0119 dwa, dwa staj\u0105 si\u0119 wi\u0119ksze; Modu\u0142owy do reorganizacji; Reset wielofunkcyjny.<\/div>\n<div><\/div>\n<div>II. Noise Redukcja: \u015bciana 45 dB; DS, 28,5 dB cztery elementy izolacji d\u017awi\u0119ku i redukcji szumu. Dupont Virgin Saling pasek; szklane drzwi; Wydajno\u015b\u0107 uszczelnienia o klasie produkcyjnej. 1.0 Grubo\u015b\u0107 panel stalowy + pakiet akustyczny + lotniczy 6063 Stop aluminium + 4mm 1800 g Panele izolacji d\u017awi\u0119ku poliestrowego + 9mm 1200G Polishing Fibre Acustic Panelu + we\u0142niana warstwa g\u00f3rna.<\/div>\n<div><\/div>\n<div>III. Optymalna wentylacja: podw\u00f3jny system cyrkulacji powietrza podw\u00f3jne zasilanie powietrza i podw\u00f3jny wydech 1,5 minuty obj\u0119to\u015b\u0107 wentylacji w kr\u0105\u017ceniu wewn\u0119trznym na minut\u0119: 1,63\/m3; Nieprzestrzegalny ultra-obfity wentylator wydechowy: 100 000 godzin.<\/div>\n<div><\/div>\n<div>IV. Humanizowane konstrukcja \uff1a Mi\u0119kkie \u015bwiat\u0142o: Trzy sekundy do o\u015bwietlenia+ niesko\u0144czenie regulowany+ Mitsubishi Light Guide 50 000 h Brak zmiany koloru; Maksymalny strumie\u0144 \u015bwietlisty wynosi 2700 funt\u00f3w; Na\u015bladowanie naturalnego jasnego temperatury kolor\u00f3w wynosi 3500 tys.<\/div>\n<div><\/div>\n<div>V.Sustainality: 100% Przyjazne dla \u015brodowiska materia\u0142y do \u200b\u200bzr\u00f3wnowa\u017conego \u015brodowiska koncepcji projektowania. S\u0105 to: tkanina Gabriel; Tygrys proszku; Aluminiowy stop lotniczy; Rada certyfikowana FSC; Certyfikowane szk\u0142o temperowane 3C; W\u0142\u00f3kno poliestrowe z recyklingu.<\/div>\n<div><\/div>\n<div>VI.Digital Intelligence: Mo\u017cemy wype\u0142ni\u0107 inteligentn\u0105 analiz\u0119 zastrze\u017ce\u0144, zarz\u0105dzania i uwalniania w godzinach pracowitych. Stanowi podstaw\u0119 do podejmowania decyzji dotycz\u0105cych resetowania przestrzeni.<\/div>\n<div>A. Wybierz typy przestrzeni (np. Stacje robocze, sale konferencyjne itp.) Do analizy.<\/div>\n<div>B. Udost\u0119pnij cz\u0119\u015b\u0107 kosmiczn\u0105 (np. Dzia\u0142, partycja pod\u0142ogowa), aby analizowa\u0107 i por\u00f3wnywa\u0107 z innymi cz\u0119\u015bciami.<\/div>\n<div>C. Zrozumienie nawyk\u00f3w u\u017cytkowania i dystrybucja r\u00f3\u017cnych przestrzeni, dzia\u0142\u00f3w i obszar\u00f3w za pomoc\u0105 hierarchicznej mapy cieplnej.<\/div>\n<div>D. Sprawdzanie, czy ustawienia przestrzeni s\u0105 odpowiednie dla modelu biznesowego za po\u015brednictwem bada\u0144 liderowych i kwestionariusza pracownik\u00f3w.<\/div>\n<\/div>\n<\/div>","protected":false},"excerpt":{"rendered":"<p>Wymiary zewn\u0119trzne: W1635*D1360*H2280 mm<\/p>\n<p>Wymiary wewn\u0119trzne: W1465*D1190 (1340 to szk\u0142o do szk\u0142a)*H2130 mm<\/p>\n<p>Waga: 450 kg<\/p>\n<p>Wymiary palety: W2190*D1410*H935 (nie do\u0142\u0105czono pude\u0142ka akcesori\u00f3w)<\/p>\n<p>Tom: 3 m3<\/p>\n<p>Kierunek otwarcia drzwi; Drzwi bli\u017cej: prawe drzwi<\/p>","protected":false},"featured_media":513,"comment_status":"open","ping_status":"closed","template":"","meta":[],"product_cat":[27,25],"product_tag":[42,43,48,47,44,46,41,45],"class_list":{"0":"post-512","1":"product","2":"type-product","3":"status-publish","4":"has-post-thumbnail","6":"product_cat-dual-seat-sound-proof-booth","7":"product_cat-office-booth","8":"product_tag-acoustic-isolation-booth","9":"product_tag-compact-soundproof-room","10":"product_tag-double-person-sound-insulation-pod","11":"product_tag-dual-occupancy-sound-booth","12":"product_tag-noise-reduction-booth","13":"product_tag-small-soundproof-chamber","14":"product_tag-soundproof-booth-for-two","15":"product_tag-two-person-audio-booth","17":"first","18":"instock","19":"shipping-taxable","20":"product-type-simple"},"_links":{"self":[{"href":"https:\/\/www.happy-cheerme.com\/pl\/wp-json\/wp\/v2\/product\/512","targetHints":{"allow":["GET"]}}],"collection":[{"href":"https:\/\/www.happy-cheerme.com\/pl\/wp-json\/wp\/v2\/product"}],"about":[{"href":"https:\/\/www.happy-cheerme.com\/pl\/wp-json\/wp\/v2\/types\/product"}],"replies":[{"embeddable":true,"href":"https:\/\/www.happy-cheerme.com\/pl\/wp-json\/wp\/v2\/comments?post=512"}],"version-history":[{"count":1,"href":"https:\/\/www.happy-cheerme.com\/pl\/wp-json\/wp\/v2\/product\/512\/revisions"}],"predecessor-version":[{"id":659,"href":"https:\/\/www.happy-cheerme.com\/pl\/wp-json\/wp\/v2\/product\/512\/revisions\/659"}],"wp:featuredmedia":[{"embeddable":true,"href":"https:\/\/www.happy-cheerme.com\/pl\/wp-json\/wp\/v2\/media\/513"}],"wp:attachment":[{"href":"https:\/\/www.happy-cheerme.com\/pl\/wp-json\/wp\/v2\/media?parent=512"}],"wp:term":[{"taxonomy":"product_cat","embeddable":true,"href":"https:\/\/www.happy-cheerme.com\/pl\/wp-json\/wp\/v2\/product_cat?post=512"},{"taxonomy":"product_tag","embeddable":true,"href":"https:\/\/www.happy-cheerme.com\/pl\/wp-json\/wp\/v2\/product_tag?post=512"}],"curies":[{"name":"wp","href":"https:\/\/api.w.org\/{rel}","templated":true}]}}