{"id":503,"date":"2024-12-26T17:50:03","date_gmt":"2024-12-26T09:50:03","guid":{"rendered":"https:\/\/qin.gg12.globaldeepsea.site\/?post_type=product&#038;p=503"},"modified":"2024-12-27T16:41:03","modified_gmt":"2024-12-27T08:41:03","slug":"sound-proof-booth-for-2-person-cm-qm","status":"publish","type":"product","link":"https:\/\/www.happy-cheerme.com\/pl\/product\/sound-proof-booth-for-2-person-cm-qm\/","title":{"rendered":"D\u017awi\u0119kowy kabin\u0119 dla 2-osobowej-CM-QM"},"content":{"rendered":"<h2>Specyfikacja rozmiaru<\/h2>\n<p><img fetchpriority=\"high\" decoding=\"async\" class=\"alignnone wp-image-732\" src=\"http:\/\/qin.gg12.globaldeepsea.site\/wp-content\/uploads\/2024\/12\/10.jpg\" alt=\"\" width=\"681\" height=\"370\" srcset=\"https:\/\/www.happy-cheerme.com\/wp-content\/uploads\/2024\/12\/10.jpg 992w, https:\/\/www.happy-cheerme.com\/wp-content\/uploads\/2024\/12\/10-300x163.jpg 300w, https:\/\/www.happy-cheerme.com\/wp-content\/uploads\/2024\/12\/10-768x417.jpg 768w, https:\/\/www.happy-cheerme.com\/wp-content\/uploads\/2024\/12\/10-600x326.jpg 600w\" sizes=\"(max-width: 681px) 100vw, 681px\" \/><img decoding=\"async\" class=\"alignright wp-image-511\" src=\"http:\/\/qin.gg12.globaldeepsea.site\/wp-content\/uploads\/2024\/12\/size-5-248x300.webp\" alt=\"\" width=\"306\" height=\"370\" srcset=\"https:\/\/www.happy-cheerme.com\/wp-content\/uploads\/2024\/12\/size-5-248x300.webp 248w, https:\/\/www.happy-cheerme.com\/wp-content\/uploads\/2024\/12\/size-5.webp 482w\" sizes=\"(max-width: 306px) 100vw, 306px\" \/><\/p>\n<h2>Opis<\/h2>\n<div>\n<p>1. 1,5-2,5 mm stopu aluminium + 10 mm o wysokiej wytrzyma\u0142o\u015bci szklanki + absorbing i d\u017awi\u0119kowy materia\u0142 z desk\u0105 ochrony \u015brodowiska 9 + 12 mm.<\/p>\n<p>2. Ultra-cienki i ultra-silentence End Ecfan*2 + PD Teoria D\u0142uga \u015bcie\u017cka d\u017awi\u0119kowa rura cyrkulacji powietrza.<\/p>\n<p>3. Ha\u0142as: &lt;35 dB; Pr\u0119dko\u015b\u0107: 750 obr.\/min; Volume wentylatora wentylacyjnego: 89cfm; \u015arednia wentylacja 1 10 m3\/h.<\/p>\n<p>4. W tym dywan przeciwprzepustowy i przeciwpo\u015blizgowy dywanik o niskiej p\u0119tli.<\/p>\n<p>5. Zintegrowane naturalne \u015bwiat\u0142o 2500 ~ 6000 K (trzykolorowe \u015bwiat\u0142o temperaturowe*1) 100-240 V\/50-60 Hz Zasilanie.<\/p>\n<p>6. Gniazdo*1, dwupozycyjny prze\u0142\u0105cznik*1, Dost\u0119pny jest interfejs sieciowy*1 USB Port Gocket.<\/p>\n<p>7. Sterowanie \u015bwiat\u0142a i wydechu osobno.<\/p>\n<p>8. Stalowa kubek st\u00f3p + ko\u0142o uniwersalne.<\/p>\n<\/div>\n<div>\n<h2>cechy i mocne strony<\/h2>\n<p>i. materia\u0142y: profil aluminiowy o wysokiej wytrzyma\u0142o\u015bci, szk\u0142o izolacji d\u017awi\u0119kowej, tablica d\u017awi\u0119kowa z w\u0142\u00f3kna poliestrowego i sklejka ochrony \u015brodowiska.<\/p>\n<p>ii.soundproof &amp; sound izolacja: \u015bciana biurowych kapsu\u0142ek sk\u0142ada si\u0119 z bawe\u0142ny bawe\u0142nianej i przyjaznej dla \u015brodowiska (pusta struktura) i grubo\u015bci 10 mm d\u017awi\u0119koszczelne szk\u0142o temperowane. izolacja d\u017awi\u0119ku i wska\u017anik redukcji szum\u00f3w spe\u0142nia oczekiwania projektowe.<\/p>\n<p>III<\/p>\n<p>iv. lighting: kabina jest wyposa\u017cona w tr\u00f3jkolorowe lampy sufitowe led o temperaturze 3000k-6000k, kt\u00f3re mog\u0105 zasadniczo zaspokoi\u0107 potrzeby o\u015bwietlenia kabiny.<\/p>\n<p>v.100-240v moc: ka\u017cde str\u0105ki biurowe jest wyposa\u017cone w system zasilania 100-240 v\/50-60 hz i 12 v-usb, kt\u00f3ry mo\u017ce z \u0142atwo\u015bci\u0105 sprosta\u0107 korzystaniu z g\u0142\u00f3wnego nurtu urz\u0105dze\u0144 elektrycznych w \u017cyciu.<\/p>\n<p>vi.asy to ruch: lekki charakter officepods pozwala \u0142atwo przenosi\u0107 je w dowolnym miejscu, gdzie potrzebuje ich biuro.<\/p>\n<p>vii. easy do monta\u017cu: zaprojektowali\u015bmy nasze str\u0105ki biurowe, aby mo\u017cna je by\u0142o \u0142atwo zgromadzi\u0107 z zespo\u0142em 1-3 os\u00f3b z tylko wiert\u0142em energetycznym i drabin\u0105.<\/p>\n<\/div>","protected":false},"excerpt":{"rendered":"<p>External demensions: 1500w x 1250d x 2348.5h (mm)<\/p>\n<p>demencje wewn\u0119trzne: 1370 w x 1206d x 2128h (mm)<\/p>\n<p>Weight -G.W.\/N.W: 470kg\/380kg<\/p>\n<p>Palletizing demensions: 2300w x 1200d x 1450h\uff08MM\uff09<\/p>\n<p>Volume: 3.52 m\u00b3<\/p>","protected":false},"featured_media":504,"comment_status":"open","ping_status":"closed","template":"","meta":[],"product_cat":[27,25],"product_tag":[122,116,119,117,121,120,118,115],"class_list":{"0":"post-503","1":"product","2":"type-product","3":"status-publish","4":"has-post-thumbnail","6":"product_cat-dual-seat-sound-proof-booth","7":"product_cat-office-booth","8":"product_tag-2-person-isolation-booth","9":"product_tag-2-person-soundproof-booth","10":"product_tag-compact-soundproof-booth","11":"product_tag-double-occupancy-soundproof-booth","12":"product_tag-enclosed-soundproof-booth","13":"product_tag-private-soundproof-booth","14":"product_tag-small-soundproof-booth","15":"product_tag-soundproof-booth-for-2","17":"first","18":"instock","19":"shipping-taxable","20":"product-type-simple"},"_links":{"self":[{"href":"https:\/\/www.happy-cheerme.com\/pl\/wp-json\/wp\/v2\/product\/503","targetHints":{"allow":["GET"]}}],"collection":[{"href":"https:\/\/www.happy-cheerme.com\/pl\/wp-json\/wp\/v2\/product"}],"about":[{"href":"https:\/\/www.happy-cheerme.com\/pl\/wp-json\/wp\/v2\/types\/product"}],"replies":[{"embeddable":true,"href":"https:\/\/www.happy-cheerme.com\/pl\/wp-json\/wp\/v2\/comments?post=503"}],"version-history":[{"count":1,"href":"https:\/\/www.happy-cheerme.com\/pl\/wp-json\/wp\/v2\/product\/503\/revisions"}],"predecessor-version":[{"id":660,"href":"https:\/\/www.happy-cheerme.com\/pl\/wp-json\/wp\/v2\/product\/503\/revisions\/660"}],"wp:featuredmedia":[{"embeddable":true,"href":"https:\/\/www.happy-cheerme.com\/pl\/wp-json\/wp\/v2\/media\/504"}],"wp:attachment":[{"href":"https:\/\/www.happy-cheerme.com\/pl\/wp-json\/wp\/v2\/media?parent=503"}],"wp:term":[{"taxonomy":"product_cat","embeddable":true,"href":"https:\/\/www.happy-cheerme.com\/pl\/wp-json\/wp\/v2\/product_cat?post=503"},{"taxonomy":"product_tag","embeddable":true,"href":"https:\/\/www.happy-cheerme.com\/pl\/wp-json\/wp\/v2\/product_tag?post=503"}],"curies":[{"name":"wp","href":"https:\/\/api.w.org\/{rel}","templated":true}]}}