{"id":197,"date":"2024-12-19T13:35:41","date_gmt":"2024-12-19T05:35:41","guid":{"rendered":"https:\/\/qin.gg12.globaldeepsea.site\/?post_type=product&#038;p=197"},"modified":"2024-12-30T17:01:05","modified_gmt":"2024-12-30T09:01:05","slug":"six-person-booth-a-furniture-matching","status":"publish","type":"product","link":"https:\/\/www.happy-cheerme.com\/pl\/product\/six-person-booth-a-furniture-matching\/","title":{"rendered":"Dopasowanie mebli sze\u015bcioosobowych"},"content":{"rendered":"<h2>Materia\u0142y materia\u0142owe<\/h2>\n<p>I. Gabriel tkaniny: Zaprojektowane z szacunkiem dla zdrowia i bezpiecze\u0144stwa<br \/>\nGabriel projektuje produkty, kt\u00f3re przyczyniaj\u0105 si\u0119 do zdrowych przestrzeni wewn\u0119trznych produkowanych w odniesieniu do zdrowia i bezpiecze\u0144stwa u\u017cytkownik\u00f3w, a tak\u017ce \u015brodowiska. Wymagania Eeko-Tex i UE Ecolabel stanowi\u0105 minimalne standardy Gabriela i zapewniaj\u0105 to<br \/>\nNasi klienci zawsze staj\u0105 si\u0119 zr\u00f3wnowa\u017cone, bezpieczne dla konsument\u00f3w i ekologiczne tkaniny. Ponadto Gabriel oferuje r\u00f3wnie\u017c kompleksowy wyb\u00f3r tkanin Cradle to Cradle Certicit \u2122.<\/p>\n<p>II. Otrzymana zapalenie tkaniny meblowej do wcierania przeprowadzonych test\u00f3w ISO 105 \u00d7 12-2016:<\/p>\n<p><img fetchpriority=\"high\" decoding=\"async\" class=\"alignnone wp-image-738 size-large\" src=\"http:\/\/qin.gg12.globaldeepsea.site\/wp-content\/uploads\/2024\/12\/16-1003x1024.jpg\" alt=\"\" width=\"800\" height=\"817\" srcset=\"https:\/\/www.happy-cheerme.com\/wp-content\/uploads\/2024\/12\/16-1003x1024.jpg 1003w, https:\/\/www.happy-cheerme.com\/wp-content\/uploads\/2024\/12\/16-294x300.jpg 294w, https:\/\/www.happy-cheerme.com\/wp-content\/uploads\/2024\/12\/16-768x784.jpg 768w, https:\/\/www.happy-cheerme.com\/wp-content\/uploads\/2024\/12\/16-600x612.jpg 600w, https:\/\/www.happy-cheerme.com\/wp-content\/uploads\/2024\/12\/16.jpg 1163w\" sizes=\"(max-width: 800px) 100vw, 800px\" \/><\/p>\n<p>III. Nasz materia\u0142 meblowy ma mi\u0119dzynarodow\u0105 ekologiczn\u0105 ekologiczn\u0105<\/p>\n<p><img decoding=\"async\" class=\"\" src=\"https:\/\/ecdn6.globalso.com\/upload\/p\/132\/image_other\/2023-12\/6589355c3155c99189.png\" alt=\"5azw\" width=\"783\" height=\"597\" \/><\/p>\n<h2>Materialne marki i certyfikaty<\/h2>\n<p><img decoding=\"async\" class=\"alignnone\" src=\"https:\/\/ecdn6.globalso.com\/upload\/p\/132\/image_other\/2023-12\/658935873e36c56878.png\" alt=\"6p5f\" width=\"231\" height=\"245\" \/><img loading=\"lazy\" decoding=\"async\" class=\"alignnone\" src=\"https:\/\/ecdn6.globalso.com\/upload\/p\/132\/image_other\/2023-12\/6589358eed2fd34205.png\" alt=\"7hz3\" width=\"278\" height=\"196\" \/><img loading=\"lazy\" decoding=\"async\" class=\"\" src=\"https:\/\/ecdn6.globalso.com\/upload\/p\/132\/image_other\/2023-12\/6589359a1ca2475277.png\" alt=\"8lcq\" width=\"245\" height=\"159\" \/><\/p>\n<p><img loading=\"lazy\" decoding=\"async\" class=\"\" src=\"https:\/\/ecdn6.globalso.com\/upload\/p\/132\/image_other\/2023-12\/658935aeb4e3b83183.png\" alt=\"9i3m\" width=\"239\" height=\"163\" \/><img loading=\"lazy\" decoding=\"async\" class=\"\" src=\"https:\/\/ecdn6.globalso.com\/upload\/p\/132\/image_other\/2023-12\/658935bb9160930093.png\" alt=\"106bg\" width=\"269\" height=\"58\" \/><strong><img loading=\"lazy\" decoding=\"async\" class=\"\" src=\"https:\/\/ecdn6.globalso.com\/upload\/p\/132\/image_other\/2023-12\/658935c58233331590.png\" alt=\"11ruw\" width=\"236\" height=\"177\" \/><\/strong><\/p>","protected":false},"excerpt":{"rendered":"<p>Rozmiar \uff1a W450*D450*H430 mm<\/p>\n<p>Wy\u015bci\u00f3\u0142ka:<\/p>\n<p>Zintegrowana liniowca formowania styropianowa + bawe\u0142na w kszta\u0142cie pianki poliuretanowej<\/p>\n<p>Rzemios\u0142o:<\/p>\n<p>Importowane owijanie tkanin, g\u00f3rne i dolne dwukolorowe szwy z pojedynczych nitkowych szed\u0142 ig\u0142y ig\u0142y, g\u00f3rna podw\u00f3jna nitkowa szalenie ig\u0142y ig\u0142y, dwa poci\u0105gni\u0119cia, pojedyncze ni\u0107 ig\u0142y do szedania ig\u0142y do szed\u0142 pierwsza warstwa sk\u00f3rzana krowa sk\u00f3ra sk\u00f3rzana<\/p>\n<p>Tkanina: seria Gabriel\/Mozart<\/p>\n<p>Sk\u00f3ra: Materia\u0142 uchwytu jest wykonany ze sk\u00f3ry LE-L 1217<\/p>\n<p>Uwaga: Dost\u0119pne tylko w magazynie, skonsultuj si\u0119 przed z\u0142o\u017ceniem zam\u00f3wienia.<\/p>\n<p>Rozmiar:<\/p>\n<p>W2700*D600*H720 (SH430) mm<\/p>\n<p>Sofa:<\/p>\n<p>Drewniana rama + nadzienie g\u0105bki + owijanie tkanin<\/p>\n<p>Siedzenie i powr\u00f3t:<\/p>\n<p>\u2460 Pakiet mi\u0119kki: importowana najwy\u017cszej klasy tkanina ochrony \u015brodowiska, r\u0119cznie szyte<\/p>\n<p>\u2461 G\u0105bka: g\u0105bka o wysokiej odporno\u015bci, konfiguracja wielowarstwowa o r\u00f3\u017cnych g\u0119sto\u015bciach, powierzchnia cienkiej jedwabnej bawe\u0142ny, aby zwi\u0119kszy\u0107 komfort siedzenia<\/p>\n<p>Nogi sofy \uff1a<\/p>\n<p>Czarne nogi powlekania proszku stalowe<\/p>\n<p>Konfiguracja mocy:<\/p>\n<p>1 wtyczka wisz\u0105ca sofa (2 pi\u0119cioopowe mocne moc, 1USB, 1TYPE-C)<\/p>\n<p>Power 220V, USB 5V 3,1A<\/p>\n<p>Uwaga: Ca\u0142kowita d\u0142ugo\u015b\u0107 sofy 2700 mm, \u015brodkowy segment.<\/p>\n<p><img loading=\"lazy\" decoding=\"async\" class=\"alignnone\" src=\"https:\/\/ecdn6.globalso.com\/upload\/p\/132\/image_other\/2023-12\/658a6d3cd4b4d86392.png\" alt=\"4.png\" width=\"394\" height=\"394\" \/><\/p>\n<p>Wymiar: W2200*D2870*H2280 (mm)<\/p>","protected":false},"featured_media":207,"comment_status":"open","ping_status":"closed","template":"","meta":[],"product_cat":[16],"product_tag":[36,35,33,32,38,34,31,37],"class_list":{"0":"post-197","1":"product","2":"type-product","3":"status-publish","4":"has-post-thumbnail","6":"product_cat-office-booth-furniture","7":"product_tag-booth-seating","8":"product_tag-corner-booth","9":"product_tag-dining-booth-set","10":"product_tag-furniture-matching","11":"product_tag-kitchen-booth","12":"product_tag-restaurant-booth","13":"product_tag-six-person-booth","14":"product_tag-upholstered-booth","16":"first","17":"instock","18":"shipping-taxable","19":"product-type-simple"},"_links":{"self":[{"href":"https:\/\/www.happy-cheerme.com\/pl\/wp-json\/wp\/v2\/product\/197","targetHints":{"allow":["GET"]}}],"collection":[{"href":"https:\/\/www.happy-cheerme.com\/pl\/wp-json\/wp\/v2\/product"}],"about":[{"href":"https:\/\/www.happy-cheerme.com\/pl\/wp-json\/wp\/v2\/types\/product"}],"replies":[{"embeddable":true,"href":"https:\/\/www.happy-cheerme.com\/pl\/wp-json\/wp\/v2\/comments?post=197"}],"version-history":[{"count":2,"href":"https:\/\/www.happy-cheerme.com\/pl\/wp-json\/wp\/v2\/product\/197\/revisions"}],"predecessor-version":[{"id":892,"href":"https:\/\/www.happy-cheerme.com\/pl\/wp-json\/wp\/v2\/product\/197\/revisions\/892"}],"wp:featuredmedia":[{"embeddable":true,"href":"https:\/\/www.happy-cheerme.com\/pl\/wp-json\/wp\/v2\/media\/207"}],"wp:attachment":[{"href":"https:\/\/www.happy-cheerme.com\/pl\/wp-json\/wp\/v2\/media?parent=197"}],"wp:term":[{"taxonomy":"product_cat","embeddable":true,"href":"https:\/\/www.happy-cheerme.com\/pl\/wp-json\/wp\/v2\/product_cat?post=197"},{"taxonomy":"product_tag","embeddable":true,"href":"https:\/\/www.happy-cheerme.com\/pl\/wp-json\/wp\/v2\/product_tag?post=197"}],"curies":[{"name":"wp","href":"https:\/\/api.w.org\/{rel}","templated":true}]}}