{"id":626,"date":"2024-12-27T10:07:33","date_gmt":"2024-12-27T02:07:33","guid":{"rendered":"https:\/\/qin.gg12.globaldeepsea.site\/?post_type=product&#038;p=626"},"modified":"2024-12-27T10:08:26","modified_gmt":"2024-12-27T02:08:26","slug":"prefab-house-space-capsule-pod-for-2-person-with-balcony-w7","status":"publish","type":"product","link":"https:\/\/www.happy-cheerme.com\/fr\/product\/prefab-house-space-capsule-pod-for-2-person-with-balcony-w7\/","title":{"rendered":"Capsule d'espace de maison pr\u00e9fabre pour 2 personnes avec balcon w7"},"content":{"rendered":"<h2>Configuration du produit<\/h2>\n<p><strong>D\u00e9coration int\u00e9rieure:<\/strong><br \/>\n\u2022 Modules de plafond int\u00e9gr\u00e9s de couleur standard et mural<br \/>\n\u2022 plancher de grains en bois SPC<br \/>\n\u2022 Porte ext\u00e9rieure d'intimit\u00e9 de la salle de bain<br \/>\n\u2022 Plafond de salle de bain \/ mur (panneau d\u00e9coratif + panneau d\u00e9coratif en marbre)<br \/>\n\u2022 \u00c9vier \/ bassin \/ miroir de salle de bain personnalis\u00e9<br \/>\n\u2022 Toilette \/ robinet \/ douche \/ drainage du sol<br \/>\n\u2022 Syst\u00e8me d'\u00e9clairage<br \/>\n\u2022 Syst\u00e8me d'hydro\u00e9lectricit\u00e9<br \/>\n\u2022 Syst\u00e8me de contr\u00f4le intelligent pour les rideaux \u00e9lectriques<br \/>\n\u2022 \u00c9nergie de la carte plug-in \/ Supprimer l'\u00e9nergie de la carte<\/p>\n<p><strong>Meubles rigide personnalis\u00e9s:<\/strong><br \/>\n\u2022 compteur de bar personnalis\u00e9<br \/>\n\u2022 Armoire de rangement personnalis\u00e9e<br \/>\n\u2022 chaises de changement de chaussures personnalis\u00e9es<\/p>\n<p><strong>Structure ext\u00e9rieure principale:<\/strong><br \/>\n\u2022 Structure de cadre en acier galvanis\u00e9 \u00e0 chaud standard<br \/>\n\u2022 Panneau unique en alliage en aluminium en aluminium ext\u00e9rieur<br \/>\n\u2022 Isolation thermique et couche \u00e9tanche<br \/>\n\u2022 Portes et fen\u00eatres en verre tremp\u00e9 creuses<br \/>\n\u2022 Porte d'entr\u00e9e avanc\u00e9e<br \/>\n\u2022 Porte de verre de balcon<br \/>\n\u2022 bande lumineuse p\u00e9riph\u00e9rique<\/p>\n<p><strong>Accessoires de produits:<\/strong><br \/>\n\u2022 Chargez le support de support de support de support de support \/ luminaires \/ connexions de transport<\/p>\n<p><img fetchpriority=\"high\" decoding=\"async\" class=\"\" src=\"http:\/\/qin.gg12.globaldeepsea.site\/wp-content\/uploads\/2024\/12\/detail-6.webp\" alt=\"\" width=\"1090\" height=\"613\" \/><\/p>","protected":false},"excerpt":{"rendered":"<p>taille (m): 8.6 (l) * 3.2 (w) * 3,4 (h)<\/p>\n<p>zone de construction: 27,5\u33a1<\/p>\n<p>Poids du produit: 5,6-6 tonnes<\/p>\n<p>Nombre d'utilisations: 2 personnes<\/p>","protected":false},"featured_media":627,"comment_status":"open","ping_status":"closed","template":"","meta":[],"product_cat":[30],"product_tag":[88,87,100,98,84,96,99,97],"class_list":{"0":"post-626","1":"product","2":"type-product","3":"status-publish","4":"has-post-thumbnail","6":"product_cat-prefab-house","7":"product_tag-2-person","8":"product_tag-balcony","9":"product_tag-compact-living-space","10":"product_tag-portable-accommodation","11":"product_tag-prefab-house","12":"product_tag-space-capsule-pod","13":"product_tag-tiny-living","14":"product_tag-w7","16":"first","17":"instock","18":"shipping-taxable","19":"product-type-simple"},"_links":{"self":[{"href":"https:\/\/www.happy-cheerme.com\/fr\/wp-json\/wp\/v2\/product\/626","targetHints":{"allow":["GET"]}}],"collection":[{"href":"https:\/\/www.happy-cheerme.com\/fr\/wp-json\/wp\/v2\/product"}],"about":[{"href":"https:\/\/www.happy-cheerme.com\/fr\/wp-json\/wp\/v2\/types\/product"}],"replies":[{"embeddable":true,"href":"https:\/\/www.happy-cheerme.com\/fr\/wp-json\/wp\/v2\/comments?post=626"}],"version-history":[{"count":0,"href":"https:\/\/www.happy-cheerme.com\/fr\/wp-json\/wp\/v2\/product\/626\/revisions"}],"wp:featuredmedia":[{"embeddable":true,"href":"https:\/\/www.happy-cheerme.com\/fr\/wp-json\/wp\/v2\/media\/627"}],"wp:attachment":[{"href":"https:\/\/www.happy-cheerme.com\/fr\/wp-json\/wp\/v2\/media?parent=626"}],"wp:term":[{"taxonomy":"product_cat","embeddable":true,"href":"https:\/\/www.happy-cheerme.com\/fr\/wp-json\/wp\/v2\/product_cat?post=626"},{"taxonomy":"product_tag","embeddable":true,"href":"https:\/\/www.happy-cheerme.com\/fr\/wp-json\/wp\/v2\/product_tag?post=626"}],"curies":[{"name":"wp","href":"https:\/\/api.w.org\/{rel}","templated":true}]}}