{"id":618,"date":"2024-12-27T09:48:14","date_gmt":"2024-12-27T01:48:14","guid":{"rendered":"https:\/\/qin.gg12.globaldeepsea.site\/?post_type=product&#038;p=618"},"modified":"2024-12-27T10:02:38","modified_gmt":"2024-12-27T02:02:38","slug":"prefab-house-space-capsule-pod-for-2-person-with-balcony-w9","status":"publish","type":"product","link":"https:\/\/www.happy-cheerme.com\/fr\/product\/prefab-house-space-capsule-pod-for-2-person-with-balcony-w9\/","title":{"rendered":"Pousse de capsule d'espace de maison pr\u00e9fabre pour 2 personnes avec balcon - W9"},"content":{"rendered":"<h2>Structure principale<\/h2>\n<table width=\"722\">\n<tbody>\n<tr>\n<td width=\"178\">Cadre en acier<\/td>\n<td colspan=\"3\" width=\"204\">Structure du cadre en acier Gzlvanis\u00e9 \u00e0 DIP \u00e0 chaud: 100\/50 * 50 * mm<\/td>\n<\/tr>\n<tr>\n<td>Panneau ext\u00e9rieur<\/td>\n<td colspan=\"3\">vaneer en alumium<\/td>\n<\/tr>\n<tr>\n<td>Isolation thermique<\/td>\n<td colspan=\"3\">Couche d'isolation d'\u00e9paisseur totale de 100 mm<\/td>\n<\/tr>\n<tr>\n<td>Porte d'entr\u00e9e<\/td>\n<td colspan=\"3\">Porte d'entr\u00e9e standard + verrouillage de mot de passe intelligent<\/td>\n<\/tr>\n<tr>\n<td>Verre ext\u00e9rieur<\/td>\n<td colspan=\"3\">6low-e + 12a + 6 mm verre tremp\u00e9 creux<\/td>\n<\/tr>\n<tr>\n<td>Fen\u00eatre<\/td>\n<td colspan=\"3\">5 + 9a + 5 mm Verre tremp\u00e9e creux + profil en alliage en aluminium<\/td>\n<\/tr>\n<tr>\n<td>Verre de balcon<\/td>\n<td colspan=\"3\">Verre \u00e0 pente chaude de 10 mm<\/td>\n<\/tr>\n<tr>\n<td>Balcon<\/td>\n<td colspan=\"3\">4 + 15A + 4 mm Verre tremp\u00e9e creuse + profil en alliage en aluminium<\/td>\n<\/tr>\n<tr>\n<td>Balcon<\/td>\n<td colspan=\"3\">Plancher en bois en bois<\/td>\n<\/tr>\n<tr>\n<td>Porte de salle de bain<\/td>\n<td colspan=\"3\">4 + 15A + 4 mm Verre \u00e0 faible temp\u00e9rature \u00e0 faible temp\u00e9rature + profil en alliage en aluminium<\/td>\n<\/tr>\n<tr>\n<td>\u00c9chelle<\/td>\n<td colspan=\"3\">Escalier standard, cadre en acier + plancher en plastique en bois<\/td>\n<\/tr>\n<tr>\n<td>Salle d'\u00e9quipement<\/td>\n<td colspan=\"3\">Salle d'entretien de l'\u00e9quipement AC et aquatique<\/td>\n<\/tr>\n<\/tbody>\n<\/table>\n<h2>Sc\u00e9narios applicables<\/h2>\n<div><strong>Mode h\u00f4tel de luxe sauvage<\/strong><\/div>\n<div>Cr\u00e9ez une destination d'h\u00e9bergement touristique unique et charmante gr\u00e2ce \u00e0 la cr\u00e9ation environnementale.<\/div>\n<div><strong>Mod\u00e8le de camp de recherche rural<\/strong><\/div>\n<div>Aider les propri\u00e9taires de fermes, de p\u00e2turages, de jardins \u00e9cologiques et d'autres domaines pour \u00e9largir leurs op\u00e9rations et am\u00e9liorer leurs besoins de recherche et d'apprentissage.<\/div>\n<div><strong>Mode complexe rural<\/strong><\/div>\n<div>Int\u00e9grez l'h\u00e9bergement et les activit\u00e9s rurales de mani\u00e8re organique et concevez un projet complet pour les divertissements ruraux, la nourriture et le logement.<\/div>\n<div><strong>Mode touristique de la sant\u00e9 et du bien-\u00eatre<\/strong><\/div>\n<div>Utilisez des \u00e9tablissements de soutien tels que la sant\u00e9 foresti\u00e8re, les vacances \u00e0 la source chaude et les vues sur la plage et la mer pour construire une base touristique de sant\u00e9 et de bien-\u00eatre.<\/div>\n<div><\/div>\n<div><\/div>\n<div>Mountain, nature, mer de fleurs, bord de lac, bord de mer, prairies, montagnes enneig\u00e9es, campagne, etc. Poussiable pour plusieurs sc\u00e9narios<\/div>\n<div><img fetchpriority=\"high\" decoding=\"async\" class=\"alignnone wp-image-624 size-full\" src=\"http:\/\/qin.gg12.globaldeepsea.site\/wp-content\/uploads\/2024\/12\/applicable.webp\" alt=\"\" width=\"1266\" height=\"712\" srcset=\"https:\/\/www.happy-cheerme.com\/wp-content\/uploads\/2024\/12\/applicable.webp 1266w, https:\/\/www.happy-cheerme.com\/wp-content\/uploads\/2024\/12\/applicable-300x169.webp 300w, https:\/\/www.happy-cheerme.com\/wp-content\/uploads\/2024\/12\/applicable-1024x576.webp 1024w, https:\/\/www.happy-cheerme.com\/wp-content\/uploads\/2024\/12\/applicable-768x432.webp 768w, https:\/\/www.happy-cheerme.com\/wp-content\/uploads\/2024\/12\/applicable-600x337.webp 600w\" sizes=\"(max-width: 1266px) 100vw, 1266px\" \/><\/div>","protected":false},"excerpt":{"rendered":"<p>taille (m): 8.6 (l) * 3.2 (w) * 3,4 (h),<\/p>\n<p>zone de construction: 27,5\u33a1,<\/p>\n<p>Poids du produit: 5,6-6 tonnes<\/p>\n<p>Nombre d'utilisations: 2 personnes<\/p>","protected":false},"featured_media":619,"comment_status":"open","ping_status":"closed","template":"","meta":[],"product_cat":[30],"product_tag":[87,90,95,92,94,84,85,93],"class_list":{"0":"post-618","1":"product","2":"type-product","3":"status-publish","4":"has-post-thumbnail","6":"product_cat-prefab-house","7":"product_tag-balcony","8":"product_tag-compact-living","9":"product_tag-outdoor-living-solution","10":"product_tag-pod-for-2-person","11":"product_tag-portable-housing","12":"product_tag-prefab-house","13":"product_tag-space-capsule","14":"product_tag-w9-model","16":"first","17":"instock","18":"shipping-taxable","19":"product-type-simple"},"_links":{"self":[{"href":"https:\/\/www.happy-cheerme.com\/fr\/wp-json\/wp\/v2\/product\/618","targetHints":{"allow":["GET"]}}],"collection":[{"href":"https:\/\/www.happy-cheerme.com\/fr\/wp-json\/wp\/v2\/product"}],"about":[{"href":"https:\/\/www.happy-cheerme.com\/fr\/wp-json\/wp\/v2\/types\/product"}],"replies":[{"embeddable":true,"href":"https:\/\/www.happy-cheerme.com\/fr\/wp-json\/wp\/v2\/comments?post=618"}],"version-history":[{"count":1,"href":"https:\/\/www.happy-cheerme.com\/fr\/wp-json\/wp\/v2\/product\/618\/revisions"}],"predecessor-version":[{"id":625,"href":"https:\/\/www.happy-cheerme.com\/fr\/wp-json\/wp\/v2\/product\/618\/revisions\/625"}],"wp:featuredmedia":[{"embeddable":true,"href":"https:\/\/www.happy-cheerme.com\/fr\/wp-json\/wp\/v2\/media\/619"}],"wp:attachment":[{"href":"https:\/\/www.happy-cheerme.com\/fr\/wp-json\/wp\/v2\/media?parent=618"}],"wp:term":[{"taxonomy":"product_cat","embeddable":true,"href":"https:\/\/www.happy-cheerme.com\/fr\/wp-json\/wp\/v2\/product_cat?post=618"},{"taxonomy":"product_tag","embeddable":true,"href":"https:\/\/www.happy-cheerme.com\/fr\/wp-json\/wp\/v2\/product_tag?post=618"}],"curies":[{"name":"wp","href":"https:\/\/api.w.org\/{rel}","templated":true}]}}