{"id":611,"date":"2024-12-27T09:41:45","date_gmt":"2024-12-27T01:41:45","guid":{"rendered":"https:\/\/qin.gg12.globaldeepsea.site\/?post_type=product&#038;p=611"},"modified":"2024-12-27T10:30:13","modified_gmt":"2024-12-27T02:30:13","slug":"prefab-house-space-capsule-pod-for-2-person-with-balcony-w12","status":"publish","type":"product","link":"https:\/\/www.happy-cheerme.com\/fr\/product\/prefab-house-space-capsule-pod-for-2-person-with-balcony-w12\/","title":{"rendered":"Pousse de capsule d'espace de maison pr\u00e9fabre pour 2 personnes avec balcon - W12"},"content":{"rendered":"<h2>Cadre en acier<\/h2>\n<table width=\"769\">\n<tbody>\n<tr>\n<td width=\"205\">Cadre en acier<\/td>\n<td colspan=\"3\" width=\"204\">Structure du cadre en acier Gzlvanis\u00e9 \u00e0 DIP \u00e0 chaud: 100\/50 * 50 * mm<\/td>\n<\/tr>\n<tr>\n<td>Panneau ext\u00e9rieur<\/td>\n<td colspan=\"3\">vaneer en alumium<\/td>\n<\/tr>\n<tr>\n<td>Isolation thermique<\/td>\n<td colspan=\"3\">Couche d'isolation d'\u00e9paisseur totale de 100 mm<\/td>\n<\/tr>\n<tr>\n<td>Porte d'entr\u00e9e<\/td>\n<td colspan=\"3\">Porte d'entr\u00e9e standard + verrouillage de mot de passe intelligent<\/td>\n<\/tr>\n<tr>\n<td>Verre ext\u00e9rieur<\/td>\n<td colspan=\"3\">6low-e + 12a + 6 mm verre tremp\u00e9 creux<\/td>\n<\/tr>\n<tr>\n<td>Fen\u00eatre<\/td>\n<td colspan=\"3\">5 + 9A + 5 mm Verre tremp\u00e9e et profil en alliage en aluminium<\/td>\n<\/tr>\n<tr>\n<td>Verre de balcon<\/td>\n<td colspan=\"3\">Verre \u00e0 pente chaude de 10 mm<\/td>\n<\/tr>\n<tr>\n<td>Balcon<\/td>\n<td colspan=\"3\">4 + 15A + 4 mm Verre tremp\u00e9e creuse + profil en alliage en aluminium<\/td>\n<\/tr>\n<tr>\n<td>Balcon<\/td>\n<td colspan=\"3\">Plancher en bois en bois<\/td>\n<\/tr>\n<tr>\n<td>Porte de salle de bain<\/td>\n<td colspan=\"3\">4 + 15A + 4 mm Verre tremp\u00e9e et profil en alliage en aluminium<\/td>\n<\/tr>\n<tr>\n<td>\u00c9chelle<\/td>\n<td colspan=\"3\">Escalier standard, cadre en acier + plancher en plastique en bois<\/td>\n<\/tr>\n<tr>\n<td>Salle d'\u00e9quipement<\/td>\n<td colspan=\"3\">Salle d'entretien de l'\u00e9quipement AC et aquatique<\/td>\n<\/tr>\n<tr>\n<td>Plafond<\/td>\n<td colspan=\"3\">vaneer en alumium<\/td>\n<\/tr>\n<\/tbody>\n<\/table>\n<h2>Processus d'installation<\/h2>\n<div><strong>Faire le transport<\/strong><\/div>\n<div>Une fois l'emballage externe du produit termin\u00e9, il est transport\u00e9 \u00e0 l'aide d'une grande remorque plate. Pendant le voyage du produit de l'usine vers le camping, des mesures strictes sur la protection de la s\u00e9curit\u00e9 seront prises pour assurer la s\u00e9curit\u00e9 et la stabilit\u00e9 pendant le transport.<\/div>\n<div><\/div>\n<div><strong>Assemblage de produits<\/strong><\/div>\n<div>Apr\u00e8s l'arriv\u00e9e du v\u00e9hicule de transport sur le site du projet, le client doit contacter le service de grue local par lui-m\u00eame. Le poids de levage varie de 6 tonnes \u00e0 10 tonnes, et il est recommand\u00e9 d'utiliser une grue d'au moins 25 tonnes pour le chargement et le d\u00e9chargement.<\/div>\n<div><\/div>\n<div><strong>Base install\u00e9e<\/strong><\/div>\n<div>Avant d'installer le produit, le client doit compl\u00e9ter l'ing\u00e9nierie sur place de l'approvisionnement en eau et de l'\u00e9lectricit\u00e9, des pipelines d'\u00e9gout et des fondations porteuses en fonction des dessins de base de base et d'\u00e9lectricit\u00e9 de base de notre entreprise, le sol durci peut \u00eatre directement install\u00e9 sur le sol, veuillez pr\u00e9parer l'infrastructure \u00e0 l'avance pour d'autres environnements g\u00e9ologiques.<\/div>\n<div><\/div>\n<div><strong>Service apr\u00e8s-vente<\/strong><\/div>\n<div>Notre entreprise fournit des services de r\u00e9paration gratuits pour nos produits dans un d\u00e9lai d'un an \u00e0 compter de la date de la coutume.<\/div>\n<div><img fetchpriority=\"high\" decoding=\"async\" class=\"alignnone wp-image-617 size-full\" src=\"http:\/\/qin.gg12.globaldeepsea.site\/wp-content\/uploads\/2024\/12\/process.webp\" alt=\"\" width=\"1266\" height=\"712\" srcset=\"https:\/\/www.happy-cheerme.com\/wp-content\/uploads\/2024\/12\/process.webp 1266w, https:\/\/www.happy-cheerme.com\/wp-content\/uploads\/2024\/12\/process-300x169.webp 300w, https:\/\/www.happy-cheerme.com\/wp-content\/uploads\/2024\/12\/process-1024x576.webp 1024w, https:\/\/www.happy-cheerme.com\/wp-content\/uploads\/2024\/12\/process-768x432.webp 768w, https:\/\/www.happy-cheerme.com\/wp-content\/uploads\/2024\/12\/process-600x337.webp 600w\" sizes=\"(max-width: 1266px) 100vw, 1266px\" \/><\/div>","protected":false},"excerpt":{"rendered":"<div data-module=\"6\">\n<p>taille (m): 11,5 (l) * 3.2 (w) * 3.4 (h),<\/p>\n<p>zone de construction: 36,8\u33a1,<\/p>\n<p>Poids du produit: 5,5 \u00e0 6 tonnes<\/p>\n<p>Nombre d'utilisations: 2 personnes<\/p>\n<\/div>","protected":false},"featured_media":612,"comment_status":"open","ping_status":"closed","template":"","meta":[],"product_cat":[30],"product_tag":[88,87,90,89,91,86,84,85],"class_list":{"0":"post-611","1":"product","2":"type-product","3":"status-publish","4":"has-post-thumbnail","6":"product_cat-prefab-house","7":"product_tag-2-person","8":"product_tag-balcony","9":"product_tag-compact-living","10":"product_tag-living-space","11":"product_tag-modern-design","12":"product_tag-pod","13":"product_tag-prefab-house","14":"product_tag-space-capsule","16":"first","17":"instock","18":"shipping-taxable","19":"product-type-simple"},"_links":{"self":[{"href":"https:\/\/www.happy-cheerme.com\/fr\/wp-json\/wp\/v2\/product\/611","targetHints":{"allow":["GET"]}}],"collection":[{"href":"https:\/\/www.happy-cheerme.com\/fr\/wp-json\/wp\/v2\/product"}],"about":[{"href":"https:\/\/www.happy-cheerme.com\/fr\/wp-json\/wp\/v2\/types\/product"}],"replies":[{"embeddable":true,"href":"https:\/\/www.happy-cheerme.com\/fr\/wp-json\/wp\/v2\/comments?post=611"}],"version-history":[{"count":1,"href":"https:\/\/www.happy-cheerme.com\/fr\/wp-json\/wp\/v2\/product\/611\/revisions"}],"predecessor-version":[{"id":651,"href":"https:\/\/www.happy-cheerme.com\/fr\/wp-json\/wp\/v2\/product\/611\/revisions\/651"}],"wp:featuredmedia":[{"embeddable":true,"href":"https:\/\/www.happy-cheerme.com\/fr\/wp-json\/wp\/v2\/media\/612"}],"wp:attachment":[{"href":"https:\/\/www.happy-cheerme.com\/fr\/wp-json\/wp\/v2\/media?parent=611"}],"wp:term":[{"taxonomy":"product_cat","embeddable":true,"href":"https:\/\/www.happy-cheerme.com\/fr\/wp-json\/wp\/v2\/product_cat?post=611"},{"taxonomy":"product_tag","embeddable":true,"href":"https:\/\/www.happy-cheerme.com\/fr\/wp-json\/wp\/v2\/product_tag?post=611"}],"curies":[{"name":"wp","href":"https:\/\/api.w.org\/{rel}","templated":true}]}}