{"id":570,"date":"2024-12-26T21:19:51","date_gmt":"2024-12-26T13:19:51","guid":{"rendered":"https:\/\/qin.gg12.globaldeepsea.site\/?post_type=product&#038;p=570"},"modified":"2024-12-27T15:35:30","modified_gmt":"2024-12-27T07:35:30","slug":"sound-proof-booth-for-6-person-cm-q4l","status":"publish","type":"product","link":"https:\/\/www.happy-cheerme.com\/fr\/product\/sound-proof-booth-for-6-person-cm-q4l\/","title":{"rendered":"Booth imperm\u00e9able pour 6 personnes - CM-Q4L"},"content":{"rendered":"<h2>Sp\u00e9cification de taille<\/h2>\n<p><img fetchpriority=\"high\" decoding=\"async\" class=\"alignnone wp-image-720\" src=\"http:\/\/qin.gg12.globaldeepsea.site\/wp-content\/uploads\/2024\/12\/2-1-1024x451.jpg\" alt=\"\" width=\"700\" height=\"309\" srcset=\"https:\/\/www.happy-cheerme.com\/wp-content\/uploads\/2024\/12\/2-1-1024x451.jpg 1024w, https:\/\/www.happy-cheerme.com\/wp-content\/uploads\/2024\/12\/2-1-300x132.jpg 300w, https:\/\/www.happy-cheerme.com\/wp-content\/uploads\/2024\/12\/2-1-768x338.jpg 768w, https:\/\/www.happy-cheerme.com\/wp-content\/uploads\/2024\/12\/2-1-600x264.jpg 600w, https:\/\/www.happy-cheerme.com\/wp-content\/uploads\/2024\/12\/2-1.jpg 1223w\" sizes=\"(max-width: 700px) 100vw, 700px\" \/><img decoding=\"async\" class=\"alignright wp-image-577\" src=\"http:\/\/qin.gg12.globaldeepsea.site\/wp-content\/uploads\/2024\/12\/size-12-300x221.webp\" alt=\"\" width=\"380\" height=\"280\" srcset=\"https:\/\/www.happy-cheerme.com\/wp-content\/uploads\/2024\/12\/size-12-300x221.webp 300w, https:\/\/www.happy-cheerme.com\/wp-content\/uploads\/2024\/12\/size-12-600x442.webp 600w, https:\/\/www.happy-cheerme.com\/wp-content\/uploads\/2024\/12\/size-12.webp 693w\" sizes=\"(max-width: 380px) 100vw, 380px\" \/><\/p>\n<h2>Description<\/h2>\n<div>\n<p>1. 1,5-2,5 mm d'alliage d'aluminium d'\u00e9paisseur + verre tremp\u00e9 de 10 mm \u00e0 haute r\u00e9sistance + mat\u00e9riau d'absorbage sonore et interm\u00e9diaire avec une planche de protection de l'environnement de 9 + 12 mm.<\/p>\n<p>2. Ventilateur d'\u00e9chappement ultra-mince et ultra-silence * 6 + PD Th\u00e9orie du chemin de circulation d'air \u00e0 preuves sonores long.<\/p>\n<p>3. Bruit: &lt;35 dB; Vitesse: 750 tr \/ min; Volume du ventilateur de ventilation: 89cfm; Ventilation moyenne 1 10m3 \/ h.<\/p>\n<p>4. y compris le tapis anti-statique et antid\u00e9rapant \u00e0 faible boucle.<\/p>\n<p>5. INT\u00c9GR\u00c9 2500 ~ 6000K LUMI\u00c8RE NATURELLE (lumi\u00e8re de temp\u00e9rature \u00e0 trois couleurs * 1) 100-240V \/ 50-60Hz d'alimentation.<\/p>\n<p>6. Socket * 1, commutateur \u00e0 deux positions * 1, interface r\u00e9seau * 1 panneau de prise de port USB est disponible.<\/p>\n<p>7. Contr\u00f4le de l'interrupteur l\u00e9ger et d'\u00e9chappement s\u00e9par\u00e9ment.<\/p>\n<p>8. Casse \u00e0 pied fixe en acier + roue universelle.<\/p>\n<\/div>\n<div>\n<h2>Caract\u00e9ristiques et forces<\/h2>\n<div>\n<p>I.materials: profil en aluminium \u00e0 haute r\u00e9sistance, verre d'isolation sonore, panneau absorbant le son polyester et contreplaqu\u00e9 de protection de l'environnement.<\/p>\n<p>II.Iroprofer et sons: le mur des pods Office est compos\u00e9 de contreplaqu\u00e9 coton absorbant le son + respectueux de l'environnement (structure creuse) et de verre tremp\u00e9 insonoris\u00e9 de 10 mm d'\u00e9paisseur. L'isolation saine et l'indice de r\u00e9duction du bruit r\u00e9pond aux attentes de conception.<\/p>\n<p>III.Ventilated: Chaque Pods Office est con\u00e7u avec un syst\u00e8me a\u00e9rien frais \u00e0 faible bruit de type labyrinthe compos\u00e9 de ventilateur d'\u00e9chappement \u00e0 l'air frais ultra-mill\u00e9 ultra-coquin + Principe de la circulation a\u00e9rienne sans cheminement longue, et il doit \u00eatre excit\u00e9 pendant 3 \u00e0 5 minutes pour mettre \u00e0 jour le conduit de la taille de la taille de la taille de la taille de la taille de la taille de la taille de la taille.<\/p>\n<p>IV.LIGHTING: La cabine est \u00e9quip\u00e9e de plafonniers LED r\u00e9glables \u00e0 temp\u00e9rature \u00e0 trois couleurs de 3000k-6000K, qui peuvent essentiellement r\u00e9pondre aux besoins de l'\u00e9clairage de la cabine.<\/p>\n<p>V.100-240V Power: Chaque pods de bureau est \u00e9quip\u00e9 d'un syst\u00e8me d'alimentation 100-240V \/ 50-60Hz et 12V-USB, qui peut facilement r\u00e9pondre \u00e0 l'utilisation d'appareils \u00e9lectriques grand public dans la vie.<\/p>\n<p>VI.Easy pour bouger: la nature l\u00e9g\u00e8re des OfficePods vous permet de les d\u00e9placer facilement partout o\u00f9 votre bureau en a besoin.<\/p>\n<p>VII.Easy pour se r\u00e9unir: nous avons con\u00e7u nos pods de bureau pour \u00eatre facilement assembl\u00e9s avec une \u00e9quipe de 1-3people avec juste un exercice \u00e9lectrique et une \u00e9chelle.<\/p>\n<\/div>\n<\/div>","protected":false},"excerpt":{"rendered":"<p>D\u00c9MENSIONS EXTERNES: 4000W x 2800D x 2348.5H (mm)<\/p>\n<p>Croissons internes: 3870W x 2756d x 2128h (mm)<\/p>\n<p>Poids -gw \/ nw: 760kg \/ 730kg<\/p>\n<p>D\u00c9SENSIONS DE PALLETISATION: 2350WX1500DX1700H + 3800WX500DX340H \uff08MM\uff09<\/p>\n<p>Volume: 22,7 m\u00b3<\/p>","protected":false},"featured_media":571,"comment_status":"open","ping_status":"closed","template":"","meta":[],"product_cat":[25,29],"product_tag":[71,66,42,73,72,74,49,75],"class_list":{"0":"post-570","1":"product","2":"type-product","3":"status-publish","4":"has-post-thumbnail","6":"product_cat-office-booth","7":"product_cat-six-seat-sound-proof-booth","8":"product_tag-4l-booth","9":"product_tag-6-person-booth","10":"product_tag-acoustic-isolation-booth","11":"product_tag-conference-room-soundproofing","12":"product_tag-noise-isolating-booth","13":"product_tag-office-privacy-booth","14":"product_tag-soundproof-booth","15":"product_tag-voice-recording-booth","17":"first","18":"instock","19":"shipping-taxable","20":"product-type-simple"},"_links":{"self":[{"href":"https:\/\/www.happy-cheerme.com\/fr\/wp-json\/wp\/v2\/product\/570","targetHints":{"allow":["GET"]}}],"collection":[{"href":"https:\/\/www.happy-cheerme.com\/fr\/wp-json\/wp\/v2\/product"}],"about":[{"href":"https:\/\/www.happy-cheerme.com\/fr\/wp-json\/wp\/v2\/types\/product"}],"replies":[{"embeddable":true,"href":"https:\/\/www.happy-cheerme.com\/fr\/wp-json\/wp\/v2\/comments?post=570"}],"version-history":[{"count":1,"href":"https:\/\/www.happy-cheerme.com\/fr\/wp-json\/wp\/v2\/product\/570\/revisions"}],"predecessor-version":[{"id":653,"href":"https:\/\/www.happy-cheerme.com\/fr\/wp-json\/wp\/v2\/product\/570\/revisions\/653"}],"wp:featuredmedia":[{"embeddable":true,"href":"https:\/\/www.happy-cheerme.com\/fr\/wp-json\/wp\/v2\/media\/571"}],"wp:attachment":[{"href":"https:\/\/www.happy-cheerme.com\/fr\/wp-json\/wp\/v2\/media?parent=570"}],"wp:term":[{"taxonomy":"product_cat","embeddable":true,"href":"https:\/\/www.happy-cheerme.com\/fr\/wp-json\/wp\/v2\/product_cat?post=570"},{"taxonomy":"product_tag","embeddable":true,"href":"https:\/\/www.happy-cheerme.com\/fr\/wp-json\/wp\/v2\/product_tag?post=570"}],"curies":[{"name":"wp","href":"https:\/\/api.w.org\/{rel}","templated":true}]}}