{"id":539,"date":"2024-12-26T20:51:01","date_gmt":"2024-12-26T12:51:01","guid":{"rendered":"https:\/\/qin.gg12.globaldeepsea.site\/?post_type=product&#038;p=539"},"modified":"2024-12-27T16:13:20","modified_gmt":"2024-12-27T08:13:20","slug":"sound-proof-booth-for-4-person-cm-p5l","status":"publish","type":"product","link":"https:\/\/www.happy-cheerme.com\/fr\/product\/sound-proof-booth-for-4-person-cm-p5l\/","title":{"rendered":"Booth imperm\u00e9able pour 4 personnes - CM-P5L"},"content":{"rendered":"<h2>Sp\u00e9cification de taille<\/h2>\n<p><img fetchpriority=\"high\" decoding=\"async\" class=\"alignnone wp-image-727\" src=\"http:\/\/qin.gg12.globaldeepsea.site\/wp-content\/uploads\/2024\/12\/6.jpg\" alt=\"\" width=\"697\" height=\"350\" srcset=\"https:\/\/www.happy-cheerme.com\/wp-content\/uploads\/2024\/12\/6.jpg 1389w, https:\/\/www.happy-cheerme.com\/wp-content\/uploads\/2024\/12\/6-300x151.jpg 300w, https:\/\/www.happy-cheerme.com\/wp-content\/uploads\/2024\/12\/6-1024x514.jpg 1024w, https:\/\/www.happy-cheerme.com\/wp-content\/uploads\/2024\/12\/6-768x385.jpg 768w, https:\/\/www.happy-cheerme.com\/wp-content\/uploads\/2024\/12\/6-600x301.jpg 600w\" sizes=\"(max-width: 697px) 100vw, 697px\" \/><img decoding=\"async\" class=\"wp-image-547 alignright\" src=\"http:\/\/qin.gg12.globaldeepsea.site\/wp-content\/uploads\/2024\/12\/size-9-300x243.webp\" alt=\"\" width=\"383\" height=\"310\" srcset=\"https:\/\/www.happy-cheerme.com\/wp-content\/uploads\/2024\/12\/size-9-300x243.webp 300w, https:\/\/www.happy-cheerme.com\/wp-content\/uploads\/2024\/12\/size-9-600x486.webp 600w, https:\/\/www.happy-cheerme.com\/wp-content\/uploads\/2024\/12\/size-9.webp 767w\" sizes=\"(max-width: 383px) 100vw, 383px\" \/><\/p>\n<h2>Mat\u00e9riel<\/h2>\n<table width=\"734\">\n<tbody>\n<tr>\n<td width=\"72\">Cadre<\/td>\n<td colspan=\"2\" width=\"144\">6063 alliage d'aluminium de l'aviation<\/td>\n<\/tr>\n<tr>\n<td>Verre<\/td>\n<td colspan=\"2\">Verre tremp\u00e9 ultra blanc de 10 mm, verre de porte lamin\u00e9 4 + 4<\/td>\n<\/tr>\n<tr>\n<td>Mur<\/td>\n<td colspan=\"2\">6063 alliage d'aluminium de l'aviation + surface en acier de 1,0 mm \/ rembourrage Gabriel + paquet acoustique + panneau de polyester 13 mm + G350 Fabric<\/td>\n<\/tr>\n<tr>\n<td>Toit<\/td>\n<td colspan=\"2\">6063 alliage d'aluminium de l'aviation + surface en acier de 1,0 mm + paquet acoustique + panneau de polyester + G350 Fabric de bruit r\u00e9ducteur<\/td>\n<\/tr>\n<tr>\n<td>Plaque inf\u00e9rieure<\/td>\n<td colspan=\"2\">E0 Niveau 25 + 9 mm Plywood en bois massif + Bandage de bord en PVC noir + cadre en acier + 25 mm Pieds + Tapis en polyester<\/td>\n<\/tr>\n<tr>\n<td>Rev\u00eatement<\/td>\n<td colspan=\"2\">Pulv\u00e9risation \u00e9lectrostatique en poudre de tigre<\/td>\n<\/tr>\n<\/tbody>\n<\/table>\n<p><img decoding=\"async\" class=\"wp-image-548 size-full alignleft\" src=\"http:\/\/qin.gg12.globaldeepsea.site\/wp-content\/uploads\/2024\/12\/detail-4.webp\" alt=\"\" width=\"283\" height=\"258\" \/><\/p>\n<div>\n<p>&nbsp;<\/p>\n<p>&nbsp;<\/p>\n<p>Meubles<\/p>\n<p>Canap\u00e9: W1800 * D600.<\/p>\n<p>Configuration d'alimentation: 1 prise int\u00e9gr\u00e9e (2 AC \u3001 1USB \u3001 1TYPE-C) AC 220V \uff0c USB 5V3.1A.<\/p>\n<\/div>\n<h2><\/h2>\n<p>&nbsp;<\/p>\n<p>&nbsp;<\/p>\n<div>\n<h2>Configuration des param\u00e8tres<\/h2>\n<table style=\"height: 205px;\" width=\"571\">\n<tbody>\n<tr>\n<td width=\"161\">Consommation<\/td>\n<td colspan=\"2\" width=\"136\">60W, les appareils \u00e9lectriques acc\u00e8dent \u00e0 moins de 1000W<\/td>\n<\/tr>\n<tr>\n<td>Plafond<\/td>\n<td colspan=\"2\">0 - 30W<\/td>\n<\/tr>\n<tr>\n<td>Ventilateur<\/td>\n<td colspan=\"2\">0,9W, 1500 tr \/ min * 4<\/td>\n<\/tr>\n<tr>\n<td>Ventilateur de toit<\/td>\n<td colspan=\"2\">2.4W, 1800 tr \/ min * 4<\/td>\n<\/tr>\n<tr>\n<td>Ventilation<\/td>\n<td colspan=\"2\">6,27m\u00b3 \/ min, 221cfm, taux de variation de l'air 52 \/ h<\/td>\n<\/tr>\n<tr>\n<td>R\u00e9duction du bruit<\/td>\n<td colspan=\"2\">DS, A 28,5 dB (IS0 23351-1: 2020)<\/td>\n<\/tr>\n<\/tbody>\n<\/table>\n<h2>Nos forces<\/h2>\n<div>\n<p>I.Cestion modulaire: modulaire pour un assemblage rapide, avec six composants et assemblage rapide.1 Hour Ensemble facile \u00e0 mettre dans un connecteur \u00e0 assemblage rapide brevet\u00e9.<br \/>\nModulaire pour la r\u00e9organisation: l'une devient deux, deux devient plus; Modulaire pour la r\u00e9organisation; R\u00e9initialisation multifonction.<\/p>\n<p>II.RAISE R\u00c9DUCTION: Mur 45 dB; DS, A 28,5 dB Quatre \u00e9l\u00e9ments d'isolation sonore et de r\u00e9duction du bruit. Performances de scellement de qualit\u00e9 de fabrication automobile.1.0 Panneau en acier \u00e9paisseur + paquet acoustique + aviation 6063 ALLIAGE D'ALUMINUM + 4 mm 1800g Polonais d'isolation de fibre de fibre + 9 mm 1200G Panneau acoustique de fibre polyester + couche sup\u00e9rieure en laine.<\/p>\n<p>III. Ventilation optimale: syst\u00e8me de circulation \u00e0 double air Alimentation \u00e0 double air et double \u00e9chappement 1,5 minutes Volume de ventilation de circulation int\u00e9rieure par minute: 1,63 \/ m\u00b3; Ventilateur d'\u00e9chappement ultra-quie non incombustible: 100 000 h.<\/p>\n<p>IV.Cestion humaine: Lumi\u00e8re douce: trois secondes pour \u00e9clairer + r\u00e9glable infiniment r\u00e9glable + Guide de lumi\u00e8re Mitsubishi 50 000h pas de changement de couleur; Le flux lumineux maximal est de 2700 lm; L'imitation de la temp\u00e9rature de couleur de lumi\u00e8re naturelle est de 3500k.<\/p>\n<p>V.Sustainabilit\u00e9: 100% Mat\u00e9riaux respectueux de l'environnement pour bercer le concept de conception durable de l'environnement. Ce sont: Gabriel Fabric Tiger Powder Aviation Aluminium ALLIAGE FSC CARTIFIER CERTIFIED CERTIFIED 3C Temperred Glass Recycle Recycle Fibre.<\/p>\n<p>VI. Intelligence indigitale: nous pouvons effectuer une analyse intelligente des r\u00e9servations, de la gestion et de la lib\u00e9ration pendant les heures occup\u00e9es. Fournit une base pour la prise de d\u00e9cision pour r\u00e9initialiser l'espace.<br \/>\nun. S\u00e9lectionnez des types d'espace (par exemple, des postes de travail, des salles de r\u00e9union, etc.) pour analyse.<br \/>\nn\u00e9 Affinez la partie spatiale (par exemple le d\u00e9partement, la partition de plancher) pour analyser et comparer avec d'autres pi\u00e8ces.<br \/>\nc. Comprendre les habitudes d'utilisation et la distribution de diff\u00e9rents espaces, d\u00e9partements et zones \u00e0 travers une carte thermique hi\u00e9rarchique.<br \/>\nd. V\u00e9rifier si les param\u00e8tres de l'espace conviennent au mod\u00e8le d'entreprise gr\u00e2ce \u00e0 la recherche de leader et au questionnaire des employ\u00e9s.<\/p>\n<\/div>\n<\/div>","protected":false},"excerpt":{"rendered":"<p>Dimensions externes: W2200 * D1970 * H2280 mm<\/p>\n<p>Dimensions internes: W2030 * D1800 (1950 est verre \u00e0 verre) * H2130 mm<\/p>\n<p>Poids: 800 kg<\/p>\n<p>Dimensions de la palette: W2240 * D1200 * Palettes H810 X2 (bo\u00eete d'accessoires non incluse)<\/p>\n<p>Volume: 4,5 m\u00b3<\/p>\n<p>Direction d'ouverture de la porte; Porte plus proche: porte gauche<\/p>","protected":false},"featured_media":540,"comment_status":"open","ping_status":"closed","template":"","meta":[],"product_cat":[28,25],"product_tag":[110,113,109,44,112,111,114,49],"class_list":{"0":"post-539","1":"product","2":"type-product","3":"status-publish","4":"has-post-thumbnail","6":"product_cat-four-seat-sound-proof-booth","7":"product_cat-office-booth","8":"product_tag-acoustic-enclosure","9":"product_tag-conference-room-pod","10":"product_tag-four-person-booth","11":"product_tag-noise-reduction-booth","12":"product_tag-office-privacy-pod","13":"product_tag-personal-meeting-pod","14":"product_tag-portable-soundproof-room","15":"product_tag-soundproof-booth","17":"first","18":"instock","19":"shipping-taxable","20":"product-type-simple"},"_links":{"self":[{"href":"https:\/\/www.happy-cheerme.com\/fr\/wp-json\/wp\/v2\/product\/539","targetHints":{"allow":["GET"]}}],"collection":[{"href":"https:\/\/www.happy-cheerme.com\/fr\/wp-json\/wp\/v2\/product"}],"about":[{"href":"https:\/\/www.happy-cheerme.com\/fr\/wp-json\/wp\/v2\/types\/product"}],"replies":[{"embeddable":true,"href":"https:\/\/www.happy-cheerme.com\/fr\/wp-json\/wp\/v2\/comments?post=539"}],"version-history":[{"count":1,"href":"https:\/\/www.happy-cheerme.com\/fr\/wp-json\/wp\/v2\/product\/539\/revisions"}],"predecessor-version":[{"id":728,"href":"https:\/\/www.happy-cheerme.com\/fr\/wp-json\/wp\/v2\/product\/539\/revisions\/728"}],"wp:featuredmedia":[{"embeddable":true,"href":"https:\/\/www.happy-cheerme.com\/fr\/wp-json\/wp\/v2\/media\/540"}],"wp:attachment":[{"href":"https:\/\/www.happy-cheerme.com\/fr\/wp-json\/wp\/v2\/media?parent=539"}],"wp:term":[{"taxonomy":"product_cat","embeddable":true,"href":"https:\/\/www.happy-cheerme.com\/fr\/wp-json\/wp\/v2\/product_cat?post=539"},{"taxonomy":"product_tag","embeddable":true,"href":"https:\/\/www.happy-cheerme.com\/fr\/wp-json\/wp\/v2\/product_tag?post=539"}],"curies":[{"name":"wp","href":"https:\/\/api.w.org\/{rel}","templated":true}]}}