{"id":529,"date":"2024-12-26T20:38:48","date_gmt":"2024-12-26T12:38:48","guid":{"rendered":"https:\/\/qin.gg12.globaldeepsea.site\/?post_type=product&#038;p=529"},"modified":"2024-12-27T16:18:06","modified_gmt":"2024-12-27T08:18:06","slug":"sound-proof-booth-for-4-person-cm-p3l","status":"publish","type":"product","link":"https:\/\/www.happy-cheerme.com\/fr\/product\/sound-proof-booth-for-4-person-cm-p3l\/","title":{"rendered":"Booth imperm\u00e9able pour 4 personnes - CM-P3L"},"content":{"rendered":"<h2>Sp\u00e9cification de taille<\/h2>\n<p><img fetchpriority=\"high\" decoding=\"async\" class=\"alignnone wp-image-729\" src=\"http:\/\/qin.gg12.globaldeepsea.site\/wp-content\/uploads\/2024\/12\/7.jpg\" alt=\"\" width=\"676\" height=\"384\" srcset=\"https:\/\/www.happy-cheerme.com\/wp-content\/uploads\/2024\/12\/7.jpg 1213w, https:\/\/www.happy-cheerme.com\/wp-content\/uploads\/2024\/12\/7-300x170.jpg 300w, https:\/\/www.happy-cheerme.com\/wp-content\/uploads\/2024\/12\/7-1024x582.jpg 1024w, https:\/\/www.happy-cheerme.com\/wp-content\/uploads\/2024\/12\/7-768x436.jpg 768w, https:\/\/www.happy-cheerme.com\/wp-content\/uploads\/2024\/12\/7-600x341.jpg 600w\" sizes=\"(max-width: 676px) 100vw, 676px\" \/><img decoding=\"async\" class=\"wp-image-537 alignright\" src=\"http:\/\/qin.gg12.globaldeepsea.site\/wp-content\/uploads\/2024\/12\/size-8-300x272.webp\" alt=\"\" width=\"387\" height=\"350\" srcset=\"https:\/\/www.happy-cheerme.com\/wp-content\/uploads\/2024\/12\/size-8-300x272.webp 300w, https:\/\/www.happy-cheerme.com\/wp-content\/uploads\/2024\/12\/size-8-600x543.webp 600w, https:\/\/www.happy-cheerme.com\/wp-content\/uploads\/2024\/12\/size-8.webp 709w\" sizes=\"(max-width: 387px) 100vw, 387px\" \/><\/p>\n<h2>Mat\u00e9riel<\/h2>\n<table width=\"619\">\n<tbody>\n<tr>\n<td width=\"72\">Cadre<\/td>\n<td colspan=\"2\" width=\"144\">6063 alliage d'aluminium de l'aviation<\/td>\n<\/tr>\n<tr>\n<td>Verre<\/td>\n<td colspan=\"2\">Verre tremp\u00e9 ultra blanc de 10 mm, verre de porte lamin\u00e9 4 + 4<\/td>\n<\/tr>\n<tr>\n<td>Mur<\/td>\n<td colspan=\"2\">6063 alliage d'aluminium de l'aviation + surface en acier de 1,0 mm \/ rembourrage Gabriel + paquet acoustique + panneau de polyester 13 mm + G350 Fabric<\/td>\n<\/tr>\n<tr>\n<td>Toit<\/td>\n<td colspan=\"2\">6063 alliage d'aluminium de l'aviation + surface en acier de 1,0 mm + paquet acoustique + panneau de polyester + G350 Fabric de bruit r\u00e9ducteur<\/td>\n<\/tr>\n<tr>\n<td>Plaque inf\u00e9rieure<\/td>\n<td colspan=\"2\">E0 Niveau 25 + 9 mm Plywood en bois massif + Bandage de bord en PVC noir + cadre en acier + 25 mm Pieds + Tapis en polyester<\/td>\n<\/tr>\n<tr>\n<td>Rev\u00eatement<\/td>\n<td colspan=\"2\">Pulv\u00e9risation \u00e9lectrostatique en poudre de tigre<\/td>\n<\/tr>\n<\/tbody>\n<\/table>\n<p>&nbsp;<\/p>\n<p><img decoding=\"async\" class=\"size-full wp-image-538 alignleft\" src=\"http:\/\/qin.gg12.globaldeepsea.site\/wp-content\/uploads\/2024\/12\/detail-3.webp\" alt=\"\" width=\"289\" height=\"228\" \/><\/p>\n<div>\n<p>Meubles<br \/>\nTable de n\u00e9gociation<br \/>\nOption 1: W600 * D900 * H740<br \/>\nOption 2: W600 * D800 * H740 + 400 (moniteur disponible)<br \/>\nCouleur: Blanc MFC \/ Couleur en bois Couleur multicouche \/ rev\u00eatement en poudre jaune<\/p>\n<p>Canap\u00e9: W1200 * D600.<\/p>\n<p>Configuration d'alimentation: 1 prise int\u00e9gr\u00e9e (2AC \u3001 1USB \u3001 1TYPE-C); AC 220V, USB5V3.1A.<\/p>\n<\/div>\n<h2><\/h2>\n<p>&nbsp;<\/p>\n<div>\n<h2>Configuration des param\u00e8tres<\/h2>\n<table width=\"607\">\n<tbody>\n<tr>\n<td width=\"174\">Consommation<\/td>\n<td colspan=\"2\" width=\"136\">60W, les appareils \u00e9lectriques acc\u00e8dent \u00e0 moins de 1000W<\/td>\n<\/tr>\n<tr>\n<td>Plafond<\/td>\n<td colspan=\"2\">0 - 20W<\/td>\n<\/tr>\n<tr>\n<td>Ventilateur<\/td>\n<td colspan=\"2\">0,9W, 1500 tr \/ min * 3<\/td>\n<\/tr>\n<tr>\n<td>Ventilateur de toit<\/td>\n<td colspan=\"2\">2.4W, 1800 tr \/ min * 2<\/td>\n<\/tr>\n<tr>\n<td>Ventilation<\/td>\n<td colspan=\"2\">4,7 m\u00b3 \/ min, 165cfm, taux de variation de l'air 56 \/ h<\/td>\n<\/tr>\n<tr>\n<td>R\u00e9duction du bruit<\/td>\n<td colspan=\"2\">DS, A 28,5 dB (IS0 23351-1: 2020)<\/td>\n<\/tr>\n<\/tbody>\n<\/table>\n<h2>Nos forces<\/h2>\n<p>I.Cestion modulaire: modulaire pour un assemblage rapide, avec six composants et assemblage rapide.1 Hour Ensemble facile \u00e0 mettre dans un connecteur \u00e0 assemblage rapide brevet\u00e9.<br \/>\nModulaire pour la r\u00e9organisation: l'une devient deux, deux devient plus; Modulaire pour la r\u00e9organisation; R\u00e9initialisation multifonction.<\/p>\n<p>II.RAISE R\u00c9DUCTION: Mur 45 dB; DS, A 28,5 dB Quatre \u00e9l\u00e9ments d'isolation sonore et de r\u00e9duction du bruit. Performances de scellement de qualit\u00e9 de fabrication automobile.1.0 Panneau en acier \u00e9paisseur + paquet acoustique + aviation 6063 ALLIAGE D'ALUMINUM + 4 mm 1800g Polonais d'isolation de fibre de fibre + 9 mm 1200G Panneau acoustique de fibre polyester + couche sup\u00e9rieure en laine.<\/p>\n<p>III. Ventilation optimale: syst\u00e8me de circulation \u00e0 double air Alimentation \u00e0 double air et double \u00e9chappement 1,5 minutes Volume de ventilation de circulation int\u00e9rieure par minute: 1,63 \/ m\u00b3; Ventilateur d'\u00e9chappement ultra-quie non incombustible: 100 000 h.<\/p>\n<p>IV.Cestion humaine: Lumi\u00e8re douce: trois secondes pour \u00e9clairer + r\u00e9glable infiniment r\u00e9glable + Guide de lumi\u00e8re Mitsubishi 50 000h pas de changement de couleur; Le flux lumineux maximal est de 2700 lm; L'imitation de la temp\u00e9rature de couleur de lumi\u00e8re naturelle est de 3500k.<\/p>\n<p>V.Sustainabilit\u00e9: 100% Mat\u00e9riaux respectueux de l'environnement pour bercer le concept de conception durable de l'environnement. Ce sont: Gabriel Fabric Tiger Powder Aviation Aluminium ALLIAGE FSC CARTIFIER CERTIFIED CERTIFIED 3C Temperred Glass Recycle Recycle Fibre.<\/p>\n<p>VI. Intelligence indigitale: nous pouvons effectuer une analyse intelligente des r\u00e9servations, de la gestion et de la lib\u00e9ration pendant les heures occup\u00e9es. Fournit une base pour la prise de d\u00e9cision pour r\u00e9initialiser l'espace.<br \/>\nun. S\u00e9lectionnez des types d'espace (par exemple, des postes de travail, des salles de r\u00e9union, etc.) pour analyse.<br \/>\nn\u00e9 Affinez la partie spatiale (par exemple le d\u00e9partement, la partition de plancher) pour analyser et comparer avec d'autres pi\u00e8ces.<br \/>\nc. Comprendre les habitudes d'utilisation et la distribution de diff\u00e9rents espaces, d\u00e9partements et zones \u00e0 travers une carte thermique hi\u00e9rarchique.<br \/>\nd. V\u00e9rifier si les param\u00e8tres de l'espace conviennent au mod\u00e8le d'entreprise gr\u00e2ce \u00e0 la recherche de leader et au questionnaire des employ\u00e9s.<\/p>\n<\/div>","protected":false},"excerpt":{"rendered":"<p>Dimensions externes: W2200 * D1360 * H2280 mm<\/p>\n<p>Dimensions internes: W2030 * D1190 (1340 est verre \u00e0 verre) * H2130 mm<\/p>\n<p>Dimensions externes: W2200 * D1360 * H2280 mm<\/p>\n<p>Dimensions internes: W2030 * D1190 (1340 est verre \u00e0 verre) * H2130 mm<\/p>\n<p>Poids: 580 kg<\/p>\n<p>Dimensions de la palette: W2240 * D1410 * H1050 (bo\u00eete d'accessoires non incluse)<\/p>\n<p>Volume: 3,5 m\u00b3<\/p>\n<p>Direction d'ouverture de la porte; Porte plus proche: porte gauche<\/p>","protected":false},"featured_media":530,"comment_status":"open","ping_status":"closed","template":"","meta":[],"product_cat":[28,25],"product_tag":[56,42,57,58,44,60,59,49],"class_list":{"0":"post-529","1":"product","2":"type-product","3":"status-publish","4":"has-post-thumbnail","6":"product_cat-four-seat-sound-proof-booth","7":"product_cat-office-booth","8":"product_tag-4-person-booth","9":"product_tag-acoustic-isolation-booth","10":"product_tag-cmp3-booth","11":"product_tag-group-communication-booth","12":"product_tag-noise-reduction-booth","13":"product_tag-office-meeting-booth","14":"product_tag-privacy-booth","15":"product_tag-soundproof-booth","17":"first","18":"instock","19":"shipping-taxable","20":"product-type-simple"},"_links":{"self":[{"href":"https:\/\/www.happy-cheerme.com\/fr\/wp-json\/wp\/v2\/product\/529","targetHints":{"allow":["GET"]}}],"collection":[{"href":"https:\/\/www.happy-cheerme.com\/fr\/wp-json\/wp\/v2\/product"}],"about":[{"href":"https:\/\/www.happy-cheerme.com\/fr\/wp-json\/wp\/v2\/types\/product"}],"replies":[{"embeddable":true,"href":"https:\/\/www.happy-cheerme.com\/fr\/wp-json\/wp\/v2\/comments?post=529"}],"version-history":[{"count":1,"href":"https:\/\/www.happy-cheerme.com\/fr\/wp-json\/wp\/v2\/product\/529\/revisions"}],"predecessor-version":[{"id":657,"href":"https:\/\/www.happy-cheerme.com\/fr\/wp-json\/wp\/v2\/product\/529\/revisions\/657"}],"wp:featuredmedia":[{"embeddable":true,"href":"https:\/\/www.happy-cheerme.com\/fr\/wp-json\/wp\/v2\/media\/530"}],"wp:attachment":[{"href":"https:\/\/www.happy-cheerme.com\/fr\/wp-json\/wp\/v2\/media?parent=529"}],"wp:term":[{"taxonomy":"product_cat","embeddable":true,"href":"https:\/\/www.happy-cheerme.com\/fr\/wp-json\/wp\/v2\/product_cat?post=529"},{"taxonomy":"product_tag","embeddable":true,"href":"https:\/\/www.happy-cheerme.com\/fr\/wp-json\/wp\/v2\/product_tag?post=529"}],"curies":[{"name":"wp","href":"https:\/\/api.w.org\/{rel}","templated":true}]}}