{"id":512,"date":"2024-12-26T18:03:52","date_gmt":"2024-12-26T10:03:52","guid":{"rendered":"https:\/\/qin.gg12.globaldeepsea.site\/?post_type=product&#038;p=512"},"modified":"2024-12-27T16:31:48","modified_gmt":"2024-12-27T08:31:48","slug":"sound-proof-booth-for-2-person-cm-p2m","status":"publish","type":"product","link":"https:\/\/www.happy-cheerme.com\/fr\/product\/sound-proof-booth-for-2-person-cm-p2m\/","title":{"rendered":"Booth imperm\u00e9able pour 2 personnes - CM-P2M"},"content":{"rendered":"<h2>Sp\u00e9cification de taille<\/h2>\n<p><img fetchpriority=\"high\" decoding=\"async\" class=\"alignnone wp-image-731\" src=\"http:\/\/qin.gg12.globaldeepsea.site\/wp-content\/uploads\/2024\/12\/9.jpg\" alt=\"\" width=\"664\" height=\"368\" srcset=\"https:\/\/www.happy-cheerme.com\/wp-content\/uploads\/2024\/12\/9.jpg 1243w, https:\/\/www.happy-cheerme.com\/wp-content\/uploads\/2024\/12\/9-300x166.jpg 300w, https:\/\/www.happy-cheerme.com\/wp-content\/uploads\/2024\/12\/9-1024x568.jpg 1024w, https:\/\/www.happy-cheerme.com\/wp-content\/uploads\/2024\/12\/9-768x426.jpg 768w, https:\/\/www.happy-cheerme.com\/wp-content\/uploads\/2024\/12\/9-600x333.jpg 600w\" sizes=\"(max-width: 664px) 100vw, 664px\" \/><img decoding=\"async\" class=\"wp-image-518 alignright\" src=\"http:\/\/qin.gg12.globaldeepsea.site\/wp-content\/uploads\/2024\/12\/size-6-269x300.webp\" alt=\"\" width=\"305\" height=\"340\" srcset=\"https:\/\/www.happy-cheerme.com\/wp-content\/uploads\/2024\/12\/size-6-269x300.webp 269w, https:\/\/www.happy-cheerme.com\/wp-content\/uploads\/2024\/12\/size-6-920x1024.webp 920w, https:\/\/www.happy-cheerme.com\/wp-content\/uploads\/2024\/12\/size-6-768x855.webp 768w, https:\/\/www.happy-cheerme.com\/wp-content\/uploads\/2024\/12\/size-6-600x668.webp 600w, https:\/\/www.happy-cheerme.com\/wp-content\/uploads\/2024\/12\/size-6.webp 952w\" sizes=\"(max-width: 305px) 100vw, 305px\" \/><\/p>\n<h2>Mat\u00e9riel<\/h2>\n<table width=\"652\">\n<tbody>\n<tr>\n<td width=\"68\">Cadre<\/td>\n<td colspan=\"2\" width=\"136\">6063 alliage d'aluminines d'aviation<\/td>\n<\/tr>\n<tr>\n<td>Verre<\/td>\n<td colspan=\"2\">Verre tremp\u00e9 ultra blanc de 10 mm, verre de porte lamin\u00e9 4 + 4<\/td>\n<\/tr>\n<tr>\n<td>Mur<\/td>\n<td colspan=\"2\">6063 alliage d'aluminium de l'aviation + surface en acier de 1,0 mm \/ rembourrage Gabriel + paquet acoustique + panneau de polyester 13 mm + G350 Fabric<\/td>\n<\/tr>\n<tr>\n<td>Toit<\/td>\n<td colspan=\"2\">6063 alliage d'aluminium de l'aviation + surface en acier de 1,0 mm + paquet acoustique + panneau de polyester + G350 Fabric de bruit r\u00e9ducteur<\/td>\n<\/tr>\n<tr>\n<td>Plaque inf\u00e9rieure<\/td>\n<td colspan=\"2\">E0 Niveau 25 + 9 mm Plywood en bois massif + Bandage de bord en PVC noir + cadre en acier + 25 mm Pieds + Tapis en polyester<\/td>\n<\/tr>\n<tr>\n<td>Rev\u00eatement<\/td>\n<td colspan=\"2\">Pulv\u00e9risation \u00e9lectrostatique en poudre de tigre<\/td>\n<\/tr>\n<\/tbody>\n<\/table>\n<h2>Meubles<\/h2>\n<p><img decoding=\"async\" class=\"wp-image-519 size-full alignleft\" src=\"http:\/\/qin.gg12.globaldeepsea.site\/wp-content\/uploads\/2024\/12\/detail-2.webp\" alt=\"\" width=\"262\" height=\"225\" \/><\/p>\n<div><\/div>\n<div><\/div>\n<div>Table de bar (avec 2 porte-tasse)<br \/>\nW1465 * D400 * H1050<br \/>\nCouleur: Couleur en bois blanc \/ bois<br \/>\nCarte multicouche \/ rev\u00eatement en poudre jaune<\/div>\n<h2><\/h2>\n<p>&nbsp;<\/p>\n<p>&nbsp;<\/p>\n<h2><\/h2>\n<p>&nbsp;<\/p>\n<div>\n<h2>Configuration d'alimentation<\/h2>\n<table width=\"653\">\n<tbody>\n<tr>\n<td width=\"203\">Consommation<\/td>\n<td colspan=\"2\" width=\"136\">40W, les appareils \u00e9lectriques acc\u00e8dent \u00e0 moins de 1000W<\/td>\n<\/tr>\n<tr>\n<td>Plafond<\/td>\n<td colspan=\"2\">0 - 20W<\/td>\n<\/tr>\n<tr>\n<td>Ventilateur<\/td>\n<td colspan=\"2\">0,9W, 1500 tr \/ min * 3<\/td>\n<\/tr>\n<tr>\n<td>Ventilateur de toit<\/td>\n<td colspan=\"2\">2.4W, 1800 tr \/ min * 2<\/td>\n<\/tr>\n<tr>\n<td>Ventilation<\/td>\n<td colspan=\"2\">2,35 m\u00b3 \/ min, 83cfm, taux de changement d'air 45 \/ h<\/td>\n<\/tr>\n<tr>\n<td>R\u00e9duction du bruit<\/td>\n<td colspan=\"2\">DS, A 28,5 dB (IS0 23351-1: 2020)<\/td>\n<\/tr>\n<\/tbody>\n<\/table>\n<h2>Nos forces<\/h2>\n<div>\n<div>I. conception modulaire: modulaire pour un assemblage rapide, avec six composants et assemblage rapide.1 Hour Assembly. Connecteur \u00e0 assemblage rapide facile \u00e0 installer. Modulaire pour la r\u00e9organisation: l'une devient deux, deux devient plus; Modulaire pour la r\u00e9organisation; R\u00e9initialisation multifonction.<\/div>\n<div><\/div>\n<div>II.NOISE R\u00c9DUCTION: Mur 45 dB; DS, A 28,5 dB Quatre \u00e9l\u00e9ments d'isolation sonore et de r\u00e9duction du bruit. Performances de scellement de qualit\u00e9 de fabrication automobile.1.0 Panneau en acier \u00e9paisseur + paquet acoustique + aviation 6063 ALLIAGE D'ALUMINUM + 4 mm 1800g Polonais d'isolation de fibre de fibre + 9 mm 1200G Panneau acoustique de fibre polyester + couche sup\u00e9rieure en laine.<\/div>\n<div><\/div>\n<div>III. Ventilation optimale: syst\u00e8me de circulation \u00e0 double air Alimentation \u00e0 double air et double \u00e9chappement 1,5 minutes Volume de ventilation de circulation int\u00e9rieure par minute: 1,63 \/ m\u00b3; Ventilateur d'\u00e9chappement ultra-quie non incombustible: 100 000 h.<\/div>\n<div><\/div>\n<div>IV.Cestion humaine: Lumi\u00e8re douce: trois secondes pour \u00e9clairer + r\u00e9glable infiniment r\u00e9glable + Guide de lumi\u00e8re Mitsubishi 50 000h pas de changement de couleur; Le flux lumineux maximal est de 2700 lm; L'imitation de la temp\u00e9rature de couleur de lumi\u00e8re naturelle est de 3500k.<\/div>\n<div><\/div>\n<div>V.Sustainabilit\u00e9: 100% Mat\u00e9riaux respectueux de l'environnement pour bercer le concept de conception durable de l'environnement. Ce sont: tissu Gabriel; Poudre de tigre; Alliage d'aluminium de l'aviation; Conseil certifi\u00e9 FSC; Verre temp\u00e9r\u00e9e certifi\u00e9e 3C; Fibre de polyester recycl\u00e9e.<\/div>\n<div><\/div>\n<div>VI. Intelligence indigitale: nous pouvons effectuer une analyse intelligente des r\u00e9servations, de la gestion et de la lib\u00e9ration pendant les heures occup\u00e9es. Fournit une base pour la prise de d\u00e9cision pour r\u00e9initialiser l'espace.<\/div>\n<div>un. S\u00e9lectionnez des types d'espace (par exemple, des postes de travail, des salles de r\u00e9union, etc.) pour analyse.<\/div>\n<div>n\u00e9 Affinez la partie spatiale (par exemple le d\u00e9partement, la partition de plancher) pour analyser et comparer avec d'autres pi\u00e8ces.<\/div>\n<div>c. Comprendre les habitudes d'utilisation et la distribution de diff\u00e9rents espaces, d\u00e9partements et zones \u00e0 travers une carte thermique hi\u00e9rarchique.<\/div>\n<div>d. V\u00e9rifier si les param\u00e8tres de l'espace conviennent au mod\u00e8le d'entreprise gr\u00e2ce \u00e0 la recherche de leader et au questionnaire des employ\u00e9s.<\/div>\n<\/div>\n<\/div>","protected":false},"excerpt":{"rendered":"<p>Dimensions externes: W1635 * D1360 * H2280mm<\/p>\n<p>Dimensions internes: W1465 * D1190 (1340 est en verre au verre) * H2130 mm<\/p>\n<p>Poids: 450kg<\/p>\n<p>Dimensions de la palette: W2190 * D1410 * H935 (bo\u00eete d'accessoires non incluse)<\/p>\n<p>Volume: 3 m\u00b3<\/p>\n<p>Direction d'ouverture de la porte; Porte plus proche: porte droite<\/p>","protected":false},"featured_media":513,"comment_status":"open","ping_status":"closed","template":"","meta":[],"product_cat":[27,25],"product_tag":[42,43,48,47,44,46,41,45],"class_list":{"0":"post-512","1":"product","2":"type-product","3":"status-publish","4":"has-post-thumbnail","6":"product_cat-dual-seat-sound-proof-booth","7":"product_cat-office-booth","8":"product_tag-acoustic-isolation-booth","9":"product_tag-compact-soundproof-room","10":"product_tag-double-person-sound-insulation-pod","11":"product_tag-dual-occupancy-sound-booth","12":"product_tag-noise-reduction-booth","13":"product_tag-small-soundproof-chamber","14":"product_tag-soundproof-booth-for-two","15":"product_tag-two-person-audio-booth","17":"first","18":"instock","19":"shipping-taxable","20":"product-type-simple"},"_links":{"self":[{"href":"https:\/\/www.happy-cheerme.com\/fr\/wp-json\/wp\/v2\/product\/512","targetHints":{"allow":["GET"]}}],"collection":[{"href":"https:\/\/www.happy-cheerme.com\/fr\/wp-json\/wp\/v2\/product"}],"about":[{"href":"https:\/\/www.happy-cheerme.com\/fr\/wp-json\/wp\/v2\/types\/product"}],"replies":[{"embeddable":true,"href":"https:\/\/www.happy-cheerme.com\/fr\/wp-json\/wp\/v2\/comments?post=512"}],"version-history":[{"count":1,"href":"https:\/\/www.happy-cheerme.com\/fr\/wp-json\/wp\/v2\/product\/512\/revisions"}],"predecessor-version":[{"id":659,"href":"https:\/\/www.happy-cheerme.com\/fr\/wp-json\/wp\/v2\/product\/512\/revisions\/659"}],"wp:featuredmedia":[{"embeddable":true,"href":"https:\/\/www.happy-cheerme.com\/fr\/wp-json\/wp\/v2\/media\/513"}],"wp:attachment":[{"href":"https:\/\/www.happy-cheerme.com\/fr\/wp-json\/wp\/v2\/media?parent=512"}],"wp:term":[{"taxonomy":"product_cat","embeddable":true,"href":"https:\/\/www.happy-cheerme.com\/fr\/wp-json\/wp\/v2\/product_cat?post=512"},{"taxonomy":"product_tag","embeddable":true,"href":"https:\/\/www.happy-cheerme.com\/fr\/wp-json\/wp\/v2\/product_tag?post=512"}],"curies":[{"name":"wp","href":"https:\/\/api.w.org\/{rel}","templated":true}]}}