{"id":456,"date":"2024-12-26T16:58:59","date_gmt":"2024-12-26T08:58:59","guid":{"rendered":"https:\/\/qin.gg12.globaldeepsea.site\/?post_type=product&#038;p=456"},"modified":"2024-12-27T16:57:12","modified_gmt":"2024-12-27T08:57:12","slug":"sound-proof-booth-for-single-person-cm-qs","status":"publish","type":"product","link":"https:\/\/www.happy-cheerme.com\/fr\/product\/sound-proof-booth-for-single-person-cm-qs\/","title":{"rendered":"Booth imperm\u00e9able pour une seule personne - CM-QS"},"content":{"rendered":"<h2>Sp\u00e9cification de taille<\/h2>\n<p><img fetchpriority=\"high\" decoding=\"async\" class=\"alignnone wp-image-735\" src=\"http:\/\/qin.gg12.globaldeepsea.site\/wp-content\/uploads\/2024\/12\/13.jpg\" alt=\"\" width=\"634\" height=\"380\" srcset=\"https:\/\/www.happy-cheerme.com\/wp-content\/uploads\/2024\/12\/13.jpg 910w, https:\/\/www.happy-cheerme.com\/wp-content\/uploads\/2024\/12\/13-300x180.jpg 300w, https:\/\/www.happy-cheerme.com\/wp-content\/uploads\/2024\/12\/13-768x460.jpg 768w, https:\/\/www.happy-cheerme.com\/wp-content\/uploads\/2024\/12\/13-600x359.jpg 600w\" sizes=\"(max-width: 634px) 100vw, 634px\" \/><img decoding=\"async\" class=\"wp-image-468 alignright\" src=\"http:\/\/qin.gg12.globaldeepsea.site\/wp-content\/uploads\/2024\/12\/size-204x300.webp\" alt=\"\" width=\"258\" height=\"380\" srcset=\"https:\/\/www.happy-cheerme.com\/wp-content\/uploads\/2024\/12\/size-204x300.webp 204w, https:\/\/www.happy-cheerme.com\/wp-content\/uploads\/2024\/12\/size.webp 588w\" sizes=\"(max-width: 258px) 100vw, 258px\" \/><\/p>\n<h2>Description<\/h2>\n<div>\n<p>1. 1,5-2,5 mm d'alliage d'aluminium d'\u00e9paisseur + verre tremp\u00e9 de 10 mm \u00e0 haute r\u00e9sistance + mat\u00e9riau d'absorbage sonore et interm\u00e9diaire avec une planche de protection de l'environnement de 9 + 12 mm.<\/p>\n<p>2. Ventilateur d'\u00e9chappement ultra-mince et ultra-silence * 2 + PD Th\u00e9orie du chemin de circulation d'air \u00e0 preuves sonores long.<\/p>\n<p>3. Bruit: &lt;35 dB; Vitesse: 750 tr \/ min; Volume du ventilateur de ventilation: 89cfm; Ventilation moyenne 1 10m3 \/ h.<\/p>\n<p>4. y compris le tapis anti-statique et antid\u00e9rapant \u00e0 faible boucle.<\/p>\n<p>5. INT\u00c9GR\u00c9 2500 ~ 6000K LUMI\u00c8RE NATURELLE (lumi\u00e8re de temp\u00e9rature \u00e0 trois couleurs * 1) 100-240V \/ 50-60Hz d'alimentation.<\/p>\n<p>6. Socket * 1, commutateur \u00e0 deux positions * 1, interface r\u00e9seau * 1 panneau de prise de port USB est disponible.<\/p>\n<p>7. Contr\u00f4le de l'interrupteur l\u00e9ger et d'\u00e9chappement s\u00e9par\u00e9ment.<\/p>\n<p>8. Casse \u00e0 pied fixe en acier + roue universelle.<\/p>\n<p>9. Le prix comprend la table pli\u00e9e.<\/p>\n<\/div>\n<div>\n<h2>Caract\u00e9ristiques et force<\/h2>\n<div>\n<p>I. MAT\u00c9RIEL MAIN: Profil en aluminium \u00e0 haute r\u00e9sistance, verre d'isolation sonore, panneau absorbant le son polyester et contreplaqu\u00e9 de protection de l'environnement.<\/p>\n<p>II.Iroprofer et sons: le mur des pods de bureau est compos\u00e9 de coton absorbant le son + contreplaqu\u00e9 respectueux de l'environnement (structure creuse) et de verre tremp\u00e9 insonoris\u00e9 de 10 mm d'\u00e9paisseur. L'indice de r\u00e9duction de l'isolation et du bruit sonore r\u00e9pond aux attentes de conception.<\/p>\n<p>III.Ventilated: Chaque Pods Office est con\u00e7u avec un syst\u00e8me a\u00e9rien frais \u00e0 faible bruit de type labyrinthe compos\u00e9 de ventilateur d'\u00e9chappement \u00e0 l'air frais ultra-mill\u00e9 ultra-coquin + Principe de la circulation a\u00e9rienne sans cheminement longue, et il doit \u00eatre excit\u00e9 pendant 3 \u00e0 5 minutes pour mettre \u00e0 jour le conduit de la taille de la taille de la taille de la taille de la taille de la taille de la taille de la taille.<\/p>\n<p>IV.LIGHTING: La cabine est \u00e9quip\u00e9e de lampes de plafond LED r\u00e9glables \u00e0 temp\u00e9rature \u00e0 trois couleurs de 3000k-6000K, qui peuvent essentiellement r\u00e9pondre aux besoins de l'\u00e9clairage de la cabine.<\/p>\n<p>V.100-240V Power: Chaque pods de bureau est \u00e9quip\u00e9 de 100-240V \/ 50-60Hz.<\/p>\n<p>et le syst\u00e8me d'alimentation 12V-USB, qui peut facilement r\u00e9pondre \u00e0 l'utilisation des appareils \u00e9lectriques traditionnels dans la vie.<\/p>\n<p>VI.Easy pour bouger: la nature l\u00e9g\u00e8re des pods de bureau vous permet de les d\u00e9placer facilement partout o\u00f9 votre bureau en a besoin.<\/p>\n<p>VII.Easy pour se r\u00e9unir: nous avons con\u00e7u nos pods de bureau pour \u00eatre facilement assembl\u00e9s avec une \u00e9quipe de 1-3people avec juste un exercice \u00e9lectrique et une \u00e9chelle.<\/p>\n<\/div>\n<\/div>","protected":false},"excerpt":{"rendered":"<p>D\u00c9MENSIONS EXTERNES: W1000 * D900 * H2348,5 mm<\/p>\n<p>Croissons internes: W870 * D866 * H2128 mm<\/p>\n<p>Poids -gw \/ nw: 300kg \/ 255 kg<\/p>\n<p>D\u00c9SENSIONS DE PALLETISATION: W2230 * D850 * H1200 mm<\/p>\n<p>Volume: 1,6 m\u00b3<\/p>","protected":false},"featured_media":460,"comment_status":"open","ping_status":"closed","template":"","meta":[],"product_cat":[25,26],"product_tag":[42,44,134,135,133,101,49,136],"class_list":{"0":"post-456","1":"product","2":"type-product","3":"status-publish","4":"has-post-thumbnail","6":"product_cat-office-booth","7":"product_cat-single-person-sound-proof-booth","8":"product_tag-acoustic-isolation-booth","9":"product_tag-noise-reduction-booth","10":"product_tag-personal-recording-booth","11":"product_tag-portable-soundproof-booth","12":"product_tag-s-series-booth","13":"product_tag-single-person-booth","14":"product_tag-soundproof-booth","15":"product_tag-vocal-isolation-booth","17":"first","18":"instock","19":"shipping-taxable","20":"product-type-simple"},"_links":{"self":[{"href":"https:\/\/www.happy-cheerme.com\/fr\/wp-json\/wp\/v2\/product\/456","targetHints":{"allow":["GET"]}}],"collection":[{"href":"https:\/\/www.happy-cheerme.com\/fr\/wp-json\/wp\/v2\/product"}],"about":[{"href":"https:\/\/www.happy-cheerme.com\/fr\/wp-json\/wp\/v2\/types\/product"}],"replies":[{"embeddable":true,"href":"https:\/\/www.happy-cheerme.com\/fr\/wp-json\/wp\/v2\/comments?post=456"}],"version-history":[{"count":1,"href":"https:\/\/www.happy-cheerme.com\/fr\/wp-json\/wp\/v2\/product\/456\/revisions"}],"predecessor-version":[{"id":467,"href":"https:\/\/www.happy-cheerme.com\/fr\/wp-json\/wp\/v2\/product\/456\/revisions\/467"}],"wp:featuredmedia":[{"embeddable":true,"href":"https:\/\/www.happy-cheerme.com\/fr\/wp-json\/wp\/v2\/media\/460"}],"wp:attachment":[{"href":"https:\/\/www.happy-cheerme.com\/fr\/wp-json\/wp\/v2\/media?parent=456"}],"wp:term":[{"taxonomy":"product_cat","embeddable":true,"href":"https:\/\/www.happy-cheerme.com\/fr\/wp-json\/wp\/v2\/product_cat?post=456"},{"taxonomy":"product_tag","embeddable":true,"href":"https:\/\/www.happy-cheerme.com\/fr\/wp-json\/wp\/v2\/product_tag?post=456"}],"curies":[{"name":"wp","href":"https:\/\/api.w.org\/{rel}","templated":true}]}}