{"id":387,"date":"2024-12-26T14:00:46","date_gmt":"2024-12-26T06:00:46","guid":{"rendered":"https:\/\/qin.gg12.globaldeepsea.site\/?post_type=product&#038;p=387"},"modified":"2024-12-30T16:59:39","modified_gmt":"2024-12-30T08:59:39","slug":"single-booth-furniture-cmp1","status":"publish","type":"product","link":"https:\/\/www.happy-cheerme.com\/fr\/product\/single-booth-furniture-cmp1\/","title":{"rendered":"Meubles de stand unique CMP1"},"content":{"rendered":"<p><img fetchpriority=\"high\" decoding=\"async\" class=\"alignnone wp-image-394\" src=\"http:\/\/qin.gg12.globaldeepsea.site\/wp-content\/uploads\/2024\/12\/application-300x300.webp\" alt=\"\" width=\"540\" height=\"540\" srcset=\"https:\/\/www.happy-cheerme.com\/wp-content\/uploads\/2024\/12\/application-300x300.webp 300w, https:\/\/www.happy-cheerme.com\/wp-content\/uploads\/2024\/12\/application-150x150.webp 150w, https:\/\/www.happy-cheerme.com\/wp-content\/uploads\/2024\/12\/application-100x100.webp 100w, https:\/\/www.happy-cheerme.com\/wp-content\/uploads\/2024\/12\/application.webp 600w\" sizes=\"(max-width: 540px) 100vw, 540px\" \/>\u00a0 \u00a0 \u00a0 <img decoding=\"async\" class=\"alignnone wp-image-395\" src=\"http:\/\/qin.gg12.globaldeepsea.site\/wp-content\/uploads\/2024\/12\/application1-300x300.webp\" alt=\"\" width=\"540\" height=\"540\" srcset=\"https:\/\/www.happy-cheerme.com\/wp-content\/uploads\/2024\/12\/application1-300x300.webp 300w, https:\/\/www.happy-cheerme.com\/wp-content\/uploads\/2024\/12\/application1-150x150.webp 150w, https:\/\/www.happy-cheerme.com\/wp-content\/uploads\/2024\/12\/application1-768x768.webp 768w, https:\/\/www.happy-cheerme.com\/wp-content\/uploads\/2024\/12\/application1-600x600.webp 600w, https:\/\/www.happy-cheerme.com\/wp-content\/uploads\/2024\/12\/application1-100x100.webp 100w, https:\/\/www.happy-cheerme.com\/wp-content\/uploads\/2024\/12\/application1.webp 800w\" sizes=\"(max-width: 540px) 100vw, 540px\" \/><\/p>\n<h2>Association de meubles de stands simples<\/h2>\n<p><img decoding=\"async\" class=\"alignnone wp-image-396\" src=\"http:\/\/qin.gg12.globaldeepsea.site\/wp-content\/uploads\/2024\/12\/Single-Booth-Furniture-Matching.webp\" alt=\"\" width=\"560\" height=\"560\" srcset=\"https:\/\/www.happy-cheerme.com\/wp-content\/uploads\/2024\/12\/Single-Booth-Furniture-Matching.webp 652w, https:\/\/www.happy-cheerme.com\/wp-content\/uploads\/2024\/12\/Single-Booth-Furniture-Matching-300x300.webp 300w, https:\/\/www.happy-cheerme.com\/wp-content\/uploads\/2024\/12\/Single-Booth-Furniture-Matching-150x150.webp 150w, https:\/\/www.happy-cheerme.com\/wp-content\/uploads\/2024\/12\/Single-Booth-Furniture-Matching-600x600.webp 600w, https:\/\/www.happy-cheerme.com\/wp-content\/uploads\/2024\/12\/Single-Booth-Furniture-Matching-100x100.webp 100w\" sizes=\"(max-width: 560px) 100vw, 560px\" \/><img loading=\"lazy\" decoding=\"async\" class=\"alignnone wp-image-397\" src=\"http:\/\/qin.gg12.globaldeepsea.site\/wp-content\/uploads\/2024\/12\/Single-Booth-Furniture-Matching1.webp\" alt=\"\" width=\"560\" height=\"560\" srcset=\"https:\/\/www.happy-cheerme.com\/wp-content\/uploads\/2024\/12\/Single-Booth-Furniture-Matching1.webp 621w, https:\/\/www.happy-cheerme.com\/wp-content\/uploads\/2024\/12\/Single-Booth-Furniture-Matching1-300x300.webp 300w, https:\/\/www.happy-cheerme.com\/wp-content\/uploads\/2024\/12\/Single-Booth-Furniture-Matching1-150x150.webp 150w, https:\/\/www.happy-cheerme.com\/wp-content\/uploads\/2024\/12\/Single-Booth-Furniture-Matching1-600x600.webp 600w, https:\/\/www.happy-cheerme.com\/wp-content\/uploads\/2024\/12\/Single-Booth-Furniture-Matching1-100x100.webp 100w\" sizes=\"(max-width: 560px) 100vw, 560px\" \/><\/p>\n<p>Dimension: W501 * D494 * H720 mm<br \/>\nCoussin: tissu de protection de l'environnement de premi\u00e8re classe import\u00e9e, technique cousu \u00e0 la main<br \/>\nJambe: les jambes m\u00e9talliques \u00e9lectropos\u00e9es<\/p>\n<h2>Mat\u00e9riel<\/h2>\n<table>\n<tbody>\n<tr>\n<td>Jambe<\/td>\n<td>M\u00e9tal avec rev\u00eatement en poudre de marque Tiger<\/td>\n<\/tr>\n<tr>\n<td>Coussin<\/td>\n<td>Tissu de marque Gabriel of Danemark avec mousse \u00e0 m\u00e9moire<\/td>\n<\/tr>\n<tr>\n<td>Mousse<\/td>\n<td>Mousse \u00e0 m\u00e9moire<\/td>\n<\/tr>\n<\/tbody>\n<\/table>\n<p>&nbsp;<\/p>\n<p><img loading=\"lazy\" decoding=\"async\" class=\"alignnone wp-image-398\" src=\"http:\/\/qin.gg12.globaldeepsea.site\/wp-content\/uploads\/2024\/12\/658a4f7f1383f29494.webp\" alt=\"\" width=\"400\" height=\"400\" srcset=\"https:\/\/www.happy-cheerme.com\/wp-content\/uploads\/2024\/12\/658a4f7f1383f29494.webp 174w, https:\/\/www.happy-cheerme.com\/wp-content\/uploads\/2024\/12\/658a4f7f1383f29494-150x150.webp 150w, https:\/\/www.happy-cheerme.com\/wp-content\/uploads\/2024\/12\/658a4f7f1383f29494-100x100.webp 100w\" sizes=\"(max-width: 400px) 100vw, 400px\" \/><\/p>\n<p>Meubles<br \/>\nTable de bar \uff08avec un support de tasse\uff09<br \/>\nW900 * D650 * H1050<br \/>\nCouleur: Blanc MFC \/ Couleur en bois Couleur multicouche \/ rev\u00eatement en poudre jaune<\/p>\n<h2>Caract\u00e9ristiques des mat\u00e9riaux de tissu<\/h2>\n<p>Tissus I.Gabriel: Con\u00e7u avec le respect de la sant\u00e9 et de la s\u00e9curit\u00e9<br \/>\nGabriel con\u00e7oit des produits qui contribuent \u00e0 des espaces int\u00e9rieurs sains fabriqu\u00e9s en ce qui concerne la sant\u00e9 et la s\u00e9curit\u00e9 des utilisateurs ainsi que pour l'environnement. Les exigences d'Oeko-Tex et de l'\u00e9colabel de l'UE constituent des normes minimales de Gabriel et s'assurent que<br \/>\nNos clients obtiennent toujours des tissus durables, en service aux consommateurs et respectueux de l'environnement. De plus, Gabriel propose \u00e9galement une s\u00e9lection compl\u00e8te de tissus Cradle to Cradle Certificit \u2122.<\/p>\n<p>ii.Notre mobilier Fabric Faisition pour frotter les tests ISO 105 \u00d7 12-2016 effectu\u00e9s:<\/p>\n<p><img loading=\"lazy\" decoding=\"async\" class=\"alignnone wp-image-737 size-large\" src=\"http:\/\/qin.gg12.globaldeepsea.site\/wp-content\/uploads\/2024\/12\/15-989x1024.jpg\" alt=\"\" width=\"800\" height=\"828\" srcset=\"https:\/\/www.happy-cheerme.com\/wp-content\/uploads\/2024\/12\/15-989x1024.jpg 989w, https:\/\/www.happy-cheerme.com\/wp-content\/uploads\/2024\/12\/15-290x300.jpg 290w, https:\/\/www.happy-cheerme.com\/wp-content\/uploads\/2024\/12\/15-768x795.jpg 768w, https:\/\/www.happy-cheerme.com\/wp-content\/uploads\/2024\/12\/15-600x621.jpg 600w, https:\/\/www.happy-cheerme.com\/wp-content\/uploads\/2024\/12\/15.jpg 1143w\" sizes=\"(max-width: 800px) 100vw, 800px\" \/><\/p>\n<p>iii. notre tissu meuble a un \u00e9co-\u00e9tiquette de textile international<\/p>\n<p><img loading=\"lazy\" decoding=\"async\" class=\"alignnone\" src=\"http:\/\/qin.gg12.globaldeepsea.site\/wp-content\/uploads\/2024\/12\/certificate.webp\" alt=\"\" width=\"790\" height=\"602\" \/><\/p>\n<h2>Marques et certificats mat\u00e9riels<\/h2>\n<p><img loading=\"lazy\" decoding=\"async\" class=\"alignnone wp-image-400\" src=\"http:\/\/qin.gg12.globaldeepsea.site\/wp-content\/uploads\/2024\/12\/1.webp\" alt=\"\" width=\"228\" height=\"242\" srcset=\"https:\/\/www.happy-cheerme.com\/wp-content\/uploads\/2024\/12\/1.webp 720w, https:\/\/www.happy-cheerme.com\/wp-content\/uploads\/2024\/12\/1-283x300.webp 283w, https:\/\/www.happy-cheerme.com\/wp-content\/uploads\/2024\/12\/1-600x637.webp 600w\" sizes=\"(max-width: 228px) 100vw, 228px\" \/>\u00a0<img loading=\"lazy\" decoding=\"async\" class=\"alignnone wp-image-401\" src=\"http:\/\/qin.gg12.globaldeepsea.site\/wp-content\/uploads\/2024\/12\/2.webp\" alt=\"\" width=\"270\" height=\"190\" srcset=\"https:\/\/www.happy-cheerme.com\/wp-content\/uploads\/2024\/12\/2.webp 500w, https:\/\/www.happy-cheerme.com\/wp-content\/uploads\/2024\/12\/2-300x211.webp 300w\" sizes=\"(max-width: 270px) 100vw, 270px\" \/>\u00a0<img loading=\"lazy\" decoding=\"async\" class=\"wp-image-402 alignnone\" src=\"http:\/\/qin.gg12.globaldeepsea.site\/wp-content\/uploads\/2024\/12\/3.webp\" alt=\"\" width=\"243\" height=\"157\" srcset=\"https:\/\/www.happy-cheerme.com\/wp-content\/uploads\/2024\/12\/3.webp 358w, https:\/\/www.happy-cheerme.com\/wp-content\/uploads\/2024\/12\/3-300x194.webp 300w\" sizes=\"(max-width: 243px) 100vw, 243px\" \/><\/p>\n<p><img loading=\"lazy\" decoding=\"async\" class=\"alignnone wp-image-403\" src=\"http:\/\/qin.gg12.globaldeepsea.site\/wp-content\/uploads\/2024\/12\/4.webp\" alt=\"\" width=\"234\" height=\"160\" srcset=\"https:\/\/www.happy-cheerme.com\/wp-content\/uploads\/2024\/12\/4.webp 354w, https:\/\/www.happy-cheerme.com\/wp-content\/uploads\/2024\/12\/4-300x205.webp 300w\" sizes=\"(max-width: 234px) 100vw, 234px\" \/> <img loading=\"lazy\" decoding=\"async\" class=\"alignnone wp-image-404\" src=\"http:\/\/qin.gg12.globaldeepsea.site\/wp-content\/uploads\/2024\/12\/5.webp\" alt=\"\" width=\"279\" height=\"60\" srcset=\"https:\/\/www.happy-cheerme.com\/wp-content\/uploads\/2024\/12\/5.webp 339w, https:\/\/www.happy-cheerme.com\/wp-content\/uploads\/2024\/12\/5-300x65.webp 300w\" sizes=\"(max-width: 279px) 100vw, 279px\" \/><img loading=\"lazy\" decoding=\"async\" class=\"alignnone wp-image-405\" src=\"http:\/\/qin.gg12.globaldeepsea.site\/wp-content\/uploads\/2024\/12\/6-scaled.webp\" alt=\"\" width=\"237\" height=\"178\" srcset=\"https:\/\/www.happy-cheerme.com\/wp-content\/uploads\/2024\/12\/6-scaled.webp 2560w, https:\/\/www.happy-cheerme.com\/wp-content\/uploads\/2024\/12\/6-300x224.webp 300w, https:\/\/www.happy-cheerme.com\/wp-content\/uploads\/2024\/12\/6-1024x766.webp 1024w, https:\/\/www.happy-cheerme.com\/wp-content\/uploads\/2024\/12\/6-768x575.webp 768w, https:\/\/www.happy-cheerme.com\/wp-content\/uploads\/2024\/12\/6-1536x1149.webp 1536w, https:\/\/www.happy-cheerme.com\/wp-content\/uploads\/2024\/12\/6-2048x1532.webp 2048w, https:\/\/www.happy-cheerme.com\/wp-content\/uploads\/2024\/12\/6-600x449.webp 600w\" sizes=\"(max-width: 237px) 100vw, 237px\" \/><\/p>\n<p>&nbsp;<\/p>","protected":false},"excerpt":{"rendered":"<p>\u00a0 \u00a0 \u00a0 Dimension de correspondance de meubles de stand unique: W501 * D494 * H720 MM COHION: Tissu de protection environnementale de premi\u00e8re classe import\u00e9e, jambe technique cousue \u00e0 la main \uff1a Fabrics de jambes m\u00e9talliques \u00e9lectropli\u00e9es avec une jambe de mat\u00e9riau de marque Tiger Brand Powder Cushion Gabriel of Denmark Brand Fabric avec m\u00e9moire D650 mousse de mousse de mousse de mousse * H1050 Color \uff08avec un hold Carte multi-couches en bois \/ jaune [\u2026]<\/p>","protected":false},"featured_media":392,"comment_status":"open","ping_status":"closed","template":"","meta":[],"product_cat":[16],"product_tag":[146,142,147,148,144,141,145,143],"class_list":{"0":"post-387","1":"product","2":"type-product","3":"status-publish","4":"has-post-thumbnail","6":"product_cat-office-booth-furniture","7":"product_tag-booth-furniture-supplier","8":"product_tag-cmp1-booth-furniture","9":"product_tag-custom-booth-furniture","10":"product_tag-event-display-furniture","11":"product_tag-exhibition-furniture","12":"product_tag-single-booth-furniture","13":"product_tag-single-booth-seating","14":"product_tag-trade-show-furniture","16":"first","17":"instock","18":"shipping-taxable","19":"product-type-simple"},"_links":{"self":[{"href":"https:\/\/www.happy-cheerme.com\/fr\/wp-json\/wp\/v2\/product\/387","targetHints":{"allow":["GET"]}}],"collection":[{"href":"https:\/\/www.happy-cheerme.com\/fr\/wp-json\/wp\/v2\/product"}],"about":[{"href":"https:\/\/www.happy-cheerme.com\/fr\/wp-json\/wp\/v2\/types\/product"}],"replies":[{"embeddable":true,"href":"https:\/\/www.happy-cheerme.com\/fr\/wp-json\/wp\/v2\/comments?post=387"}],"version-history":[{"count":2,"href":"https:\/\/www.happy-cheerme.com\/fr\/wp-json\/wp\/v2\/product\/387\/revisions"}],"predecessor-version":[{"id":891,"href":"https:\/\/www.happy-cheerme.com\/fr\/wp-json\/wp\/v2\/product\/387\/revisions\/891"}],"wp:featuredmedia":[{"embeddable":true,"href":"https:\/\/www.happy-cheerme.com\/fr\/wp-json\/wp\/v2\/media\/392"}],"wp:attachment":[{"href":"https:\/\/www.happy-cheerme.com\/fr\/wp-json\/wp\/v2\/media?parent=387"}],"wp:term":[{"taxonomy":"product_cat","embeddable":true,"href":"https:\/\/www.happy-cheerme.com\/fr\/wp-json\/wp\/v2\/product_cat?post=387"},{"taxonomy":"product_tag","embeddable":true,"href":"https:\/\/www.happy-cheerme.com\/fr\/wp-json\/wp\/v2\/product_tag?post=387"}],"curies":[{"name":"wp","href":"https:\/\/api.w.org\/{rel}","templated":true}]}}