{"id":197,"date":"2024-12-19T13:35:41","date_gmt":"2024-12-19T05:35:41","guid":{"rendered":"https:\/\/qin.gg12.globaldeepsea.site\/?post_type=product&#038;p=197"},"modified":"2024-12-30T17:01:05","modified_gmt":"2024-12-30T09:01:05","slug":"six-person-booth-a-furniture-matching","status":"publish","type":"product","link":"https:\/\/www.happy-cheerme.com\/fr\/product\/six-person-booth-a-furniture-matching\/","title":{"rendered":"Booth de six personnes-un assortiment de meubles"},"content":{"rendered":"<h2>Caract\u00e9ristiques des mat\u00e9riaux de tissu<\/h2>\n<p>Tissus I.Gabriel: Con\u00e7u avec le respect de la sant\u00e9 et de la s\u00e9curit\u00e9<br \/>\nGabriel con\u00e7oit des produits qui contribuent \u00e0 des espaces int\u00e9rieurs sains fabriqu\u00e9s en ce qui concerne la sant\u00e9 et la s\u00e9curit\u00e9 des utilisateurs ainsi que pour l'environnement. Les exigences d'Oeko-Tex et de l'\u00e9colabel de l'UE constituent des normes minimales de Gabriel et s'assurent que<br \/>\nNos clients obtiennent toujours des tissus durables, en service aux consommateurs et respectueux de l'environnement. De plus, Gabriel propose \u00e9galement une s\u00e9lection compl\u00e8te de tissus Cradle to Cradle Certificit \u2122.<\/p>\n<p>ii.Notre mobilier Fabric Faisition pour frotter les tests ISO 105 \u00d7 12-2016 effectu\u00e9s:<\/p>\n<p><img fetchpriority=\"high\" decoding=\"async\" class=\"alignnone wp-image-738 size-large\" src=\"http:\/\/qin.gg12.globaldeepsea.site\/wp-content\/uploads\/2024\/12\/16-1003x1024.jpg\" alt=\"\" width=\"800\" height=\"817\" srcset=\"https:\/\/www.happy-cheerme.com\/wp-content\/uploads\/2024\/12\/16-1003x1024.jpg 1003w, https:\/\/www.happy-cheerme.com\/wp-content\/uploads\/2024\/12\/16-294x300.jpg 294w, https:\/\/www.happy-cheerme.com\/wp-content\/uploads\/2024\/12\/16-768x784.jpg 768w, https:\/\/www.happy-cheerme.com\/wp-content\/uploads\/2024\/12\/16-600x612.jpg 600w, https:\/\/www.happy-cheerme.com\/wp-content\/uploads\/2024\/12\/16.jpg 1163w\" sizes=\"(max-width: 800px) 100vw, 800px\" \/><\/p>\n<p>iii. notre tissu meuble a un \u00e9co-\u00e9tiquette de textile international<\/p>\n<p><img decoding=\"async\" class=\"\" src=\"https:\/\/ecdn6.globalso.com\/upload\/p\/132\/image_other\/2023-12\/6589355c3155c99189.png\" alt=\"5azw\" width=\"783\" height=\"597\" \/><\/p>\n<h2>Marques et certificats mat\u00e9riels<\/h2>\n<p><img decoding=\"async\" class=\"alignnone\" src=\"https:\/\/ecdn6.globalso.com\/upload\/p\/132\/image_other\/2023-12\/658935873e36c56878.png\" alt=\"6p5f\" width=\"231\" height=\"245\" \/><img loading=\"lazy\" decoding=\"async\" class=\"alignnone\" src=\"https:\/\/ecdn6.globalso.com\/upload\/p\/132\/image_other\/2023-12\/6589358eed2fd34205.png\" alt=\"7hz3\" width=\"278\" height=\"196\" \/><img loading=\"lazy\" decoding=\"async\" class=\"\" src=\"https:\/\/ecdn6.globalso.com\/upload\/p\/132\/image_other\/2023-12\/6589359a1ca2475277.png\" alt=\"8lcq\" width=\"245\" height=\"159\" \/><\/p>\n<p><img loading=\"lazy\" decoding=\"async\" class=\"\" src=\"https:\/\/ecdn6.globalso.com\/upload\/p\/132\/image_other\/2023-12\/658935aeb4e3b83183.png\" alt=\"9i3m\" width=\"239\" height=\"163\" \/><img loading=\"lazy\" decoding=\"async\" class=\"\" src=\"https:\/\/ecdn6.globalso.com\/upload\/p\/132\/image_other\/2023-12\/658935bb9160930093.png\" alt=\"106bg\" width=\"269\" height=\"58\" \/><strong><img loading=\"lazy\" decoding=\"async\" class=\"\" src=\"https:\/\/ecdn6.globalso.com\/upload\/p\/132\/image_other\/2023-12\/658935c58233331590.png\" alt=\"11ruw\" width=\"236\" height=\"177\" \/><\/strong><\/p>","protected":false},"excerpt":{"rendered":"<p>Taille: W450 * D450 * H430 mm<\/p>\n<p>Rembourrage:<\/p>\n<p>Coton en forme de mousse de mousse de mousse en mousse en mousse en mousse en mousse en mousse en mousse en mousse en mousse en mousse<\/p>\n<p>Artisanat:<\/p>\n<p>Emballage de tissu import\u00e9, sup\u00e9rieur et inf\u00e9rieur en tissu en deux couches coutures \u00e0 aiguille de marche \u00e0 fil de fil unique Couture, l'arc sup\u00e9rieur \u00e0 double fil de marche \u00e0 aiguille couture, deux tractions, proc\u00e9d\u00e9 \u00e0 aiguille de fil unique<\/p>\n<p>Tissu: s\u00e9rie Gabriel \/ Mozart<\/p>\n<p>Cuir: Le mat\u00e9riau de la poign\u00e9e est en cuir LE-L 1217<\/p>\n<p>Remarque: uniquement disponible en stock, veuillez consulter avant de passer une commande.<\/p>\n<p>Taille:<\/p>\n<p>W2700 * D600 * H720 (SH430) MM<\/p>\n<p>Canap\u00e9:<\/p>\n<p>Cadre en bois + remplissage d'\u00e9ponge + enveloppement de tissu<\/p>\n<p>Si\u00e8ge et dos:<\/p>\n<p>\u2460 Package souple: tissu de protection environnementale import\u00e9e de premi\u00e8re classe, cousu \u00e0 la main<\/p>\n<p>\u2461 Sponge: \u00e9ponge \u00e0 haute r\u00e9silience, configuration multicouche de diff\u00e9rentes densit\u00e9s, surface du coton de soie mince pour augmenter le confort du si\u00e8ge<\/p>\n<p>Cabillons de canap\u00e9 \uff1a<\/p>\n<p>Rev\u00eatement en poudre en acier pattes noires<\/p>\n<p>Configuration d'alimentation:<\/p>\n<p>1 bouchon de suspension de canap\u00e9 (2 puissance forte \u00e0 cinq trous, 1USB, 1 Type-C)<\/p>\n<p>Power 220V, USB 5V 3.1A<\/p>\n<p>Remarque: la longueur totale du canap\u00e9 2700 mm, le segment central.<\/p>\n<p><img loading=\"lazy\" decoding=\"async\" class=\"alignnone\" src=\"https:\/\/ecdn6.globalso.com\/upload\/p\/132\/image_other\/2023-12\/658a6d3cd4b4d86392.png\" alt=\"4.png\" width=\"394\" height=\"394\" \/><\/p>\n<p>Dimension: W2200 * D2870 * H2280 (mm)<\/p>","protected":false},"featured_media":207,"comment_status":"open","ping_status":"closed","template":"","meta":[],"product_cat":[16],"product_tag":[36,35,33,32,38,34,31,37],"class_list":{"0":"post-197","1":"product","2":"type-product","3":"status-publish","4":"has-post-thumbnail","6":"product_cat-office-booth-furniture","7":"product_tag-booth-seating","8":"product_tag-corner-booth","9":"product_tag-dining-booth-set","10":"product_tag-furniture-matching","11":"product_tag-kitchen-booth","12":"product_tag-restaurant-booth","13":"product_tag-six-person-booth","14":"product_tag-upholstered-booth","16":"first","17":"instock","18":"shipping-taxable","19":"product-type-simple"},"_links":{"self":[{"href":"https:\/\/www.happy-cheerme.com\/fr\/wp-json\/wp\/v2\/product\/197","targetHints":{"allow":["GET"]}}],"collection":[{"href":"https:\/\/www.happy-cheerme.com\/fr\/wp-json\/wp\/v2\/product"}],"about":[{"href":"https:\/\/www.happy-cheerme.com\/fr\/wp-json\/wp\/v2\/types\/product"}],"replies":[{"embeddable":true,"href":"https:\/\/www.happy-cheerme.com\/fr\/wp-json\/wp\/v2\/comments?post=197"}],"version-history":[{"count":2,"href":"https:\/\/www.happy-cheerme.com\/fr\/wp-json\/wp\/v2\/product\/197\/revisions"}],"predecessor-version":[{"id":892,"href":"https:\/\/www.happy-cheerme.com\/fr\/wp-json\/wp\/v2\/product\/197\/revisions\/892"}],"wp:featuredmedia":[{"embeddable":true,"href":"https:\/\/www.happy-cheerme.com\/fr\/wp-json\/wp\/v2\/media\/207"}],"wp:attachment":[{"href":"https:\/\/www.happy-cheerme.com\/fr\/wp-json\/wp\/v2\/media?parent=197"}],"wp:term":[{"taxonomy":"product_cat","embeddable":true,"href":"https:\/\/www.happy-cheerme.com\/fr\/wp-json\/wp\/v2\/product_cat?post=197"},{"taxonomy":"product_tag","embeddable":true,"href":"https:\/\/www.happy-cheerme.com\/fr\/wp-json\/wp\/v2\/product_tag?post=197"}],"curies":[{"name":"wp","href":"https:\/\/api.w.org\/{rel}","templated":true}]}}