{"id":626,"date":"2024-12-27T10:07:33","date_gmt":"2024-12-27T02:07:33","guid":{"rendered":"https:\/\/qin.gg12.globaldeepsea.site\/?post_type=product&#038;p=626"},"modified":"2024-12-27T10:08:26","modified_gmt":"2024-12-27T02:08:26","slug":"prefab-house-space-capsule-pod-for-2-person-with-balcony-w7","status":"publish","type":"product","link":"https:\/\/www.happy-cheerme.com\/es_pe\/product\/prefab-house-space-capsule-pod-for-2-person-with-balcony-w7\/","title":{"rendered":"POD C\u00e1psula de espacio prefabricado para 2 personas con balc\u00f3n: W7"},"content":{"rendered":"<h2>Configuraci\u00f3n del producto<\/h2>\n<p><strong>Decoraci\u00f3n de interiores:<\/strong><br \/>\n\u2022 M\u00f3dulos de pared y techo integrado de color est\u00e1ndar<br \/>\n\u2022 Piso de grano de madera SPC<br \/>\n\u2022 Puerta exterior de privacidad del ba\u00f1o<br \/>\n\u2022 Techo de ba\u00f1o\/pared (panel decorativo+panel decorativo de m\u00e1rmol)<br \/>\n\u2022 Mirror personalizado de fregadero\/cuenca\/ba\u00f1o<br \/>\n\u2022 Inodoro\/grifo\/ducha\/drenaje de piso<br \/>\n\u2022 Sistema de iluminaci\u00f3n<br \/>\n\u2022 Sistema de energ\u00eda hidroel\u00e9ctrica<br \/>\n\u2022 Sistema de control inteligente para cortinas el\u00e9ctricas<br \/>\n\u2022 Tarjeta enchufable encender \/ eliminar la tarjeta apagado<\/p>\n<p><strong>Muebles de hardos duros personalizados:<\/strong><br \/>\n\u2022 Mostrador de barra personalizado<br \/>\n\u2022 Gabinete de almacenamiento personalizado<br \/>\n\u2022 Sillas de cambio de zapato personalizadas<\/p>\n<p><strong>Estructura exterior principal:<\/strong><br \/>\n\u2022 Estructura est\u00e1ndar de marco de acero galvanizado en caliente<br \/>\n\u2022 Panel \u00fanico de aleaci\u00f3n de aluminio de pintura al aire libre<br \/>\n\u2022 Aislamiento t\u00e9rmico y capa impermeable<br \/>\n\u2022 Puertas y ventanas de vidrio templado hueco<br \/>\n\u2022 Puerta de entrada avanzada<br \/>\n\u2022 Puerta de vidrio de balc\u00f3n<br \/>\n\u2022 Tira de luz perif\u00e9rica<\/p>\n<p><strong>Accesorios de productos:<\/strong><br \/>\n\u2022 Soporte de soporte de carga anillos de soporte de soporte\/accesorios de transporte\/conexiones<\/p>\n<p><img fetchpriority=\"high\" decoding=\"async\" class=\"\" src=\"http:\/\/qin.gg12.globaldeepsea.site\/wp-content\/uploads\/2024\/12\/detail-6.webp\" alt=\"\" width=\"1090\" height=\"613\" \/><\/p>","protected":false},"excerpt":{"rendered":"<p>tama\u00f1o (m): 8.6 (l)*3.2 (w)*3.4 (h)<\/p>\n<p>\u00c1rea de construcci\u00f3n: 27.5\u33a1<\/p>\n<p>Peso del producto: 5.6-6 toneladas<\/p>\n<p>N\u00famero de usos: 2 personas<\/p>","protected":false},"featured_media":627,"comment_status":"open","ping_status":"closed","template":"","meta":[],"product_cat":[30],"product_tag":[88,87,100,98,84,96,99,97],"class_list":{"0":"post-626","1":"product","2":"type-product","3":"status-publish","4":"has-post-thumbnail","6":"product_cat-prefab-house","7":"product_tag-2-person","8":"product_tag-balcony","9":"product_tag-compact-living-space","10":"product_tag-portable-accommodation","11":"product_tag-prefab-house","12":"product_tag-space-capsule-pod","13":"product_tag-tiny-living","14":"product_tag-w7","16":"first","17":"instock","18":"shipping-taxable","19":"product-type-simple"},"_links":{"self":[{"href":"https:\/\/www.happy-cheerme.com\/es_pe\/wp-json\/wp\/v2\/product\/626","targetHints":{"allow":["GET"]}}],"collection":[{"href":"https:\/\/www.happy-cheerme.com\/es_pe\/wp-json\/wp\/v2\/product"}],"about":[{"href":"https:\/\/www.happy-cheerme.com\/es_pe\/wp-json\/wp\/v2\/types\/product"}],"replies":[{"embeddable":true,"href":"https:\/\/www.happy-cheerme.com\/es_pe\/wp-json\/wp\/v2\/comments?post=626"}],"version-history":[{"count":0,"href":"https:\/\/www.happy-cheerme.com\/es_pe\/wp-json\/wp\/v2\/product\/626\/revisions"}],"wp:featuredmedia":[{"embeddable":true,"href":"https:\/\/www.happy-cheerme.com\/es_pe\/wp-json\/wp\/v2\/media\/627"}],"wp:attachment":[{"href":"https:\/\/www.happy-cheerme.com\/es_pe\/wp-json\/wp\/v2\/media?parent=626"}],"wp:term":[{"taxonomy":"product_cat","embeddable":true,"href":"https:\/\/www.happy-cheerme.com\/es_pe\/wp-json\/wp\/v2\/product_cat?post=626"},{"taxonomy":"product_tag","embeddable":true,"href":"https:\/\/www.happy-cheerme.com\/es_pe\/wp-json\/wp\/v2\/product_tag?post=626"}],"curies":[{"name":"wp","href":"https:\/\/api.w.org\/{rel}","templated":true}]}}