{"id":570,"date":"2024-12-26T21:19:51","date_gmt":"2024-12-26T13:19:51","guid":{"rendered":"https:\/\/qin.gg12.globaldeepsea.site\/?post_type=product&#038;p=570"},"modified":"2024-12-27T15:35:30","modified_gmt":"2024-12-27T07:35:30","slug":"sound-proof-booth-for-6-person-cm-q4l","status":"publish","type":"product","link":"https:\/\/www.happy-cheerme.com\/es_pe\/product\/sound-proof-booth-for-6-person-cm-q4l\/","title":{"rendered":"Stand a prueba de sonido para 6 personas-CM-Q4L"},"content":{"rendered":"<h2>Especificaci\u00f3n de tama\u00f1o<\/h2>\n<p><img fetchpriority=\"high\" decoding=\"async\" class=\"alignnone wp-image-720\" src=\"http:\/\/qin.gg12.globaldeepsea.site\/wp-content\/uploads\/2024\/12\/2-1-1024x451.jpg\" alt=\"\" width=\"700\" height=\"309\" srcset=\"https:\/\/www.happy-cheerme.com\/wp-content\/uploads\/2024\/12\/2-1-1024x451.jpg 1024w, https:\/\/www.happy-cheerme.com\/wp-content\/uploads\/2024\/12\/2-1-300x132.jpg 300w, https:\/\/www.happy-cheerme.com\/wp-content\/uploads\/2024\/12\/2-1-768x338.jpg 768w, https:\/\/www.happy-cheerme.com\/wp-content\/uploads\/2024\/12\/2-1-600x264.jpg 600w, https:\/\/www.happy-cheerme.com\/wp-content\/uploads\/2024\/12\/2-1.jpg 1223w\" sizes=\"(max-width: 700px) 100vw, 700px\" \/><img decoding=\"async\" class=\"alignright wp-image-577\" src=\"http:\/\/qin.gg12.globaldeepsea.site\/wp-content\/uploads\/2024\/12\/size-12-300x221.webp\" alt=\"\" width=\"380\" height=\"280\" srcset=\"https:\/\/www.happy-cheerme.com\/wp-content\/uploads\/2024\/12\/size-12-300x221.webp 300w, https:\/\/www.happy-cheerme.com\/wp-content\/uploads\/2024\/12\/size-12-600x442.webp 600w, https:\/\/www.happy-cheerme.com\/wp-content\/uploads\/2024\/12\/size-12.webp 693w\" sizes=\"(max-width: 380px) 100vw, 380px\" \/><\/p>\n<h2>Description<\/h2>\n<div>\n<p>1. 1,5-2.5 mm de espesor aleaci\u00f3n de aluminio + vidrio templado de alta resistencia de 10 mm + material de absorci\u00f3n de sonido y a prueba de sonido con tabla de protecci\u00f3n de entorno de 9 + 12 mm.<\/p>\n<p>2. Ventilador de escape ultra delgado y ultracilencia*6 + teor\u00eda de PD Tipe de circulaci\u00f3n de aire a prueba de sonido largo.<\/p>\n<p>3. Ruido: &lt;35 dB; Velocidad: 750 rpm; Volumen del ventilador de ventilaci\u00f3n: 89cfm; Ventilaci\u00f3n promedio 1 10m3\/h.<\/p>\n<p>4. Incluyendo alfombra de bucle bajo antiest\u00e1tico y anti-deslizamiento.<\/p>\n<p>5. Luz natural integrada de 2500 ~ 6000k (luz de temperatura de tres colores*1) 100-240V\/50-60Hz Fuente de alimentaci\u00f3n.<\/p>\n<p>6. Socket*1, conmutador de dos posiciones*1, interfaz de red*1 Panel de socket de puerto USB est\u00e1 disponible.<\/p>\n<p>7. Control de la luz y el interruptor de escape por separado.<\/p>\n<p>8. Copa de pie fija de acero + rueda universal.<\/p>\n<\/div>\n<div>\n<h2>Caracter\u00edsticas y fortalezas<\/h2>\n<div>\n<p>I.Materials: perfil de aluminio de alta resistencia, vidrio de aislamiento de sonido, tablero de absorci\u00f3n de sonido de fibra de poli\u00e9ster y madera contrachapada de protecci\u00f3n ambiental.<\/p>\n<p>II. Aislamiento a prueba de sonido y sonido: la pared de las c\u00e1psulas de oficina est\u00e1 compuesta de algod\u00f3n que absorbe el sonido+ madera contrachapada amigable con el medio ambiente (estructura hueca) y vidrio templado insonorizado de 10 mm de espesor. El \u00edndice de aislamiento de sonido y reducci\u00f3n de ruido cumple con las expectativas de dise\u00f1o.<\/p>\n<p>III<\/p>\n<p>IV. Iluminaci\u00f3n: la cabina est\u00e1 equipada con luces de techo LED ajustables de temperatura de 3000k-6000k a tres colores, que b\u00e1sicamente pueden satisfacer las necesidades de la iluminaci\u00f3n de la cabina.<\/p>\n<p>V.100-240V Potencia: cada c\u00e1psula de oficina est\u00e1 equipada con un sistema de suministro de alimentaci\u00f3n de 100-240V\/50-60Hz y 12V-USB, que puede cumplir f\u00e1cilmente con el uso de electrodom\u00e9sticos principales en la vida.<\/p>\n<p>VI. F\u00e1cil de mover: la naturaleza liviana de OfficePods le permite moverlos f\u00e1cilmente a cualquier lugar donde su oficina los necesite.<\/p>\n<p>VII. F\u00e1cil de ensamblar: dise\u00f1amos nuestras c\u00e1psulas de oficina para que se ensamblaran f\u00e1cilmente con un equipo de 1-3 personas con solo un ejercicio el\u00e9ctrico y una escalera.<\/p>\n<\/div>\n<\/div>","protected":false},"excerpt":{"rendered":"<p>Demensiones externas: 4000W x 2800d x 2348.5h (mm)<\/p>\n<p>Demensiones internas: 3870W x 2756d x 2128H (mm)<\/p>\n<p>Peso -gw\/nw: 760 kg\/730 kg<\/p>\n<p>Paletizing Demensions: 2350WX1500DX1700H + 3800WX500DX340H \uff08MM\uff09<\/p>\n<p>Volumen: 22.7 m\u00b3<\/p>","protected":false},"featured_media":571,"comment_status":"open","ping_status":"closed","template":"","meta":[],"product_cat":[25,29],"product_tag":[71,66,42,73,72,74,49,75],"class_list":{"0":"post-570","1":"product","2":"type-product","3":"status-publish","4":"has-post-thumbnail","6":"product_cat-office-booth","7":"product_cat-six-seat-sound-proof-booth","8":"product_tag-4l-booth","9":"product_tag-6-person-booth","10":"product_tag-acoustic-isolation-booth","11":"product_tag-conference-room-soundproofing","12":"product_tag-noise-isolating-booth","13":"product_tag-office-privacy-booth","14":"product_tag-soundproof-booth","15":"product_tag-voice-recording-booth","17":"first","18":"instock","19":"shipping-taxable","20":"product-type-simple"},"_links":{"self":[{"href":"https:\/\/www.happy-cheerme.com\/es_pe\/wp-json\/wp\/v2\/product\/570","targetHints":{"allow":["GET"]}}],"collection":[{"href":"https:\/\/www.happy-cheerme.com\/es_pe\/wp-json\/wp\/v2\/product"}],"about":[{"href":"https:\/\/www.happy-cheerme.com\/es_pe\/wp-json\/wp\/v2\/types\/product"}],"replies":[{"embeddable":true,"href":"https:\/\/www.happy-cheerme.com\/es_pe\/wp-json\/wp\/v2\/comments?post=570"}],"version-history":[{"count":1,"href":"https:\/\/www.happy-cheerme.com\/es_pe\/wp-json\/wp\/v2\/product\/570\/revisions"}],"predecessor-version":[{"id":653,"href":"https:\/\/www.happy-cheerme.com\/es_pe\/wp-json\/wp\/v2\/product\/570\/revisions\/653"}],"wp:featuredmedia":[{"embeddable":true,"href":"https:\/\/www.happy-cheerme.com\/es_pe\/wp-json\/wp\/v2\/media\/571"}],"wp:attachment":[{"href":"https:\/\/www.happy-cheerme.com\/es_pe\/wp-json\/wp\/v2\/media?parent=570"}],"wp:term":[{"taxonomy":"product_cat","embeddable":true,"href":"https:\/\/www.happy-cheerme.com\/es_pe\/wp-json\/wp\/v2\/product_cat?post=570"},{"taxonomy":"product_tag","embeddable":true,"href":"https:\/\/www.happy-cheerme.com\/es_pe\/wp-json\/wp\/v2\/product_tag?post=570"}],"curies":[{"name":"wp","href":"https:\/\/api.w.org\/{rel}","templated":true}]}}