{"id":558,"date":"2024-12-26T21:11:50","date_gmt":"2024-12-26T13:11:50","guid":{"rendered":"https:\/\/qin.gg12.globaldeepsea.site\/?post_type=product&#038;p=558"},"modified":"2024-12-27T15:54:08","modified_gmt":"2024-12-27T07:54:08","slug":"sound-proof-booth-for-6-person-cm-p6l","status":"publish","type":"product","link":"https:\/\/www.happy-cheerme.com\/es_pe\/product\/sound-proof-booth-for-6-person-cm-p6l\/","title":{"rendered":"Stand a prueba de sonido para 6 personas-CM-P6L"},"content":{"rendered":"<h2>Especificaci\u00f3n de tama\u00f1o<\/h2>\n<p><img fetchpriority=\"high\" decoding=\"async\" class=\"alignnone wp-image-723\" src=\"http:\/\/qin.gg12.globaldeepsea.site\/wp-content\/uploads\/2024\/12\/3-1-1024x414.jpg\" alt=\"\" width=\"715\" height=\"289\" srcset=\"https:\/\/www.happy-cheerme.com\/wp-content\/uploads\/2024\/12\/3-1-1024x414.jpg 1024w, https:\/\/www.happy-cheerme.com\/wp-content\/uploads\/2024\/12\/3-1-300x121.jpg 300w, https:\/\/www.happy-cheerme.com\/wp-content\/uploads\/2024\/12\/3-1-768x311.jpg 768w, https:\/\/www.happy-cheerme.com\/wp-content\/uploads\/2024\/12\/3-1-1536x621.jpg 1536w, https:\/\/www.happy-cheerme.com\/wp-content\/uploads\/2024\/12\/3-1-600x243.jpg 600w, https:\/\/www.happy-cheerme.com\/wp-content\/uploads\/2024\/12\/3-1.jpg 1609w\" sizes=\"(max-width: 715px) 100vw, 715px\" \/><img decoding=\"async\" class=\"wp-image-568 alignright\" src=\"http:\/\/qin.gg12.globaldeepsea.site\/wp-content\/uploads\/2024\/12\/size-11-300x250.webp\" alt=\"\" width=\"361\" height=\"300\" srcset=\"https:\/\/www.happy-cheerme.com\/wp-content\/uploads\/2024\/12\/size-11-300x250.webp 300w, https:\/\/www.happy-cheerme.com\/wp-content\/uploads\/2024\/12\/size-11-768x639.webp 768w, https:\/\/www.happy-cheerme.com\/wp-content\/uploads\/2024\/12\/size-11-600x499.webp 600w, https:\/\/www.happy-cheerme.com\/wp-content\/uploads\/2024\/12\/size-11.webp 808w\" sizes=\"(max-width: 361px) 100vw, 361px\" \/><\/p>\n<h2>Material<\/h2>\n<table width=\"1062\">\n<tbody>\n<tr>\n<td width=\"72\">Marco<\/td>\n<td colspan=\"2\" width=\"144\">6063 aleaci\u00f3n de aluminio de aviaci\u00f3n<\/td>\n<\/tr>\n<tr>\n<td>Vaso<\/td>\n<td colspan=\"2\">Vidrio templado ultra blanco de 10 mm, 4+4 vidrio de puerta laminada<\/td>\n<\/tr>\n<tr>\n<td>Muro<\/td>\n<td colspan=\"2\">6063 Aviaci\u00f3n Aleaci\u00f3n de aluminio + Tapicer\u00eda de superficie de acero\/Gabriel de 1.0 mm + Paquete ac\u00fastico + Panel de poli\u00e9ster de 13 mm + G350 Reductor de ruido<\/td>\n<\/tr>\n<tr>\n<td>Techo<\/td>\n<td colspan=\"2\">6063 Aviaci\u00f3n aleaci\u00f3n de aluminio + superficie de acero de 1.0 mm + paquete ac\u00fastico + panel de poli\u00e9ster + tela reductora de ruido G350<\/td>\n<\/tr>\n<tr>\n<td>Placa inferior<\/td>\n<td colspan=\"2\">Nivel E0 25 + 9 mm de madera de madera de madera maciza + bandas de borde de PVC negro + marco de acero + pies de ajuste de 25 mm + alfombra de poli\u00e9ster<\/td>\n<\/tr>\n<tr>\n<td>Revestimiento<\/td>\n<td colspan=\"2\">Pulverizaci\u00f3n electrost\u00e1tica de polvo de tigre<\/td>\n<\/tr>\n<\/tbody>\n<\/table>\n<p><img decoding=\"async\" class=\"wp-image-569 alignleft\" src=\"http:\/\/qin.gg12.globaldeepsea.site\/wp-content\/uploads\/2024\/12\/detail-5.webp\" alt=\"\" width=\"291\" height=\"342\" srcset=\"https:\/\/www.happy-cheerme.com\/wp-content\/uploads\/2024\/12\/detail-5.webp 270w, https:\/\/www.happy-cheerme.com\/wp-content\/uploads\/2024\/12\/detail-5-256x300.webp 256w\" sizes=\"(max-width: 291px) 100vw, 291px\" \/><\/p>\n<div>\n<p>&nbsp;<\/p>\n<p style=\"text-align: left;\">Muebles<br \/>\nsof\u00e1: w2700*d600<\/p>\n<p style=\"text-align: left;\">configuraci\u00f3n de energ\u00eda<br \/>\n1 enchufe integrado<br \/>\n(2ac \u3001 1usb \u3001 1type-c)<br \/>\nac 220v, usb 5v3.1a<\/p>\n<\/div>\n<div>\n<h2 style=\"text-align: left;\"><\/h2>\n<\/div>\n<h2><\/h2>\n<p>&nbsp;<\/p>\n<p>&nbsp;<\/p>\n<p>&nbsp;<\/p>\n<h2><\/h2>\n<p>&nbsp;<\/p>\n<div>\n<h2>Configuraci\u00f3n de par\u00e1metros<\/h2>\n<table width=\"753\">\n<tbody>\n<tr>\n<td width=\"189\">Consumo<\/td>\n<td colspan=\"2\" width=\"136\">60w, los electrodom\u00e9sticos acceden a menos de 2000w<\/td>\n<\/tr>\n<tr>\n<td>Luz del techo<\/td>\n<td colspan=\"2\">0 - 30W<\/td>\n<\/tr>\n<tr>\n<td>Ventilador de pared<\/td>\n<td colspan=\"2\">0.9w, 1500 rpm *6<\/td>\n<\/tr>\n<tr>\n<td>Ventilador de techo<\/td>\n<td colspan=\"2\">2.4w, 1800 rpm*6<\/td>\n<\/tr>\n<tr>\n<td>Ventilaci\u00f3n<\/td>\n<td colspan=\"2\">9.4m\u00b3\/min, 332cfm, tasa de cambio de aire 52\/h<\/td>\n<\/tr>\n<tr>\n<td>Reducci\u00f3n de ruido<\/td>\n<td colspan=\"2\">DS, un 28.5 dB (IS0 23351-1: 2020)<\/td>\n<\/tr>\n<\/tbody>\n<\/table>\n<h2>Nuestras fortalezas<\/h2>\n<p>Dise\u00f1o modular: modular para el ensamblaje r\u00e1pido, con seis componentes y ensamblaje r\u00e1pido. 1 hora ensamblaje f\u00e1cil de poner en un conector patentado de ensamblaje r\u00e1pido.<br \/>\nModular para la reorganizaci\u00f3n: uno se convierte en dos, dos se vuelven m\u00e1s; Modular para la reorganizaci\u00f3n; Restablecimiento multifunci\u00f3n.<\/p>\n<p>II. Reducci\u00f3n de la nudosa: pared 45 dB; DS, un 28.5 dB cuatro elementos de aislamiento de sonido y reducci\u00f3n de ruido. Rendimiento de sellado de grado de fabricaci\u00f3n automotriz.1.0 Panel de acero de espesor + paquete ac\u00fastico + aviaci\u00f3n 6063 aleaci\u00f3n de aluminio + 4 mm 1800 g Paneles de aislamiento de sonido de fibra de poli\u00e9ster + 9 mm 1200g Panel ac\u00fastico de fibra de poli\u00e9ster + capa superior tipo lana.<\/p>\n<p>III. Ventilaci\u00f3n \u00f3ptima: Sistema de circulaci\u00f3n de aire doble suministro de aire doble y escape doble 1.5 minutos Volumen de ventilaci\u00f3n de circulaci\u00f3n interior por minuto: 1.63\/m\u00b3; Ventilador de escape ultra-queso no combustible: 100,000 h.<\/p>\n<p>IV. Dise\u00f1o humanizado: Luz suave: tres segundos para iluminar+ infinitamente ajustable+ Mitsubishi Gu\u00eda de luz 50,000h sin cambio de color; El flujo luminoso m\u00e1ximo es de 2700 lm; La imitaci\u00f3n de la temperatura de color de la luz natural es 3500K.<\/p>\n<p>V.Sostinabilidad: 100% Materiales ecol\u00f3gicos para acumular concepto de dise\u00f1o ambientalmente sostenible. Ellos son: Gabriel Fabric Tiger Aviation Aviation Aluminium ALUMINUS FSC Certified Board 3C Certified Glass Tempered Glass reciclado de poli\u00e9ster.<\/p>\n<p>vi. digital inteligencia:<br \/>\npodemos cumplir con un an\u00e1lisis inteligente de reservas, gesti\u00f3n y liberaci\u00f3n durante las horas ocupadas. proporciona una base para la toma de decisiones para restablecer el espacio.<br \/>\na. Seleccione tipos de espacio (por ejemplo, estaciones de trabajo, salas de reuniones, etc.) para el an\u00e1lisis.<br \/>\nb. Refina la parte espacial (por ejemplo, departamento, partici\u00f3n de piso) para analizar y comparar con otras partes.<br \/>\ndo. Comprender los h\u00e1bitos de uso y la distribuci\u00f3n de diferentes espacios, departamentos y \u00e1reas a trav\u00e9s de un mapa de calor jer\u00e1rquico.<br \/>\nd. Verificar si la configuraci\u00f3n del espacio es adecuada para el modelo de negocio a trav\u00e9s de la investigaci\u00f3n de l\u00edderes y el cuestionario de empleados.<\/p>\n<div><\/div>\n<\/div>","protected":false},"excerpt":{"rendered":"<div data-module=\"6\">\n<p>External dimensions: W2200*D2870*H2280mm<\/p>\n<p>Internal dimensions: W2030*D2700(2850 is glass to glass)*H2130 mm<\/p>\n<p>Weight: 900kg<\/p>\n<p>Pallet dimensions: W2240*D1200*H1040 x2 pallets(not included accessory box)<\/p>\n<p>Volume: 6.5 m\u00b3<\/p>\n<p>Direcci\u00f3n de apertura de la puerta; Puerta m\u00e1s cercana: puerta izquierda<\/p>\n<\/div>","protected":false},"featured_media":559,"comment_status":"open","ping_status":"closed","template":"","meta":[],"product_cat":[25,29],"product_tag":[66,42,67,70,44,69,68,49],"class_list":{"0":"post-558","1":"product","2":"type-product","3":"status-publish","4":"has-post-thumbnail","6":"product_cat-office-booth","7":"product_cat-six-seat-sound-proof-booth","8":"product_tag-6-person-booth","9":"product_tag-acoustic-isolation-booth","10":"product_tag-cmp6","11":"product_tag-conference-room-soundproof-enclosure","12":"product_tag-noise-reduction-booth","13":"product_tag-recording-studio-isolation-booth","14":"product_tag-six-person-soundproof-enclosure","15":"product_tag-soundproof-booth","17":"first","18":"instock","19":"shipping-taxable","20":"product-type-simple"},"_links":{"self":[{"href":"https:\/\/www.happy-cheerme.com\/es_pe\/wp-json\/wp\/v2\/product\/558","targetHints":{"allow":["GET"]}}],"collection":[{"href":"https:\/\/www.happy-cheerme.com\/es_pe\/wp-json\/wp\/v2\/product"}],"about":[{"href":"https:\/\/www.happy-cheerme.com\/es_pe\/wp-json\/wp\/v2\/types\/product"}],"replies":[{"embeddable":true,"href":"https:\/\/www.happy-cheerme.com\/es_pe\/wp-json\/wp\/v2\/comments?post=558"}],"version-history":[{"count":1,"href":"https:\/\/www.happy-cheerme.com\/es_pe\/wp-json\/wp\/v2\/product\/558\/revisions"}],"predecessor-version":[{"id":654,"href":"https:\/\/www.happy-cheerme.com\/es_pe\/wp-json\/wp\/v2\/product\/558\/revisions\/654"}],"wp:featuredmedia":[{"embeddable":true,"href":"https:\/\/www.happy-cheerme.com\/es_pe\/wp-json\/wp\/v2\/media\/559"}],"wp:attachment":[{"href":"https:\/\/www.happy-cheerme.com\/es_pe\/wp-json\/wp\/v2\/media?parent=558"}],"wp:term":[{"taxonomy":"product_cat","embeddable":true,"href":"https:\/\/www.happy-cheerme.com\/es_pe\/wp-json\/wp\/v2\/product_cat?post=558"},{"taxonomy":"product_tag","embeddable":true,"href":"https:\/\/www.happy-cheerme.com\/es_pe\/wp-json\/wp\/v2\/product_tag?post=558"}],"curies":[{"name":"wp","href":"https:\/\/api.w.org\/{rel}","templated":true}]}}