{"id":469,"date":"2024-12-26T17:26:05","date_gmt":"2024-12-26T09:26:05","guid":{"rendered":"https:\/\/qin.gg12.globaldeepsea.site\/?post_type=product&#038;p=469"},"modified":"2024-12-27T16:51:40","modified_gmt":"2024-12-27T08:51:40","slug":"sound-proof-booth-for-single-person-cm-p1-5s","status":"publish","type":"product","link":"https:\/\/www.happy-cheerme.com\/es_pe\/product\/sound-proof-booth-for-single-person-cm-p1-5s\/","title":{"rendered":"Stand a prueba de sonido para una sola persona-CM-P1.5S"},"content":{"rendered":"<h2>Especificaci\u00f3n de tama\u00f1o<\/h2>\n<p><img fetchpriority=\"high\" decoding=\"async\" class=\"alignnone wp-image-734\" src=\"http:\/\/qin.gg12.globaldeepsea.site\/wp-content\/uploads\/2024\/12\/12.jpg\" alt=\"\" width=\"695\" height=\"380\" srcset=\"https:\/\/www.happy-cheerme.com\/wp-content\/uploads\/2024\/12\/12.jpg 1263w, https:\/\/www.happy-cheerme.com\/wp-content\/uploads\/2024\/12\/12-300x164.jpg 300w, https:\/\/www.happy-cheerme.com\/wp-content\/uploads\/2024\/12\/12-1024x560.jpg 1024w, https:\/\/www.happy-cheerme.com\/wp-content\/uploads\/2024\/12\/12-768x420.jpg 768w, https:\/\/www.happy-cheerme.com\/wp-content\/uploads\/2024\/12\/12-600x328.jpg 600w\" sizes=\"(max-width: 695px) 100vw, 695px\" \/><img decoding=\"async\" class=\"alignright wp-image-480\" src=\"http:\/\/qin.gg12.globaldeepsea.site\/wp-content\/uploads\/2024\/12\/size-3-266x300.webp\" alt=\"\" width=\"337\" height=\"380\" srcset=\"https:\/\/www.happy-cheerme.com\/wp-content\/uploads\/2024\/12\/size-3-266x300.webp 266w, https:\/\/www.happy-cheerme.com\/wp-content\/uploads\/2024\/12\/size-3.webp 411w\" sizes=\"(max-width: 337px) 100vw, 337px\" \/><\/p>\n<h2>Material<\/h2>\n<table width=\"611\">\n<tbody>\n<tr>\n<td width=\"68\">Marco<\/td>\n<td colspan=\"2\" width=\"136\">6063 aleaci\u00f3n de aluminio de aviaci\u00f3n<\/td>\n<\/tr>\n<tr>\n<td>Vaso<\/td>\n<td colspan=\"2\">Vidrio templado ultra blanco de 10 mm, 4+4 vidrio de puerta laminada<\/td>\n<\/tr>\n<tr>\n<td>Muro<\/td>\n<td colspan=\"2\">6063 Aviaci\u00f3n Aleaci\u00f3n de aluminio + Tapicer\u00eda de superficie de acero\/Gabriel de 1.0 mm + Paquete ac\u00fastico + Panel de poli\u00e9ster de 13 mm + G350 Reductor de ruido<\/td>\n<\/tr>\n<tr>\n<td>Techo<\/td>\n<td colspan=\"2\">6063 Aviaci\u00f3n aleaci\u00f3n de aluminio + superficie de acero de 1.0 mm + paquete ac\u00fastico + panel de poli\u00e9ster + tela reductora de ruido G350<\/td>\n<\/tr>\n<tr>\n<td>Placa inferior<\/td>\n<td colspan=\"2\">nivel e0 25 + 9 mm de madera de madera de madera maciza + bandas de borde de pvc negro + marco de acero + pies de ajuste de 25 mm + alfombra de poli\u00e9ster<\/td>\n<\/tr>\n<tr>\n<td>Revestimiento<\/td>\n<td colspan=\"2\">Pulverizaci\u00f3n electrost\u00e1tica de polvo de tigre<\/td>\n<\/tr>\n<\/tbody>\n<\/table>\n<p><img decoding=\"async\" class=\"wp-image-479 alignleft\" src=\"http:\/\/qin.gg12.globaldeepsea.site\/wp-content\/uploads\/2024\/12\/detail.webp\" alt=\"\" width=\"302\" height=\"306\" srcset=\"https:\/\/www.happy-cheerme.com\/wp-content\/uploads\/2024\/12\/detail.webp 293w, https:\/\/www.happy-cheerme.com\/wp-content\/uploads\/2024\/12\/detail-100x100.webp 100w\" sizes=\"(max-width: 302px) 100vw, 302px\" \/><\/p>\n<div>\n<p>Muebles<br \/>\nescritorio ajustable<br \/>\nw880*d450*h740-1150<br \/>\ncolor: mfc white\/ color multicapa\/ revestimiento de polvo amarillo<\/p>\n<p>configuraci\u00f3n de energ\u00eda<br \/>\n1 enchufe integrado \uff082 ac \u3001 1usb \u3001 1type-c\uff09<br \/>\nac 220v, usb 5v 3.1a<\/p>\n<p>panel de pared funcional<br \/>\nest\u00e1ndar: recubrimiento de acero, mismo color que el externo<br \/>\nopcional: color de madera<\/p>\n<\/div>\n<div>\n<h2><\/h2>\n<h2><\/h2>\n<\/div>\n<h2><\/h2>\n<p>&nbsp;<\/p>\n<div>\n<h2><\/h2>\n<h2>Configuraci\u00f3n de par\u00e1metros<\/h2>\n<table width=\"622\">\n<tbody>\n<tr>\n<td width=\"228\">Consumo<\/td>\n<td colspan=\"2\" width=\"136\">40w, los electrodom\u00e9sticos acceden a menos de 1000w<\/td>\n<\/tr>\n<tr>\n<td>Luz del techo<\/td>\n<td colspan=\"2\">0 - 20W<\/td>\n<\/tr>\n<tr>\n<td>Ventilador de pared<\/td>\n<td colspan=\"2\">0.9w, 1500 rpm *2<\/td>\n<\/tr>\n<tr>\n<td>Ventilador de techo<\/td>\n<td colspan=\"2\">1.92w, 2150rpm*2<\/td>\n<\/tr>\n<tr>\n<td>Ventilaci\u00f3n<\/td>\n<td colspan=\"2\">1.68m\u00b3\/min, 59.3cfm, tasa de cambio de aire 46\/h<\/td>\n<\/tr>\n<tr>\n<td>Reducci\u00f3n de ruido<\/td>\n<td colspan=\"2\">DS, un 28.5 dB (IS0 23351-1: 2020)<\/td>\n<\/tr>\n<\/tbody>\n<\/table>\n<h2>Nuestras fortalezas<\/h2>\n<div>\n<p>Dise\u00f1o modular: modular para el ensamblaje r\u00e1pido, con seis componentes y ensamblaje r\u00e1pido. 1 hora ensamblaje f\u00e1cil de poner en un conector patentado de ensamblaje r\u00e1pido.<br \/>\nModular para la reorganizaci\u00f3n: uno se convierte en dos, dos se vuelven m\u00e1s; Modular para la reorganizaci\u00f3n; Restablecimiento multifunci\u00f3n.<\/p>\n<p>II. Reducci\u00f3n de la nudosa: pared 45 dB; DS, un 28.5 dB cuatro elementos de aislamiento de sonido y reducci\u00f3n de ruido. Rendimiento de sellado de grado de fabricaci\u00f3n automotriz.1.0 Panel de acero de espesor + paquete ac\u00fastico + aviaci\u00f3n 6063 aleaci\u00f3n de aluminio + 4 mm 1800 g Paneles de aislamiento de sonido de fibra de poli\u00e9ster + 9 mm 1200g Panel ac\u00fastico de fibra de poli\u00e9ster + capa superior tipo lana.<\/p>\n<p>III. Ventilaci\u00f3n \u00f3ptima: Sistema de circulaci\u00f3n de aire doble suministro de aire doble y escape doble 1.5 minutos Volumen de ventilaci\u00f3n de circulaci\u00f3n interior por minuto: 1.63\/m\u00b3; Ventilador de escape ultra-queso no combustible: 100,000 h.<\/p>\n<p>IV. Dise\u00f1o humanizado: Luz suave: tres segundos para iluminar+ infinitamente ajustable+ Mitsubishi Gu\u00eda de luz 50,000h sin cambio de color; El flujo luminoso m\u00e1ximo es de 2700 lm; La imitaci\u00f3n de la temperatura de color de la luz natural es 3500K.<\/p>\n<p>V.Sostinabilidad: 100% Materiales ecol\u00f3gicos para acumular concepto de dise\u00f1o ambientalmente sostenible. Ellos son: Gabriel Fabric Tiger Aviation Aviation Aluminium ALUMINUS FSC Certified Board 3C Certified Glass Tempered Glass reciclado de poli\u00e9ster.<\/p>\n<p>VI. Digital Intelligence: Podemos cumplir con un an\u00e1lisis inteligente de reservas, gesti\u00f3n y liberaci\u00f3n durante las horas ocupadas. Proporciona una base para la toma de decisiones para restablecer el espacio.<br \/>\na. Seleccione tipos de espacio (por ejemplo, estaciones de trabajo, salas de reuniones, etc.) para el an\u00e1lisis.<br \/>\nb. Refina la parte espacial (por ejemplo, departamento, partici\u00f3n de piso) para analizar y comparar con otras partes.<br \/>\ndo. Comprender los h\u00e1bitos de uso y la distribuci\u00f3n de diferentes espacios, departamentos y \u00e1reas a trav\u00e9s de un mapa de calor jer\u00e1rquico.<br \/>\nd. Verificar si la configuraci\u00f3n del espacio es adecuada para el modelo de negocio a trav\u00e9s de la investigaci\u00f3n de l\u00edderes y el cuestionario de empleados.<\/p>\n<\/div>\n<\/div>","protected":false},"excerpt":{"rendered":"<p>External dimensions: W1320*D1070*H2280mm<\/p>\n<p>Internal dimensions: W1150*D900*H2130 mm<\/p>\n<p>Weight: 350kg<\/p>\n<p>Pallet dimensions: W2190*D1200*H925\uff08not included accessory box\uff09<\/p>\n<p>Volume: 2.5m\u00b3<\/p>\n<p>Door opening direction Door closer: Right door<\/p>","protected":false},"featured_media":481,"comment_status":"open","ping_status":"closed","template":"","meta":[],"product_cat":[25,26],"product_tag":[128,127,131,130,126,132,49,129],"class_list":{"0":"post-469","1":"product","2":"type-product","3":"status-publish","4":"has-post-thumbnail","6":"product_cat-office-booth","7":"product_cat-single-person-sound-proof-booth","8":"product_tag-noise-reduction-pod","9":"product_tag-personal-soundproof-enclosure","10":"product_tag-private-sound-reduction-cabin","11":"product_tag-quiet-workspace-pod","12":"product_tag-single-person-sound-isolation-booth","13":"product_tag-solo-acoustic-isolation-booth","14":"product_tag-soundproof-booth","15":"product_tag-vocal-isolation-chamber","17":"first","18":"instock","19":"shipping-taxable","20":"product-type-simple"},"_links":{"self":[{"href":"https:\/\/www.happy-cheerme.com\/es_pe\/wp-json\/wp\/v2\/product\/469","targetHints":{"allow":["GET"]}}],"collection":[{"href":"https:\/\/www.happy-cheerme.com\/es_pe\/wp-json\/wp\/v2\/product"}],"about":[{"href":"https:\/\/www.happy-cheerme.com\/es_pe\/wp-json\/wp\/v2\/types\/product"}],"replies":[{"embeddable":true,"href":"https:\/\/www.happy-cheerme.com\/es_pe\/wp-json\/wp\/v2\/comments?post=469"}],"version-history":[{"count":0,"href":"https:\/\/www.happy-cheerme.com\/es_pe\/wp-json\/wp\/v2\/product\/469\/revisions"}],"wp:featuredmedia":[{"embeddable":true,"href":"https:\/\/www.happy-cheerme.com\/es_pe\/wp-json\/wp\/v2\/media\/481"}],"wp:attachment":[{"href":"https:\/\/www.happy-cheerme.com\/es_pe\/wp-json\/wp\/v2\/media?parent=469"}],"wp:term":[{"taxonomy":"product_cat","embeddable":true,"href":"https:\/\/www.happy-cheerme.com\/es_pe\/wp-json\/wp\/v2\/product_cat?post=469"},{"taxonomy":"product_tag","embeddable":true,"href":"https:\/\/www.happy-cheerme.com\/es_pe\/wp-json\/wp\/v2\/product_tag?post=469"}],"curies":[{"name":"wp","href":"https:\/\/api.w.org\/{rel}","templated":true}]}}