{"id":197,"date":"2024-12-19T13:35:41","date_gmt":"2024-12-19T05:35:41","guid":{"rendered":"https:\/\/qin.gg12.globaldeepsea.site\/?post_type=product&#038;p=197"},"modified":"2024-12-30T17:01:05","modified_gmt":"2024-12-30T09:01:05","slug":"six-person-booth-a-furniture-matching","status":"publish","type":"product","link":"https:\/\/www.happy-cheerme.com\/es_pe\/product\/six-person-booth-a-furniture-matching\/","title":{"rendered":"Stand de seis personas que coincide con los muebles"},"content":{"rendered":"<h2>caracter\u00edsticas de los materiales de tela<\/h2>\n<p>i.gabriel fabrics: dise\u00f1ado con respeto a la salud y la seguridad<br \/>\ngabriel dise\u00f1a productos que contribuyen a espacios interiores saludables fabricados con respeto a la salud y la seguridad del usuario, as\u00ed como al medio ambiente. los requisitos de oeko-tex y la ue ecolabel constituyen los est\u00e1ndares m\u00ednimos de gabriel y se aseguran de que<br \/>\nnuestros clientes siempre obtienen telas sostenibles, seguras de consumo y ecol\u00f3gicas. adem\u00e1s, gabriel tambi\u00e9n ofrece una selecci\u00f3n integral de telas de cradle to cradle certit \u2122.<\/p>\n<p>ii.ous multivos frontaci\u00f3n de la tela a la iso 105 \u00d7 12-2016 pruebas realizadas:<\/p>\n<p><img fetchpriority=\"high\" decoding=\"async\" class=\"alignnone wp-image-738 size-large\" src=\"http:\/\/qin.gg12.globaldeepsea.site\/wp-content\/uploads\/2024\/12\/16-1003x1024.jpg\" alt=\"\" width=\"800\" height=\"817\" srcset=\"https:\/\/www.happy-cheerme.com\/wp-content\/uploads\/2024\/12\/16-1003x1024.jpg 1003w, https:\/\/www.happy-cheerme.com\/wp-content\/uploads\/2024\/12\/16-294x300.jpg 294w, https:\/\/www.happy-cheerme.com\/wp-content\/uploads\/2024\/12\/16-768x784.jpg 768w, https:\/\/www.happy-cheerme.com\/wp-content\/uploads\/2024\/12\/16-600x612.jpg 600w, https:\/\/www.happy-cheerme.com\/wp-content\/uploads\/2024\/12\/16.jpg 1163w\" sizes=\"(max-width: 800px) 100vw, 800px\" \/><\/p>\n<p>iii.<\/p>\n<p><img decoding=\"async\" class=\"\" src=\"https:\/\/ecdn6.globalso.com\/upload\/p\/132\/image_other\/2023-12\/6589355c3155c99189.png\" alt=\"5azw\" width=\"783\" height=\"597\" \/><\/p>\n<h2>marcas y certificados de materiales<\/h2>\n<p><img decoding=\"async\" class=\"alignnone\" src=\"https:\/\/ecdn6.globalso.com\/upload\/p\/132\/image_other\/2023-12\/658935873e36c56878.png\" alt=\"6p5f\" width=\"231\" height=\"245\" \/><img loading=\"lazy\" decoding=\"async\" class=\"alignnone\" src=\"https:\/\/ecdn6.globalso.com\/upload\/p\/132\/image_other\/2023-12\/6589358eed2fd34205.png\" alt=\"7hz3\" width=\"278\" height=\"196\" \/><img loading=\"lazy\" decoding=\"async\" class=\"\" src=\"https:\/\/ecdn6.globalso.com\/upload\/p\/132\/image_other\/2023-12\/6589359a1ca2475277.png\" alt=\"8lcq\" width=\"245\" height=\"159\" \/><\/p>\n<p><img loading=\"lazy\" decoding=\"async\" class=\"\" src=\"https:\/\/ecdn6.globalso.com\/upload\/p\/132\/image_other\/2023-12\/658935aeb4e3b83183.png\" alt=\"9i3m\" width=\"239\" height=\"163\" \/><img loading=\"lazy\" decoding=\"async\" class=\"\" src=\"https:\/\/ecdn6.globalso.com\/upload\/p\/132\/image_other\/2023-12\/658935bb9160930093.png\" alt=\"106bg\" width=\"269\" height=\"58\" \/><strong><img loading=\"lazy\" decoding=\"async\" class=\"\" src=\"https:\/\/ecdn6.globalso.com\/upload\/p\/132\/image_other\/2023-12\/658935c58233331590.png\" alt=\"11ruw\" width=\"236\" height=\"177\" \/><\/strong><\/p>","protected":false},"excerpt":{"rendered":"<p>tama\u00f1o: w450*d450*h430 mm<\/p>\n<p>relleno:<\/p>\n<p>liner de moldeo integrado de espuma de poliestireno + algod\u00f3n en forma de espuma de poliuretano<\/p>\n<p>artesan\u00eda:<\/p>\n<p>envoltura de tela importada, costura de la aguja para caminar de un solo hilo de dos colores, la costura de la aguja para caminar de un solo hilo, la costura de la aguja para caminar de doble hilo de arco, dos tirones, proceso de aguja para caminar de un solo hilo de costura de cuero de vaca de vaca<\/p>\n<p>fabric: serie gabriel\/mozart<\/p>\n<p>cuero: el material del mango est\u00e1 hecho de cuero le-l 1217<\/p>\n<p>nota: solo disponible en acciones, consulte antes de realizar un pedido.<\/p>\n<p>tama\u00f1o:<\/p>\n<p>w2700*d600*h720 (sh430) mm<\/p>\n<p>sof\u00e1:<\/p>\n<p>marco de madera + relleno de esponja + envoltura de tela<\/p>\n<p>asiento y espalda:<\/p>\n<p>\u2460 paquete suave: tela de protecci\u00f3n ambiental de primera clase importada, cosida a mano<\/p>\n<p>\u2461 esponja: esponja de alta resiliencia, configuraci\u00f3n de m\u00faltiples capas de diferentes densidades, la superficie del algod\u00f3n de seda delgada para aumentar la comodidad del asiento<\/p>\n<p>sof\u00e1 piernas:<\/p>\n<p>cubro de polvo de acero piernas negras<\/p>\n<p>configuraci\u00f3n de energ\u00eda:<\/p>\n<p>1 tap\u00f3n colgante de sof\u00e1 (2 potencia fuerte de cinco hoyos, 1usb, 1type-c)<\/p>\n<p>power 220v, usb 5v 3.1a<\/p>\n<p>nota: la longitud total del sof\u00e1 2700 mm, el segmento medio.<\/p>\n<p><img loading=\"lazy\" decoding=\"async\" class=\"alignnone\" src=\"https:\/\/ecdn6.globalso.com\/upload\/p\/132\/image_other\/2023-12\/658a6d3cd4b4d86392.png\" alt=\"4.png\" width=\"394\" height=\"394\" \/><\/p>\n<p>dimensi\u00f3n: w2200*d2870*h2280 (mm)<\/p>","protected":false},"featured_media":207,"comment_status":"open","ping_status":"closed","template":"","meta":[],"product_cat":[16],"product_tag":[36,35,33,32,38,34,31,37],"class_list":{"0":"post-197","1":"product","2":"type-product","3":"status-publish","4":"has-post-thumbnail","6":"product_cat-office-booth-furniture","7":"product_tag-booth-seating","8":"product_tag-corner-booth","9":"product_tag-dining-booth-set","10":"product_tag-furniture-matching","11":"product_tag-kitchen-booth","12":"product_tag-restaurant-booth","13":"product_tag-six-person-booth","14":"product_tag-upholstered-booth","16":"first","17":"instock","18":"shipping-taxable","19":"product-type-simple"},"_links":{"self":[{"href":"https:\/\/www.happy-cheerme.com\/es_pe\/wp-json\/wp\/v2\/product\/197","targetHints":{"allow":["GET"]}}],"collection":[{"href":"https:\/\/www.happy-cheerme.com\/es_pe\/wp-json\/wp\/v2\/product"}],"about":[{"href":"https:\/\/www.happy-cheerme.com\/es_pe\/wp-json\/wp\/v2\/types\/product"}],"replies":[{"embeddable":true,"href":"https:\/\/www.happy-cheerme.com\/es_pe\/wp-json\/wp\/v2\/comments?post=197"}],"version-history":[{"count":2,"href":"https:\/\/www.happy-cheerme.com\/es_pe\/wp-json\/wp\/v2\/product\/197\/revisions"}],"predecessor-version":[{"id":892,"href":"https:\/\/www.happy-cheerme.com\/es_pe\/wp-json\/wp\/v2\/product\/197\/revisions\/892"}],"wp:featuredmedia":[{"embeddable":true,"href":"https:\/\/www.happy-cheerme.com\/es_pe\/wp-json\/wp\/v2\/media\/207"}],"wp:attachment":[{"href":"https:\/\/www.happy-cheerme.com\/es_pe\/wp-json\/wp\/v2\/media?parent=197"}],"wp:term":[{"taxonomy":"product_cat","embeddable":true,"href":"https:\/\/www.happy-cheerme.com\/es_pe\/wp-json\/wp\/v2\/product_cat?post=197"},{"taxonomy":"product_tag","embeddable":true,"href":"https:\/\/www.happy-cheerme.com\/es_pe\/wp-json\/wp\/v2\/product_tag?post=197"}],"curies":[{"name":"wp","href":"https:\/\/api.w.org\/{rel}","templated":true}]}}