{"id":626,"date":"2024-12-27T10:07:33","date_gmt":"2024-12-27T02:07:33","guid":{"rendered":"https:\/\/qin.gg12.globaldeepsea.site\/?post_type=product&#038;p=626"},"modified":"2024-12-27T10:08:26","modified_gmt":"2024-12-27T02:08:26","slug":"prefab-house-space-capsule-pod-for-2-person-with-balcony-w7","status":"publish","type":"product","link":"https:\/\/www.happy-cheerme.com\/es_cr\/product\/prefab-house-space-capsule-pod-for-2-person-with-balcony-w7\/","title":{"rendered":"POD C\u00e1psula de espacio prefabricado para 2 personas con balc\u00f3n: W7"},"content":{"rendered":"<h2>configuraci\u00f3n del producto<\/h2>\n<p><strong>decoraci\u00f3n de interiores:<\/strong><br \/>\n\u2022 m\u00f3dulos de pared y techo integrado de color est\u00e1ndar<br \/>\n\u2022 spc wood grain pisos<br \/>\n\u2022 puerta exterior de privacidad del ba\u00f1o<br \/>\n\u2022 techo de ba\u00f1o\/pared (panel decorativo+panel decorativo de m\u00e1rmol)<br \/>\n\u2022 mirador personalizado de lavabo\/cuenca\/ba\u00f1o<br \/>\n\u2022 desag\u00fce de inodoro\/grifo\/ducha\/piso<br \/>\n\u2022 sistema de iluminaci\u00f3n<br \/>\n\u2022 sistema de energ\u00eda hidroel\u00e9ctrica<br \/>\n\u2022 sistema de control inteligente para cortinas el\u00e9ctricas<br \/>\n\u2022 potencia de la tarjeta enchufable \/ eliminar la tarjeta de la tarjeta apagada<\/p>\n<p><strong>muebles de hardos duros personalizados:<\/strong><br \/>\n\u2022 contador de barras personalizado<br \/>\n\u2022 gabinete de almacenamiento personalizado<br \/>\n\u2022 sillas de cambio de zapato personalizadas<\/p>\n<p><strong>estructura exterior principal:<\/strong><br \/>\n\u2022 estructura est\u00e1ndar de marco de acero galvanizado en caliente<br \/>\n\u2022 panel \u00fanico de aleaci\u00f3n de aluminio de pintura al aire libre<br \/>\n\u2022 aislamiento t\u00e9rmico y capa impermeable<br \/>\n\u2022 puertas y ventanas de vidrio templado hueco<br \/>\n\u2022 puerta de entrada avanzada<br \/>\n\u2022 puerta de vidrio de balc\u00f3n<br \/>\n\u2022 franja de luz perif\u00e9rica<\/p>\n<p><strong>accesorios de productos:<\/strong><br \/>\n\u2022 soporte de soporte de carga anillos de soporte de soporte\/accesorios de transporte\/conexiones<\/p>\n<p><img fetchpriority=\"high\" decoding=\"async\" class=\"\" src=\"http:\/\/qin.gg12.globaldeepsea.site\/wp-content\/uploads\/2024\/12\/detail-6.webp\" alt=\"\" width=\"1090\" height=\"613\" \/><\/p>","protected":false},"excerpt":{"rendered":"<p>tama\u00f1o (m): 8.6 (l)*3.2 (w)*3.4 (h)<\/p>\n<p>\u00e1rea de construcci\u00f3n: 27.5\u33a1<\/p>\n<p>peso del producto: 5.6-6 toneladas<\/p>\n<p>N\u00famero de usos: 2 personas<\/p>","protected":false},"featured_media":627,"comment_status":"open","ping_status":"closed","template":"","meta":[],"product_cat":[30],"product_tag":[88,87,100,98,84,96,99,97],"class_list":{"0":"post-626","1":"product","2":"type-product","3":"status-publish","4":"has-post-thumbnail","6":"product_cat-prefab-house","7":"product_tag-2-person","8":"product_tag-balcony","9":"product_tag-compact-living-space","10":"product_tag-portable-accommodation","11":"product_tag-prefab-house","12":"product_tag-space-capsule-pod","13":"product_tag-tiny-living","14":"product_tag-w7","16":"first","17":"instock","18":"shipping-taxable","19":"product-type-simple"},"_links":{"self":[{"href":"https:\/\/www.happy-cheerme.com\/es_cr\/wp-json\/wp\/v2\/product\/626","targetHints":{"allow":["GET"]}}],"collection":[{"href":"https:\/\/www.happy-cheerme.com\/es_cr\/wp-json\/wp\/v2\/product"}],"about":[{"href":"https:\/\/www.happy-cheerme.com\/es_cr\/wp-json\/wp\/v2\/types\/product"}],"replies":[{"embeddable":true,"href":"https:\/\/www.happy-cheerme.com\/es_cr\/wp-json\/wp\/v2\/comments?post=626"}],"version-history":[{"count":0,"href":"https:\/\/www.happy-cheerme.com\/es_cr\/wp-json\/wp\/v2\/product\/626\/revisions"}],"wp:featuredmedia":[{"embeddable":true,"href":"https:\/\/www.happy-cheerme.com\/es_cr\/wp-json\/wp\/v2\/media\/627"}],"wp:attachment":[{"href":"https:\/\/www.happy-cheerme.com\/es_cr\/wp-json\/wp\/v2\/media?parent=626"}],"wp:term":[{"taxonomy":"product_cat","embeddable":true,"href":"https:\/\/www.happy-cheerme.com\/es_cr\/wp-json\/wp\/v2\/product_cat?post=626"},{"taxonomy":"product_tag","embeddable":true,"href":"https:\/\/www.happy-cheerme.com\/es_cr\/wp-json\/wp\/v2\/product_tag?post=626"}],"curies":[{"name":"wp","href":"https:\/\/api.w.org\/{rel}","templated":true}]}}